{"id":81530,"date":"2023-06-20T16:17:53","date_gmt":"2023-06-20T14:17:53","guid":{"rendered":"https:\/\/www.ceran.com\/danke-newsletter-beruflich-und-privat\/"},"modified":"2023-06-20T16:20:02","modified_gmt":"2023-06-20T14:20:02","slug":"danke-newsletter-beruflich-und-privat","status":"publish","type":"page","link":"https:\/\/www.ceran.com\/de\/danke-newsletter-beruflich-und-privat\/","title":{"rendered":"Danke Newsletter beruflich und privat"},"content":{"rendered":"\t\t<div data-elementor-type=\"wp-page\" data-elementor-id=\"81530\" class=\"elementor elementor-81530 elementor-72292\" data-elementor-post-type=\"page\">\n\t\t\t\t\t\t<section class=\"elementor-section elementor-top-section elementor-element elementor-element-3c7729b elementor-section-boxed elementor-section-height-default elementor-section-height-default\" data-id=\"3c7729b\" data-element_type=\"section\" data-e-type=\"section\">\n\t\t\t\t\t\t<div class=\"elementor-container elementor-column-gap-default\">\n\t\t\t\t\t<div class=\"elementor-column elementor-col-100 elementor-top-column elementor-element elementor-element-4c6ae86\" data-id=\"4c6ae86\" data-element_type=\"column\" data-e-type=\"column\">\n\t\t\t<div class=\"elementor-widget-wrap elementor-element-populated\">\n\t\t\t\t\t\t<div class=\"elementor-element elementor-element-ceran-title-icon elementor-widget elementor-widget-ceran-title-icon\" data-id=\"ceran-title-icon\" data-element_type=\"widget\" data-e-type=\"widget\" data-widget_type=\"ceran-title-icon.default\">\n\t\t\t\t<div class=\"elementor-widget-container\">\n\t\t\t\t\t<h2 class=\"ax-title-icon\"><div class=\"ax-title-icons bleu-rouge \"> Sie haben sich f\u00fcr den CERANERS-Newsletter angemeldet! <\/div><\/h2>\t\t\t\t<\/div>\n\t\t\t\t<\/div>\n\t\t\t\t<div class=\"elementor-element elementor-element-bc2f543 elementor-widget elementor-widget-text-editor\" data-id=\"bc2f543\" data-element_type=\"widget\" data-e-type=\"widget\" data-widget_type=\"text-editor.default\">\n\t\t\t\t<div class=\"elementor-widget-container\">\n\t\t\t\t\t\t\t\t\t<p>Vielen Dank f\u00fcr Ihr Interesse an unserem neuen Newsletter.<\/p><p>Gehen Sie zur Best\u00e4tigung in Ihr E-Mail-Postfach.<\/p><p><span style=\"color: #d60000;\"><strong>WICHTIG:<\/strong><\/span><\/p><p>Es ist m\u00f6glich, dass diese E-Mail in Ihrem Spam-Ordner gelandet ist. Denken Sie daran, dort nachzusehen.<\/p><p>Daher empfehlen wir Ihnen, unsere E-Mail-Adresse als vertrauensw\u00fcrdige E-Mail-Adresse zu taggen. Sie werden dann unsere zuk\u00fcnftigen Neuigkeiten in Ihrem Posteingang erhalten.<\/p>\t\t\t\t\t\t\t\t<\/div>\n\t\t\t\t<\/div>\n\t\t\t\t\t<\/div>\n\t\t<\/div>\n\t\t\t\t\t<\/div>\n\t\t<\/section>\n\t\t\t\t<\/div>\n\t\t","protected":false},"excerpt":{"rendered":"<p>Sie haben sich f\u00fcr den CERANERS-Newsletter angemeldet! Vielen Dank f\u00fcr Ihr Interesse an unserem neuen Newsletter. Gehen Sie zur Best\u00e4tigung in Ihr E-Mail-Postfach. WICHTIG: Es ist m\u00f6glich, dass diese E-Mail in Ihrem Spam-Ordner gelandet ist. Denken Sie daran, dort nachzusehen. Daher empfehlen wir Ihnen, unsere E-Mail-Adresse als vertrauensw\u00fcrdige E-Mail-Adresse zu taggen. Sie werden dann unsere [&hellip;]<\/p>\n","protected":false},"author":17,"featured_media":0,"parent":0,"menu_order":0,"comment_status":"closed","ping_status":"closed","template":"","meta":{"_acf_changed":false,"_seopress_robots_primary_cat":"","_seopress_titles_title":"","_seopress_titles_desc":"","_seopress_robots_index":"","content-type":"","footnotes":""},"class_list":["post-81530","page","type-page","status-publish","hentry"],"acf":[],"yoast_head":"<!-- This site is optimized with the Yoast SEO plugin v27.4 - https:\/\/yoast.com\/product\/yoast-seo-wordpress\/ -->\n<title>Danke Newsletter beruflich und privat - Ceran<\/title>\n<meta name=\"robots\" content=\"index, follow, max-snippet:-1, max-image-preview:large, max-video-preview:-1\" \/>\n<link rel=\"canonical\" href=\"https:\/\/www.ceran.com\/de\/danke-newsletter-beruflich-und-privat\/\" \/>\n<meta property=\"og:locale\" content=\"de_DE\" \/>\n<meta property=\"og:type\" content=\"article\" \/>\n<meta property=\"og:title\" content=\"Danke Newsletter beruflich und privat - Ceran\" \/>\n<meta property=\"og:description\" content=\"Sie haben sich f\u00fcr den CERANERS-Newsletter angemeldet! Vielen Dank f\u00fcr Ihr Interesse an unserem neuen Newsletter. Gehen Sie zur Best\u00e4tigung in Ihr E-Mail-Postfach. WICHTIG: Es ist m\u00f6glich, dass diese E-Mail in Ihrem Spam-Ordner gelandet ist. Denken Sie daran, dort nachzusehen. Daher empfehlen wir Ihnen, unsere E-Mail-Adresse als vertrauensw\u00fcrdige E-Mail-Adresse zu taggen. Sie werden dann unsere [&hellip;]\" \/>\n<meta property=\"og:url\" content=\"https:\/\/www.ceran.com\/de\/danke-newsletter-beruflich-und-privat\/\" \/>\n<meta property=\"og:site_name\" content=\"Ceran\" \/>\n<meta property=\"article:modified_time\" content=\"2023-06-20T14:20:02+00:00\" \/>\n<meta name=\"twitter:card\" content=\"summary_large_image\" \/>\n<script type=\"application\/ld+json\" class=\"yoast-schema-graph\">{\"@context\":\"https:\\\/\\\/schema.org\",\"@graph\":[{\"@type\":\"WebPage\",\"@id\":\"https:\\\/\\\/www.ceran.com\\\/de\\\/danke-newsletter-beruflich-und-privat\\\/\",\"url\":\"https:\\\/\\\/www.ceran.com\\\/de\\\/danke-newsletter-beruflich-und-privat\\\/\",\"name\":\"Danke Newsletter beruflich und privat - Ceran\",\"isPartOf\":{\"@id\":\"https:\\\/\\\/www.ceran.com\\\/de\\\/#website\"},\"datePublished\":\"2023-06-20T14:17:53+00:00\",\"dateModified\":\"2023-06-20T14:20:02+00:00\",\"breadcrumb\":{\"@id\":\"https:\\\/\\\/www.ceran.com\\\/de\\\/danke-newsletter-beruflich-und-privat\\\/#breadcrumb\"},\"inLanguage\":\"de\",\"potentialAction\":[{\"@type\":\"ReadAction\",\"target\":[\"https:\\\/\\\/www.ceran.com\\\/de\\\/danke-newsletter-beruflich-und-privat\\\/\"]}]},{\"@type\":\"BreadcrumbList\",\"@id\":\"https:\\\/\\\/www.ceran.com\\\/de\\\/danke-newsletter-beruflich-und-privat\\\/#breadcrumb\",\"itemListElement\":[{\"@type\":\"ListItem\",\"position\":1,\"name\":\"Startseite\",\"item\":\"https:\\\/\\\/www.ceran.com\\\/de\\\/\"},{\"@type\":\"ListItem\",\"position\":2,\"name\":\"Danke Newsletter beruflich und privat\"}]},{\"@type\":\"WebSite\",\"@id\":\"https:\\\/\\\/www.ceran.com\\\/de\\\/#website\",\"url\":\"https:\\\/\\\/www.ceran.com\\\/de\\\/\",\"name\":\"Ceran\",\"description\":\"Des formations linguistiques et interculturelles qui vous ouvrent de nouveaux horizons\",\"publisher\":{\"@id\":\"https:\\\/\\\/www.ceran.com\\\/de\\\/#organization\"},\"potentialAction\":[{\"@type\":\"SearchAction\",\"target\":{\"@type\":\"EntryPoint\",\"urlTemplate\":\"https:\\\/\\\/www.ceran.com\\\/de\\\/?s={search_term_string}\"},\"query-input\":{\"@type\":\"PropertyValueSpecification\",\"valueRequired\":true,\"valueName\":\"search_term_string\"}}],\"inLanguage\":\"de\"},{\"@type\":\"Organization\",\"@id\":\"https:\\\/\\\/www.ceran.com\\\/de\\\/#organization\",\"name\":\"Ceran\",\"url\":\"https:\\\/\\\/www.ceran.com\\\/de\\\/\",\"logo\":{\"@type\":\"ImageObject\",\"inLanguage\":\"de\",\"@id\":\"https:\\\/\\\/www.ceran.com\\\/de\\\/#\\\/schema\\\/logo\\\/image\\\/\",\"url\":\"https:\\\/\\\/www.ceran.com\\\/wp-content\\\/uploads\\\/2025\\\/06\\\/Logo-CERAN-16-x-16-pixels.svg\",\"contentUrl\":\"https:\\\/\\\/www.ceran.com\\\/wp-content\\\/uploads\\\/2025\\\/06\\\/Logo-CERAN-16-x-16-pixels.svg\",\"width\":30,\"height\":30,\"caption\":\"Ceran\"},\"image\":{\"@id\":\"https:\\\/\\\/www.ceran.com\\\/de\\\/#\\\/schema\\\/logo\\\/image\\\/\"}}]}<\/script>\n<!-- \/ Yoast SEO plugin. -->","yoast_head_json":{"title":"Danke Newsletter beruflich und privat - Ceran","robots":{"index":"index","follow":"follow","max-snippet":"max-snippet:-1","max-image-preview":"max-image-preview:large","max-video-preview":"max-video-preview:-1"},"canonical":"https:\/\/www.ceran.com\/de\/danke-newsletter-beruflich-und-privat\/","og_locale":"de_DE","og_type":"article","og_title":"Danke Newsletter beruflich und privat - Ceran","og_description":"Sie haben sich f\u00fcr den CERANERS-Newsletter angemeldet! Vielen Dank f\u00fcr Ihr Interesse an unserem neuen Newsletter. Gehen Sie zur Best\u00e4tigung in Ihr E-Mail-Postfach. WICHTIG: Es ist m\u00f6glich, dass diese E-Mail in Ihrem Spam-Ordner gelandet ist. Denken Sie daran, dort nachzusehen. Daher empfehlen wir Ihnen, unsere E-Mail-Adresse als vertrauensw\u00fcrdige E-Mail-Adresse zu taggen. Sie werden dann unsere [&hellip;]","og_url":"https:\/\/www.ceran.com\/de\/danke-newsletter-beruflich-und-privat\/","og_site_name":"Ceran","article_modified_time":"2023-06-20T14:20:02+00:00","twitter_card":"summary_large_image","schema":{"@context":"https:\/\/schema.org","@graph":[{"@type":"WebPage","@id":"https:\/\/www.ceran.com\/de\/danke-newsletter-beruflich-und-privat\/","url":"https:\/\/www.ceran.com\/de\/danke-newsletter-beruflich-und-privat\/","name":"Danke Newsletter beruflich und privat - Ceran","isPartOf":{"@id":"https:\/\/www.ceran.com\/de\/#website"},"datePublished":"2023-06-20T14:17:53+00:00","dateModified":"2023-06-20T14:20:02+00:00","breadcrumb":{"@id":"https:\/\/www.ceran.com\/de\/danke-newsletter-beruflich-und-privat\/#breadcrumb"},"inLanguage":"de","potentialAction":[{"@type":"ReadAction","target":["https:\/\/www.ceran.com\/de\/danke-newsletter-beruflich-und-privat\/"]}]},{"@type":"BreadcrumbList","@id":"https:\/\/www.ceran.com\/de\/danke-newsletter-beruflich-und-privat\/#breadcrumb","itemListElement":[{"@type":"ListItem","position":1,"name":"Startseite","item":"https:\/\/www.ceran.com\/de\/"},{"@type":"ListItem","position":2,"name":"Danke Newsletter beruflich und privat"}]},{"@type":"WebSite","@id":"https:\/\/www.ceran.com\/de\/#website","url":"https:\/\/www.ceran.com\/de\/","name":"Ceran","description":"Des formations linguistiques et interculturelles qui vous ouvrent de nouveaux horizons","publisher":{"@id":"https:\/\/www.ceran.com\/de\/#organization"},"potentialAction":[{"@type":"SearchAction","target":{"@type":"EntryPoint","urlTemplate":"https:\/\/www.ceran.com\/de\/?s={search_term_string}"},"query-input":{"@type":"PropertyValueSpecification","valueRequired":true,"valueName":"search_term_string"}}],"inLanguage":"de"},{"@type":"Organization","@id":"https:\/\/www.ceran.com\/de\/#organization","name":"Ceran","url":"https:\/\/www.ceran.com\/de\/","logo":{"@type":"ImageObject","inLanguage":"de","@id":"https:\/\/www.ceran.com\/de\/#\/schema\/logo\/image\/","url":"https:\/\/www.ceran.com\/wp-content\/uploads\/2025\/06\/Logo-CERAN-16-x-16-pixels.svg","contentUrl":"https:\/\/www.ceran.com\/wp-content\/uploads\/2025\/06\/Logo-CERAN-16-x-16-pixels.svg","width":30,"height":30,"caption":"Ceran"},"image":{"@id":"https:\/\/www.ceran.com\/de\/#\/schema\/logo\/image\/"}}]}},"_links":{"self":[{"href":"https:\/\/www.ceran.com\/de\/wp-json\/wp\/v2\/pages\/81530","targetHints":{"allow":["GET"]}}],"collection":[{"href":"https:\/\/www.ceran.com\/de\/wp-json\/wp\/v2\/pages"}],"about":[{"href":"https:\/\/www.ceran.com\/de\/wp-json\/wp\/v2\/types\/page"}],"author":[{"embeddable":true,"href":"https:\/\/www.ceran.com\/de\/wp-json\/wp\/v2\/users\/17"}],"replies":[{"embeddable":true,"href":"https:\/\/www.ceran.com\/de\/wp-json\/wp\/v2\/comments?post=81530"}],"version-history":[{"count":5,"href":"https:\/\/www.ceran.com\/de\/wp-json\/wp\/v2\/pages\/81530\/revisions"}],"predecessor-version":[{"id":81539,"href":"https:\/\/www.ceran.com\/de\/wp-json\/wp\/v2\/pages\/81530\/revisions\/81539"}],"wp:attachment":[{"href":"https:\/\/www.ceran.com\/de\/wp-json\/wp\/v2\/media?parent=81530"}],"curies":[{"name":"wp","href":"https:\/\/api.w.org\/{rel}","templated":true}]}}