{"id":81540,"date":"2023-06-20T16:23:09","date_gmt":"2023-06-20T14:23:09","guid":{"rendered":"https:\/\/www.ceran.com\/ceraners-newsletter-beruflich-und-privat\/"},"modified":"2023-12-19T12:03:42","modified_gmt":"2023-12-19T11:03:42","slug":"ceraners-newsletter-beruflich-und-privat","status":"publish","type":"page","link":"https:\/\/www.ceran.com\/de\/ceraners-newsletter-beruflich-und-privat\/","title":{"rendered":"CERANERS-Newsletter Beruflich und privat"},"content":{"rendered":"\t\t<div data-elementor-type=\"wp-page\" data-elementor-id=\"81540\" class=\"elementor elementor-81540 elementor-72247\" data-elementor-post-type=\"page\">\n\t\t\t\t\t\t<section class=\"elementor-section elementor-top-section elementor-element elementor-element-4ac4486c elementor-section-content-middle elementor-section-boxed elementor-section-height-default elementor-section-height-default\" data-id=\"4ac4486c\" data-element_type=\"section\" data-e-type=\"section\">\n\t\t\t\t\t\t<div class=\"elementor-container elementor-column-gap-no\">\n\t\t\t\t\t<div class=\"elementor-column elementor-col-100 elementor-top-column elementor-element elementor-element-3bdd0916\" data-id=\"3bdd0916\" data-element_type=\"column\" data-e-type=\"column\">\n\t\t\t<div class=\"elementor-widget-wrap elementor-element-populated\">\n\t\t\t\t\t\t<div class=\"elementor-element elementor-element-4f33ad elementor-view-default elementor-widget elementor-widget-icon\" data-id=\"4f33ad\" data-element_type=\"widget\" data-e-type=\"widget\" data-widget_type=\"icon.default\">\n\t\t\t\t<div class=\"elementor-widget-container\">\n\t\t\t\t\t\t\t<div class=\"elementor-icon-wrapper\">\n\t\t\t<div class=\"elementor-icon\">\n\t\t\t<i aria-hidden=\"true\" class=\"far fa-envelope\"><\/i>\t\t\t<\/div>\n\t\t<\/div>\n\t\t\t\t\t\t<\/div>\n\t\t\t\t<\/div>\n\t\t\t\t<div class=\"elementor-element elementor-element-3c60668 elementor-widget elementor-widget-heading\" data-id=\"3c60668\" data-element_type=\"widget\" data-e-type=\"widget\" data-widget_type=\"heading.default\">\n\t\t\t\t<div class=\"elementor-widget-container\">\n\t\t\t\t\t<h1 class=\"elementor-heading-title elementor-size-default\">Abonnieren Sie den ceran-Newsletter!<\/h1>\t\t\t\t<\/div>\n\t\t\t\t<\/div>\n\t\t\t\t<div class=\"elementor-element elementor-element-961a885 elementor-widget elementor-widget-text-editor\" data-id=\"961a885\" data-element_type=\"widget\" data-e-type=\"widget\" data-widget_type=\"text-editor.default\">\n\t\t\t\t<div class=\"elementor-widget-container\">\n\t\t\t\t\t\t\t\t\t<p><strong>Jeden Monat erhalten Sie in Ihrem Posteingang Informationen<\/strong> \u00fcber unsere neuen Lernprogramme, Einladungen zu Veranstaltungen und au\u00dfergew\u00f6hnliche Werbeangebote.<\/p>\n\t\t\t\t\t\t\t\t<\/div>\n\t\t\t\t<\/div>\n\t\t\t\t<div class=\"elementor-element elementor-element-9960602 elementor-widget elementor-widget-html\" data-id=\"9960602\" data-element_type=\"widget\" data-e-type=\"widget\" data-widget_type=\"html.default\">\n\t\t\t\t<div class=\"elementor-widget-container\">\n\t\t\t\t\t<html xmlns=\"http:\/\/www.w3.org\/1999\/xhtml\"><head>\r\n    <title>DE newsletter CERAN professionnels et priv\u00e9s<\/title>\r\n    <meta http-equiv=\"content-type\" content=\"text\/html; charset=utf-8\">\r\n    <meta http-equiv=\"Expires\" content=\"0\">\r\n    <meta http-equiv=\"Cache-Control\" content=\"no-cache\">\r\n    <meta http-equiv=\"Pragma\" content=\"no-cache\">\r\n    <meta name=\"viewport\" content=\"width=device-width, initial-scale=1\">\r\n    <link href=\"https:\/\/cdn-eu.clickdimensions.com\/web\/v10\/cdform2.min.css\" rel=\"stylesheet\" type=\"text\/css\">\r\n    <script src=\"https:\/\/cdn-eu.clickdimensions.com\/web\/v10\/cdform.jquery.js\" type=\"text\/javascript\"><!----><\/script>\r\n<script type=\"text\/javascript\">clickd_jquery = jQuery.noConflict(true); \r\n\r\n<\/script><script src=\"https:\/\/cdn-eu.clickdimensions.com\/web\/v10\/cdform.min.noanalytics.js\" type=\"text\/javascript\"><!----><\/script>\r\n    <script src=\"https:\/\/cdn-eu.clickdimensions.com\/web\/v10\/xsscheck.js\" type=\"text\/javascript\"><!----><\/script>\r\n<script id=\"customjs\" type=\"text\/javascript\"><\/script>\r\n<style>\/*--- BODY STYLE ---*\/\r\nbody\r\n{\r\nmargin:0px;\r\npadding:0px;\r\n-webkit-text-size-adjust: 100%;\r\n}\r\n\r\n\/*--- FORM CONTAINER STYLE ---*\/\r\n.mainDiv\r\n{\r\nfloat:left;\r\n}\r\n\r\n\/*--- FIELD INPUT STYLE ---*\/\r\n.clickdform input[type='text'],\r\n.clickdform textarea,\r\n.clickdform select\r\n{\r\n    font-family:\"Verdana\" !important;\r\n    font-size:13px !important;\r\n    color:#333;\r\n    margin:0;\r\n    padding:2px 0;\r\n    border-top:1px solid #7c7c7c;\r\n    border-left:1px solid #c3c3c3;\r\n    border-right:1px solid #c3c3c3;\r\n    border-bottom:1px solid #ddd;\r\n}\r\n\r\n\/*--- LIST DROPDOWN STYLE ---*\/\r\n.clickdform select\r\n{\r\n\theight:26px;\r\n}\r\n\r\n\/*--- SUBMIT BUTTON STYLE ---*\/\r\n#btnSubmit\r\n{\r\n    margin: 15px 0 0 0;\r\n    font-family:Verdana;\r\n    font-size:13px;\r\n    clear:both;\r\n}\r\n\r\n\/*--- PREVIOUS BUTTON STYLE ---*\/\r\n.clickdform .WizardPrevButton{\r\n    margin: 15px 10px 0 0;\r\n    font-family:Verdana;\r\n    font-size:13px;\r\n    float:left;\r\n}\r\n\r\n\/*--- NEXT BUTTON STYLE ---*\/\r\n.clickdform .WizardNextButton\r\n{\r\n    margin: 15px 0px 0 0;\r\n    font-family:Verdana;\r\n    font-size:13px;\r\n    float:right;\r\n    clear:both;\r\n}\r\n <\/style><script src=\"http:\/\/analytics-eu.clickdimensions.com\/tsr.js?ac=arMnNMSUf1UGppUq920FQ&urk=1687270947765&cm=CMP-01075-C7Y7C&s=1687270947764&v=&lc=English&pt=DE%20newsletter%20CERAN%20professionnels%20et%20priv%C3%A9s&dn=ceran.com&dnk=014b533bd4bce911a823000d3ab35b39&pk=c281e039740fee118f6d000d3adf72f4&hn=&uri=file%3A%2F%2F%2FC%3A%2FUsers%2Frczerwiec%2FDownloads%2Foecbwg90ee6pbqanot9y9a.html&r=&t=FORM&b=CHROME&os=WINDOWS&pr=false&sc=0&sv=6.0&qd=&dt=1687270947765&pvon=\" type=\"text\/javascript\"><\/script><\/head>\r\n  <body>\r\n    <div class=\"clickdform mainDiv\" style=\"padding-top:10px;padding-left:10px;padding-bottom:10px;padding-right:10px;\">\r\n      <form id=\"clickdimensionsForm\" name=\"clickdimensionsForm\" method=\"post\" accept-charset=\"utf-8\" enctype=\"multipart\/form-data\" action=\"https:\/\/analytics-eu.clickdimensions.com\/forms\/?visitor=contact\"><input type=\"HIDDEN\" name=\"cd_accountkey\" id=\"cd_accountkey\" value=\"arMnNMSUf1UGppUq920FQ\"><input type=\"HIDDEN\" name=\"cd_domain\" id=\"cd_domain\" value=\"ceran.com\"><input type=\"HIDDEN\" name=\"cd_visitorkey\" id=\"cd_visitorkey\" value=\"\"><input type=\"HIDDEN\" name=\"cd_visitoremail\" id=\"cd_visitoremail\" value=\"\"><input type=\"HIDDEN\" name=\"cd_timezone\" id=\"cd_timezone\" value=\"-2\"><input type=\"HIDDEN\" name=\"cd_utm_source\" id=\"cd_utm_source\" value=\"\"><input type=\"HIDDEN\" name=\"cd_utm_campaign\" id=\"cd_utm_campaign\" value=\"\"><input type=\"HIDDEN\" name=\"cd_utm_medium\" id=\"cd_utm_medium\" value=\"\"><input type=\"HIDDEN\" name=\"cd_utm_term\" id=\"cd_utm_term\" value=\"\"><input type=\"HIDDEN\" name=\"cd_utm_content\" id=\"cd_utm_content\" value=\"\"><input type=\"HIDDEN\" name=\"cd_domainalias\" id=\"cd_domainalias\" value=\"web.ceran.com\"><input type=\"HIDDEN\" name=\"cd_postsettings\" id=\"cd_postsettings\" value=\"NWVOeVIxUlQ4dHVZZjM2aGNCcVMvSnMxbitWWWtISFV1QTJDeWtEcWhLZTNxODhRbmFDM2dkRkZMR3Bsbm1WTER5UkFCM1RIOStHeWZMczBqVThTZ0dvM3dDZDIrSmZKWS9kdUpPVGVROTltSjVqN2w2OHpGSlNlTkJvY3lyVllQMTc1T2FidnRibHptWkdMeUZBZFl6UnlYTkdaTk9HYnI3N1VCbkMwVzVhY0JueGk1bDljVExGQkdtTFg5c3MvSUdsN2RvdVRTVkFKejRsNVo1ZEE0Y0FZdWFaUkFmaUZRODlGTFd3b3lOQ1laK0pNMUtvc1FSR2tNcmllWitqcXBXSnVUQWlvZVlnZytzZ2VmcHZJaTVGdjZlaEUzMHpZMGRhdkUwb0trOXRQRDM3RzJaZEIxUHNxTmgrL1VUMG82L3Z0Y0gvQXlxQXlLdXhGSGNvSzlzZEVZOHFxdEJpOGVHOENMZWxRWkltZDNQdVNraWNNbXA2YWVTRk9vZXpBMFJNZDJqcWJGWjBTaGUvUjA0YmhXblE5YW4ycE45QVp2dUJvV0pVclJXLzFHSk1tVDVQKythMURkM2NBelNEZVQyRTJqb3daNUU5VC9hbHVJeXZGQVNrSnlwL05LTlFnVzNWV0RGdklRSmtGR3EwNzVUaDZiTDZickNLZHlFSE16aTVKWVRkNTVQMGJ4Tm5kL21ITko4NEpmMXZScEJ4d0Z2V2xyTkxhQkhIMDk3aEVlRlB0SGNiOXU0cXRydUVxK0ZPRFdSaGhpVENRN2hBNjhZK05TTmNWY0t0U25HZEVMK0FaL2ltYklUNG9IcFRKbVFOdE40VjN3Z0FZNSswRjBpOWtZTTdoMHE0VmVwTXN4VXJIckRaRlJJcDNDQ0QwWTFjdjgzZ20rVlRTajlXam50ZytKbjFVbGlRbk1HbG9xS1FQUmJMVmxlUTNOYSt5LzBBTzZkSlZkdWFoM2g5d0ZCdVpqL3dHWW5SaHY5eklNTjM0ZW1TenY5dlFqS2hpYjFnWDk5RlgyWDJyZkNRcG45ZG9VTHZ0ZU05VkUvK3drL01rMzlVWEhlMU5hVzVGYStNUWZGRTNpbmFMYlRwNEhubFBRNk5TbzJKaEVsRjI0NmJ3eWcycDFWdHJSQkVKTjRCY1dvMW5pLy9ITjlpL25HQkNtQTFNZFdsQ2N2azJjY1lwbVJxa3lENlBQTVhhem5vUkYwMzN4MGEzR2UrYVVyRHJTZEN3ZU5UMFFYejNQM3g0amMwaWV4WldORG5FNUJ3QjI1dkVKWWhJeXJOMnhGNnBmaEJ1bUoyemZKMExKNW8wbDJOTWFPR2taNzE0THRrUGROZU9TV3VKcTdCc3RhWTFVbUVCTVlyb29CYnpzT3FjcUFEcHduSUdvbllYR1FMZ3FTTkZ2ODBRbmpCdG9VdDhDTWtCQlpRMXBFQnJicnFuRzVYSG1tcm4xdnJkNUNFYkdpVzhNcE5Vekl0UjJmZExsc2pUcTJPYm1VZEVvWks1cWxwelp5ZjJSYVp6UkNvOFhlR0hIRm9nanBYaE9SdnNxQ3g1VkRPNUhIbzl5K2N1eTAyWHpMOTVhbnNqMHp1NlBWYm4vNmZTKzNjb2x0L1lVVCtlclN4WUFYUk5HNzBQVkZTL3lQUlZLeDVyWUowdHdSL0hnSUQ3RWIxSVROMEtOZGVFMzFrelBpTjVBR3pDQkFWSjYyTVBoUXFtSCtJVTd4eFljdGNrN3o4Z0tIUHpBZ3V3K0FJNHVWbFk3bTBIK1kvMEh0bG11RUJkNXVSRGZYT0IyanJCVWs0L1psLzFQL21sTDBUOTdyMjgwSUdVYXRIZU4vNys1WHdhNnBZaGtweFJtOThBTG10NjRxZnI4eEE4TmRRR1k4UHFOYXQyOGhCT0lSbDFQaGI5MTdSYy9NY1lKMHM9\"><input type=\"text\" id=\"cd_ht_text\" name=\"cd_ht_text\" value=\"\" style=\"display:none;\"><div class=\"responsiveRow\"><div class=\"responsiveCell responsiveCellSize3\">\r\n          <div class=\"alignBottom minSize3\">\r\n            <span class=\"maxSize3\" style=\"font-family:Arial; font-weight:normal; font-size:17px; color:#000000;\">Email<span class=\"requiredStar\" aria-label=\"Required Star\" aria-required=\"true\">*<\/span>\r\n            <\/span>\r\n          <\/div>\r\n          <div class=\"clear\">\u00a0<\/div>\r\n          <div colspan=\"3\" class=\"alignTop minSize3\">\r\n            <div id=\"cont_id_f_f9411dd7cfbce911a823000d3ab35b39\">\r\n              <input leadfield=\"emailaddress1\" contactfield=\"emailaddress1\" class=\"maxSize3 width100per EmailComponent\" type=\"text\" id=\"f_f9411dd7cfbce911a823000d3ab35b39\" name=\"f_f9411dd7cfbce911a823000d3ab35b39\" aria-label=\"Email\" aria-required=\"true\" aria-invalid=\"true\" maxlength=\"100\" style=\"font-family:Arial;\" value=\"\" onkeypress=\"return onFieldKeyPress(event)\">\r\n              <div id=\"required_info_f_f9411dd7cfbce911a823000d3ab35b39\" class=\"requiredInfo floatLeft\">\u00a0\r\n    <\/div>\r\n              <input type=\"hidden\" name=\"reqField\" value=\"f_f9411dd7cfbce911a823000d3ab35b39\" alt=\"Email\" req=\"true\" errormsg=\"Please enter a valid value.\" requrederrormsg=\"This field is required. Please enter a value.\" patternid=\"1\" customregex=\"\" filterfreeemail=\"False\">\r\n            <\/div>\r\n          <\/div>\r\n        <\/div><\/div><div class=\"responsiveRow\">\r\n          <div class=\"responsiveCell responsiveCellSize1 emptyCell\">\u00a0<\/div>\r\n          <div style=\"text-align:center;\" class=\"responsiveCell responsiveCellSize1\">\r\n            <div class=\"buttonContainer\">\r\n              <input type=\"button\" id=\"btnSubmit\" value=\"Ich melde mich f\u00fcr den CERAN-Newsletter an\" style=\"font-family:Arial;color:#FFFFFF;font-size:18px;background-color:#FF3300;\" onclick=\"SendForm(this, \"clickdimensionsForm\", \"Form\");\">\r\n            <\/div>\r\n          <\/div>\r\n          <div class=\"responsiveCell responsiveCellSize1 emptyCell\">\u00a0<\/div>\r\n        <\/div>\r\n<script type=\"text\/javascript\">function onDocumentReady (){\r\nclickd_pageType = 'Form';\r\nclickd_handlersLocation = 'https:\/\/analytics-eu.clickdimensions.com';\r\nclickd_directory = 'https:\/\/cdn-eu.clickdimensions.com\/web\/v10';\r\nFitSize();\r\nSetFormResizable();\r\ninitForm();\r\n}\/\/]]>\r\nclickd_jquery(function () {\r\nonDocumentReady();\r\n});\r\n<\/script><div class=\"clear\">\u00a0<\/div>\r\n      <\/form>\r\n    <\/div>\r\n<script type=\"text\/javascript\" src=\"https:\/\/analytics-eu.clickdimensions.com\/ts.js\"><\/script><script type=\"text\/javascript\" src=\"https:\/\/analytics-eu.clickdimensions.com\/optout.js\"><\/script><script type=\"text\/javascript\" src=\"https:\/\/analytics-eu.clickdimensions.com\/forms.js\"><\/script><script type=\"text\/javascript\"> cdDomainKey = '014b533bd4bce911a823000d3ab35b39'; cdPageKey = 'c281e039740fee118f6d000d3adf72f4';<\/script><script type=\"text\/javascript\"> cdCampaignKey = 'CMP-01075-C7Y7C';<\/script><script type=\"text\/javascript\">  var cdAnalytics = new clickdimensions.Analytics('analytics-eu.clickdimensions.com');  cdAnalytics.setDomain('ceran.com');  cdAnalytics.setAccountKey('arMnNMSUf1UGppUq920FQ');  cdAnalytics.setPageType('FORM');  cdAnalytics.setScore(typeof(cdScore) == \"undefined\" ? 0 : (cdScore == 0 ? null : cdScore));  cdAnalytics.optOutTracking(typeof(optOut) != \"undefined\" && optOut);<\/script><script type=\"text\/javascript\">  var cdForms = new clickdimensions.Forms();<\/script>\r\n<\/body><\/html>\t\t\t\t<\/div>\n\t\t\t\t<\/div>\n\t\t\t\t<div class=\"elementor-element elementor-element-d3f427d elementor-widget elementor-widget-text-editor\" data-id=\"d3f427d\" data-element_type=\"widget\" data-e-type=\"widget\" data-widget_type=\"text-editor.default\">\n\t\t\t\t<div class=\"elementor-widget-container\">\n\t\t\t\t\t\t\t\t\t<p>Indem Sie auf die Schaltfl\u00e4che \u201eIch melde mich f\u00fcr den Newsletter an&#8220; klicken, erkl\u00e4ren Sie sich damit einverstanden, E-Mails zu erhalten, und best\u00e4tigen, dass Sie unsere <a href=\"https:\/\/www.ceran.com\/de\/privacy-confidentiality-policy\/\">Datenschutzrichtlinien <\/a>und unsere <a href=\"https:\/\/www.ceran.com\/de\/allgemeine-nutzungsbedingungen-fuer-die-ceran-seiten\/\">Allgemeinen Nutzungsbedingungen<\/a> zur Kenntnis genommen haben.<\/p>\n\t\t\t\t\t\t\t\t<\/div>\n\t\t\t\t<\/div>\n\t\t\t\t\t<\/div>\n\t\t<\/div>\n\t\t\t\t\t<\/div>\n\t\t<\/section>\n\t\t\t\t<\/div>\n\t\t","protected":false},"excerpt":{"rendered":"<p>Abonnieren Sie den ceran-Newsletter! Jeden Monat erhalten Sie in Ihrem Posteingang Informationen \u00fcber unsere neuen Lernprogramme, Einladungen zu Veranstaltungen und au\u00dfergew\u00f6hnliche Werbeangebote. DE newsletter CERAN professionnels et priv\u00e9s Email* \u00a0 \u00a0 \u00a0 \u00a0 \u00a0 Indem Sie auf die Schaltfl\u00e4che \u201eIch melde mich f\u00fcr den Newsletter an&#8220; klicken, erkl\u00e4ren Sie sich damit einverstanden, E-Mails zu erhalten, [&hellip;]<\/p>\n","protected":false},"author":17,"featured_media":0,"parent":0,"menu_order":0,"comment_status":"closed","ping_status":"closed","template":"","meta":{"_acf_changed":false,"_seopress_robots_primary_cat":"","_seopress_titles_title":"","_seopress_titles_desc":"","_seopress_robots_index":"","content-type":"","footnotes":""},"class_list":["post-81540","page","type-page","status-publish","hentry"],"acf":[],"yoast_head":"<!-- This site is optimized with the Yoast SEO plugin v27.5 - https:\/\/yoast.com\/product\/yoast-seo-wordpress\/ -->\n<title>CERANERS-Newsletter Beruflich und privat - Ceran<\/title>\n<meta name=\"robots\" content=\"index, follow, max-snippet:-1, max-image-preview:large, max-video-preview:-1\" \/>\n<link rel=\"canonical\" href=\"https:\/\/www.ceran.com\/de\/ceraners-newsletter-beruflich-und-privat\/\" \/>\n<meta property=\"og:locale\" content=\"de_DE\" \/>\n<meta property=\"og:type\" content=\"article\" \/>\n<meta property=\"og:title\" content=\"CERANERS-Newsletter Beruflich und privat - Ceran\" \/>\n<meta property=\"og:description\" content=\"Abonnieren Sie den ceran-Newsletter! Jeden Monat erhalten Sie in Ihrem Posteingang Informationen \u00fcber unsere neuen Lernprogramme, Einladungen zu Veranstaltungen und au\u00dfergew\u00f6hnliche Werbeangebote. DE newsletter CERAN professionnels et priv\u00e9s Email* \u00a0 \u00a0 \u00a0 \u00a0 \u00a0 Indem Sie auf die Schaltfl\u00e4che \u201eIch melde mich f\u00fcr den Newsletter an&#8220; klicken, erkl\u00e4ren Sie sich damit einverstanden, E-Mails zu erhalten, [&hellip;]\" \/>\n<meta property=\"og:url\" content=\"https:\/\/www.ceran.com\/de\/ceraners-newsletter-beruflich-und-privat\/\" \/>\n<meta property=\"og:site_name\" content=\"Ceran\" \/>\n<meta property=\"article:modified_time\" content=\"2023-12-19T11:03:42+00:00\" \/>\n<meta name=\"twitter:card\" content=\"summary_large_image\" \/>\n<script type=\"application\/ld+json\" class=\"yoast-schema-graph\">{\"@context\":\"https:\\\/\\\/schema.org\",\"@graph\":[{\"@type\":\"WebPage\",\"@id\":\"https:\\\/\\\/www.ceran.com\\\/de\\\/ceraners-newsletter-beruflich-und-privat\\\/\",\"url\":\"https:\\\/\\\/www.ceran.com\\\/de\\\/ceraners-newsletter-beruflich-und-privat\\\/\",\"name\":\"CERANERS-Newsletter Beruflich und privat - Ceran\",\"isPartOf\":{\"@id\":\"https:\\\/\\\/www.ceran.com\\\/de\\\/#website\"},\"datePublished\":\"2023-06-20T14:23:09+00:00\",\"dateModified\":\"2023-12-19T11:03:42+00:00\",\"breadcrumb\":{\"@id\":\"https:\\\/\\\/www.ceran.com\\\/de\\\/ceraners-newsletter-beruflich-und-privat\\\/#breadcrumb\"},\"inLanguage\":\"de\",\"potentialAction\":[{\"@type\":\"ReadAction\",\"target\":[\"https:\\\/\\\/www.ceran.com\\\/de\\\/ceraners-newsletter-beruflich-und-privat\\\/\"]}]},{\"@type\":\"BreadcrumbList\",\"@id\":\"https:\\\/\\\/www.ceran.com\\\/de\\\/ceraners-newsletter-beruflich-und-privat\\\/#breadcrumb\",\"itemListElement\":[{\"@type\":\"ListItem\",\"position\":1,\"name\":\"Startseite\",\"item\":\"https:\\\/\\\/www.ceran.com\\\/de\\\/\"},{\"@type\":\"ListItem\",\"position\":2,\"name\":\"CERANERS-Newsletter Beruflich und privat\"}]},{\"@type\":\"WebSite\",\"@id\":\"https:\\\/\\\/www.ceran.com\\\/de\\\/#website\",\"url\":\"https:\\\/\\\/www.ceran.com\\\/de\\\/\",\"name\":\"Ceran\",\"description\":\"Des formations linguistiques et interculturelles qui vous ouvrent de nouveaux horizons\",\"publisher\":{\"@id\":\"https:\\\/\\\/www.ceran.com\\\/de\\\/#organization\"},\"potentialAction\":[{\"@type\":\"SearchAction\",\"target\":{\"@type\":\"EntryPoint\",\"urlTemplate\":\"https:\\\/\\\/www.ceran.com\\\/de\\\/?s={search_term_string}\"},\"query-input\":{\"@type\":\"PropertyValueSpecification\",\"valueRequired\":true,\"valueName\":\"search_term_string\"}}],\"inLanguage\":\"de\"},{\"@type\":\"Organization\",\"@id\":\"https:\\\/\\\/www.ceran.com\\\/de\\\/#organization\",\"name\":\"Ceran\",\"url\":\"https:\\\/\\\/www.ceran.com\\\/de\\\/\",\"logo\":{\"@type\":\"ImageObject\",\"inLanguage\":\"de\",\"@id\":\"https:\\\/\\\/www.ceran.com\\\/de\\\/#\\\/schema\\\/logo\\\/image\\\/\",\"url\":\"https:\\\/\\\/www.ceran.com\\\/wp-content\\\/uploads\\\/2025\\\/06\\\/Logo-CERAN-16-x-16-pixels.svg\",\"contentUrl\":\"https:\\\/\\\/www.ceran.com\\\/wp-content\\\/uploads\\\/2025\\\/06\\\/Logo-CERAN-16-x-16-pixels.svg\",\"width\":30,\"height\":30,\"caption\":\"Ceran\"},\"image\":{\"@id\":\"https:\\\/\\\/www.ceran.com\\\/de\\\/#\\\/schema\\\/logo\\\/image\\\/\"}}]}<\/script>\n<!-- \/ Yoast SEO plugin. -->","yoast_head_json":{"title":"CERANERS-Newsletter Beruflich und privat - Ceran","robots":{"index":"index","follow":"follow","max-snippet":"max-snippet:-1","max-image-preview":"max-image-preview:large","max-video-preview":"max-video-preview:-1"},"canonical":"https:\/\/www.ceran.com\/de\/ceraners-newsletter-beruflich-und-privat\/","og_locale":"de_DE","og_type":"article","og_title":"CERANERS-Newsletter Beruflich und privat - Ceran","og_description":"Abonnieren Sie den ceran-Newsletter! Jeden Monat erhalten Sie in Ihrem Posteingang Informationen \u00fcber unsere neuen Lernprogramme, Einladungen zu Veranstaltungen und au\u00dfergew\u00f6hnliche Werbeangebote. DE newsletter CERAN professionnels et priv\u00e9s Email* \u00a0 \u00a0 \u00a0 \u00a0 \u00a0 Indem Sie auf die Schaltfl\u00e4che \u201eIch melde mich f\u00fcr den Newsletter an&#8220; klicken, erkl\u00e4ren Sie sich damit einverstanden, E-Mails zu erhalten, [&hellip;]","og_url":"https:\/\/www.ceran.com\/de\/ceraners-newsletter-beruflich-und-privat\/","og_site_name":"Ceran","article_modified_time":"2023-12-19T11:03:42+00:00","twitter_card":"summary_large_image","schema":{"@context":"https:\/\/schema.org","@graph":[{"@type":"WebPage","@id":"https:\/\/www.ceran.com\/de\/ceraners-newsletter-beruflich-und-privat\/","url":"https:\/\/www.ceran.com\/de\/ceraners-newsletter-beruflich-und-privat\/","name":"CERANERS-Newsletter Beruflich und privat - Ceran","isPartOf":{"@id":"https:\/\/www.ceran.com\/de\/#website"},"datePublished":"2023-06-20T14:23:09+00:00","dateModified":"2023-12-19T11:03:42+00:00","breadcrumb":{"@id":"https:\/\/www.ceran.com\/de\/ceraners-newsletter-beruflich-und-privat\/#breadcrumb"},"inLanguage":"de","potentialAction":[{"@type":"ReadAction","target":["https:\/\/www.ceran.com\/de\/ceraners-newsletter-beruflich-und-privat\/"]}]},{"@type":"BreadcrumbList","@id":"https:\/\/www.ceran.com\/de\/ceraners-newsletter-beruflich-und-privat\/#breadcrumb","itemListElement":[{"@type":"ListItem","position":1,"name":"Startseite","item":"https:\/\/www.ceran.com\/de\/"},{"@type":"ListItem","position":2,"name":"CERANERS-Newsletter Beruflich und privat"}]},{"@type":"WebSite","@id":"https:\/\/www.ceran.com\/de\/#website","url":"https:\/\/www.ceran.com\/de\/","name":"Ceran","description":"Des formations linguistiques et interculturelles qui vous ouvrent de nouveaux horizons","publisher":{"@id":"https:\/\/www.ceran.com\/de\/#organization"},"potentialAction":[{"@type":"SearchAction","target":{"@type":"EntryPoint","urlTemplate":"https:\/\/www.ceran.com\/de\/?s={search_term_string}"},"query-input":{"@type":"PropertyValueSpecification","valueRequired":true,"valueName":"search_term_string"}}],"inLanguage":"de"},{"@type":"Organization","@id":"https:\/\/www.ceran.com\/de\/#organization","name":"Ceran","url":"https:\/\/www.ceran.com\/de\/","logo":{"@type":"ImageObject","inLanguage":"de","@id":"https:\/\/www.ceran.com\/de\/#\/schema\/logo\/image\/","url":"https:\/\/www.ceran.com\/wp-content\/uploads\/2025\/06\/Logo-CERAN-16-x-16-pixels.svg","contentUrl":"https:\/\/www.ceran.com\/wp-content\/uploads\/2025\/06\/Logo-CERAN-16-x-16-pixels.svg","width":30,"height":30,"caption":"Ceran"},"image":{"@id":"https:\/\/www.ceran.com\/de\/#\/schema\/logo\/image\/"}}]}},"_links":{"self":[{"href":"https:\/\/www.ceran.com\/de\/wp-json\/wp\/v2\/pages\/81540","targetHints":{"allow":["GET"]}}],"collection":[{"href":"https:\/\/www.ceran.com\/de\/wp-json\/wp\/v2\/pages"}],"about":[{"href":"https:\/\/www.ceran.com\/de\/wp-json\/wp\/v2\/types\/page"}],"author":[{"embeddable":true,"href":"https:\/\/www.ceran.com\/de\/wp-json\/wp\/v2\/users\/17"}],"replies":[{"embeddable":true,"href":"https:\/\/www.ceran.com\/de\/wp-json\/wp\/v2\/comments?post=81540"}],"version-history":[{"count":5,"href":"https:\/\/www.ceran.com\/de\/wp-json\/wp\/v2\/pages\/81540\/revisions"}],"predecessor-version":[{"id":95316,"href":"https:\/\/www.ceran.com\/de\/wp-json\/wp\/v2\/pages\/81540\/revisions\/95316"}],"wp:attachment":[{"href":"https:\/\/www.ceran.com\/de\/wp-json\/wp\/v2\/media?parent=81540"}],"curies":[{"name":"wp","href":"https:\/\/api.w.org\/{rel}","templated":true}]}}