{"id":98450,"date":"2024-04-17T15:05:09","date_gmt":"2024-04-17T13:05:09","guid":{"rendered":"https:\/\/www.ceran.com\/cefora\/"},"modified":"2024-06-11T08:26:55","modified_gmt":"2024-06-11T06:26:55","slug":"cefora","status":"publish","type":"page","link":"https:\/\/www.ceran.com\/de\/cefora\/","title":{"rendered":"cefora"},"content":{"rendered":"\t\t<div data-elementor-type=\"wp-page\" data-elementor-id=\"98450\" class=\"elementor elementor-98450 elementor-65156\" data-elementor-post-type=\"page\">\n\t\t\t\t\t\t<section class=\"elementor-section elementor-top-section elementor-element elementor-element-566e34eb elementor-section-boxed elementor-section-height-default elementor-section-height-default\" data-id=\"566e34eb\" data-element_type=\"section\" data-e-type=\"section\">\n\t\t\t\t\t\t<div class=\"elementor-container elementor-column-gap-default\">\n\t\t\t\t\t<div class=\"elementor-column elementor-col-50 elementor-top-column elementor-element elementor-element-84682ae\" data-id=\"84682ae\" data-element_type=\"column\" data-e-type=\"column\" data-settings=\"{&quot;background_background&quot;:&quot;classic&quot;}\">\n\t\t\t<div class=\"elementor-widget-wrap elementor-element-populated\">\n\t\t\t\t\t\t<div class=\"elementor-element elementor-element-2aab041f elementor-widget elementor-widget-heading\" data-id=\"2aab041f\" data-element_type=\"widget\" data-e-type=\"widget\" data-widget_type=\"heading.default\">\n\t\t\t\t<div class=\"elementor-widget-container\">\n\t\t\t\t\t<h1 class=\"elementor-heading-title elementor-size-default\">Bildungsprogramme in Niederl\u00e4ndisch\n\n\u200b<\/h1>\t\t\t\t<\/div>\n\t\t\t\t<\/div>\n\t\t\t\t<div class=\"elementor-element elementor-element-466776ea elementor-widget elementor-widget-text-editor\" data-id=\"466776ea\" data-element_type=\"widget\" data-e-type=\"widget\" data-widget_type=\"text-editor.default\">\n\t\t\t\t<div class=\"elementor-widget-container\">\n\t\t\t\t\t\t\t\t\t<p>Sind Sie Mitglied der <b><strong>Parit\u00e4tischen Kommission 200<\/strong><\/b>?<\/p><p>Verbessern Sie Ihre Niederl\u00e4ndischkenntnisse mit den <b>kostenlosen Schulungen<\/b>!<\/p>\t\t\t\t\t\t\t\t<\/div>\n\t\t\t\t<\/div>\n\t\t\t\t<div class=\"elementor-element elementor-element-a86c8d1 elementor-widget elementor-widget-button\" data-id=\"a86c8d1\" data-element_type=\"widget\" data-e-type=\"widget\" data-widget_type=\"button.default\">\n\t\t\t\t<div class=\"elementor-widget-container\">\n\t\t\t\t\t\t\t\t\t<div class=\"elementor-button-wrapper\">\n\t\t\t\t\t<a class=\"elementor-button elementor-button-link elementor-size-sm\" href=\"https:\/\/www.ceran.com\/fr\/cefora\/\">\n\t\t\t\t\t\t<span class=\"elementor-button-content-wrapper\">\n\t\t\t\t\t\t\t\t\t<span class=\"elementor-button-text\">F\u00fcr weitere Informationen hier klicken<\/span>\n\t\t\t\t\t<\/span>\n\t\t\t\t\t<\/a>\n\t\t\t\t<\/div>\n\t\t\t\t\t\t\t\t<\/div>\n\t\t\t\t<\/div>\n\t\t\t\t\t<\/div>\n\t\t<\/div>\n\t\t\t\t<div class=\"elementor-column elementor-col-50 elementor-top-column elementor-element elementor-element-6a78e6b6\" data-id=\"6a78e6b6\" data-element_type=\"column\" data-e-type=\"column\" data-settings=\"{&quot;background_background&quot;:&quot;classic&quot;}\">\n\t\t\t<div class=\"elementor-widget-wrap elementor-element-populated\">\n\t\t\t\t\t\t<div class=\"elementor-element elementor-element-8f9b731 elementor-widget elementor-widget-image\" data-id=\"8f9b731\" data-element_type=\"widget\" data-e-type=\"widget\" data-widget_type=\"image.default\">\n\t\t\t\t<div class=\"elementor-widget-container\">\n\t\t\t\t\t\t\t\t\t\t\t\t\t\t\t<img fetchpriority=\"high\" decoding=\"async\" width=\"335\" height=\"150\" src=\"https:\/\/www.ceran.com\/wp-content\/uploads\/2022\/10\/cefora-logo.png\" class=\"attachment-full size-full wp-image-65165\" alt=\"\" srcset=\"https:\/\/www.ceran.com\/wp-content\/uploads\/2022\/10\/cefora-logo.png 335w, https:\/\/www.ceran.com\/wp-content\/uploads\/2022\/10\/cefora-logo-300x134.png 300w\" sizes=\"(max-width: 335px) 100vw, 335px\" \/>\t\t\t\t\t\t\t\t\t\t\t\t\t\t\t<\/div>\n\t\t\t\t<\/div>\n\t\t\t\t<div class=\"elementor-element elementor-element-4aeae63 elementor-widget elementor-widget-image\" data-id=\"4aeae63\" data-element_type=\"widget\" data-e-type=\"widget\" data-widget_type=\"image.default\">\n\t\t\t\t<div class=\"elementor-widget-container\">\n\t\t\t\t\t\t\t\t\t\t\t\t\t\t\t<img decoding=\"async\" src=\"https:\/\/www.ceran.com\/wp-content\/uploads\/elementor\/thumbs\/a1-qmlox6zls6teg0kxkl3xffyaik0c9cxs9rktnqlayy.jpg\" title=\"a1.jpg\" alt=\"a1.jpg\" loading=\"lazy\" \/>\t\t\t\t\t\t\t\t\t\t\t\t\t\t\t<\/div>\n\t\t\t\t<\/div>\n\t\t\t\t\t<\/div>\n\t\t<\/div>\n\t\t\t\t\t<\/div>\n\t\t<\/section>\n\t\t\t\t<\/div>\n\t\t","protected":false},"excerpt":{"rendered":"<p>Bildungsprogramme in Niederl\u00e4ndisch \u200b Sind Sie Mitglied der Parit\u00e4tischen Kommission 200? Verbessern Sie Ihre Niederl\u00e4ndischkenntnisse mit den kostenlosen Schulungen! F\u00fcr weitere Informationen hier klicken<\/p>\n","protected":false},"author":16,"featured_media":0,"parent":0,"menu_order":0,"comment_status":"closed","ping_status":"closed","template":"","meta":{"_acf_changed":false,"_seopress_robots_primary_cat":"","_seopress_titles_title":"Entdecken Sie die niederl\u00e4ndischen CEFORA-Ausbildungen von CERAN","_seopress_titles_desc":"Entdecken Sie unsere niederl\u00e4ndischen CEFORA-Ausbildungsprogramme, die von CERAN organisiert werden.","_seopress_robots_index":"","content-type":"","footnotes":""},"class_list":["post-98450","page","type-page","status-publish","hentry"],"acf":[],"yoast_head":"<!-- This site is optimized with the Yoast SEO plugin v27.4 - https:\/\/yoast.com\/product\/yoast-seo-wordpress\/ -->\n<title>Entdecken Sie die niederl\u00e4ndischen Kurse CEFORA von CERAN<\/title>\n<meta name=\"description\" content=\"Informieren Sie sich \u00fcber unsere niederl\u00e4ndischen CEFORA-Kurse, die von CERAN organisiert werden.\" \/>\n<meta name=\"robots\" content=\"index, follow, max-snippet:-1, max-image-preview:large, max-video-preview:-1\" \/>\n<link rel=\"canonical\" href=\"https:\/\/www.ceran.com\/de\/cefora\/\" \/>\n<meta property=\"og:locale\" content=\"de_DE\" \/>\n<meta property=\"og:type\" content=\"article\" \/>\n<meta property=\"og:title\" content=\"Entdecken Sie die niederl\u00e4ndischen Kurse CEFORA von CERAN\" \/>\n<meta property=\"og:description\" content=\"Informieren Sie sich \u00fcber unsere niederl\u00e4ndischen CEFORA-Kurse, die von CERAN organisiert werden.\" \/>\n<meta property=\"og:url\" content=\"https:\/\/www.ceran.com\/de\/cefora\/\" \/>\n<meta property=\"og:site_name\" content=\"Ceran\" \/>\n<meta property=\"article:modified_time\" content=\"2024-06-11T06:26:55+00:00\" \/>\n<meta property=\"og:image\" content=\"https:\/\/www.ceran.com\/wp-content\/uploads\/2022\/10\/cefora-logo.png\" \/>\n<meta name=\"twitter:card\" content=\"summary_large_image\" \/>\n<script type=\"application\/ld+json\" class=\"yoast-schema-graph\">{\"@context\":\"https:\\\/\\\/schema.org\",\"@graph\":[{\"@type\":\"WebPage\",\"@id\":\"https:\\\/\\\/www.ceran.com\\\/de\\\/cefora\\\/\",\"url\":\"https:\\\/\\\/www.ceran.com\\\/de\\\/cefora\\\/\",\"name\":\"Entdecken Sie die niederl\u00e4ndischen Kurse CEFORA von CERAN\",\"isPartOf\":{\"@id\":\"https:\\\/\\\/www.ceran.com\\\/de\\\/#website\"},\"primaryImageOfPage\":{\"@id\":\"https:\\\/\\\/www.ceran.com\\\/de\\\/cefora\\\/#primaryimage\"},\"image\":{\"@id\":\"https:\\\/\\\/www.ceran.com\\\/de\\\/cefora\\\/#primaryimage\"},\"thumbnailUrl\":\"https:\\\/\\\/www.ceran.com\\\/wp-content\\\/uploads\\\/2022\\\/10\\\/cefora-logo.png\",\"datePublished\":\"2024-04-17T13:05:09+00:00\",\"dateModified\":\"2024-06-11T06:26:55+00:00\",\"description\":\"Informieren Sie sich \u00fcber unsere niederl\u00e4ndischen CEFORA-Kurse, die von CERAN organisiert werden.\",\"breadcrumb\":{\"@id\":\"https:\\\/\\\/www.ceran.com\\\/de\\\/cefora\\\/#breadcrumb\"},\"inLanguage\":\"de\",\"potentialAction\":[{\"@type\":\"ReadAction\",\"target\":[\"https:\\\/\\\/www.ceran.com\\\/de\\\/cefora\\\/\"]}]},{\"@type\":\"ImageObject\",\"inLanguage\":\"de\",\"@id\":\"https:\\\/\\\/www.ceran.com\\\/de\\\/cefora\\\/#primaryimage\",\"url\":\"https:\\\/\\\/www.ceran.com\\\/wp-content\\\/uploads\\\/2022\\\/10\\\/cefora-logo.png\",\"contentUrl\":\"https:\\\/\\\/www.ceran.com\\\/wp-content\\\/uploads\\\/2022\\\/10\\\/cefora-logo.png\"},{\"@type\":\"BreadcrumbList\",\"@id\":\"https:\\\/\\\/www.ceran.com\\\/de\\\/cefora\\\/#breadcrumb\",\"itemListElement\":[{\"@type\":\"ListItem\",\"position\":1,\"name\":\"Startseite\",\"item\":\"https:\\\/\\\/www.ceran.com\\\/de\\\/\"},{\"@type\":\"ListItem\",\"position\":2,\"name\":\"cefora\"}]},{\"@type\":\"WebSite\",\"@id\":\"https:\\\/\\\/www.ceran.com\\\/de\\\/#website\",\"url\":\"https:\\\/\\\/www.ceran.com\\\/de\\\/\",\"name\":\"Ceran\",\"description\":\"Des formations linguistiques et interculturelles qui vous ouvrent de nouveaux horizons\",\"publisher\":{\"@id\":\"https:\\\/\\\/www.ceran.com\\\/de\\\/#organization\"},\"potentialAction\":[{\"@type\":\"SearchAction\",\"target\":{\"@type\":\"EntryPoint\",\"urlTemplate\":\"https:\\\/\\\/www.ceran.com\\\/de\\\/?s={search_term_string}\"},\"query-input\":{\"@type\":\"PropertyValueSpecification\",\"valueRequired\":true,\"valueName\":\"search_term_string\"}}],\"inLanguage\":\"de\"},{\"@type\":\"Organization\",\"@id\":\"https:\\\/\\\/www.ceran.com\\\/de\\\/#organization\",\"name\":\"Ceran\",\"url\":\"https:\\\/\\\/www.ceran.com\\\/de\\\/\",\"logo\":{\"@type\":\"ImageObject\",\"inLanguage\":\"de\",\"@id\":\"https:\\\/\\\/www.ceran.com\\\/de\\\/#\\\/schema\\\/logo\\\/image\\\/\",\"url\":\"https:\\\/\\\/www.ceran.com\\\/wp-content\\\/uploads\\\/2025\\\/06\\\/Logo-CERAN-16-x-16-pixels.svg\",\"contentUrl\":\"https:\\\/\\\/www.ceran.com\\\/wp-content\\\/uploads\\\/2025\\\/06\\\/Logo-CERAN-16-x-16-pixels.svg\",\"width\":30,\"height\":30,\"caption\":\"Ceran\"},\"image\":{\"@id\":\"https:\\\/\\\/www.ceran.com\\\/de\\\/#\\\/schema\\\/logo\\\/image\\\/\"}}]}<\/script>\n<!-- \/ Yoast SEO plugin. -->","yoast_head_json":{"title":"Entdecken Sie die niederl\u00e4ndischen Kurse CEFORA von CERAN","description":"Informieren Sie sich \u00fcber unsere niederl\u00e4ndischen CEFORA-Kurse, die von CERAN organisiert werden.","robots":{"index":"index","follow":"follow","max-snippet":"max-snippet:-1","max-image-preview":"max-image-preview:large","max-video-preview":"max-video-preview:-1"},"canonical":"https:\/\/www.ceran.com\/de\/cefora\/","og_locale":"de_DE","og_type":"article","og_title":"Entdecken Sie die niederl\u00e4ndischen Kurse CEFORA von CERAN","og_description":"Informieren Sie sich \u00fcber unsere niederl\u00e4ndischen CEFORA-Kurse, die von CERAN organisiert werden.","og_url":"https:\/\/www.ceran.com\/de\/cefora\/","og_site_name":"Ceran","article_modified_time":"2024-06-11T06:26:55+00:00","og_image":[{"url":"https:\/\/www.ceran.com\/wp-content\/uploads\/2022\/10\/cefora-logo.png","type":"","width":"","height":""}],"twitter_card":"summary_large_image","schema":{"@context":"https:\/\/schema.org","@graph":[{"@type":"WebPage","@id":"https:\/\/www.ceran.com\/de\/cefora\/","url":"https:\/\/www.ceran.com\/de\/cefora\/","name":"Entdecken Sie die niederl\u00e4ndischen Kurse CEFORA von CERAN","isPartOf":{"@id":"https:\/\/www.ceran.com\/de\/#website"},"primaryImageOfPage":{"@id":"https:\/\/www.ceran.com\/de\/cefora\/#primaryimage"},"image":{"@id":"https:\/\/www.ceran.com\/de\/cefora\/#primaryimage"},"thumbnailUrl":"https:\/\/www.ceran.com\/wp-content\/uploads\/2022\/10\/cefora-logo.png","datePublished":"2024-04-17T13:05:09+00:00","dateModified":"2024-06-11T06:26:55+00:00","description":"Informieren Sie sich \u00fcber unsere niederl\u00e4ndischen CEFORA-Kurse, die von CERAN organisiert werden.","breadcrumb":{"@id":"https:\/\/www.ceran.com\/de\/cefora\/#breadcrumb"},"inLanguage":"de","potentialAction":[{"@type":"ReadAction","target":["https:\/\/www.ceran.com\/de\/cefora\/"]}]},{"@type":"ImageObject","inLanguage":"de","@id":"https:\/\/www.ceran.com\/de\/cefora\/#primaryimage","url":"https:\/\/www.ceran.com\/wp-content\/uploads\/2022\/10\/cefora-logo.png","contentUrl":"https:\/\/www.ceran.com\/wp-content\/uploads\/2022\/10\/cefora-logo.png"},{"@type":"BreadcrumbList","@id":"https:\/\/www.ceran.com\/de\/cefora\/#breadcrumb","itemListElement":[{"@type":"ListItem","position":1,"name":"Startseite","item":"https:\/\/www.ceran.com\/de\/"},{"@type":"ListItem","position":2,"name":"cefora"}]},{"@type":"WebSite","@id":"https:\/\/www.ceran.com\/de\/#website","url":"https:\/\/www.ceran.com\/de\/","name":"Ceran","description":"Des formations linguistiques et interculturelles qui vous ouvrent de nouveaux horizons","publisher":{"@id":"https:\/\/www.ceran.com\/de\/#organization"},"potentialAction":[{"@type":"SearchAction","target":{"@type":"EntryPoint","urlTemplate":"https:\/\/www.ceran.com\/de\/?s={search_term_string}"},"query-input":{"@type":"PropertyValueSpecification","valueRequired":true,"valueName":"search_term_string"}}],"inLanguage":"de"},{"@type":"Organization","@id":"https:\/\/www.ceran.com\/de\/#organization","name":"Ceran","url":"https:\/\/www.ceran.com\/de\/","logo":{"@type":"ImageObject","inLanguage":"de","@id":"https:\/\/www.ceran.com\/de\/#\/schema\/logo\/image\/","url":"https:\/\/www.ceran.com\/wp-content\/uploads\/2025\/06\/Logo-CERAN-16-x-16-pixels.svg","contentUrl":"https:\/\/www.ceran.com\/wp-content\/uploads\/2025\/06\/Logo-CERAN-16-x-16-pixels.svg","width":30,"height":30,"caption":"Ceran"},"image":{"@id":"https:\/\/www.ceran.com\/de\/#\/schema\/logo\/image\/"}}]}},"_links":{"self":[{"href":"https:\/\/www.ceran.com\/de\/wp-json\/wp\/v2\/pages\/98450","targetHints":{"allow":["GET"]}}],"collection":[{"href":"https:\/\/www.ceran.com\/de\/wp-json\/wp\/v2\/pages"}],"about":[{"href":"https:\/\/www.ceran.com\/de\/wp-json\/wp\/v2\/types\/page"}],"author":[{"embeddable":true,"href":"https:\/\/www.ceran.com\/de\/wp-json\/wp\/v2\/users\/16"}],"replies":[{"embeddable":true,"href":"https:\/\/www.ceran.com\/de\/wp-json\/wp\/v2\/comments?post=98450"}],"version-history":[{"count":5,"href":"https:\/\/www.ceran.com\/de\/wp-json\/wp\/v2\/pages\/98450\/revisions"}],"predecessor-version":[{"id":100573,"href":"https:\/\/www.ceran.com\/de\/wp-json\/wp\/v2\/pages\/98450\/revisions\/100573"}],"wp:attachment":[{"href":"https:\/\/www.ceran.com\/de\/wp-json\/wp\/v2\/media?parent=98450"}],"curies":[{"name":"wp","href":"https:\/\/api.w.org\/{rel}","templated":true}]}}