{"id":1063,"date":"2022-01-11T17:59:49","date_gmt":"2022-01-11T16:59:49","guid":{"rendered":"https:\/\/www.ceran.com\/?page_id=1063"},"modified":"2024-09-30T14:03:03","modified_gmt":"2024-09-30T12:03:03","slug":"nous-contacter","status":"publish","type":"page","link":"https:\/\/www.ceran.com\/fr\/nous-contacter\/","title":{"rendered":"Nous contacter"},"content":{"rendered":"\t\t<div data-elementor-type=\"wp-page\" data-elementor-id=\"1063\" class=\"elementor elementor-1063\" data-elementor-post-type=\"page\">\n\t\t\t\t\t\t<section class=\"elementor-section elementor-top-section elementor-element elementor-element-eb16d7e elementor-section-boxed elementor-section-height-default elementor-section-height-default\" data-id=\"eb16d7e\" data-element_type=\"section\" data-e-type=\"section\">\n\t\t\t\t\t\t<div class=\"elementor-container elementor-column-gap-default\">\n\t\t\t\t\t<div class=\"elementor-column elementor-col-66 elementor-top-column elementor-element elementor-element-5d85879\" data-id=\"5d85879\" data-element_type=\"column\" data-e-type=\"column\">\n\t\t\t<div class=\"elementor-widget-wrap elementor-element-populated\">\n\t\t\t\t\t\t<section class=\"elementor-section elementor-inner-section elementor-element elementor-element-c091fd2 cropped elementor-section-boxed elementor-section-height-default elementor-section-height-default\" data-id=\"c091fd2\" data-element_type=\"section\" data-e-type=\"section\" id=\"page-contact-form-wrapper\">\n\t\t\t\t\t\t<div class=\"elementor-container elementor-column-gap-default\">\n\t\t\t\t\t<div class=\"elementor-column elementor-col-100 elementor-inner-column elementor-element elementor-element-f46283b cropped-content\" data-id=\"f46283b\" data-element_type=\"column\" data-e-type=\"column\">\n\t\t\t<div class=\"elementor-widget-wrap elementor-element-populated\">\n\t\t\t\t\t\t<div class=\"elementor-element elementor-element-a54e319 elementor-widget elementor-widget-heading\" data-id=\"a54e319\" data-element_type=\"widget\" data-e-type=\"widget\" data-widget_type=\"heading.default\">\n\t\t\t\t<div class=\"elementor-widget-container\">\n\t\t\t\t\t<h2 class=\"elementor-heading-title elementor-size-default\">Contactez-nous<\/h2>\t\t\t\t<\/div>\n\t\t\t\t<\/div>\n\t\t\t\t<div class=\"elementor-element elementor-element-0f67784 elementor-widget elementor-widget-text-editor\" data-id=\"0f67784\" data-element_type=\"widget\" data-e-type=\"widget\" data-widget_type=\"text-editor.default\">\n\t\t\t\t<div class=\"elementor-widget-container\">\n\t\t\t\t\t\t\t\t\t<p>Les champs marqu\u00e9s par un ast\u00e9risque sont obligatoires.<\/p>\t\t\t\t\t\t\t\t<\/div>\n\t\t\t\t<\/div>\n\t\t\t\t<div class=\"elementor-element elementor-element-5e44736 elementor-widget elementor-widget-html\" data-id=\"5e44736\" data-element_type=\"widget\" data-e-type=\"widget\" data-widget_type=\"html.default\">\n\t\t\t\t<div class=\"elementor-widget-container\">\n\t\t\t\t\t<script charset=\"utf-8\" type=\"text\/javascript\" src=\"\/\/js-eu1.hsforms.net\/forms\/embed\/v2.js\"><\/script>\r\n<script>\r\n  hbspt.forms.create({\r\n    region: \"eu1\",\r\n    portalId: \"143309636\",\r\n    formId: \"1a936836-995f-4c50-9762-ec67386ba4d9\"\r\n  });\r\n<\/script>\t\t\t\t<\/div>\n\t\t\t\t<\/div>\n\t\t\t\t\t<\/div>\n\t\t<\/div>\n\t\t\t\t\t<\/div>\n\t\t<\/section>\n\t\t\t\t\t<\/div>\n\t\t<\/div>\n\t\t\t\t<div class=\"elementor-column elementor-col-33 elementor-top-column elementor-element elementor-element-636c495\" data-id=\"636c495\" data-element_type=\"column\" data-e-type=\"column\">\n\t\t\t<div class=\"elementor-widget-wrap elementor-element-populated\">\n\t\t\t\t\t\t<section class=\"elementor-section elementor-inner-section elementor-element elementor-element-03ed251 elementor-section-boxed elementor-section-height-default elementor-section-height-default\" data-id=\"03ed251\" data-element_type=\"section\" data-e-type=\"section\">\n\t\t\t\t\t\t<div class=\"elementor-container elementor-column-gap-default\">\n\t\t\t\t\t<div class=\"elementor-column elementor-col-100 elementor-inner-column elementor-element elementor-element-1279ea2\" data-id=\"1279ea2\" data-element_type=\"column\" data-e-type=\"column\">\n\t\t\t<div class=\"elementor-widget-wrap\">\n\t\t\t\t\t\t\t<\/div>\n\t\t<\/div>\n\t\t\t\t\t<\/div>\n\t\t<\/section>\n\t\t\t\t<section class=\"elementor-section elementor-inner-section elementor-element elementor-element-a2443c3 elementor-section-boxed elementor-section-height-default elementor-section-height-default\" data-id=\"a2443c3\" data-element_type=\"section\" data-e-type=\"section\">\n\t\t\t\t\t\t<div class=\"elementor-container elementor-column-gap-default\">\n\t\t\t\t\t<div class=\"elementor-column elementor-col-100 elementor-inner-column elementor-element elementor-element-96665ce\" data-id=\"96665ce\" data-element_type=\"column\" data-e-type=\"column\">\n\t\t\t<div class=\"elementor-widget-wrap elementor-element-populated\">\n\t\t\t\t\t\t<div class=\"elementor-element elementor-element-ceran_block-info elementor-widget elementor-widget-ceran_block-info\" data-id=\"ceran_block-info\" data-element_type=\"widget\" data-e-type=\"widget\" data-widget_type=\"ceran_block-info.default\">\n\t\t\t\t<div class=\"elementor-widget-container\">\n\t\t\t\t\t<div class=\"container\"><div class=\"wrapper\"><span class=\"svg-forme\" style=\"background-image: url()\"><\/span><p class=\"title\">CERAN BELGIQUE Spa\n<\/p><div class=\"text\"><p>Avenue des Petits Sapins, 27<br \/>4900 Spa<br \/><span style=\"color: #3366ff;\"><a style=\"color: #3366ff;\" href=\"tel:+3287791122\">\ud83d\udc46+32 (0)87 79 11 22<\/a><\/span><br \/><span style=\"color: #3366ff;\"><a style=\"color: #3366ff;\" href=\"mailto:customer@ceran.com\">\ud83d\udc46customer@ceran.com<\/a><\/span><\/p><\/div><\/div><\/div>\t\t\t\t<\/div>\n\t\t\t\t<\/div>\n\t\t\t\t\t<\/div>\n\t\t<\/div>\n\t\t\t\t\t<\/div>\n\t\t<\/section>\n\t\t\t\t<section class=\"elementor-section elementor-inner-section elementor-element elementor-element-6e20540 elementor-section-boxed elementor-section-height-default elementor-section-height-default\" data-id=\"6e20540\" data-element_type=\"section\" data-e-type=\"section\">\n\t\t\t\t\t\t<div class=\"elementor-container elementor-column-gap-default\">\n\t\t\t\t\t<div class=\"elementor-column elementor-col-100 elementor-inner-column elementor-element elementor-element-5adeeac\" data-id=\"5adeeac\" data-element_type=\"column\" data-e-type=\"column\">\n\t\t\t<div class=\"elementor-widget-wrap elementor-element-populated\">\n\t\t\t\t\t\t<div class=\"elementor-element elementor-element-ceran_block-info elementor-widget elementor-widget-ceran_block-info\" data-id=\"ceran_block-info\" data-element_type=\"widget\" data-e-type=\"widget\" data-widget_type=\"ceran_block-info.default\">\n\t\t\t\t<div class=\"elementor-widget-container\">\n\t\t\t\t\t<div class=\"container\"><div class=\"wrapper\"><span class=\"svg-forme\" style=\"background-image: url()\"><\/span><p class=\"title\">CERAN FRANCE Paris<\/p><div class=\"text\"><p><strong>Centre de formation<\/strong><br \/>Ch\u00e2teauform' Learning Lab<br \/>40, Passage de l'Arche<br \/>92800 Puteaux (France)<\/p><p><strong>Bureaux<\/strong><br \/>1, Rue Etienne Dolet<br \/>93400 Saint-Ouen (France)<br \/><span style=\"color: #3366ff;\"><a style=\"color: #3366ff;\" href=\"tel:+33146673322\">\ud83d\udc46+33(0)1 46 67 33 22<\/a><\/span><\/p><\/div><\/div><\/div>\t\t\t\t<\/div>\n\t\t\t\t<\/div>\n\t\t\t\t\t<\/div>\n\t\t<\/div>\n\t\t\t\t\t<\/div>\n\t\t<\/section>\n\t\t\t\t<section class=\"elementor-section elementor-inner-section elementor-element elementor-element-02d20bf elementor-section-boxed elementor-section-height-default elementor-section-height-default\" data-id=\"02d20bf\" data-element_type=\"section\" data-e-type=\"section\">\n\t\t\t\t\t\t<div class=\"elementor-container elementor-column-gap-default\">\n\t\t\t\t\t<div class=\"elementor-column elementor-col-100 elementor-inner-column elementor-element elementor-element-b477f87\" data-id=\"b477f87\" data-element_type=\"column\" data-e-type=\"column\">\n\t\t\t<div class=\"elementor-widget-wrap elementor-element-populated\">\n\t\t\t\t\t\t<div class=\"elementor-element elementor-element-ceran_block-info elementor-widget elementor-widget-ceran_block-info\" data-id=\"ceran_block-info\" data-element_type=\"widget\" data-e-type=\"widget\" data-widget_type=\"ceran_block-info.default\">\n\t\t\t\t<div class=\"elementor-widget-container\">\n\t\t\t\t\t<div class=\"container\"><div class=\"wrapper\"><span class=\"svg-forme\" style=\"background-image: url()\"><\/span><p class=\"title\">CERAN ALLEMAGNE<\/p><div class=\"text\"><p><span style=\"color: #3366ff;\"><a style=\"color: #3366ff;\" href=\"tel:+4926429853909\">\ud83d\udc46+49 2642 9853909<\/a><\/span><br \/><span style=\"color: #3366ff;\"><a style=\"color: #3366ff;\" href=\"mailto:germany@ceran.com\">\ud83d\udc46germany@ceran.com<\/a><\/span><\/p><\/div><\/div><\/div>\t\t\t\t<\/div>\n\t\t\t\t<\/div>\n\t\t\t\t\t<\/div>\n\t\t<\/div>\n\t\t\t\t\t<\/div>\n\t\t<\/section>\n\t\t\t\t<section class=\"elementor-section elementor-inner-section elementor-element elementor-element-35c9859 elementor-section-boxed elementor-section-height-default elementor-section-height-default\" data-id=\"35c9859\" data-element_type=\"section\" data-e-type=\"section\">\n\t\t\t\t\t\t<div class=\"elementor-container elementor-column-gap-default\">\n\t\t\t\t\t<div class=\"elementor-column elementor-col-100 elementor-inner-column elementor-element elementor-element-58209e0\" data-id=\"58209e0\" data-element_type=\"column\" data-e-type=\"column\">\n\t\t\t<div class=\"elementor-widget-wrap elementor-element-populated\">\n\t\t\t\t\t\t<div class=\"elementor-element elementor-element-ceran_block-info elementor-widget elementor-widget-ceran_block-info\" data-id=\"ceran_block-info\" data-element_type=\"widget\" data-e-type=\"widget\" data-widget_type=\"ceran_block-info.default\">\n\t\t\t\t<div class=\"elementor-widget-container\">\n\t\t\t\t\t<div class=\"container\"><div class=\"wrapper\"><span class=\"svg-forme\" style=\"background-image: url()\"><\/span><p class=\"title\">CERAN SUISSE<\/p><div class=\"text\"><p><span style=\"color: #3366ff;\"><a style=\"color: #3366ff;\" href=\"tel:+41225068244\">\ud83d\udc46+41 22 506 82 44<\/a><br \/><\/span><span style=\"color: #3366ff;\"><a style=\"color: #3366ff;\" href=\"mailto:switzerland@ceran.com\">\ud83d\udc46switzerland@ceran.com<\/a><\/span><\/p><\/div><\/div><\/div>\t\t\t\t<\/div>\n\t\t\t\t<\/div>\n\t\t\t\t\t<\/div>\n\t\t<\/div>\n\t\t\t\t\t<\/div>\n\t\t<\/section>\n\t\t\t\t<section class=\"elementor-section elementor-inner-section elementor-element elementor-element-52ff417 elementor-section-boxed elementor-section-height-default elementor-section-height-default\" data-id=\"52ff417\" data-element_type=\"section\" data-e-type=\"section\">\n\t\t\t\t\t\t<div class=\"elementor-container elementor-column-gap-default\">\n\t\t\t\t\t<div class=\"elementor-column elementor-col-100 elementor-inner-column elementor-element elementor-element-fd7fbe6\" data-id=\"fd7fbe6\" data-element_type=\"column\" data-e-type=\"column\">\n\t\t\t<div class=\"elementor-widget-wrap elementor-element-populated\">\n\t\t\t\t\t\t<div class=\"elementor-element elementor-element-ceran_block-info elementor-widget elementor-widget-ceran_block-info\" data-id=\"ceran_block-info\" data-element_type=\"widget\" data-e-type=\"widget\" data-widget_type=\"ceran_block-info.default\">\n\t\t\t\t<div class=\"elementor-widget-container\">\n\t\t\t\t\t<div class=\"container\"><div class=\"wrapper\"><span class=\"svg-forme\" style=\"background-image: url()\"><\/span><p class=\"title\">CERAN PAYS-BAS<\/p><div class=\"text\"><p><span style=\"color: #3366ff;\"><a style=\"color: #3366ff;\" href=\"mailto:netherlands@ceran.com\">\ud83d\udc46netherlands@ceran.com<\/a><br \/><a style=\"color: #3366ff;\" href=\"tel:+31208098515\">\ud83d\udc46+31 20 809 8515<\/a><\/span><\/p><\/div><\/div><\/div>\t\t\t\t<\/div>\n\t\t\t\t<\/div>\n\t\t\t\t\t<\/div>\n\t\t<\/div>\n\t\t\t\t\t<\/div>\n\t\t<\/section>\n\t\t\t\t<section class=\"elementor-section elementor-inner-section elementor-element elementor-element-854f5b4 elementor-section-boxed elementor-section-height-default elementor-section-height-default\" data-id=\"854f5b4\" data-element_type=\"section\" data-e-type=\"section\">\n\t\t\t\t\t\t<div class=\"elementor-container elementor-column-gap-default\">\n\t\t\t\t\t<div class=\"elementor-column elementor-col-100 elementor-inner-column elementor-element elementor-element-95e3991\" data-id=\"95e3991\" data-element_type=\"column\" data-e-type=\"column\">\n\t\t\t<div class=\"elementor-widget-wrap elementor-element-populated\">\n\t\t\t\t\t\t<div class=\"elementor-element elementor-element-ceran_block-info elementor-widget elementor-widget-ceran_block-info\" data-id=\"ceran_block-info\" data-element_type=\"widget\" data-e-type=\"widget\" data-widget_type=\"ceran_block-info.default\">\n\t\t\t\t<div class=\"elementor-widget-container\">\n\t\t\t\t\t<div class=\"container\"><div class=\"wrapper\"><span class=\"svg-forme\" style=\"background-image: url()\"><\/span><p class=\"title\">R\u00e9f\u00e9rente Accesssibilit\u00e9 <\/p><div class=\"text\"><p>Swati BARVE KIRTANE<\/p><p><span style=\"color: #3366ff;\"><a style=\"color: #3366ff;\" href=\"mailto:sbkirtane@ceran.com\">\ud83d\udc46sbkirtane@ceran.com<\/a><br \/><a style=\"color: #3366ff;\" href=\"tel:+ 33772452862\">\ud83d\udc46+ 33 (0)7 72 45 28 62<\/a><\/span><\/p><\/div><\/div><\/div>\t\t\t\t<\/div>\n\t\t\t\t<\/div>\n\t\t\t\t\t<\/div>\n\t\t<\/div>\n\t\t\t\t\t<\/div>\n\t\t<\/section>\n\t\t\t\t<div class=\"elementor-element elementor-element-61e0cbf elementor-widget elementor-widget-template\" data-id=\"61e0cbf\" data-element_type=\"widget\" data-e-type=\"widget\" data-widget_type=\"template.default\">\n\t\t\t\t<div class=\"elementor-widget-container\">\n\t\t\t\t\t\t\t<div class=\"elementor-template\">\n\t\t\t\t\t<div data-elementor-type=\"section\" data-elementor-id=\"85570\" class=\"elementor elementor-85570\" data-elementor-post-type=\"elementor_library\">\n\t\t\t\t\t<section class=\"elementor-section elementor-inner-section elementor-element elementor-element-4a0f2c9d elementor-section-boxed elementor-section-height-default elementor-section-height-default\" data-id=\"4a0f2c9d\" data-element_type=\"section\" data-e-type=\"section\">\n\t\t\t\t\t\t<div class=\"elementor-container elementor-column-gap-default\">\n\t\t\t\t\t<div class=\"elementor-column elementor-col-100 elementor-inner-column elementor-element elementor-element-6a3f6cd4\" data-id=\"6a3f6cd4\" data-element_type=\"column\" data-e-type=\"column\" data-settings=\"{&quot;background_background&quot;:&quot;classic&quot;}\">\n\t\t\t<div class=\"elementor-widget-wrap elementor-element-populated\">\n\t\t\t\t\t\t<div class=\"elementor-element elementor-element-74b80119 elementor-widget__width-initial elementor-widget elementor-widget-heading\" data-id=\"74b80119\" data-element_type=\"widget\" data-e-type=\"widget\" data-widget_type=\"heading.default\">\n\t\t\t\t<div class=\"elementor-widget-container\">\n\t\t\t\t\t<h2 class=\"elementor-heading-title elementor-size-default\">Vous souhaitez travailler avec nous ? <\/h2>\t\t\t\t<\/div>\n\t\t\t\t<\/div>\n\t\t\t\t<div class=\"elementor-element elementor-element-378827c3 elementor-widget elementor-widget-text-editor\" data-id=\"378827c3\" data-element_type=\"widget\" data-e-type=\"widget\" data-widget_type=\"text-editor.default\">\n\t\t\t\t<div class=\"elementor-widget-container\">\n\t\t\t\t\t\t\t\t\t<p>\u00a0<\/p><p>Vous \u00eates passionn\u00e9(e) par les langues, la formation interculturelle et la communication en g\u00e9n\u00e9ral ? <br \/>Rejoignez notre \u00e9quipe multinationale !<br \/>Visitez notre page de recrutement.<\/p>\t\t\t\t\t\t\t\t<\/div>\n\t\t\t\t<\/div>\n\t\t\t\t<div class=\"elementor-element elementor-element-ceran-simple-bouton elementor-widget elementor-widget-ceran-simple-bouton\" data-id=\"ceran-simple-bouton\" data-element_type=\"widget\" data-e-type=\"widget\" data-widget_type=\"ceran-simple-bouton.default\">\n\t\t\t\t<div class=\"elementor-widget-container\">\n\t\t\t\t\t<a href=\"https:\/\/www.ceran.com\/fr\/recrutement-formateurs\/\" class=\"ax-btn btn-arrow-wide\" >Nous rejoindre<\/a>\t\t\t\t<\/div>\n\t\t\t\t<\/div>\n\t\t\t\t\t<\/div>\n\t\t<\/div>\n\t\t\t\t\t<\/div>\n\t\t<\/section>\n\t\t\t\t<\/div>\n\t\t\t\t<\/div>\n\t\t\t\t\t\t<\/div>\n\t\t\t\t<\/div>\n\t\t\t\t\t<\/div>\n\t\t<\/div>\n\t\t\t\t\t<\/div>\n\t\t<\/section>\n\t\t\t\t<\/div>\n\t\t","protected":false},"excerpt":{"rendered":"<p>Contactez-nous Les champs marqu\u00e9s par un ast\u00e9risque sont obligatoires. CERAN BELGIQUE Spa Avenue des Petits Sapins, 274900 Spa\ud83d\udc46+32 (0)87 79 11 22\ud83d\udc46customer@ceran.com CERAN FRANCE Paris Centre de formationCh\u00e2teauform&rsquo; Learning Lab40, Passage de l&rsquo;Arche92800 Puteaux (France) Bureaux1, Rue Etienne Dolet93400 Saint-Ouen (France)\ud83d\udc46+33(0)1 46 67 33 22 CERAN ALLEMAGNE \ud83d\udc46+49 2642 9853909\ud83d\udc46germany@ceran.com CERAN SUISSE \ud83d\udc46+41 22 506 [&hellip;]<\/p>\n","protected":false},"author":1,"featured_media":0,"parent":0,"menu_order":0,"comment_status":"closed","ping_status":"closed","template":"elementor_header_footer","meta":{"_acf_changed":false,"_seopress_robots_primary_cat":"","_seopress_titles_title":"","_seopress_titles_desc":"","_seopress_robots_index":"","content-type":"","footnotes":""},"class_list":["post-1063","page","type-page","status-publish","hentry"],"acf":[],"yoast_head":"<!-- This site is optimized with the Yoast SEO plugin v27.4 - https:\/\/yoast.com\/product\/yoast-seo-wordpress\/ -->\n<title>Nous contacter - Ceran<\/title>\n<meta name=\"robots\" content=\"index, follow, max-snippet:-1, max-image-preview:large, max-video-preview:-1\" \/>\n<link rel=\"canonical\" href=\"https:\/\/www.ceran.com\/fr\/nous-contacter\/\" \/>\n<meta property=\"og:locale\" content=\"fr_FR\" \/>\n<meta property=\"og:type\" content=\"article\" \/>\n<meta property=\"og:title\" content=\"Nous contacter - Ceran\" \/>\n<meta property=\"og:description\" content=\"Contactez-nous Les champs marqu\u00e9s par un ast\u00e9risque sont obligatoires. CERAN BELGIQUE Spa Avenue des Petits Sapins, 274900 Spa\ud83d\udc46+32 (0)87 79 11 22\ud83d\udc46customer@ceran.com CERAN FRANCE Paris Centre de formationCh\u00e2teauform&rsquo; Learning Lab40, Passage de l&rsquo;Arche92800 Puteaux (France) Bureaux1, Rue Etienne Dolet93400 Saint-Ouen (France)\ud83d\udc46+33(0)1 46 67 33 22 CERAN ALLEMAGNE \ud83d\udc46+49 2642 9853909\ud83d\udc46germany@ceran.com CERAN SUISSE \ud83d\udc46+41 22 506 [&hellip;]\" \/>\n<meta property=\"og:url\" content=\"https:\/\/www.ceran.com\/fr\/nous-contacter\/\" \/>\n<meta property=\"og:site_name\" content=\"Ceran\" \/>\n<meta property=\"article:modified_time\" content=\"2024-09-30T12:03:03+00:00\" \/>\n<meta name=\"twitter:card\" content=\"summary_large_image\" \/>\n<script type=\"application\/ld+json\" class=\"yoast-schema-graph\">{\"@context\":\"https:\\\/\\\/schema.org\",\"@graph\":[{\"@type\":[\"WebPage\",\"ContactPage\"],\"@id\":\"https:\\\/\\\/www.ceran.com\\\/fr\\\/nous-contacter\\\/\",\"url\":\"https:\\\/\\\/www.ceran.com\\\/fr\\\/nous-contacter\\\/\",\"name\":\"Nous contacter - Ceran\",\"isPartOf\":{\"@id\":\"https:\\\/\\\/www.ceran.com\\\/fr\\\/#website\"},\"datePublished\":\"2022-01-11T16:59:49+00:00\",\"dateModified\":\"2024-09-30T12:03:03+00:00\",\"breadcrumb\":{\"@id\":\"https:\\\/\\\/www.ceran.com\\\/fr\\\/nous-contacter\\\/#breadcrumb\"},\"inLanguage\":\"fr-FR\",\"potentialAction\":[{\"@type\":\"ReadAction\",\"target\":[\"https:\\\/\\\/www.ceran.com\\\/fr\\\/nous-contacter\\\/\"]}]},{\"@type\":\"BreadcrumbList\",\"@id\":\"https:\\\/\\\/www.ceran.com\\\/fr\\\/nous-contacter\\\/#breadcrumb\",\"itemListElement\":[{\"@type\":\"ListItem\",\"position\":1,\"name\":\"Accueil\",\"item\":\"https:\\\/\\\/www.ceran.com\\\/fr\\\/\"},{\"@type\":\"ListItem\",\"position\":2,\"name\":\"Nous contacter\"}]},{\"@type\":\"WebSite\",\"@id\":\"https:\\\/\\\/www.ceran.com\\\/fr\\\/#website\",\"url\":\"https:\\\/\\\/www.ceran.com\\\/fr\\\/\",\"name\":\"Ceran\",\"description\":\"Des formations linguistiques et interculturelles qui vous ouvrent de nouveaux horizons\",\"publisher\":{\"@id\":\"https:\\\/\\\/www.ceran.com\\\/fr\\\/#organization\"},\"potentialAction\":[{\"@type\":\"SearchAction\",\"target\":{\"@type\":\"EntryPoint\",\"urlTemplate\":\"https:\\\/\\\/www.ceran.com\\\/fr\\\/?s={search_term_string}\"},\"query-input\":{\"@type\":\"PropertyValueSpecification\",\"valueRequired\":true,\"valueName\":\"search_term_string\"}}],\"inLanguage\":\"fr-FR\"},{\"@type\":\"Organization\",\"@id\":\"https:\\\/\\\/www.ceran.com\\\/fr\\\/#organization\",\"name\":\"Ceran\",\"url\":\"https:\\\/\\\/www.ceran.com\\\/fr\\\/\",\"logo\":{\"@type\":\"ImageObject\",\"inLanguage\":\"fr-FR\",\"@id\":\"https:\\\/\\\/www.ceran.com\\\/fr\\\/#\\\/schema\\\/logo\\\/image\\\/\",\"url\":\"https:\\\/\\\/www.ceran.com\\\/wp-content\\\/uploads\\\/2025\\\/06\\\/Logo-CERAN-16-x-16-pixels.svg\",\"contentUrl\":\"https:\\\/\\\/www.ceran.com\\\/wp-content\\\/uploads\\\/2025\\\/06\\\/Logo-CERAN-16-x-16-pixels.svg\",\"width\":30,\"height\":30,\"caption\":\"Ceran\"},\"image\":{\"@id\":\"https:\\\/\\\/www.ceran.com\\\/fr\\\/#\\\/schema\\\/logo\\\/image\\\/\"}}]}<\/script>\n<!-- \/ Yoast SEO plugin. -->","yoast_head_json":{"title":"Nous contacter - Ceran","robots":{"index":"index","follow":"follow","max-snippet":"max-snippet:-1","max-image-preview":"max-image-preview:large","max-video-preview":"max-video-preview:-1"},"canonical":"https:\/\/www.ceran.com\/fr\/nous-contacter\/","og_locale":"fr_FR","og_type":"article","og_title":"Nous contacter - Ceran","og_description":"Contactez-nous Les champs marqu\u00e9s par un ast\u00e9risque sont obligatoires. CERAN BELGIQUE Spa Avenue des Petits Sapins, 274900 Spa\ud83d\udc46+32 (0)87 79 11 22\ud83d\udc46customer@ceran.com CERAN FRANCE Paris Centre de formationCh\u00e2teauform&rsquo; Learning Lab40, Passage de l&rsquo;Arche92800 Puteaux (France) Bureaux1, Rue Etienne Dolet93400 Saint-Ouen (France)\ud83d\udc46+33(0)1 46 67 33 22 CERAN ALLEMAGNE \ud83d\udc46+49 2642 9853909\ud83d\udc46germany@ceran.com CERAN SUISSE \ud83d\udc46+41 22 506 [&hellip;]","og_url":"https:\/\/www.ceran.com\/fr\/nous-contacter\/","og_site_name":"Ceran","article_modified_time":"2024-09-30T12:03:03+00:00","twitter_card":"summary_large_image","schema":{"@context":"https:\/\/schema.org","@graph":[{"@type":["WebPage","ContactPage"],"@id":"https:\/\/www.ceran.com\/fr\/nous-contacter\/","url":"https:\/\/www.ceran.com\/fr\/nous-contacter\/","name":"Nous contacter - Ceran","isPartOf":{"@id":"https:\/\/www.ceran.com\/fr\/#website"},"datePublished":"2022-01-11T16:59:49+00:00","dateModified":"2024-09-30T12:03:03+00:00","breadcrumb":{"@id":"https:\/\/www.ceran.com\/fr\/nous-contacter\/#breadcrumb"},"inLanguage":"fr-FR","potentialAction":[{"@type":"ReadAction","target":["https:\/\/www.ceran.com\/fr\/nous-contacter\/"]}]},{"@type":"BreadcrumbList","@id":"https:\/\/www.ceran.com\/fr\/nous-contacter\/#breadcrumb","itemListElement":[{"@type":"ListItem","position":1,"name":"Accueil","item":"https:\/\/www.ceran.com\/fr\/"},{"@type":"ListItem","position":2,"name":"Nous contacter"}]},{"@type":"WebSite","@id":"https:\/\/www.ceran.com\/fr\/#website","url":"https:\/\/www.ceran.com\/fr\/","name":"Ceran","description":"Des formations linguistiques et interculturelles qui vous ouvrent de nouveaux horizons","publisher":{"@id":"https:\/\/www.ceran.com\/fr\/#organization"},"potentialAction":[{"@type":"SearchAction","target":{"@type":"EntryPoint","urlTemplate":"https:\/\/www.ceran.com\/fr\/?s={search_term_string}"},"query-input":{"@type":"PropertyValueSpecification","valueRequired":true,"valueName":"search_term_string"}}],"inLanguage":"fr-FR"},{"@type":"Organization","@id":"https:\/\/www.ceran.com\/fr\/#organization","name":"Ceran","url":"https:\/\/www.ceran.com\/fr\/","logo":{"@type":"ImageObject","inLanguage":"fr-FR","@id":"https:\/\/www.ceran.com\/fr\/#\/schema\/logo\/image\/","url":"https:\/\/www.ceran.com\/wp-content\/uploads\/2025\/06\/Logo-CERAN-16-x-16-pixels.svg","contentUrl":"https:\/\/www.ceran.com\/wp-content\/uploads\/2025\/06\/Logo-CERAN-16-x-16-pixels.svg","width":30,"height":30,"caption":"Ceran"},"image":{"@id":"https:\/\/www.ceran.com\/fr\/#\/schema\/logo\/image\/"}}]}},"_links":{"self":[{"href":"https:\/\/www.ceran.com\/fr\/wp-json\/wp\/v2\/pages\/1063","targetHints":{"allow":["GET"]}}],"collection":[{"href":"https:\/\/www.ceran.com\/fr\/wp-json\/wp\/v2\/pages"}],"about":[{"href":"https:\/\/www.ceran.com\/fr\/wp-json\/wp\/v2\/types\/page"}],"author":[{"embeddable":true,"href":"https:\/\/www.ceran.com\/fr\/wp-json\/wp\/v2\/users\/1"}],"replies":[{"embeddable":true,"href":"https:\/\/www.ceran.com\/fr\/wp-json\/wp\/v2\/comments?post=1063"}],"version-history":[{"count":13,"href":"https:\/\/www.ceran.com\/fr\/wp-json\/wp\/v2\/pages\/1063\/revisions"}],"predecessor-version":[{"id":103944,"href":"https:\/\/www.ceran.com\/fr\/wp-json\/wp\/v2\/pages\/1063\/revisions\/103944"}],"wp:attachment":[{"href":"https:\/\/www.ceran.com\/fr\/wp-json\/wp\/v2\/media?parent=1063"}],"curies":[{"name":"wp","href":"https:\/\/api.w.org\/{rel}","templated":true}]}}