{"id":106850,"date":"2024-11-06T18:07:56","date_gmt":"2024-11-06T17:07:56","guid":{"rendered":"https:\/\/www.ceran.com\/?page_id=106850"},"modified":"2026-02-04T11:15:33","modified_gmt":"2026-02-04T10:15:33","slug":"assistantadminete","status":"publish","type":"page","link":"https:\/\/www.ceran.com\/fr\/assistantadminete\/","title":{"rendered":"Assistant administratif (H\/F\/X)  camp d&rsquo;\u00e9t\u00e9"},"content":{"rendered":"\t\t<div data-elementor-type=\"wp-page\" data-elementor-id=\"106850\" class=\"elementor elementor-106850\" data-elementor-post-type=\"page\">\n\t\t\t\t\t\t<section class=\"elementor-section elementor-top-section elementor-element elementor-element-5aae095 elementor-section-boxed elementor-section-height-default elementor-section-height-default\" data-id=\"5aae095\" data-element_type=\"section\" data-e-type=\"section\">\n\t\t\t\t\t\t<div class=\"elementor-container elementor-column-gap-default\">\n\t\t\t\t\t<div class=\"elementor-column elementor-col-100 elementor-top-column elementor-element elementor-element-0af10cf\" data-id=\"0af10cf\" data-element_type=\"column\" data-e-type=\"column\">\n\t\t\t<div class=\"elementor-widget-wrap elementor-element-populated\">\n\t\t\t\t\t\t<div class=\"elementor-element elementor-element-9d663d9 elementor-widget elementor-widget-ceran-image-text\" data-id=\"9d663d9\" data-element_type=\"widget\" data-e-type=\"widget\" data-widget_type=\"ceran-image-text.default\">\n\t\t\t\t<div class=\"elementor-widget-container\">\n\t\t\t\t\t<div class=\"widget-column flex-row-reverse\"><div class=\"wrapper-img\" style=\"background: url(https:\/\/www.ceran.com\/wp-content\/uploads\/2025\/12\/2-4-e1766497260326-739x1024.jpg) center \/ cover no-repeat\"><\/div><div class=\"wrapper-text\"><div class=\"corner corner-right-top\"><div class=\"corner-content\"><h2 class=\"box-title ax-title\">ASSISTANT ADMINISTRATIF ET RECEPTIONNISTE (H\/F\/X) POUR CAMP D'ETE EN BELGIQUE, PROVINCE DE LIEGE\n<\/h2><div class=\"box-content\"><h4><strong>Dates : 26 juin au 22 ao\u00fbt 2026<\/strong><\/h4><p><strong>Envie de vivre une exp\u00e9rience professionnelle enrichissante cet \u00e9t\u00e9 dans une ambiance internationale et dynamique ?<\/strong><\/p><p>Rejoignez la\u00a0<a href=\"https:\/\/www.ceran.com\/fr\/stages-de-langue\/\">CERAN Academy,<\/a>\u00a0d\u00e9di\u00e9e aux jeunes de 9 \u00e0 17 ans, et travaillez dans un lieu d\u2019exception \u00e0 Ferri\u00e8re ( province de li\u00e8ge, Belgique). Nous offrons plus qu\u2019un simple emploi\u00a0<em>r\u00e9mun\u00e9r\u00e9<\/em>\u00a0: c\u2019est une occasion unique de\u00a0<strong>d\u00e9velopper<\/strong>\u00a0<strong>vos comp\u00e9tences<\/strong>\u00a0dans un cadre stimulant et multiculturel.<\/p><p>L'assistant administratif\/r\u00e9ceptionniste travaille \u00e0 la r\u00e9ception, le centre de communication du camp.\u00a0 Il est la personne de contact pour tous les intervenants : les apprenants, le staff, les visiteurs.<\/p><p><em>Les comp\u00e9tences demand\u00e9es:<\/em><\/p><ul class=\"wp-block-list\"><li>Ma\u00eetriser le fran\u00e7ais et l\u2019anglais parfaitement<\/li><li>Avoir au moins 20 ans en 2026<\/li><li>Ma\u00eetriser Microsoft Office (Excel, Word, Access,\u2026) et Internet<\/li><li>\u00catre disponible au moins 2 semaines pendant l\u2019\u00e9t\u00e9<\/li><li>Avoir une bonne pr\u00e9sentation et une bonne \u00e9loquence au t\u00e9l\u00e9phone<\/li><li>Avoir de bonnes aptitudes pour les relations interpersonnelles (notamment avec les parents inquiets)<\/li><li>\u00catre capable de travailler en \u00e9quipe et \u00eatre polyvalent<\/li><li>Avoir de l\u2019enthousiasme et le sens des responsabilit\u00e9s<\/li><li>\u00catre sensible aux difficult\u00e9s rencontr\u00e9es lors de l\u2019apprentissage d\u2019une langue \u00e9trang\u00e8re<\/li><li>Profil id\u00e9al : \u00e9tudiant dans l\u2019enseignement sup\u00e9rieur en tourisme, secr\u00e9tariat, commerce...<\/li><li><p><strong>Atouts suppl\u00e9mentaires: <\/strong>Connaissance de langues \u00e9trang\u00e8res (espagnol, turc, n\u00e9erlandais, allemand,...), brevet de secourisme, permis de conduire<\/p><\/li><\/ul><\/div><a href=\"https:\/\/ceran1.typeform.com\/to\/mA74Icw8\" class=\"ax-btn btn-arrow\" >Je postule maintenant<\/a><\/div><\/div><\/div><\/div>\t\t\t\t<\/div>\n\t\t\t\t<\/div>\n\t\t\t\t\t<\/div>\n\t\t<\/div>\n\t\t\t\t\t<\/div>\n\t\t<\/section>\n\t\t\t\t<section class=\"elementor-section elementor-top-section elementor-element elementor-element-f254559 elementor-section-boxed elementor-section-height-default elementor-section-height-default\" data-id=\"f254559\" data-element_type=\"section\" data-e-type=\"section\">\n\t\t\t\t\t\t<div class=\"elementor-container elementor-column-gap-default\">\n\t\t\t\t\t<div class=\"elementor-column elementor-col-100 elementor-top-column elementor-element elementor-element-786f5b4\" data-id=\"786f5b4\" data-element_type=\"column\" data-e-type=\"column\">\n\t\t\t<div class=\"elementor-widget-wrap elementor-element-populated\">\n\t\t\t\t\t\t<div class=\"elementor-element elementor-element-21d3199 elementor-invisible elementor-widget elementor-widget-heading\" data-id=\"21d3199\" data-element_type=\"widget\" data-e-type=\"widget\" data-settings=\"{&quot;_animation&quot;:&quot;fadeIn&quot;,&quot;_animation_delay&quot;:100}\" data-widget_type=\"heading.default\">\n\t\t\t\t<div class=\"elementor-widget-container\">\n\t\t\t\t\t<h2 class=\"elementor-heading-title elementor-size-default\">Votre mission et nos engagements<\/h2>\t\t\t\t<\/div>\n\t\t\t\t<\/div>\n\t\t\t\t<div class=\"elementor-element elementor-element-8cd2b29 elementor-widget elementor-widget-text-editor\" data-id=\"8cd2b29\" data-element_type=\"widget\" data-e-type=\"widget\" data-widget_type=\"text-editor.default\">\n\t\t\t\t<div class=\"elementor-widget-container\">\n\t\t\t\t\t\t\t\t\t<p>Les r\u00e9ceptionnistes\/assistants administratifs exercent un r\u00f4le important dans l\u2019organisation quotidienne du centre. Ils\/Elles ont pour mission d\u2019assurer la collecte, la gestion et la transmission de toutes les informations relatives aux stagiaires et aux diff\u00e9rents prestataires. Ils\/Elles apportent \u00e9galement un soutien administratif aux autres d\u00e9partements du centre.\u00a0<\/p><p><strong>Votre mission<\/strong>:<\/p><ul><li>Assurer toutes les t\u00e2ches administratives au quotidien (encodage de donn\u00e9es, cr\u00e9ation et mise \u00e0 jour de tableaux, impression et affichage de documents,\u2026)<\/li><li>R\u00e9pondre au t\u00e9l\u00e9phone de fa\u00e7on professionnelle et prendre les messages si n\u00e9cessaire de fa\u00e7on claire et concise<\/li><li>G\u00e9rer les e-mails<\/li><li>Attribuer les chambres des stagiaires et des membres du personnel en tenant les listes \u00e0 jour au moindre changement<\/li><li>G\u00e9rer et\/ou assurer le suivi des demandes et questions des clients, membres du personnel et visiteurs.<\/li><li>G\u00e9rer les arriv\u00e9es et les d\u00e9parts (listes, accueils clients et parents, \u2026) ainsi que les transferts .<\/li><li>Centraliser et g\u00e9rer l\u2019argent de poche des clients<\/li><li>Confirmer les r\u00e9servations de transports pour les excursions et les visites\/activit\u00e9s\u00a0<\/li><li>Pr\u00e9parer les sacs pour les nouveaux stagiaires<\/li><li>Pr\u00e9parer les dossiers de choix d\u2019activit\u00e9s en fonction du planning\u00a0<\/li><li>Respecter et \u00eatre vigilant quant au respect des lieux, du mat\u00e9riel et des consignes en vigueur<\/li><\/ul><p><strong>Nos engagements<\/strong>:<\/p><ul class=\"wp-block-list\"><li>Une formation\u00a0 CERAN (sur site) avant le d\u00e9but du camp. (OBLIGATOIRE)\u00a0<\/li><li>Un encadrement professionnel<\/li><li>R\u00e9mun\u00e9ration mensuelle brute entre +-1730\u20ac et+- 2340\u20ac ( selon horaire et statut)<\/li><li>Contrat \u00e9tudiant, CDD ou Freelance<\/li><li>Horaire de 30h \u00e0 38h\u00a0 par semaine<\/li><li>1 jour complet de cong\u00e9 par semaine minimum<\/li><li>Possibilit\u00e9 de loger sur place ( participation aux frais : entre +- 85\u20ac et +-125\u20ac selon \u00e9loignement du domicile)<\/li><li>Participation aux frais de d\u00e9placement<\/li><li>Ambiance internationale<\/li><li>Exp\u00e9rience multiculturelle\u00a0<\/li><li>Le slogan du camp \u00a0\u00bb Seriously Fun\u00a0\u00bb est tr\u00e8s bien respect\u00e9.<\/li><li>Exp\u00e9rience formatrice pour\u00a0 futurs assistants administratifs, \u00e9tudiants en gestion, en tourisme, etc.<\/li><li>Un poste avec des vraies responsabilit\u00e9s.<\/li><\/ul>\t\t\t\t\t\t\t\t<\/div>\n\t\t\t\t<\/div>\n\t\t\t\t<div class=\"elementor-element elementor-element-393699d elementor-mobile-align-center elementor-align-center elementor-widget elementor-widget-button\" data-id=\"393699d\" data-element_type=\"widget\" data-e-type=\"widget\" data-widget_type=\"button.default\">\n\t\t\t\t<div class=\"elementor-widget-container\">\n\t\t\t\t\t\t\t\t\t<div class=\"elementor-button-wrapper\">\n\t\t\t\t\t<a class=\"elementor-button elementor-button-link elementor-size-sm\" href=\"https:\/\/ceran1.typeform.com\/to\/Hc4T5JAz\">\n\t\t\t\t\t\t<span class=\"elementor-button-content-wrapper\">\n\t\t\t\t\t\t<span class=\"elementor-button-icon\">\n\t\t\t\t<i aria-hidden=\"true\" class=\"fas fa-arrow-right\"><\/i>\t\t\t<\/span>\n\t\t\t\t\t\t\t\t\t<span class=\"elementor-button-text\">Je postule maintenant<\/span>\n\t\t\t\t\t<\/span>\n\t\t\t\t\t<\/a>\n\t\t\t\t<\/div>\n\t\t\t\t\t\t\t\t<\/div>\n\t\t\t\t<\/div>\n\t\t\t\t\t<\/div>\n\t\t<\/div>\n\t\t\t\t\t<\/div>\n\t\t<\/section>\n\t\t\t\t<section class=\"elementor-section elementor-top-section elementor-element elementor-element-aa012e8 elementor-section-boxed elementor-section-height-default elementor-section-height-default\" data-id=\"aa012e8\" data-element_type=\"section\" data-e-type=\"section\">\n\t\t\t\t\t\t<div class=\"elementor-container elementor-column-gap-default\">\n\t\t\t\t\t<div class=\"elementor-column elementor-col-100 elementor-top-column elementor-element elementor-element-95a7b84\" data-id=\"95a7b84\" data-element_type=\"column\" data-e-type=\"column\">\n\t\t\t<div class=\"elementor-widget-wrap elementor-element-populated\">\n\t\t\t\t\t\t<div class=\"elementor-element elementor-element-9ef0bd4 elementor-widget elementor-widget-ceran-image-text\" data-id=\"9ef0bd4\" data-element_type=\"widget\" data-e-type=\"widget\" data-widget_type=\"ceran-image-text.default\">\n\t\t\t\t<div class=\"elementor-widget-container\">\n\t\t\t\t\t<div class=\"widget-column flex-row\"><div class=\"wrapper-img\" style=\"background: url(https:\/\/www.ceran.com\/wp-content\/uploads\/2025\/12\/1-4.jpg) center \/ cover no-repeat\"><\/div><div class=\"wrapper-text\"><div class=\"corner corner-left-top\"><div class=\"corner-content\"><h2 class=\"box-title ax-title\">A propos du CERAN<\/h2><div class=\"box-content\"><p>CERAN, une soci\u00e9t\u00e9 du groupe Ch\u00e2teauform\u2019, se caract\u00e9rise par une culture internationale et entreprenante. Elle vise principalement le monde des entreprises \u00e0 renomm\u00e9e internationale et propose une gamme de produits de formations linguistiques et interculturelles pour adultes, jeunes adultes et juniors.<\/p><p>L\u2019humain est au c\u0153ur des pr\u00e9occupations du CERAN. Notre organisation poss\u00e8de une vision plurilat\u00e9rale envers ses Talents, Clients et Collaborateurs pour apporter des solutions sur mesure et premium.<\/p><\/div><a href=\"https:\/\/www.ceran.com\/fr\/le-ceran-et-ses-methodes\/lhistoire-du-ceran\/#:~:text=Le%20CERAN%20est%20avant%20tout,sont%20hospitalit%C3%A9%2C%20respect%20et%20bienveillance.\" class=\"ax-btn btn-arrow\" >En savoir plus<\/a><\/div><\/div><\/div><\/div>\t\t\t\t<\/div>\n\t\t\t\t<\/div>\n\t\t\t\t\t<\/div>\n\t\t<\/div>\n\t\t\t\t\t<\/div>\n\t\t<\/section>\n\t\t\t\t<section class=\"elementor-section elementor-top-section elementor-element elementor-element-0f5f2fc elementor-section-boxed elementor-section-height-default elementor-section-height-default\" data-id=\"0f5f2fc\" data-element_type=\"section\" data-e-type=\"section\">\n\t\t\t\t\t\t<div class=\"elementor-container elementor-column-gap-default\">\n\t\t\t\t\t<div class=\"elementor-column elementor-col-100 elementor-top-column elementor-element elementor-element-96a1f29\" data-id=\"96a1f29\" data-element_type=\"column\" data-e-type=\"column\">\n\t\t\t<div class=\"elementor-widget-wrap elementor-element-populated\">\n\t\t\t\t\t\t<div class=\"elementor-element elementor-element-231e53a elementor-widget elementor-widget-text-editor\" data-id=\"231e53a\" data-element_type=\"widget\" data-e-type=\"widget\" data-widget_type=\"text-editor.default\">\n\t\t\t\t<div class=\"elementor-widget-container\">\n\t\t\t\t\t\t\t\t\t<p><em>Dans le cadre de la politique RSE du CERAN, l\u2019inclusion des diff\u00e9rences est une force. Le CERAN est convaincu que diversit\u00e9 rime avec performance, nous portons donc la m\u00eame attention \u00e0 toutes les candidatures !<\/em><\/p><p><strong><em>N\u2019h\u00e9sitez pas \u00e0 nous contacter pour obtenir davantage d\u2019informations <\/em><\/strong><strong><em>: jobs@ceran.com<\/em><\/strong><\/p><p>Christine Laurent\u00a0 TEL\u00a0: +32 87 79 17 03<\/p>\t\t\t\t\t\t\t\t<\/div>\n\t\t\t\t<\/div>\n\t\t\t\t<div class=\"elementor-element elementor-element-00525fa elementor-mobile-align-center elementor-align-center elementor-widget elementor-widget-button\" data-id=\"00525fa\" data-element_type=\"widget\" data-e-type=\"widget\" data-widget_type=\"button.default\">\n\t\t\t\t<div class=\"elementor-widget-container\">\n\t\t\t\t\t\t\t\t\t<div class=\"elementor-button-wrapper\">\n\t\t\t\t\t<a class=\"elementor-button elementor-button-link elementor-size-sm\" href=\"https:\/\/ceran1.typeform.com\/to\/Hc4T5JAz\">\n\t\t\t\t\t\t<span class=\"elementor-button-content-wrapper\">\n\t\t\t\t\t\t<span class=\"elementor-button-icon\">\n\t\t\t\t<i aria-hidden=\"true\" class=\"fas fa-arrow-right\"><\/i>\t\t\t<\/span>\n\t\t\t\t\t\t\t\t\t<span class=\"elementor-button-text\">Je postule maintenant<\/span>\n\t\t\t\t\t<\/span>\n\t\t\t\t\t<\/a>\n\t\t\t\t<\/div>\n\t\t\t\t\t\t\t\t<\/div>\n\t\t\t\t<\/div>\n\t\t\t\t\t<\/div>\n\t\t<\/div>\n\t\t\t\t\t<\/div>\n\t\t<\/section>\n\t\t\t\t<\/div>\n\t\t","protected":false},"excerpt":{"rendered":"<p>ASSISTANT ADMINISTRATIF ET RECEPTIONNISTE (H\/F\/X) POUR CAMP D&rsquo;ETE EN BELGIQUE, PROVINCE DE LIEGE Dates : 26 juin au 22 ao\u00fbt 2026 Envie de vivre une exp\u00e9rience professionnelle enrichissante cet \u00e9t\u00e9 dans une ambiance internationale et dynamique ? Rejoignez la\u00a0CERAN Academy,\u00a0d\u00e9di\u00e9e aux jeunes de 9 \u00e0 17 ans, et travaillez dans un lieu d\u2019exception \u00e0 Ferri\u00e8re [&hellip;]<\/p>\n","protected":false},"author":27,"featured_media":102842,"parent":0,"menu_order":0,"comment_status":"closed","ping_status":"closed","template":"","meta":{"_acf_changed":false,"_seopress_robots_primary_cat":"","_seopress_titles_title":"","_seopress_titles_desc":"","_seopress_robots_index":"","content-type":"","footnotes":""},"class_list":["post-106850","page","type-page","status-publish","has-post-thumbnail","hentry"],"acf":[],"yoast_head":"<!-- This site is optimized with the Yoast SEO plugin v27.4 - https:\/\/yoast.com\/product\/yoast-seo-wordpress\/ -->\n<title>Assistant administratif (H\/F\/X) camp d&#039;\u00e9t\u00e9 - Ceran<\/title>\n<meta name=\"robots\" content=\"index, follow, max-snippet:-1, max-image-preview:large, max-video-preview:-1\" \/>\n<link rel=\"canonical\" href=\"https:\/\/www.ceran.com\/fr\/assistantadminete\/\" \/>\n<meta property=\"og:locale\" content=\"fr_FR\" \/>\n<meta property=\"og:type\" content=\"article\" \/>\n<meta property=\"og:title\" content=\"Assistant administratif (H\/F\/X) camp d&#039;\u00e9t\u00e9 - Ceran\" \/>\n<meta property=\"og:description\" content=\"ASSISTANT ADMINISTRATIF ET RECEPTIONNISTE (H\/F\/X) POUR CAMP D&rsquo;ETE EN BELGIQUE, PROVINCE DE LIEGE Dates : 26 juin au 22 ao\u00fbt 2026 Envie de vivre une exp\u00e9rience professionnelle enrichissante cet \u00e9t\u00e9 dans une ambiance internationale et dynamique ? Rejoignez la\u00a0CERAN Academy,\u00a0d\u00e9di\u00e9e aux jeunes de 9 \u00e0 17 ans, et travaillez dans un lieu d\u2019exception \u00e0 Ferri\u00e8re [&hellip;]\" \/>\n<meta property=\"og:url\" content=\"https:\/\/www.ceran.com\/fr\/assistantadminete\/\" \/>\n<meta property=\"og:site_name\" content=\"Ceran\" \/>\n<meta property=\"article:modified_time\" content=\"2026-02-04T10:15:33+00:00\" \/>\n<meta property=\"og:image\" content=\"https:\/\/www.ceran.com\/wp-content\/uploads\/2024\/08\/Design-sans-titre-19.jpg\" \/>\n\t<meta property=\"og:image:width\" content=\"512\" \/>\n\t<meta property=\"og:image:height\" content=\"512\" \/>\n\t<meta property=\"og:image:type\" content=\"image\/jpeg\" \/>\n<meta name=\"twitter:card\" content=\"summary_large_image\" \/>\n<script type=\"application\/ld+json\" class=\"yoast-schema-graph\">{\"@context\":\"https:\\\/\\\/schema.org\",\"@graph\":[{\"@type\":\"WebPage\",\"@id\":\"https:\\\/\\\/www.ceran.com\\\/fr\\\/assistantadminete\\\/\",\"url\":\"https:\\\/\\\/www.ceran.com\\\/fr\\\/assistantadminete\\\/\",\"name\":\"Assistant administratif (H\\\/F\\\/X) camp d'\u00e9t\u00e9 - Ceran\",\"isPartOf\":{\"@id\":\"https:\\\/\\\/www.ceran.com\\\/fr\\\/#website\"},\"primaryImageOfPage\":{\"@id\":\"https:\\\/\\\/www.ceran.com\\\/fr\\\/assistantadminete\\\/#primaryimage\"},\"image\":{\"@id\":\"https:\\\/\\\/www.ceran.com\\\/fr\\\/assistantadminete\\\/#primaryimage\"},\"thumbnailUrl\":\"https:\\\/\\\/www.ceran.com\\\/wp-content\\\/uploads\\\/2024\\\/08\\\/Design-sans-titre-19.jpg\",\"datePublished\":\"2024-11-06T17:07:56+00:00\",\"dateModified\":\"2026-02-04T10:15:33+00:00\",\"breadcrumb\":{\"@id\":\"https:\\\/\\\/www.ceran.com\\\/fr\\\/assistantadminete\\\/#breadcrumb\"},\"inLanguage\":\"fr-FR\",\"potentialAction\":[{\"@type\":\"ReadAction\",\"target\":[\"https:\\\/\\\/www.ceran.com\\\/fr\\\/assistantadminete\\\/\"]}]},{\"@type\":\"ImageObject\",\"inLanguage\":\"fr-FR\",\"@id\":\"https:\\\/\\\/www.ceran.com\\\/fr\\\/assistantadminete\\\/#primaryimage\",\"url\":\"https:\\\/\\\/www.ceran.com\\\/wp-content\\\/uploads\\\/2024\\\/08\\\/Design-sans-titre-19.jpg\",\"contentUrl\":\"https:\\\/\\\/www.ceran.com\\\/wp-content\\\/uploads\\\/2024\\\/08\\\/Design-sans-titre-19.jpg\",\"width\":512,\"height\":512,\"caption\":\"Interculturel CERAN\"},{\"@type\":\"BreadcrumbList\",\"@id\":\"https:\\\/\\\/www.ceran.com\\\/fr\\\/assistantadminete\\\/#breadcrumb\",\"itemListElement\":[{\"@type\":\"ListItem\",\"position\":1,\"name\":\"Accueil\",\"item\":\"https:\\\/\\\/www.ceran.com\\\/fr\\\/\"},{\"@type\":\"ListItem\",\"position\":2,\"name\":\"Assistant administratif (H\\\/F\\\/X) camp d&rsquo;\u00e9t\u00e9\"}]},{\"@type\":\"WebSite\",\"@id\":\"https:\\\/\\\/www.ceran.com\\\/fr\\\/#website\",\"url\":\"https:\\\/\\\/www.ceran.com\\\/fr\\\/\",\"name\":\"Ceran\",\"description\":\"Des formations linguistiques et interculturelles qui vous ouvrent de nouveaux horizons\",\"publisher\":{\"@id\":\"https:\\\/\\\/www.ceran.com\\\/fr\\\/#organization\"},\"potentialAction\":[{\"@type\":\"SearchAction\",\"target\":{\"@type\":\"EntryPoint\",\"urlTemplate\":\"https:\\\/\\\/www.ceran.com\\\/fr\\\/?s={search_term_string}\"},\"query-input\":{\"@type\":\"PropertyValueSpecification\",\"valueRequired\":true,\"valueName\":\"search_term_string\"}}],\"inLanguage\":\"fr-FR\"},{\"@type\":\"Organization\",\"@id\":\"https:\\\/\\\/www.ceran.com\\\/fr\\\/#organization\",\"name\":\"Ceran\",\"url\":\"https:\\\/\\\/www.ceran.com\\\/fr\\\/\",\"logo\":{\"@type\":\"ImageObject\",\"inLanguage\":\"fr-FR\",\"@id\":\"https:\\\/\\\/www.ceran.com\\\/fr\\\/#\\\/schema\\\/logo\\\/image\\\/\",\"url\":\"https:\\\/\\\/www.ceran.com\\\/wp-content\\\/uploads\\\/2025\\\/06\\\/Logo-CERAN-16-x-16-pixels.svg\",\"contentUrl\":\"https:\\\/\\\/www.ceran.com\\\/wp-content\\\/uploads\\\/2025\\\/06\\\/Logo-CERAN-16-x-16-pixels.svg\",\"width\":30,\"height\":30,\"caption\":\"Ceran\"},\"image\":{\"@id\":\"https:\\\/\\\/www.ceran.com\\\/fr\\\/#\\\/schema\\\/logo\\\/image\\\/\"}}]}<\/script>\n<!-- \/ Yoast SEO plugin. -->","yoast_head_json":{"title":"Assistant administratif (H\/F\/X) camp d'\u00e9t\u00e9 - Ceran","robots":{"index":"index","follow":"follow","max-snippet":"max-snippet:-1","max-image-preview":"max-image-preview:large","max-video-preview":"max-video-preview:-1"},"canonical":"https:\/\/www.ceran.com\/fr\/assistantadminete\/","og_locale":"fr_FR","og_type":"article","og_title":"Assistant administratif (H\/F\/X) camp d'\u00e9t\u00e9 - Ceran","og_description":"ASSISTANT ADMINISTRATIF ET RECEPTIONNISTE (H\/F\/X) POUR CAMP D&rsquo;ETE EN BELGIQUE, PROVINCE DE LIEGE Dates : 26 juin au 22 ao\u00fbt 2026 Envie de vivre une exp\u00e9rience professionnelle enrichissante cet \u00e9t\u00e9 dans une ambiance internationale et dynamique ? Rejoignez la\u00a0CERAN Academy,\u00a0d\u00e9di\u00e9e aux jeunes de 9 \u00e0 17 ans, et travaillez dans un lieu d\u2019exception \u00e0 Ferri\u00e8re [&hellip;]","og_url":"https:\/\/www.ceran.com\/fr\/assistantadminete\/","og_site_name":"Ceran","article_modified_time":"2026-02-04T10:15:33+00:00","og_image":[{"width":512,"height":512,"url":"https:\/\/www.ceran.com\/wp-content\/uploads\/2024\/08\/Design-sans-titre-19.jpg","type":"image\/jpeg"}],"twitter_card":"summary_large_image","schema":{"@context":"https:\/\/schema.org","@graph":[{"@type":"WebPage","@id":"https:\/\/www.ceran.com\/fr\/assistantadminete\/","url":"https:\/\/www.ceran.com\/fr\/assistantadminete\/","name":"Assistant administratif (H\/F\/X) camp d'\u00e9t\u00e9 - Ceran","isPartOf":{"@id":"https:\/\/www.ceran.com\/fr\/#website"},"primaryImageOfPage":{"@id":"https:\/\/www.ceran.com\/fr\/assistantadminete\/#primaryimage"},"image":{"@id":"https:\/\/www.ceran.com\/fr\/assistantadminete\/#primaryimage"},"thumbnailUrl":"https:\/\/www.ceran.com\/wp-content\/uploads\/2024\/08\/Design-sans-titre-19.jpg","datePublished":"2024-11-06T17:07:56+00:00","dateModified":"2026-02-04T10:15:33+00:00","breadcrumb":{"@id":"https:\/\/www.ceran.com\/fr\/assistantadminete\/#breadcrumb"},"inLanguage":"fr-FR","potentialAction":[{"@type":"ReadAction","target":["https:\/\/www.ceran.com\/fr\/assistantadminete\/"]}]},{"@type":"ImageObject","inLanguage":"fr-FR","@id":"https:\/\/www.ceran.com\/fr\/assistantadminete\/#primaryimage","url":"https:\/\/www.ceran.com\/wp-content\/uploads\/2024\/08\/Design-sans-titre-19.jpg","contentUrl":"https:\/\/www.ceran.com\/wp-content\/uploads\/2024\/08\/Design-sans-titre-19.jpg","width":512,"height":512,"caption":"Interculturel CERAN"},{"@type":"BreadcrumbList","@id":"https:\/\/www.ceran.com\/fr\/assistantadminete\/#breadcrumb","itemListElement":[{"@type":"ListItem","position":1,"name":"Accueil","item":"https:\/\/www.ceran.com\/fr\/"},{"@type":"ListItem","position":2,"name":"Assistant administratif (H\/F\/X) camp d&rsquo;\u00e9t\u00e9"}]},{"@type":"WebSite","@id":"https:\/\/www.ceran.com\/fr\/#website","url":"https:\/\/www.ceran.com\/fr\/","name":"Ceran","description":"Des formations linguistiques et interculturelles qui vous ouvrent de nouveaux horizons","publisher":{"@id":"https:\/\/www.ceran.com\/fr\/#organization"},"potentialAction":[{"@type":"SearchAction","target":{"@type":"EntryPoint","urlTemplate":"https:\/\/www.ceran.com\/fr\/?s={search_term_string}"},"query-input":{"@type":"PropertyValueSpecification","valueRequired":true,"valueName":"search_term_string"}}],"inLanguage":"fr-FR"},{"@type":"Organization","@id":"https:\/\/www.ceran.com\/fr\/#organization","name":"Ceran","url":"https:\/\/www.ceran.com\/fr\/","logo":{"@type":"ImageObject","inLanguage":"fr-FR","@id":"https:\/\/www.ceran.com\/fr\/#\/schema\/logo\/image\/","url":"https:\/\/www.ceran.com\/wp-content\/uploads\/2025\/06\/Logo-CERAN-16-x-16-pixels.svg","contentUrl":"https:\/\/www.ceran.com\/wp-content\/uploads\/2025\/06\/Logo-CERAN-16-x-16-pixels.svg","width":30,"height":30,"caption":"Ceran"},"image":{"@id":"https:\/\/www.ceran.com\/fr\/#\/schema\/logo\/image\/"}}]}},"_links":{"self":[{"href":"https:\/\/www.ceran.com\/fr\/wp-json\/wp\/v2\/pages\/106850","targetHints":{"allow":["GET"]}}],"collection":[{"href":"https:\/\/www.ceran.com\/fr\/wp-json\/wp\/v2\/pages"}],"about":[{"href":"https:\/\/www.ceran.com\/fr\/wp-json\/wp\/v2\/types\/page"}],"author":[{"embeddable":true,"href":"https:\/\/www.ceran.com\/fr\/wp-json\/wp\/v2\/users\/27"}],"replies":[{"embeddable":true,"href":"https:\/\/www.ceran.com\/fr\/wp-json\/wp\/v2\/comments?post=106850"}],"version-history":[{"count":27,"href":"https:\/\/www.ceran.com\/fr\/wp-json\/wp\/v2\/pages\/106850\/revisions"}],"predecessor-version":[{"id":112533,"href":"https:\/\/www.ceran.com\/fr\/wp-json\/wp\/v2\/pages\/106850\/revisions\/112533"}],"wp:featuredmedia":[{"embeddable":true,"href":"https:\/\/www.ceran.com\/fr\/wp-json\/wp\/v2\/media\/102842"}],"wp:attachment":[{"href":"https:\/\/www.ceran.com\/fr\/wp-json\/wp\/v2\/media?parent=106850"}],"curies":[{"name":"wp","href":"https:\/\/api.w.org\/{rel}","templated":true}]}}