{"id":107696,"date":"2024-12-04T09:44:42","date_gmt":"2024-12-04T08:44:42","guid":{"rendered":"https:\/\/www.ceran.com\/?page_id=107696"},"modified":"2025-01-14T14:23:07","modified_gmt":"2025-01-14T13:23:07","slug":"ressources","status":"publish","type":"page","link":"https:\/\/www.ceran.com\/fr\/ressources\/","title":{"rendered":"Ressources"},"content":{"rendered":"\t\t<div data-elementor-type=\"wp-page\" data-elementor-id=\"107696\" class=\"elementor elementor-107696\" data-elementor-post-type=\"page\">\n\t\t\t\t\t\t<section class=\"elementor-section elementor-top-section elementor-element elementor-element-f74fd0d elementor-section-boxed elementor-section-height-default elementor-section-height-default\" data-id=\"f74fd0d\" data-element_type=\"section\" data-e-type=\"section\">\n\t\t\t\t\t\t<div class=\"elementor-container elementor-column-gap-default\">\n\t\t\t\t\t<div class=\"elementor-column elementor-col-100 elementor-top-column elementor-element elementor-element-fbabc92\" data-id=\"fbabc92\" data-element_type=\"column\" data-e-type=\"column\">\n\t\t\t<div class=\"elementor-widget-wrap elementor-element-populated\">\n\t\t\t\t\t\t<div class=\"elementor-element elementor-element-f524f4a elementor-widget elementor-widget-heading\" data-id=\"f524f4a\" data-element_type=\"widget\" data-e-type=\"widget\" data-widget_type=\"heading.default\">\n\t\t\t\t<div class=\"elementor-widget-container\">\n\t\t\t\t\t<h2 class=\"elementor-heading-title elementor-size-default\">Brochures<\/h2>\t\t\t\t<\/div>\n\t\t\t\t<\/div>\n\t\t\t\t<div class=\"elementor-element elementor-element-e4a8e37 elementor-widget elementor-widget-text-editor\" data-id=\"e4a8e37\" data-element_type=\"widget\" data-e-type=\"widget\" data-widget_type=\"text-editor.default\">\n\t\t\t\t<div class=\"elementor-widget-container\">\n\t\t\t\t\t\t\t\t\t<p>D\u00e9couvrez nos lieux d\u2019immersion exclusifs, nos programmes de langue reconnus depuis 1975 et l\u2019impact de notre m\u00e9thodologie brevet\u00e9e sur<strong> vos progr\u00e8s rapides et votre confiance<\/strong>. Votre r\u00e9ussite est notre objectif !<\/p>\t\t\t\t\t\t\t\t<\/div>\n\t\t\t\t<\/div>\n\t\t\t\t<section class=\"elementor-section elementor-inner-section elementor-element elementor-element-ae6c485 elementor-section-boxed elementor-section-height-default elementor-section-height-default\" data-id=\"ae6c485\" data-element_type=\"section\" data-e-type=\"section\">\n\t\t\t\t\t\t<div class=\"elementor-container elementor-column-gap-default\">\n\t\t\t\t\t<div class=\"elementor-column elementor-col-25 elementor-inner-column elementor-element elementor-element-729c43b\" data-id=\"729c43b\" data-element_type=\"column\" data-e-type=\"column\">\n\t\t\t<div class=\"elementor-widget-wrap elementor-element-populated\">\n\t\t\t\t\t\t<div class=\"elementor-element elementor-element-d144202 elementor-widget elementor-widget-image\" data-id=\"d144202\" data-element_type=\"widget\" data-e-type=\"widget\" data-widget_type=\"image.default\">\n\t\t\t\t<div class=\"elementor-widget-container\">\n\t\t\t\t\t\t\t\t\t\t\t\t\t\t\t\t<a href=\"https:\/\/info.ceran.com\/fr\/brochure-institute\">\n\t\t\t\t\t\t\t<img decoding=\"async\" src=\"https:\/\/www.ceran.com\/wp-content\/uploads\/elementor\/thumbs\/Frans-leren-met-CERAN-qcnavwpm7lq0oho60oz2fzxi11lybj2w6r0qdze3gg.jpeg\" title=\"Frans leren met CERAN\" alt=\"Frans leren met CERAN\" loading=\"lazy\" \/>\t\t\t\t\t\t\t\t<\/a>\n\t\t\t\t\t\t\t\t\t\t\t\t\t\t\t<\/div>\n\t\t\t\t<\/div>\n\t\t\t\t<div class=\"elementor-element elementor-element-89cbef7 elementor-widget elementor-widget-button\" data-id=\"89cbef7\" data-element_type=\"widget\" data-e-type=\"widget\" data-widget_type=\"button.default\">\n\t\t\t\t<div class=\"elementor-widget-container\">\n\t\t\t\t\t\t\t\t\t<div class=\"elementor-button-wrapper\">\n\t\t\t\t\t<a class=\"elementor-button elementor-button-link elementor-size-sm\" href=\"https:\/\/info.ceran.com\/fr\/brochure-institute\">\n\t\t\t\t\t\t<span class=\"elementor-button-content-wrapper\">\n\t\t\t\t\t\t\t\t\t<span class=\"elementor-button-text\">Adultes<\/span>\n\t\t\t\t\t<\/span>\n\t\t\t\t\t<\/a>\n\t\t\t\t<\/div>\n\t\t\t\t\t\t\t\t<\/div>\n\t\t\t\t<\/div>\n\t\t\t\t\t<\/div>\n\t\t<\/div>\n\t\t\t\t<div class=\"elementor-column elementor-col-25 elementor-inner-column elementor-element elementor-element-5ccf385\" data-id=\"5ccf385\" data-element_type=\"column\" data-e-type=\"column\">\n\t\t\t<div class=\"elementor-widget-wrap elementor-element-populated\">\n\t\t\t\t\t\t<div class=\"elementor-element elementor-element-7adba4b elementor-widget elementor-widget-image\" data-id=\"7adba4b\" data-element_type=\"widget\" data-e-type=\"widget\" data-widget_type=\"image.default\">\n\t\t\t\t<div class=\"elementor-widget-container\">\n\t\t\t\t\t\t\t\t\t\t\t\t\t\t\t\t<a href=\"https:\/\/info.ceran.com\/fr\/brochure-immersion\">\n\t\t\t\t\t\t\t<img decoding=\"async\" src=\"https:\/\/www.ceran.com\/wp-content\/uploads\/elementor\/thumbs\/Week-46-1-1-qq6bt1jueokpuy69okx3qfxto5nue5qacbiu2boh6o.jpg\" title=\"Week-46-1.jpg\" alt=\"Week-46-1.jpg\" loading=\"lazy\" \/>\t\t\t\t\t\t\t\t<\/a>\n\t\t\t\t\t\t\t\t\t\t\t\t\t\t\t<\/div>\n\t\t\t\t<\/div>\n\t\t\t\t<div class=\"elementor-element elementor-element-7f02beb elementor-widget elementor-widget-button\" data-id=\"7f02beb\" data-element_type=\"widget\" data-e-type=\"widget\" data-widget_type=\"button.default\">\n\t\t\t\t<div class=\"elementor-widget-container\">\n\t\t\t\t\t\t\t\t\t<div class=\"elementor-button-wrapper\">\n\t\t\t\t\t<a class=\"elementor-button elementor-button-link elementor-size-sm\" href=\"https:\/\/info.ceran.com\/fr\/brochure-immersion\">\n\t\t\t\t\t\t<span class=\"elementor-button-content-wrapper\">\n\t\t\t\t\t\t\t\t\t<span class=\"elementor-button-text\">Immersion Adultes<\/span>\n\t\t\t\t\t<\/span>\n\t\t\t\t\t<\/a>\n\t\t\t\t<\/div>\n\t\t\t\t\t\t\t\t<\/div>\n\t\t\t\t<\/div>\n\t\t\t\t\t<\/div>\n\t\t<\/div>\n\t\t\t\t<div class=\"elementor-column elementor-col-25 elementor-inner-column elementor-element elementor-element-da833bf\" data-id=\"da833bf\" data-element_type=\"column\" data-e-type=\"column\">\n\t\t\t<div class=\"elementor-widget-wrap elementor-element-populated\">\n\t\t\t\t\t\t<div class=\"elementor-element elementor-element-34c8818 elementor-widget elementor-widget-image\" data-id=\"34c8818\" data-element_type=\"widget\" data-e-type=\"widget\" data-widget_type=\"image.default\">\n\t\t\t\t<div class=\"elementor-widget-container\">\n\t\t\t\t\t\t\t\t\t\t\t\t\t\t\t\t<a href=\"https:\/\/info.ceran.com\/fr\/fr\/brochure-academy-parents\">\n\t\t\t\t\t\t\t<img decoding=\"async\" src=\"https:\/\/www.ceran.com\/wp-content\/uploads\/elementor\/thumbs\/Jeune-adulte-3-1-qf3jfvy2f8fioa5uekgy4oejqn374t73fknhklcvls.webp\" title=\"stage langue Jeune adulte Belgique\" alt=\"stage langue Jeune adulte Belgique\" loading=\"lazy\" \/>\t\t\t\t\t\t\t\t<\/a>\n\t\t\t\t\t\t\t\t\t\t\t\t\t\t\t<\/div>\n\t\t\t\t<\/div>\n\t\t\t\t<div class=\"elementor-element elementor-element-5c707ef elementor-widget elementor-widget-button\" data-id=\"5c707ef\" data-element_type=\"widget\" data-e-type=\"widget\" data-widget_type=\"button.default\">\n\t\t\t\t<div class=\"elementor-widget-container\">\n\t\t\t\t\t\t\t\t\t<div class=\"elementor-button-wrapper\">\n\t\t\t\t\t<a class=\"elementor-button elementor-button-link elementor-size-sm\" href=\"https:\/\/info.ceran.com\/fr\/fr\/brochure-academy-parents\">\n\t\t\t\t\t\t<span class=\"elementor-button-content-wrapper\">\n\t\t\t\t\t\t\t\t\t<span class=\"elementor-button-text\">Juniors de 9 \u00e0 17 ans<\/span>\n\t\t\t\t\t<\/span>\n\t\t\t\t\t<\/a>\n\t\t\t\t<\/div>\n\t\t\t\t\t\t\t\t<\/div>\n\t\t\t\t<\/div>\n\t\t\t\t\t<\/div>\n\t\t<\/div>\n\t\t\t\t<div class=\"elementor-column elementor-col-25 elementor-inner-column elementor-element elementor-element-3a05fee\" data-id=\"3a05fee\" data-element_type=\"column\" data-e-type=\"column\">\n\t\t\t<div class=\"elementor-widget-wrap elementor-element-populated\">\n\t\t\t\t\t\t<div class=\"elementor-element elementor-element-27abc14 elementor-widget elementor-widget-image\" data-id=\"27abc14\" data-element_type=\"widget\" data-e-type=\"widget\" data-widget_type=\"image.default\">\n\t\t\t\t<div class=\"elementor-widget-container\">\n\t\t\t\t\t\t\t\t\t\t\t\t\t\t\t\t<a href=\"https:\/\/info.ceran.com\/fr\/fr\/brochure-academy-jeunes\">\n\t\t\t\t\t\t\t<img decoding=\"async\" src=\"https:\/\/www.ceran.com\/wp-content\/uploads\/elementor\/thumbs\/Cours-langue-enfant-1-1-qf2fpqi7zuny2b06clcb3zqq27t7wrzpbohdh35udc.jpg\" title=\"Cours langue enfant (1)\" alt=\"Cours langue enfant (1)\" loading=\"lazy\" \/>\t\t\t\t\t\t\t\t<\/a>\n\t\t\t\t\t\t\t\t\t\t\t\t\t\t\t<\/div>\n\t\t\t\t<\/div>\n\t\t\t\t<div class=\"elementor-element elementor-element-694680e elementor-widget elementor-widget-button\" data-id=\"694680e\" data-element_type=\"widget\" data-e-type=\"widget\" data-widget_type=\"button.default\">\n\t\t\t\t<div class=\"elementor-widget-container\">\n\t\t\t\t\t\t\t\t\t<div class=\"elementor-button-wrapper\">\n\t\t\t\t\t<a class=\"elementor-button elementor-button-link elementor-size-sm\" href=\"https:\/\/info.ceran.com\/fr\/fr\/brochure-academy-jeunes\">\n\t\t\t\t\t\t<span class=\"elementor-button-content-wrapper\">\n\t\t\t\t\t\t\t\t\t<span class=\"elementor-button-text\">Jeunes adultes de 18 \u00e0 25 ans<\/span>\n\t\t\t\t\t<\/span>\n\t\t\t\t\t<\/a>\n\t\t\t\t<\/div>\n\t\t\t\t\t\t\t\t<\/div>\n\t\t\t\t<\/div>\n\t\t\t\t\t<\/div>\n\t\t<\/div>\n\t\t\t\t\t<\/div>\n\t\t<\/section>\n\t\t\t\t\t<\/div>\n\t\t<\/div>\n\t\t\t\t\t<\/div>\n\t\t<\/section>\n\t\t\t\t<section class=\"elementor-section elementor-top-section elementor-element elementor-element-91d422a elementor-section-boxed elementor-section-height-default elementor-section-height-default\" data-id=\"91d422a\" data-element_type=\"section\" data-e-type=\"section\">\n\t\t\t\t\t\t<div class=\"elementor-container elementor-column-gap-default\">\n\t\t\t\t\t<div class=\"elementor-column elementor-col-100 elementor-top-column elementor-element elementor-element-a8e20c8\" data-id=\"a8e20c8\" data-element_type=\"column\" data-e-type=\"column\">\n\t\t\t<div class=\"elementor-widget-wrap elementor-element-populated\">\n\t\t\t\t\t\t<div class=\"elementor-element elementor-element-2f64f82 elementor-widget elementor-widget-heading\" data-id=\"2f64f82\" data-element_type=\"widget\" data-e-type=\"widget\" data-widget_type=\"heading.default\">\n\t\t\t\t<div class=\"elementor-widget-container\">\n\t\t\t\t\t<h2 class=\"elementor-heading-title elementor-size-default\">Livres blancs<\/h2>\t\t\t\t<\/div>\n\t\t\t\t<\/div>\n\t\t\t\t<section class=\"elementor-section elementor-inner-section elementor-element elementor-element-a95e463 elementor-section-boxed elementor-section-height-default elementor-section-height-default\" data-id=\"a95e463\" data-element_type=\"section\" data-e-type=\"section\">\n\t\t\t\t\t\t<div class=\"elementor-container elementor-column-gap-default\">\n\t\t\t\t\t<div class=\"elementor-column elementor-col-33 elementor-inner-column elementor-element elementor-element-098d827\" data-id=\"098d827\" data-element_type=\"column\" data-e-type=\"column\">\n\t\t\t<div class=\"elementor-widget-wrap elementor-element-populated\">\n\t\t\t\t\t\t<div class=\"elementor-element elementor-element-fe8b14b elementor-widget elementor-widget-image\" data-id=\"fe8b14b\" data-element_type=\"widget\" data-e-type=\"widget\" data-widget_type=\"image.default\">\n\t\t\t\t<div class=\"elementor-widget-container\">\n\t\t\t\t\t\t\t\t\t\t\t\t\t\t\t\t<a href=\"https:\/\/info.ceran.com\/fr\/livre-blanc\">\n\t\t\t\t\t\t\t<img fetchpriority=\"high\" decoding=\"async\" width=\"640\" height=\"640\" src=\"https:\/\/www.ceran.com\/wp-content\/uploads\/2024\/08\/mockup-3d-livre-blanc-1024x1024.webp\" class=\"attachment-large size-large wp-image-103233\" alt=\"R\u00e9ussir l\u2019internationalisation de sa formation : Les cl\u00e9s du succ\u00e8s\" srcset=\"https:\/\/www.ceran.com\/wp-content\/uploads\/2024\/08\/mockup-3d-livre-blanc-1024x1024.webp 1024w, https:\/\/www.ceran.com\/wp-content\/uploads\/2024\/08\/mockup-3d-livre-blanc-300x300.webp 300w, https:\/\/www.ceran.com\/wp-content\/uploads\/2024\/08\/mockup-3d-livre-blanc-150x150.webp 150w, https:\/\/www.ceran.com\/wp-content\/uploads\/2024\/08\/mockup-3d-livre-blanc-768x768.webp 768w, https:\/\/www.ceran.com\/wp-content\/uploads\/2024\/08\/mockup-3d-livre-blanc.webp 1080w\" sizes=\"(max-width: 640px) 100vw, 640px\" \/>\t\t\t\t\t\t\t\t<\/a>\n\t\t\t\t\t\t\t\t\t\t\t\t\t\t\t<\/div>\n\t\t\t\t<\/div>\n\t\t\t\t\t<\/div>\n\t\t<\/div>\n\t\t\t\t<div class=\"elementor-column elementor-col-33 elementor-inner-column elementor-element elementor-element-ff5d8a1\" data-id=\"ff5d8a1\" data-element_type=\"column\" data-e-type=\"column\">\n\t\t\t<div class=\"elementor-widget-wrap\">\n\t\t\t\t\t\t\t<\/div>\n\t\t<\/div>\n\t\t\t\t<div class=\"elementor-column elementor-col-33 elementor-inner-column elementor-element elementor-element-4a172b7\" data-id=\"4a172b7\" data-element_type=\"column\" data-e-type=\"column\">\n\t\t\t<div class=\"elementor-widget-wrap\">\n\t\t\t\t\t\t\t<\/div>\n\t\t<\/div>\n\t\t\t\t\t<\/div>\n\t\t<\/section>\n\t\t\t\t\t<\/div>\n\t\t<\/div>\n\t\t\t\t\t<\/div>\n\t\t<\/section>\n\t\t\t\t<\/div>\n\t\t","protected":false},"excerpt":{"rendered":"<p>Brochures D\u00e9couvrez nos lieux d\u2019immersion exclusifs, nos programmes de langue reconnus depuis 1975 et l\u2019impact de notre m\u00e9thodologie brevet\u00e9e sur vos progr\u00e8s rapides et votre confiance. Votre r\u00e9ussite est notre objectif ! Adultes Immersion Adultes Juniors de 9 \u00e0 17 ans Jeunes adultes de 18 \u00e0 25 ans Livres blancs<\/p>\n","protected":false},"author":16,"featured_media":0,"parent":0,"menu_order":0,"comment_status":"closed","ping_status":"closed","template":"","meta":{"_acf_changed":false,"_seopress_robots_primary_cat":"","_seopress_titles_title":"","_seopress_titles_desc":"","_seopress_robots_index":"","content-type":"","footnotes":""},"class_list":["post-107696","page","type-page","status-publish","hentry"],"acf":[],"yoast_head":"<!-- This site is optimized with the Yoast SEO plugin v27.5 - https:\/\/yoast.com\/product\/yoast-seo-wordpress\/ -->\n<title>Ressources - Ceran<\/title>\n<meta name=\"description\" content=\"Vous trouvrez ici toutes les ressources utiles pour d\u00e9velopper vos comp\u00e9tences linguistiques et culturelles.\" \/>\n<meta name=\"robots\" content=\"index, follow, max-snippet:-1, max-image-preview:large, max-video-preview:-1\" \/>\n<link rel=\"canonical\" href=\"https:\/\/www.ceran.com\/fr\/ressources\/\" \/>\n<meta property=\"og:locale\" content=\"fr_FR\" \/>\n<meta property=\"og:type\" content=\"article\" \/>\n<meta property=\"og:title\" content=\"Ressources - Ceran\" \/>\n<meta property=\"og:description\" content=\"Vous trouvrez ici toutes les ressources utiles pour d\u00e9velopper vos comp\u00e9tences linguistiques et culturelles.\" \/>\n<meta property=\"og:url\" content=\"https:\/\/www.ceran.com\/fr\/ressources\/\" \/>\n<meta property=\"og:site_name\" content=\"Ceran\" \/>\n<meta property=\"article:modified_time\" content=\"2025-01-14T13:23:07+00:00\" \/>\n<meta property=\"og:image\" content=\"https:\/\/www.ceran.com\/wp-content\/uploads\/elementor\/thumbs\/Frans-leren-met-CERAN-qcnavwpm7lq0oho60oz2fzxi11lybj2w6r0qdze3gg.jpeg\" \/>\n<meta name=\"twitter:card\" content=\"summary_large_image\" \/>\n<script type=\"application\/ld+json\" class=\"yoast-schema-graph\">{\"@context\":\"https:\\\/\\\/schema.org\",\"@graph\":[{\"@type\":\"WebPage\",\"@id\":\"https:\\\/\\\/www.ceran.com\\\/fr\\\/ressources\\\/\",\"url\":\"https:\\\/\\\/www.ceran.com\\\/fr\\\/ressources\\\/\",\"name\":\"Ressources - Ceran\",\"isPartOf\":{\"@id\":\"https:\\\/\\\/www.ceran.com\\\/fr\\\/#website\"},\"primaryImageOfPage\":{\"@id\":\"https:\\\/\\\/www.ceran.com\\\/fr\\\/ressources\\\/#primaryimage\"},\"image\":{\"@id\":\"https:\\\/\\\/www.ceran.com\\\/fr\\\/ressources\\\/#primaryimage\"},\"thumbnailUrl\":\"https:\\\/\\\/www.ceran.com\\\/wp-content\\\/uploads\\\/elementor\\\/thumbs\\\/Frans-leren-met-CERAN-qcnavwpm7lq0oho60oz2fzxi11lybj2w6r0qdze3gg.jpeg\",\"datePublished\":\"2024-12-04T08:44:42+00:00\",\"dateModified\":\"2025-01-14T13:23:07+00:00\",\"description\":\"Vous trouvrez ici toutes les ressources utiles pour d\u00e9velopper vos comp\u00e9tences linguistiques et culturelles.\",\"breadcrumb\":{\"@id\":\"https:\\\/\\\/www.ceran.com\\\/fr\\\/ressources\\\/#breadcrumb\"},\"inLanguage\":\"fr-FR\",\"potentialAction\":[{\"@type\":\"ReadAction\",\"target\":[\"https:\\\/\\\/www.ceran.com\\\/fr\\\/ressources\\\/\"]}]},{\"@type\":\"ImageObject\",\"inLanguage\":\"fr-FR\",\"@id\":\"https:\\\/\\\/www.ceran.com\\\/fr\\\/ressources\\\/#primaryimage\",\"url\":\"https:\\\/\\\/www.ceran.com\\\/wp-content\\\/uploads\\\/elementor\\\/thumbs\\\/Frans-leren-met-CERAN-qcnavwpm7lq0oho60oz2fzxi11lybj2w6r0qdze3gg.jpeg\",\"contentUrl\":\"https:\\\/\\\/www.ceran.com\\\/wp-content\\\/uploads\\\/elementor\\\/thumbs\\\/Frans-leren-met-CERAN-qcnavwpm7lq0oho60oz2fzxi11lybj2w6r0qdze3gg.jpeg\"},{\"@type\":\"BreadcrumbList\",\"@id\":\"https:\\\/\\\/www.ceran.com\\\/fr\\\/ressources\\\/#breadcrumb\",\"itemListElement\":[{\"@type\":\"ListItem\",\"position\":1,\"name\":\"Accueil\",\"item\":\"https:\\\/\\\/www.ceran.com\\\/fr\\\/\"},{\"@type\":\"ListItem\",\"position\":2,\"name\":\"Ressources\"}]},{\"@type\":\"WebSite\",\"@id\":\"https:\\\/\\\/www.ceran.com\\\/fr\\\/#website\",\"url\":\"https:\\\/\\\/www.ceran.com\\\/fr\\\/\",\"name\":\"Ceran\",\"description\":\"Des formations linguistiques et interculturelles qui vous ouvrent de nouveaux horizons\",\"publisher\":{\"@id\":\"https:\\\/\\\/www.ceran.com\\\/fr\\\/#organization\"},\"potentialAction\":[{\"@type\":\"SearchAction\",\"target\":{\"@type\":\"EntryPoint\",\"urlTemplate\":\"https:\\\/\\\/www.ceran.com\\\/fr\\\/?s={search_term_string}\"},\"query-input\":{\"@type\":\"PropertyValueSpecification\",\"valueRequired\":true,\"valueName\":\"search_term_string\"}}],\"inLanguage\":\"fr-FR\"},{\"@type\":\"Organization\",\"@id\":\"https:\\\/\\\/www.ceran.com\\\/fr\\\/#organization\",\"name\":\"Ceran\",\"url\":\"https:\\\/\\\/www.ceran.com\\\/fr\\\/\",\"logo\":{\"@type\":\"ImageObject\",\"inLanguage\":\"fr-FR\",\"@id\":\"https:\\\/\\\/www.ceran.com\\\/fr\\\/#\\\/schema\\\/logo\\\/image\\\/\",\"url\":\"https:\\\/\\\/www.ceran.com\\\/wp-content\\\/uploads\\\/2025\\\/06\\\/Logo-CERAN-16-x-16-pixels.svg\",\"contentUrl\":\"https:\\\/\\\/www.ceran.com\\\/wp-content\\\/uploads\\\/2025\\\/06\\\/Logo-CERAN-16-x-16-pixels.svg\",\"width\":30,\"height\":30,\"caption\":\"Ceran\"},\"image\":{\"@id\":\"https:\\\/\\\/www.ceran.com\\\/fr\\\/#\\\/schema\\\/logo\\\/image\\\/\"}}]}<\/script>\n<!-- \/ Yoast SEO plugin. -->","yoast_head_json":{"title":"Ressources - Ceran","description":"Vous trouvrez ici toutes les ressources utiles pour d\u00e9velopper vos comp\u00e9tences linguistiques et culturelles.","robots":{"index":"index","follow":"follow","max-snippet":"max-snippet:-1","max-image-preview":"max-image-preview:large","max-video-preview":"max-video-preview:-1"},"canonical":"https:\/\/www.ceran.com\/fr\/ressources\/","og_locale":"fr_FR","og_type":"article","og_title":"Ressources - Ceran","og_description":"Vous trouvrez ici toutes les ressources utiles pour d\u00e9velopper vos comp\u00e9tences linguistiques et culturelles.","og_url":"https:\/\/www.ceran.com\/fr\/ressources\/","og_site_name":"Ceran","article_modified_time":"2025-01-14T13:23:07+00:00","og_image":[{"url":"https:\/\/www.ceran.com\/wp-content\/uploads\/elementor\/thumbs\/Frans-leren-met-CERAN-qcnavwpm7lq0oho60oz2fzxi11lybj2w6r0qdze3gg.jpeg","type":"","width":"","height":""}],"twitter_card":"summary_large_image","schema":{"@context":"https:\/\/schema.org","@graph":[{"@type":"WebPage","@id":"https:\/\/www.ceran.com\/fr\/ressources\/","url":"https:\/\/www.ceran.com\/fr\/ressources\/","name":"Ressources - Ceran","isPartOf":{"@id":"https:\/\/www.ceran.com\/fr\/#website"},"primaryImageOfPage":{"@id":"https:\/\/www.ceran.com\/fr\/ressources\/#primaryimage"},"image":{"@id":"https:\/\/www.ceran.com\/fr\/ressources\/#primaryimage"},"thumbnailUrl":"https:\/\/www.ceran.com\/wp-content\/uploads\/elementor\/thumbs\/Frans-leren-met-CERAN-qcnavwpm7lq0oho60oz2fzxi11lybj2w6r0qdze3gg.jpeg","datePublished":"2024-12-04T08:44:42+00:00","dateModified":"2025-01-14T13:23:07+00:00","description":"Vous trouvrez ici toutes les ressources utiles pour d\u00e9velopper vos comp\u00e9tences linguistiques et culturelles.","breadcrumb":{"@id":"https:\/\/www.ceran.com\/fr\/ressources\/#breadcrumb"},"inLanguage":"fr-FR","potentialAction":[{"@type":"ReadAction","target":["https:\/\/www.ceran.com\/fr\/ressources\/"]}]},{"@type":"ImageObject","inLanguage":"fr-FR","@id":"https:\/\/www.ceran.com\/fr\/ressources\/#primaryimage","url":"https:\/\/www.ceran.com\/wp-content\/uploads\/elementor\/thumbs\/Frans-leren-met-CERAN-qcnavwpm7lq0oho60oz2fzxi11lybj2w6r0qdze3gg.jpeg","contentUrl":"https:\/\/www.ceran.com\/wp-content\/uploads\/elementor\/thumbs\/Frans-leren-met-CERAN-qcnavwpm7lq0oho60oz2fzxi11lybj2w6r0qdze3gg.jpeg"},{"@type":"BreadcrumbList","@id":"https:\/\/www.ceran.com\/fr\/ressources\/#breadcrumb","itemListElement":[{"@type":"ListItem","position":1,"name":"Accueil","item":"https:\/\/www.ceran.com\/fr\/"},{"@type":"ListItem","position":2,"name":"Ressources"}]},{"@type":"WebSite","@id":"https:\/\/www.ceran.com\/fr\/#website","url":"https:\/\/www.ceran.com\/fr\/","name":"Ceran","description":"Des formations linguistiques et interculturelles qui vous ouvrent de nouveaux horizons","publisher":{"@id":"https:\/\/www.ceran.com\/fr\/#organization"},"potentialAction":[{"@type":"SearchAction","target":{"@type":"EntryPoint","urlTemplate":"https:\/\/www.ceran.com\/fr\/?s={search_term_string}"},"query-input":{"@type":"PropertyValueSpecification","valueRequired":true,"valueName":"search_term_string"}}],"inLanguage":"fr-FR"},{"@type":"Organization","@id":"https:\/\/www.ceran.com\/fr\/#organization","name":"Ceran","url":"https:\/\/www.ceran.com\/fr\/","logo":{"@type":"ImageObject","inLanguage":"fr-FR","@id":"https:\/\/www.ceran.com\/fr\/#\/schema\/logo\/image\/","url":"https:\/\/www.ceran.com\/wp-content\/uploads\/2025\/06\/Logo-CERAN-16-x-16-pixels.svg","contentUrl":"https:\/\/www.ceran.com\/wp-content\/uploads\/2025\/06\/Logo-CERAN-16-x-16-pixels.svg","width":30,"height":30,"caption":"Ceran"},"image":{"@id":"https:\/\/www.ceran.com\/fr\/#\/schema\/logo\/image\/"}}]}},"_links":{"self":[{"href":"https:\/\/www.ceran.com\/fr\/wp-json\/wp\/v2\/pages\/107696","targetHints":{"allow":["GET"]}}],"collection":[{"href":"https:\/\/www.ceran.com\/fr\/wp-json\/wp\/v2\/pages"}],"about":[{"href":"https:\/\/www.ceran.com\/fr\/wp-json\/wp\/v2\/types\/page"}],"author":[{"embeddable":true,"href":"https:\/\/www.ceran.com\/fr\/wp-json\/wp\/v2\/users\/16"}],"replies":[{"embeddable":true,"href":"https:\/\/www.ceran.com\/fr\/wp-json\/wp\/v2\/comments?post=107696"}],"version-history":[{"count":13,"href":"https:\/\/www.ceran.com\/fr\/wp-json\/wp\/v2\/pages\/107696\/revisions"}],"predecessor-version":[{"id":108068,"href":"https:\/\/www.ceran.com\/fr\/wp-json\/wp\/v2\/pages\/107696\/revisions\/108068"}],"wp:attachment":[{"href":"https:\/\/www.ceran.com\/fr\/wp-json\/wp\/v2\/media?parent=107696"}],"curies":[{"name":"wp","href":"https:\/\/api.w.org\/{rel}","templated":true}]}}