{"id":108701,"date":"2025-02-18T13:37:43","date_gmt":"2025-02-18T12:37:43","guid":{"rendered":"https:\/\/www.ceran.com\/?page_id=108701"},"modified":"2025-09-22T10:38:37","modified_gmt":"2025-09-22T08:38:37","slug":"formateurneerlandais","status":"publish","type":"page","link":"https:\/\/www.ceran.com\/fr\/formateurneerlandais\/","title":{"rendered":"Recrutement Formateurs N\u00e9erlandais \u00e0 distance"},"content":{"rendered":"\t\t<div data-elementor-type=\"wp-page\" data-elementor-id=\"108701\" class=\"elementor elementor-108701\" data-elementor-post-type=\"page\">\n\t\t\t\t\t\t<section class=\"elementor-section elementor-top-section elementor-element elementor-element-5aae095 elementor-section-boxed elementor-section-height-default elementor-section-height-default\" data-id=\"5aae095\" data-element_type=\"section\" data-e-type=\"section\">\n\t\t\t\t\t\t<div class=\"elementor-container elementor-column-gap-default\">\n\t\t\t\t\t<div class=\"elementor-column elementor-col-100 elementor-top-column elementor-element elementor-element-0af10cf\" data-id=\"0af10cf\" data-element_type=\"column\" data-e-type=\"column\">\n\t\t\t<div class=\"elementor-widget-wrap elementor-element-populated\">\n\t\t\t\t\t\t<div class=\"elementor-element elementor-element-9d663d9 elementor-widget elementor-widget-ceran-image-text\" data-id=\"9d663d9\" data-element_type=\"widget\" data-e-type=\"widget\" data-widget_type=\"ceran-image-text.default\">\n\t\t\t\t<div class=\"elementor-widget-container\">\n\t\t\t\t\t<div class=\"widget-column flex-row-reverse\"><div class=\"wrapper-img\" style=\"background: url(https:\/\/www.ceran.com\/wp-content\/uploads\/2024\/08\/ellyot-588064-unsplash-1024x683.jpg) center \/ cover no-repeat\"><\/div><div class=\"wrapper-text\"><div class=\"corner corner-right-top\"><div class=\"corner-content\"><h2 class=\"box-title ax-title\">Formateur Freelance en N\u00e9erlandais en distanciel et pr\u00e9sentiel \u00e0 Bruxelles, Anvers et Spa (H\/F\/X)\n<\/h2><div class=\"box-content\"><ul class=\"wp-block-list\"><li>Vous ma\u00eetrisez parfaitement le n\u00e9erlandais ( langue maternelle ou C2)<\/li><li>Vous pouvez transmettre des contenus avec aisance et confiance.<\/li><li>Vous vous adaptez rapidement \u00e0 des profils et niveaux diff\u00e9rents et ajustez votre m\u00e9thode d\u2019apprentissage selon les besoins des apprenants.<\/li><li>Vous serez en mesure de vous adapter aux formalit\u00e9s administratives requises.<\/li><li>Vous \u00eates pr\u00eat \u00e0 venir en nos locaux\u00a0 proches de la gare centrale ( 3 minutes \u00e0 pied).<\/li><li>Vous pourrez d\u00e9dier une vingtaine heures par semaine au CERAN.<\/li><li>Vous \u00eates dynamique, enthousiaste et motiv\u00e9.e.<\/li><li>Information sur notre m\u00e9thode :<p style=\"margin: 0in; font-family: Calibri; font-size: 11.0pt;\"><a href=\"https:\/\/www.ceran.com\/en\/ceran-and-its-methods\/\">CERAN and its methods - Ceran<\/a><\/p><\/li><\/ul><\/div><a href=\"https:\/\/ceran1.typeform.com\/to\/nwX4dVMI?typeform-source=www.ceran.com\" class=\"ax-btn btn-arrow\" >Je postule maintenant<\/a><\/div><\/div><\/div><\/div>\t\t\t\t<\/div>\n\t\t\t\t<\/div>\n\t\t\t\t\t<\/div>\n\t\t<\/div>\n\t\t\t\t\t<\/div>\n\t\t<\/section>\n\t\t\t\t<section class=\"elementor-section elementor-top-section elementor-element elementor-element-f254559 elementor-section-boxed elementor-section-height-default elementor-section-height-default\" data-id=\"f254559\" data-element_type=\"section\" data-e-type=\"section\">\n\t\t\t\t\t\t<div class=\"elementor-container elementor-column-gap-default\">\n\t\t\t\t\t<div class=\"elementor-column elementor-col-100 elementor-top-column elementor-element elementor-element-786f5b4\" data-id=\"786f5b4\" data-element_type=\"column\" data-e-type=\"column\">\n\t\t\t<div class=\"elementor-widget-wrap elementor-element-populated\">\n\t\t\t\t\t\t<div class=\"elementor-element elementor-element-21d3199 elementor-invisible elementor-widget elementor-widget-heading\" data-id=\"21d3199\" data-element_type=\"widget\" data-e-type=\"widget\" data-settings=\"{&quot;_animation&quot;:&quot;fadeIn&quot;,&quot;_animation_delay&quot;:100}\" data-widget_type=\"heading.default\">\n\t\t\t\t<div class=\"elementor-widget-container\">\n\t\t\t\t\t<h2 class=\"elementor-heading-title elementor-size-default\">Votre mission et nos engagements<\/h2>\t\t\t\t<\/div>\n\t\t\t\t<\/div>\n\t\t\t\t<div class=\"elementor-element elementor-element-8cd2b29 elementor-widget elementor-widget-text-editor\" data-id=\"8cd2b29\" data-element_type=\"widget\" data-e-type=\"widget\" data-widget_type=\"text-editor.default\">\n\t\t\t\t<div class=\"elementor-widget-container\">\n\t\t\t\t\t\t\t\t\t<p><strong>Votre mission<\/strong> :<\/p><p>\u2714\ufe0f Enseigner le n\u00e9erlandais pour les femmes\/hommes d\u2019affaires dans le cadre d\u2019un concept p\u00e9dagogique ax\u00e9 sur la communication orale.<\/p><p>\u2714\ufe0f Mettre en place des cours de langue selon les besoins de l\u2019apprenant\/e : g\u00e9n\u00e9raux et ateliers de comp\u00e9tences.<\/p><p>\u2714\ufe0fUtiliser la m\u00e9thode CERAN. Une formation initiale est pr\u00e9vue.(<a href=\"https:\/\/www.ceran.com\/en\/ceran-and-its-methods\/\">CERAN and its methods <\/a>)<\/p><p>\u2714\ufe0f Transmettre les aspects pertinents de la culture li\u00e9e \u00e0 la langue cible.<\/p><p>\u2714\ufe0f Evaluer le niveau du participant en d\u00e9but et fin de parcours.<\/p><p><strong>Nos engagements<\/strong> :<\/p><p>\u2714\ufe0f Convention de prestation de services et vous permettre de rester ind\u00e9pendant\/e.<\/p><p>\u2714\ufe0f Formation initiale compl\u00e8te \u00e0 la m\u00e9thode CERAN.<\/p><p>\u2714\ufe0f Calendrier de formations compl\u00e9mentaires disponible tout au long de l\u2019ann\u00e9e.<\/p><p>\u2714\ufe0f Encadrement, soutien et coaching par le Linguistic Manager .<\/p><p>\u2714\ufe0f Support\u00a0 personnalis\u00e9 des \u00e9quipes p\u00e9dagogiques et op\u00e9rationnelles.<\/p><p>\u2714\ufe0f Moments d\u2019\u00e9changes et conviviaux tout au long de l\u2019ann\u00e9e.<\/p><p>\u2714\ufe0fEquipe multiculturelle et pluridisciplinaire<\/p><p>\u2714\ufe0fAmbiance bienveillante, respectueuse et innovante.<\/p>\t\t\t\t\t\t\t\t<\/div>\n\t\t\t\t<\/div>\n\t\t\t\t<div class=\"elementor-element elementor-element-393699d elementor-mobile-align-center elementor-align-center elementor-widget elementor-widget-button\" data-id=\"393699d\" data-element_type=\"widget\" data-e-type=\"widget\" data-widget_type=\"button.default\">\n\t\t\t\t<div class=\"elementor-widget-container\">\n\t\t\t\t\t\t\t\t\t<div class=\"elementor-button-wrapper\">\n\t\t\t\t\t<a class=\"elementor-button elementor-button-link elementor-size-sm\" href=\"https:\/\/ceran1.typeform.com\/to\/nwX4dVMI?typeform-source=www.ceran.com\">\n\t\t\t\t\t\t<span class=\"elementor-button-content-wrapper\">\n\t\t\t\t\t\t<span class=\"elementor-button-icon\">\n\t\t\t\t<i aria-hidden=\"true\" class=\"fas fa-arrow-right\"><\/i>\t\t\t<\/span>\n\t\t\t\t\t\t\t\t\t<span class=\"elementor-button-text\">Je postule maintenant<\/span>\n\t\t\t\t\t<\/span>\n\t\t\t\t\t<\/a>\n\t\t\t\t<\/div>\n\t\t\t\t\t\t\t\t<\/div>\n\t\t\t\t<\/div>\n\t\t\t\t\t<\/div>\n\t\t<\/div>\n\t\t\t\t\t<\/div>\n\t\t<\/section>\n\t\t\t\t<section class=\"elementor-section elementor-top-section elementor-element elementor-element-aa012e8 elementor-section-boxed elementor-section-height-default elementor-section-height-default\" data-id=\"aa012e8\" data-element_type=\"section\" data-e-type=\"section\">\n\t\t\t\t\t\t<div class=\"elementor-container elementor-column-gap-default\">\n\t\t\t\t\t<div class=\"elementor-column elementor-col-100 elementor-top-column elementor-element elementor-element-95a7b84\" data-id=\"95a7b84\" data-element_type=\"column\" data-e-type=\"column\">\n\t\t\t<div class=\"elementor-widget-wrap elementor-element-populated\">\n\t\t\t\t\t\t<div class=\"elementor-element elementor-element-9ef0bd4 elementor-widget elementor-widget-ceran-image-text\" data-id=\"9ef0bd4\" data-element_type=\"widget\" data-e-type=\"widget\" data-widget_type=\"ceran-image-text.default\">\n\t\t\t\t<div class=\"elementor-widget-container\">\n\t\t\t\t\t<div class=\"widget-column flex-row\"><div class=\"wrapper-img\" style=\"background: url(https:\/\/www.ceran.com\/wp-content\/uploads\/2024\/08\/Design-sans-titre-19.jpg) center \/ cover no-repeat\"><\/div><div class=\"wrapper-text\"><div class=\"corner corner-left-top\"><div class=\"corner-content\"><h2 class=\"box-title ax-title\">A propos du CERAN<\/h2><div class=\"box-content\"><p>CERAN, une soci\u00e9t\u00e9 du groupe Ch\u00e2teauform\u2019, se caract\u00e9rise par une culture internationale et entreprenante. Elle vise principalement le monde des entreprises \u00e0 renomm\u00e9e internationale et propose une gamme de produits de formations linguistiques et interculturelles pour adultes, jeunes adultes et juniors.<\/p><p>L\u2019humain est au c\u0153ur des pr\u00e9occupation du CERAN. Notre organisation poss\u00e8de une vision plurilat\u00e9rale envers ses Talents, Clients et Collaborateurs pour apporter des solutions sur mesure et premium.<\/p><\/div><a href=\"https:\/\/www.ceran.com\/fr\/le-ceran-et-ses-methodes\/lhistoire-du-ceran\/#:~:text=Le%20CERAN%20est%20avant%20tout,sont%20hospitalit%C3%A9%2C%20respect%20et%20bienveillance.\" class=\"ax-btn btn-arrow\" >En savoir plus<\/a><\/div><\/div><\/div><\/div>\t\t\t\t<\/div>\n\t\t\t\t<\/div>\n\t\t\t\t\t<\/div>\n\t\t<\/div>\n\t\t\t\t\t<\/div>\n\t\t<\/section>\n\t\t\t\t<section class=\"elementor-section elementor-top-section elementor-element elementor-element-0f5f2fc elementor-section-boxed elementor-section-height-default elementor-section-height-default\" data-id=\"0f5f2fc\" data-element_type=\"section\" data-e-type=\"section\">\n\t\t\t\t\t\t<div class=\"elementor-container elementor-column-gap-default\">\n\t\t\t\t\t<div class=\"elementor-column elementor-col-100 elementor-top-column elementor-element elementor-element-96a1f29\" data-id=\"96a1f29\" data-element_type=\"column\" data-e-type=\"column\">\n\t\t\t<div class=\"elementor-widget-wrap elementor-element-populated\">\n\t\t\t\t\t\t<div class=\"elementor-element elementor-element-231e53a elementor-widget elementor-widget-text-editor\" data-id=\"231e53a\" data-element_type=\"widget\" data-e-type=\"widget\" data-widget_type=\"text-editor.default\">\n\t\t\t\t<div class=\"elementor-widget-container\">\n\t\t\t\t\t\t\t\t\t<p><em>Dans le cadre de la politique RSE du CERAN, l\u2019inclusion des diff\u00e9rences est une force. Le CERAN est convaincu que diversit\u00e9 rime avec performance, nous portons donc la m\u00eame attention \u00e0 toutes les candidatures !<\/em><\/p><p><strong><em>N\u2019h\u00e9sitez pas \u00e0 nous contacter pour obtenir davantage d\u2019informations <\/em><\/strong><strong><em>:<\/em><\/strong>\u00a0<a href=\"mailto:claurent@ceran.com\">claurent@ceran.com<\/a><\/p><p>TEL\u00a0: +32 87 79 17 03<\/p>\t\t\t\t\t\t\t\t<\/div>\n\t\t\t\t<\/div>\n\t\t\t\t<div class=\"elementor-element elementor-element-00525fa elementor-mobile-align-center elementor-align-center elementor-widget elementor-widget-button\" data-id=\"00525fa\" data-element_type=\"widget\" data-e-type=\"widget\" data-widget_type=\"button.default\">\n\t\t\t\t<div class=\"elementor-widget-container\">\n\t\t\t\t\t\t\t\t\t<div class=\"elementor-button-wrapper\">\n\t\t\t\t\t<a class=\"elementor-button elementor-button-link elementor-size-sm\" href=\"https:\/\/ceran1.typeform.com\/to\/nwX4dVMI?typeform-source=www.ceran.com\">\n\t\t\t\t\t\t<span class=\"elementor-button-content-wrapper\">\n\t\t\t\t\t\t<span class=\"elementor-button-icon\">\n\t\t\t\t<i aria-hidden=\"true\" class=\"fas fa-arrow-right\"><\/i>\t\t\t<\/span>\n\t\t\t\t\t\t\t\t\t<span class=\"elementor-button-text\">Je postule maintenant<\/span>\n\t\t\t\t\t<\/span>\n\t\t\t\t\t<\/a>\n\t\t\t\t<\/div>\n\t\t\t\t\t\t\t\t<\/div>\n\t\t\t\t<\/div>\n\t\t\t\t\t<\/div>\n\t\t<\/div>\n\t\t\t\t\t<\/div>\n\t\t<\/section>\n\t\t\t\t<\/div>\n\t\t","protected":false},"excerpt":{"rendered":"<p>Formateur Freelance en N\u00e9erlandais en distanciel et pr\u00e9sentiel \u00e0 Bruxelles, Anvers et Spa (H\/F\/X) Vous ma\u00eetrisez parfaitement le n\u00e9erlandais ( langue maternelle ou C2) Vous pouvez transmettre des contenus avec aisance et confiance. Vous vous adaptez rapidement \u00e0 des profils et niveaux diff\u00e9rents et ajustez votre m\u00e9thode d\u2019apprentissage selon les besoins des apprenants. Vous serez [&hellip;]<\/p>\n","protected":false},"author":27,"featured_media":102842,"parent":0,"menu_order":0,"comment_status":"closed","ping_status":"closed","template":"","meta":{"_acf_changed":false,"_seopress_robots_primary_cat":"","_seopress_titles_title":"","_seopress_titles_desc":"","_seopress_robots_index":"","content-type":"","footnotes":""},"class_list":["post-108701","page","type-page","status-publish","has-post-thumbnail","hentry"],"acf":[],"yoast_head":"<!-- This site is optimized with the Yoast SEO plugin v27.5 - https:\/\/yoast.com\/product\/yoast-seo-wordpress\/ -->\n<title>Recrutement Formateurs N\u00e9erlandais \u00e0 distance - Ceran<\/title>\n<meta name=\"robots\" content=\"index, follow, max-snippet:-1, max-image-preview:large, max-video-preview:-1\" \/>\n<link rel=\"canonical\" href=\"https:\/\/www.ceran.com\/fr\/formateurneerlandais\/\" \/>\n<meta property=\"og:locale\" content=\"fr_FR\" \/>\n<meta property=\"og:type\" content=\"article\" \/>\n<meta property=\"og:title\" content=\"Recrutement Formateurs N\u00e9erlandais \u00e0 distance - Ceran\" \/>\n<meta property=\"og:description\" content=\"Formateur Freelance en N\u00e9erlandais en distanciel et pr\u00e9sentiel \u00e0 Bruxelles, Anvers et Spa (H\/F\/X) Vous ma\u00eetrisez parfaitement le n\u00e9erlandais ( langue maternelle ou C2) Vous pouvez transmettre des contenus avec aisance et confiance. Vous vous adaptez rapidement \u00e0 des profils et niveaux diff\u00e9rents et ajustez votre m\u00e9thode d\u2019apprentissage selon les besoins des apprenants. Vous serez [&hellip;]\" \/>\n<meta property=\"og:url\" content=\"https:\/\/www.ceran.com\/fr\/formateurneerlandais\/\" \/>\n<meta property=\"og:site_name\" content=\"Ceran\" \/>\n<meta property=\"article:modified_time\" content=\"2025-09-22T08:38:37+00:00\" \/>\n<meta property=\"og:image\" content=\"https:\/\/www.ceran.com\/wp-content\/uploads\/2024\/08\/Design-sans-titre-19.jpg\" \/>\n\t<meta property=\"og:image:width\" content=\"512\" \/>\n\t<meta property=\"og:image:height\" content=\"512\" \/>\n\t<meta property=\"og:image:type\" content=\"image\/jpeg\" \/>\n<meta name=\"twitter:card\" content=\"summary_large_image\" \/>\n<script type=\"application\/ld+json\" class=\"yoast-schema-graph\">{\"@context\":\"https:\\\/\\\/schema.org\",\"@graph\":[{\"@type\":\"WebPage\",\"@id\":\"https:\\\/\\\/www.ceran.com\\\/fr\\\/formateurneerlandais\\\/\",\"url\":\"https:\\\/\\\/www.ceran.com\\\/fr\\\/formateurneerlandais\\\/\",\"name\":\"Recrutement Formateurs N\u00e9erlandais \u00e0 distance - Ceran\",\"isPartOf\":{\"@id\":\"https:\\\/\\\/www.ceran.com\\\/fr\\\/#website\"},\"primaryImageOfPage\":{\"@id\":\"https:\\\/\\\/www.ceran.com\\\/fr\\\/formateurneerlandais\\\/#primaryimage\"},\"image\":{\"@id\":\"https:\\\/\\\/www.ceran.com\\\/fr\\\/formateurneerlandais\\\/#primaryimage\"},\"thumbnailUrl\":\"https:\\\/\\\/www.ceran.com\\\/wp-content\\\/uploads\\\/2024\\\/08\\\/Design-sans-titre-19.jpg\",\"datePublished\":\"2025-02-18T12:37:43+00:00\",\"dateModified\":\"2025-09-22T08:38:37+00:00\",\"breadcrumb\":{\"@id\":\"https:\\\/\\\/www.ceran.com\\\/fr\\\/formateurneerlandais\\\/#breadcrumb\"},\"inLanguage\":\"fr-FR\",\"potentialAction\":[{\"@type\":\"ReadAction\",\"target\":[\"https:\\\/\\\/www.ceran.com\\\/fr\\\/formateurneerlandais\\\/\"]}]},{\"@type\":\"ImageObject\",\"inLanguage\":\"fr-FR\",\"@id\":\"https:\\\/\\\/www.ceran.com\\\/fr\\\/formateurneerlandais\\\/#primaryimage\",\"url\":\"https:\\\/\\\/www.ceran.com\\\/wp-content\\\/uploads\\\/2024\\\/08\\\/Design-sans-titre-19.jpg\",\"contentUrl\":\"https:\\\/\\\/www.ceran.com\\\/wp-content\\\/uploads\\\/2024\\\/08\\\/Design-sans-titre-19.jpg\",\"width\":512,\"height\":512,\"caption\":\"Interculturel CERAN\"},{\"@type\":\"BreadcrumbList\",\"@id\":\"https:\\\/\\\/www.ceran.com\\\/fr\\\/formateurneerlandais\\\/#breadcrumb\",\"itemListElement\":[{\"@type\":\"ListItem\",\"position\":1,\"name\":\"Accueil\",\"item\":\"https:\\\/\\\/www.ceran.com\\\/fr\\\/\"},{\"@type\":\"ListItem\",\"position\":2,\"name\":\"Recrutement Formateurs N\u00e9erlandais \u00e0 distance\"}]},{\"@type\":\"WebSite\",\"@id\":\"https:\\\/\\\/www.ceran.com\\\/fr\\\/#website\",\"url\":\"https:\\\/\\\/www.ceran.com\\\/fr\\\/\",\"name\":\"Ceran\",\"description\":\"Des formations linguistiques et interculturelles qui vous ouvrent de nouveaux horizons\",\"publisher\":{\"@id\":\"https:\\\/\\\/www.ceran.com\\\/fr\\\/#organization\"},\"potentialAction\":[{\"@type\":\"SearchAction\",\"target\":{\"@type\":\"EntryPoint\",\"urlTemplate\":\"https:\\\/\\\/www.ceran.com\\\/fr\\\/?s={search_term_string}\"},\"query-input\":{\"@type\":\"PropertyValueSpecification\",\"valueRequired\":true,\"valueName\":\"search_term_string\"}}],\"inLanguage\":\"fr-FR\"},{\"@type\":\"Organization\",\"@id\":\"https:\\\/\\\/www.ceran.com\\\/fr\\\/#organization\",\"name\":\"Ceran\",\"url\":\"https:\\\/\\\/www.ceran.com\\\/fr\\\/\",\"logo\":{\"@type\":\"ImageObject\",\"inLanguage\":\"fr-FR\",\"@id\":\"https:\\\/\\\/www.ceran.com\\\/fr\\\/#\\\/schema\\\/logo\\\/image\\\/\",\"url\":\"https:\\\/\\\/www.ceran.com\\\/wp-content\\\/uploads\\\/2025\\\/06\\\/Logo-CERAN-16-x-16-pixels.svg\",\"contentUrl\":\"https:\\\/\\\/www.ceran.com\\\/wp-content\\\/uploads\\\/2025\\\/06\\\/Logo-CERAN-16-x-16-pixels.svg\",\"width\":30,\"height\":30,\"caption\":\"Ceran\"},\"image\":{\"@id\":\"https:\\\/\\\/www.ceran.com\\\/fr\\\/#\\\/schema\\\/logo\\\/image\\\/\"}}]}<\/script>\n<!-- \/ Yoast SEO plugin. -->","yoast_head_json":{"title":"Recrutement Formateurs N\u00e9erlandais \u00e0 distance - Ceran","robots":{"index":"index","follow":"follow","max-snippet":"max-snippet:-1","max-image-preview":"max-image-preview:large","max-video-preview":"max-video-preview:-1"},"canonical":"https:\/\/www.ceran.com\/fr\/formateurneerlandais\/","og_locale":"fr_FR","og_type":"article","og_title":"Recrutement Formateurs N\u00e9erlandais \u00e0 distance - Ceran","og_description":"Formateur Freelance en N\u00e9erlandais en distanciel et pr\u00e9sentiel \u00e0 Bruxelles, Anvers et Spa (H\/F\/X) Vous ma\u00eetrisez parfaitement le n\u00e9erlandais ( langue maternelle ou C2) Vous pouvez transmettre des contenus avec aisance et confiance. Vous vous adaptez rapidement \u00e0 des profils et niveaux diff\u00e9rents et ajustez votre m\u00e9thode d\u2019apprentissage selon les besoins des apprenants. Vous serez [&hellip;]","og_url":"https:\/\/www.ceran.com\/fr\/formateurneerlandais\/","og_site_name":"Ceran","article_modified_time":"2025-09-22T08:38:37+00:00","og_image":[{"width":512,"height":512,"url":"https:\/\/www.ceran.com\/wp-content\/uploads\/2024\/08\/Design-sans-titre-19.jpg","type":"image\/jpeg"}],"twitter_card":"summary_large_image","schema":{"@context":"https:\/\/schema.org","@graph":[{"@type":"WebPage","@id":"https:\/\/www.ceran.com\/fr\/formateurneerlandais\/","url":"https:\/\/www.ceran.com\/fr\/formateurneerlandais\/","name":"Recrutement Formateurs N\u00e9erlandais \u00e0 distance - Ceran","isPartOf":{"@id":"https:\/\/www.ceran.com\/fr\/#website"},"primaryImageOfPage":{"@id":"https:\/\/www.ceran.com\/fr\/formateurneerlandais\/#primaryimage"},"image":{"@id":"https:\/\/www.ceran.com\/fr\/formateurneerlandais\/#primaryimage"},"thumbnailUrl":"https:\/\/www.ceran.com\/wp-content\/uploads\/2024\/08\/Design-sans-titre-19.jpg","datePublished":"2025-02-18T12:37:43+00:00","dateModified":"2025-09-22T08:38:37+00:00","breadcrumb":{"@id":"https:\/\/www.ceran.com\/fr\/formateurneerlandais\/#breadcrumb"},"inLanguage":"fr-FR","potentialAction":[{"@type":"ReadAction","target":["https:\/\/www.ceran.com\/fr\/formateurneerlandais\/"]}]},{"@type":"ImageObject","inLanguage":"fr-FR","@id":"https:\/\/www.ceran.com\/fr\/formateurneerlandais\/#primaryimage","url":"https:\/\/www.ceran.com\/wp-content\/uploads\/2024\/08\/Design-sans-titre-19.jpg","contentUrl":"https:\/\/www.ceran.com\/wp-content\/uploads\/2024\/08\/Design-sans-titre-19.jpg","width":512,"height":512,"caption":"Interculturel CERAN"},{"@type":"BreadcrumbList","@id":"https:\/\/www.ceran.com\/fr\/formateurneerlandais\/#breadcrumb","itemListElement":[{"@type":"ListItem","position":1,"name":"Accueil","item":"https:\/\/www.ceran.com\/fr\/"},{"@type":"ListItem","position":2,"name":"Recrutement Formateurs N\u00e9erlandais \u00e0 distance"}]},{"@type":"WebSite","@id":"https:\/\/www.ceran.com\/fr\/#website","url":"https:\/\/www.ceran.com\/fr\/","name":"Ceran","description":"Des formations linguistiques et interculturelles qui vous ouvrent de nouveaux horizons","publisher":{"@id":"https:\/\/www.ceran.com\/fr\/#organization"},"potentialAction":[{"@type":"SearchAction","target":{"@type":"EntryPoint","urlTemplate":"https:\/\/www.ceran.com\/fr\/?s={search_term_string}"},"query-input":{"@type":"PropertyValueSpecification","valueRequired":true,"valueName":"search_term_string"}}],"inLanguage":"fr-FR"},{"@type":"Organization","@id":"https:\/\/www.ceran.com\/fr\/#organization","name":"Ceran","url":"https:\/\/www.ceran.com\/fr\/","logo":{"@type":"ImageObject","inLanguage":"fr-FR","@id":"https:\/\/www.ceran.com\/fr\/#\/schema\/logo\/image\/","url":"https:\/\/www.ceran.com\/wp-content\/uploads\/2025\/06\/Logo-CERAN-16-x-16-pixels.svg","contentUrl":"https:\/\/www.ceran.com\/wp-content\/uploads\/2025\/06\/Logo-CERAN-16-x-16-pixels.svg","width":30,"height":30,"caption":"Ceran"},"image":{"@id":"https:\/\/www.ceran.com\/fr\/#\/schema\/logo\/image\/"}}]}},"_links":{"self":[{"href":"https:\/\/www.ceran.com\/fr\/wp-json\/wp\/v2\/pages\/108701","targetHints":{"allow":["GET"]}}],"collection":[{"href":"https:\/\/www.ceran.com\/fr\/wp-json\/wp\/v2\/pages"}],"about":[{"href":"https:\/\/www.ceran.com\/fr\/wp-json\/wp\/v2\/types\/page"}],"author":[{"embeddable":true,"href":"https:\/\/www.ceran.com\/fr\/wp-json\/wp\/v2\/users\/27"}],"replies":[{"embeddable":true,"href":"https:\/\/www.ceran.com\/fr\/wp-json\/wp\/v2\/comments?post=108701"}],"version-history":[{"count":7,"href":"https:\/\/www.ceran.com\/fr\/wp-json\/wp\/v2\/pages\/108701\/revisions"}],"predecessor-version":[{"id":111224,"href":"https:\/\/www.ceran.com\/fr\/wp-json\/wp\/v2\/pages\/108701\/revisions\/111224"}],"wp:featuredmedia":[{"embeddable":true,"href":"https:\/\/www.ceran.com\/fr\/wp-json\/wp\/v2\/media\/102842"}],"wp:attachment":[{"href":"https:\/\/www.ceran.com\/fr\/wp-json\/wp\/v2\/media?parent=108701"}],"curies":[{"name":"wp","href":"https:\/\/api.w.org\/{rel}","templated":true}]}}