{"id":110770,"date":"2025-08-27T11:34:52","date_gmt":"2025-08-27T09:34:52","guid":{"rendered":"https:\/\/www.ceran.com\/?page_id=110770"},"modified":"2025-11-14T12:05:02","modified_gmt":"2025-11-14T11:05:02","slug":"telechargement-rapport-rse","status":"publish","type":"page","link":"https:\/\/www.ceran.com\/fr\/telechargement-rapport-rse\/","title":{"rendered":"T\u00e9l\u00e9chargement rapport RSE"},"content":{"rendered":"\t\t<div data-elementor-type=\"wp-page\" data-elementor-id=\"110770\" class=\"elementor elementor-110770\" data-elementor-post-type=\"page\">\n\t\t\t\t\t\t<section class=\"elementor-section elementor-top-section elementor-element elementor-element-184968cb elementor-section-content-middle elementor-section-boxed elementor-section-height-default elementor-section-height-default\" data-id=\"184968cb\" data-element_type=\"section\" data-e-type=\"section\" data-settings=\"{&quot;background_background&quot;:&quot;classic&quot;}\">\n\t\t\t\t\t\t<div class=\"elementor-container elementor-column-gap-wider\">\n\t\t\t\t\t<div class=\"elementor-column elementor-col-33 elementor-top-column elementor-element elementor-element-6bf79e11\" data-id=\"6bf79e11\" data-element_type=\"column\" data-e-type=\"column\" data-settings=\"{&quot;background_background&quot;:&quot;classic&quot;}\">\n\t\t\t<div class=\"elementor-widget-wrap elementor-element-populated\">\n\t\t\t\t\t\t<div class=\"elementor-element elementor-element-1bfeabc8 elementor-widget elementor-widget-image\" data-id=\"1bfeabc8\" data-element_type=\"widget\" data-e-type=\"widget\" data-widget_type=\"image.default\">\n\t\t\t\t<div class=\"elementor-widget-container\">\n\t\t\t\t\t\t\t\t\t\t\t\t\t\t\t<img fetchpriority=\"high\" decoding=\"async\" width=\"1080\" height=\"1080\" src=\"https:\/\/www.ceran.com\/wp-content\/uploads\/2025\/11\/Mockup-couverture-1.png\" class=\"attachment-full size-full wp-image-111878\" alt=\"Rapport RSE 2025\" srcset=\"https:\/\/www.ceran.com\/wp-content\/uploads\/2025\/11\/Mockup-couverture-1.png 1080w, https:\/\/www.ceran.com\/wp-content\/uploads\/2025\/11\/Mockup-couverture-1-300x300.png 300w, https:\/\/www.ceran.com\/wp-content\/uploads\/2025\/11\/Mockup-couverture-1-1024x1024.png 1024w, https:\/\/www.ceran.com\/wp-content\/uploads\/2025\/11\/Mockup-couverture-1-150x150.png 150w, https:\/\/www.ceran.com\/wp-content\/uploads\/2025\/11\/Mockup-couverture-1-768x768.png 768w\" sizes=\"(max-width: 1080px) 100vw, 1080px\" \/>\t\t\t\t\t\t\t\t\t\t\t\t\t\t\t<\/div>\n\t\t\t\t<\/div>\n\t\t\t\t\t<\/div>\n\t\t<\/div>\n\t\t\t\t<div class=\"elementor-column elementor-col-66 elementor-top-column elementor-element elementor-element-39e57c3f\" data-id=\"39e57c3f\" data-element_type=\"column\" data-e-type=\"column\">\n\t\t\t<div class=\"elementor-widget-wrap elementor-element-populated\">\n\t\t\t\t\t<div class=\"elementor-background-overlay\"><\/div>\n\t\t\t\t\t\t<div class=\"elementor-element elementor-element-beaa33e elementor-widget elementor-widget-heading\" data-id=\"beaa33e\" data-element_type=\"widget\" data-e-type=\"widget\" data-widget_type=\"heading.default\">\n\t\t\t\t<div class=\"elementor-widget-container\">\n\t\t\t\t\t<h1 class=\"elementor-heading-title elementor-size-default\">\u00c9dition sp\u00e9ciale 50 ans du CERAN<\/h1>\t\t\t\t<\/div>\n\t\t\t\t<\/div>\n\t\t\t\t<div class=\"elementor-element elementor-element-8e0a4fc elementor-widget elementor-widget-text-editor\" data-id=\"8e0a4fc\" data-element_type=\"widget\" data-e-type=\"widget\" data-widget_type=\"text-editor.default\">\n\t\t\t\t<div class=\"elementor-widget-container\">\n\t\t\t\t\t\t\t\t\t<h2><strong>T\u00e9l\u00e9chargez notre rapport RSE 2025<\/strong><\/h2>\n<p>D\u00e9couvrez comment nous construisons un impact concret en mati\u00e8re environnementale, sociale et de gouvernance, \u00e9tape par \u00e9tape.<\/p>\n<p><strong>Ce que vous allez d\u00e9couvrir dans ce rapport :<\/strong><\/p>\n<ul>\n<li>Analyse compl\u00e8te de notre empreinte carbone et trajectoire 2020-2030<\/li>\n<li>Programmes d\u2019inclusion et d\u2019accessibilit\u00e9 \u00ab Live in Color \u00bb &amp; \u00ab Boost \u00bb<\/li>\n<li>Gouvernance inclusive, note EcoVadis am\u00e9lior\u00e9e, femmes \u00e0 des postes cl\u00e9s<\/li>\n<\/ul><div><br><\/div>\n<p data-start=\"3073\" data-end=\"3114\">Remplissez le formulaire ci-dessous pour obtenir l\u2019acc\u00e8s imm\u00e9diat.<\/p>\t\t\t\t\t\t\t\t<\/div>\n\t\t\t\t<\/div>\n\t\t\t\t<div class=\"elementor-element elementor-element-ca61ccb elementor-widget elementor-widget-html\" data-id=\"ca61ccb\" data-element_type=\"widget\" data-e-type=\"widget\" data-widget_type=\"html.default\">\n\t\t\t\t<div class=\"elementor-widget-container\">\n\t\t\t\t\t<script charset=\"utf-8\" type=\"text\/javascript\" src=\"\/\/js-eu1.hsforms.net\/forms\/embed\/v2.js\"><\/script>\r\n<script>\r\n  hbspt.forms.create({\r\n    portalId: \"143309636\",\r\n    formId: \"f4b61e43-320d-4863-bf44-7724887e95b4\",\r\n    region: \"eu1\"\r\n  });\r\n<\/script>\t\t\t\t<\/div>\n\t\t\t\t<\/div>\n\t\t\t\t\t<\/div>\n\t\t<\/div>\n\t\t\t\t\t<\/div>\n\t\t<\/section>\n\t\t\t\t<\/div>\n\t\t","protected":false},"excerpt":{"rendered":"<p>\u00c9dition sp\u00e9ciale 50 ans du CERAN T\u00e9l\u00e9chargez notre rapport RSE 2025 D\u00e9couvrez comment nous construisons un impact concret en mati\u00e8re environnementale, sociale et de gouvernance, \u00e9tape par \u00e9tape. Ce que vous allez d\u00e9couvrir dans ce rapport : Analyse compl\u00e8te de notre empreinte carbone et trajectoire 2020-2030 Programmes d\u2019inclusion et d\u2019accessibilit\u00e9 \u00ab Live in Color \u00bb [&hellip;]<\/p>\n","protected":false},"author":17,"featured_media":0,"parent":0,"menu_order":0,"comment_status":"closed","ping_status":"closed","template":"","meta":{"_acf_changed":false,"_seopress_robots_primary_cat":"","_seopress_titles_title":"","_seopress_titles_desc":"","_seopress_robots_index":"","content-type":"","footnotes":""},"class_list":["post-110770","page","type-page","status-publish","hentry"],"acf":[],"yoast_head":"<!-- This site is optimized with the Yoast SEO plugin v27.5 - https:\/\/yoast.com\/product\/yoast-seo-wordpress\/ -->\n<title>T\u00e9l\u00e9chargement rapport RSE - Ceran<\/title>\n<meta name=\"robots\" content=\"index, follow, max-snippet:-1, max-image-preview:large, max-video-preview:-1\" \/>\n<link rel=\"canonical\" href=\"https:\/\/www.ceran.com\/fr\/telechargement-rapport-rse\/\" \/>\n<meta property=\"og:locale\" content=\"fr_FR\" \/>\n<meta property=\"og:type\" content=\"article\" \/>\n<meta property=\"og:title\" content=\"T\u00e9l\u00e9chargement rapport RSE - Ceran\" \/>\n<meta property=\"og:description\" content=\"\u00c9dition sp\u00e9ciale 50 ans du CERAN T\u00e9l\u00e9chargez notre rapport RSE 2025 D\u00e9couvrez comment nous construisons un impact concret en mati\u00e8re environnementale, sociale et de gouvernance, \u00e9tape par \u00e9tape. Ce que vous allez d\u00e9couvrir dans ce rapport : Analyse compl\u00e8te de notre empreinte carbone et trajectoire 2020-2030 Programmes d\u2019inclusion et d\u2019accessibilit\u00e9 \u00ab Live in Color \u00bb [&hellip;]\" \/>\n<meta property=\"og:url\" content=\"https:\/\/www.ceran.com\/fr\/telechargement-rapport-rse\/\" \/>\n<meta property=\"og:site_name\" content=\"Ceran\" \/>\n<meta property=\"article:modified_time\" content=\"2025-11-14T11:05:02+00:00\" \/>\n<meta property=\"og:image\" content=\"https:\/\/www.ceran.com\/wp-content\/uploads\/2025\/11\/Mockup-couverture-1.png\" \/>\n\t<meta property=\"og:image:width\" content=\"1080\" \/>\n\t<meta property=\"og:image:height\" content=\"1080\" \/>\n\t<meta property=\"og:image:type\" content=\"image\/png\" \/>\n<meta name=\"twitter:card\" content=\"summary_large_image\" \/>\n<script type=\"application\/ld+json\" class=\"yoast-schema-graph\">{\"@context\":\"https:\\\/\\\/schema.org\",\"@graph\":[{\"@type\":\"WebPage\",\"@id\":\"https:\\\/\\\/www.ceran.com\\\/fr\\\/telechargement-rapport-rse\\\/\",\"url\":\"https:\\\/\\\/www.ceran.com\\\/fr\\\/telechargement-rapport-rse\\\/\",\"name\":\"T\u00e9l\u00e9chargement rapport RSE - Ceran\",\"isPartOf\":{\"@id\":\"https:\\\/\\\/www.ceran.com\\\/fr\\\/#website\"},\"primaryImageOfPage\":{\"@id\":\"https:\\\/\\\/www.ceran.com\\\/fr\\\/telechargement-rapport-rse\\\/#primaryimage\"},\"image\":{\"@id\":\"https:\\\/\\\/www.ceran.com\\\/fr\\\/telechargement-rapport-rse\\\/#primaryimage\"},\"thumbnailUrl\":\"https:\\\/\\\/www.ceran.com\\\/wp-content\\\/uploads\\\/2025\\\/11\\\/Mockup-couverture-1.png\",\"datePublished\":\"2025-08-27T09:34:52+00:00\",\"dateModified\":\"2025-11-14T11:05:02+00:00\",\"breadcrumb\":{\"@id\":\"https:\\\/\\\/www.ceran.com\\\/fr\\\/telechargement-rapport-rse\\\/#breadcrumb\"},\"inLanguage\":\"fr-FR\",\"potentialAction\":[{\"@type\":\"ReadAction\",\"target\":[\"https:\\\/\\\/www.ceran.com\\\/fr\\\/telechargement-rapport-rse\\\/\"]}]},{\"@type\":\"ImageObject\",\"inLanguage\":\"fr-FR\",\"@id\":\"https:\\\/\\\/www.ceran.com\\\/fr\\\/telechargement-rapport-rse\\\/#primaryimage\",\"url\":\"https:\\\/\\\/www.ceran.com\\\/wp-content\\\/uploads\\\/2025\\\/11\\\/Mockup-couverture-1.png\",\"contentUrl\":\"https:\\\/\\\/www.ceran.com\\\/wp-content\\\/uploads\\\/2025\\\/11\\\/Mockup-couverture-1.png\"},{\"@type\":\"BreadcrumbList\",\"@id\":\"https:\\\/\\\/www.ceran.com\\\/fr\\\/telechargement-rapport-rse\\\/#breadcrumb\",\"itemListElement\":[{\"@type\":\"ListItem\",\"position\":1,\"name\":\"Accueil\",\"item\":\"https:\\\/\\\/www.ceran.com\\\/fr\\\/\"},{\"@type\":\"ListItem\",\"position\":2,\"name\":\"T\u00e9l\u00e9chargement rapport RSE\"}]},{\"@type\":\"WebSite\",\"@id\":\"https:\\\/\\\/www.ceran.com\\\/fr\\\/#website\",\"url\":\"https:\\\/\\\/www.ceran.com\\\/fr\\\/\",\"name\":\"Ceran\",\"description\":\"Des formations linguistiques et interculturelles qui vous ouvrent de nouveaux horizons\",\"publisher\":{\"@id\":\"https:\\\/\\\/www.ceran.com\\\/fr\\\/#organization\"},\"potentialAction\":[{\"@type\":\"SearchAction\",\"target\":{\"@type\":\"EntryPoint\",\"urlTemplate\":\"https:\\\/\\\/www.ceran.com\\\/fr\\\/?s={search_term_string}\"},\"query-input\":{\"@type\":\"PropertyValueSpecification\",\"valueRequired\":true,\"valueName\":\"search_term_string\"}}],\"inLanguage\":\"fr-FR\"},{\"@type\":\"Organization\",\"@id\":\"https:\\\/\\\/www.ceran.com\\\/fr\\\/#organization\",\"name\":\"Ceran\",\"url\":\"https:\\\/\\\/www.ceran.com\\\/fr\\\/\",\"logo\":{\"@type\":\"ImageObject\",\"inLanguage\":\"fr-FR\",\"@id\":\"https:\\\/\\\/www.ceran.com\\\/fr\\\/#\\\/schema\\\/logo\\\/image\\\/\",\"url\":\"https:\\\/\\\/www.ceran.com\\\/wp-content\\\/uploads\\\/2025\\\/06\\\/Logo-CERAN-16-x-16-pixels.svg\",\"contentUrl\":\"https:\\\/\\\/www.ceran.com\\\/wp-content\\\/uploads\\\/2025\\\/06\\\/Logo-CERAN-16-x-16-pixels.svg\",\"width\":30,\"height\":30,\"caption\":\"Ceran\"},\"image\":{\"@id\":\"https:\\\/\\\/www.ceran.com\\\/fr\\\/#\\\/schema\\\/logo\\\/image\\\/\"}}]}<\/script>\n<!-- \/ Yoast SEO plugin. -->","yoast_head_json":{"title":"T\u00e9l\u00e9chargement rapport RSE - Ceran","robots":{"index":"index","follow":"follow","max-snippet":"max-snippet:-1","max-image-preview":"max-image-preview:large","max-video-preview":"max-video-preview:-1"},"canonical":"https:\/\/www.ceran.com\/fr\/telechargement-rapport-rse\/","og_locale":"fr_FR","og_type":"article","og_title":"T\u00e9l\u00e9chargement rapport RSE - Ceran","og_description":"\u00c9dition sp\u00e9ciale 50 ans du CERAN T\u00e9l\u00e9chargez notre rapport RSE 2025 D\u00e9couvrez comment nous construisons un impact concret en mati\u00e8re environnementale, sociale et de gouvernance, \u00e9tape par \u00e9tape. Ce que vous allez d\u00e9couvrir dans ce rapport : Analyse compl\u00e8te de notre empreinte carbone et trajectoire 2020-2030 Programmes d\u2019inclusion et d\u2019accessibilit\u00e9 \u00ab Live in Color \u00bb [&hellip;]","og_url":"https:\/\/www.ceran.com\/fr\/telechargement-rapport-rse\/","og_site_name":"Ceran","article_modified_time":"2025-11-14T11:05:02+00:00","og_image":[{"width":1080,"height":1080,"url":"https:\/\/www.ceran.com\/wp-content\/uploads\/2025\/11\/Mockup-couverture-1.png","type":"image\/png"}],"twitter_card":"summary_large_image","schema":{"@context":"https:\/\/schema.org","@graph":[{"@type":"WebPage","@id":"https:\/\/www.ceran.com\/fr\/telechargement-rapport-rse\/","url":"https:\/\/www.ceran.com\/fr\/telechargement-rapport-rse\/","name":"T\u00e9l\u00e9chargement rapport RSE - Ceran","isPartOf":{"@id":"https:\/\/www.ceran.com\/fr\/#website"},"primaryImageOfPage":{"@id":"https:\/\/www.ceran.com\/fr\/telechargement-rapport-rse\/#primaryimage"},"image":{"@id":"https:\/\/www.ceran.com\/fr\/telechargement-rapport-rse\/#primaryimage"},"thumbnailUrl":"https:\/\/www.ceran.com\/wp-content\/uploads\/2025\/11\/Mockup-couverture-1.png","datePublished":"2025-08-27T09:34:52+00:00","dateModified":"2025-11-14T11:05:02+00:00","breadcrumb":{"@id":"https:\/\/www.ceran.com\/fr\/telechargement-rapport-rse\/#breadcrumb"},"inLanguage":"fr-FR","potentialAction":[{"@type":"ReadAction","target":["https:\/\/www.ceran.com\/fr\/telechargement-rapport-rse\/"]}]},{"@type":"ImageObject","inLanguage":"fr-FR","@id":"https:\/\/www.ceran.com\/fr\/telechargement-rapport-rse\/#primaryimage","url":"https:\/\/www.ceran.com\/wp-content\/uploads\/2025\/11\/Mockup-couverture-1.png","contentUrl":"https:\/\/www.ceran.com\/wp-content\/uploads\/2025\/11\/Mockup-couverture-1.png"},{"@type":"BreadcrumbList","@id":"https:\/\/www.ceran.com\/fr\/telechargement-rapport-rse\/#breadcrumb","itemListElement":[{"@type":"ListItem","position":1,"name":"Accueil","item":"https:\/\/www.ceran.com\/fr\/"},{"@type":"ListItem","position":2,"name":"T\u00e9l\u00e9chargement rapport RSE"}]},{"@type":"WebSite","@id":"https:\/\/www.ceran.com\/fr\/#website","url":"https:\/\/www.ceran.com\/fr\/","name":"Ceran","description":"Des formations linguistiques et interculturelles qui vous ouvrent de nouveaux horizons","publisher":{"@id":"https:\/\/www.ceran.com\/fr\/#organization"},"potentialAction":[{"@type":"SearchAction","target":{"@type":"EntryPoint","urlTemplate":"https:\/\/www.ceran.com\/fr\/?s={search_term_string}"},"query-input":{"@type":"PropertyValueSpecification","valueRequired":true,"valueName":"search_term_string"}}],"inLanguage":"fr-FR"},{"@type":"Organization","@id":"https:\/\/www.ceran.com\/fr\/#organization","name":"Ceran","url":"https:\/\/www.ceran.com\/fr\/","logo":{"@type":"ImageObject","inLanguage":"fr-FR","@id":"https:\/\/www.ceran.com\/fr\/#\/schema\/logo\/image\/","url":"https:\/\/www.ceran.com\/wp-content\/uploads\/2025\/06\/Logo-CERAN-16-x-16-pixels.svg","contentUrl":"https:\/\/www.ceran.com\/wp-content\/uploads\/2025\/06\/Logo-CERAN-16-x-16-pixels.svg","width":30,"height":30,"caption":"Ceran"},"image":{"@id":"https:\/\/www.ceran.com\/fr\/#\/schema\/logo\/image\/"}}]}},"_links":{"self":[{"href":"https:\/\/www.ceran.com\/fr\/wp-json\/wp\/v2\/pages\/110770","targetHints":{"allow":["GET"]}}],"collection":[{"href":"https:\/\/www.ceran.com\/fr\/wp-json\/wp\/v2\/pages"}],"about":[{"href":"https:\/\/www.ceran.com\/fr\/wp-json\/wp\/v2\/types\/page"}],"author":[{"embeddable":true,"href":"https:\/\/www.ceran.com\/fr\/wp-json\/wp\/v2\/users\/17"}],"replies":[{"embeddable":true,"href":"https:\/\/www.ceran.com\/fr\/wp-json\/wp\/v2\/comments?post=110770"}],"version-history":[{"count":126,"href":"https:\/\/www.ceran.com\/fr\/wp-json\/wp\/v2\/pages\/110770\/revisions"}],"predecessor-version":[{"id":111891,"href":"https:\/\/www.ceran.com\/fr\/wp-json\/wp\/v2\/pages\/110770\/revisions\/111891"}],"wp:attachment":[{"href":"https:\/\/www.ceran.com\/fr\/wp-json\/wp\/v2\/media?parent=110770"}],"curies":[{"name":"wp","href":"https:\/\/api.w.org\/{rel}","templated":true}]}}