{"id":112270,"date":"2025-12-30T12:51:44","date_gmt":"2025-12-30T11:51:44","guid":{"rendered":"https:\/\/www.ceran.com\/?page_id=112270"},"modified":"2026-02-02T11:26:35","modified_gmt":"2026-02-02T10:26:35","slug":"profallemandsummercamp","status":"publish","type":"page","link":"https:\/\/www.ceran.com\/fr\/profallemandsummercamp\/","title":{"rendered":"Professeur Allemand (H\/F\/X) camp d&rsquo;\u00e9t\u00e9"},"content":{"rendered":"\t\t<div data-elementor-type=\"wp-page\" data-elementor-id=\"112270\" class=\"elementor elementor-112270\" data-elementor-post-type=\"page\">\n\t\t\t\t\t\t<section class=\"elementor-section elementor-top-section elementor-element elementor-element-5aae095 elementor-section-boxed elementor-section-height-default elementor-section-height-default\" data-id=\"5aae095\" data-element_type=\"section\" data-e-type=\"section\">\n\t\t\t\t\t\t<div class=\"elementor-container elementor-column-gap-default\">\n\t\t\t\t\t<div class=\"elementor-column elementor-col-100 elementor-top-column elementor-element elementor-element-0af10cf\" data-id=\"0af10cf\" data-element_type=\"column\" data-e-type=\"column\">\n\t\t\t<div class=\"elementor-widget-wrap elementor-element-populated\">\n\t\t\t\t\t\t<div class=\"elementor-element elementor-element-9d663d9 elementor-widget elementor-widget-ceran-image-text\" data-id=\"9d663d9\" data-element_type=\"widget\" data-e-type=\"widget\" data-widget_type=\"ceran-image-text.default\">\n\t\t\t\t<div class=\"elementor-widget-container\">\n\t\t\t\t\t<div class=\"widget-column flex-row-reverse\"><div class=\"wrapper-img\" style=\"background: url(https:\/\/www.ceran.com\/wp-content\/uploads\/2025\/12\/1-4-1-e1767095496439.jpg) center \/ cover no-repeat\"><\/div><div class=\"wrapper-text\"><div class=\"corner corner-right-top\"><div class=\"corner-content\"><h2 class=\"box-title ax-title\">PROFESSEUR D'ALLEMAND (H\/F\/X)  POUR CAMP D'ETE EN BELGIQUE, province de Li\u00e8ge. \n<\/h2><div class=\"box-content\"><h4><strong>Dates: 6 juillet au 25 juillet 2026<\/strong><\/h4><h6>\u00c9tudiant dans les fili\u00e8res de l'enseignement fondamental, sup\u00e9rieur ou sciences de l'\u00e9ducation?<\/h6><p><strong>Envie de vivre une exp\u00e9rience professionnelle enrichissante cet \u00e9t\u00e9 dans une ambiance internationale et dynamique ?<\/strong><\/p><p>Rejoignez la CERAN Academy, d\u00e9di\u00e9e aux jeunes de 9 \u00e0 17 ans, et travaillez dans un lieu d'exception \u00e0 Ferri\u00e8re ( province de Li\u00e8ge, Belgique). Nous offrons plus qu'un simple emploi r\u00e9mun\u00e9r\u00e9 : c'est une occasion unique de d\u00e9velopper vos comp\u00e9tences dans un cadre stimulant et multiculturel.<\/p><h6>Les comp\u00e9tences recherch\u00e9es :<\/h6><ul class=\"wp-block-list\"><li>Ma\u00eetriser parfaitement la langue allemande (langue maternelle ou bilingue)<\/li><li>Etre r\u00e9sident europ\u00e9en (UE)<\/li><li>Profil id\u00e9al : Avoir ou suivre une formation en sciences de l'\u00e9ducation et\/ou une exp\u00e9rience p\u00e9dagogique<\/li><li>\u00a0Etre pr\u00eat \u00e0 utiliser une m\u00e9thode interactive bas\u00e9e sur la communication orale, avec de la reformulation et de la r\u00e9p\u00e9tition\u00a0<\/li><li>Avoir de l'enthousiasme et le sens des responsabilit\u00e9s<\/li><li>\u00catre sensible au multiculturalisme et\u00a0 aux difficult\u00e9s rencontr\u00e9es par des jeunes lors de l\u2019apprentissage d\u2019une langue \u00e9trang\u00e8re<\/li><li>Aimer travailler avec des enfants de 9 \u00e0 17 ans<\/li><li>Avoir le sens des responsabilit\u00e9s et aimer travailler en \u00e9quipe<\/li><li>avoir des connaissances en fran\u00e7ais ou anglais<\/li><li>\u00catre pr\u00eat \u00e0 suivre la formation \u00e0 la m\u00e9thode CERAN (en ligne et sur site) avant le d\u00e9but du camp. (OBLIGATOIRE)<\/li><li><p><strong>Atouts suppl\u00e9mentaires: <\/strong>Connaissance de langues \u00e9trang\u00e8res (anglais, espagnol, turc), brevet de secourisme, permis de conduire<\/p><\/li><li>Info sur la m\u00e9thode : <a href=\"https:\/\/www.ceran.com\/de\/eine-sprache-lernen-und-perfektionieren\/\"><span style=\"text-decoration: underline;\"><em>Methode - Ceran<\/em><\/span><\/a><\/li><li>Visite du lieu du camp: <span style=\"text-decoration: underline;\"><em><a style=\"font-family: Calibri; font-size: 11pt;\" href=\"https:\/\/saintrochferrieres.be\/visite-virtuelle.html\">Visite virtuelle<\/a><\/em><\/span>\u00a0<\/li><\/ul><\/div><a href=\"https:\/\/ceran1.typeform.com\/to\/yPWwaKNr\" class=\"ax-btn btn-arrow\" >Je postule maintenant<\/a><\/div><\/div><\/div><\/div>\t\t\t\t<\/div>\n\t\t\t\t<\/div>\n\t\t\t\t\t<\/div>\n\t\t<\/div>\n\t\t\t\t\t<\/div>\n\t\t<\/section>\n\t\t\t\t<section class=\"elementor-section elementor-top-section elementor-element elementor-element-f254559 elementor-section-boxed elementor-section-height-default elementor-section-height-default\" data-id=\"f254559\" data-element_type=\"section\" data-e-type=\"section\">\n\t\t\t\t\t\t<div class=\"elementor-container elementor-column-gap-default\">\n\t\t\t\t\t<div class=\"elementor-column elementor-col-100 elementor-top-column elementor-element elementor-element-786f5b4\" data-id=\"786f5b4\" data-element_type=\"column\" data-e-type=\"column\">\n\t\t\t<div class=\"elementor-widget-wrap elementor-element-populated\">\n\t\t\t\t\t\t<div class=\"elementor-element elementor-element-21d3199 elementor-invisible elementor-widget elementor-widget-heading\" data-id=\"21d3199\" data-element_type=\"widget\" data-e-type=\"widget\" data-settings=\"{&quot;_animation&quot;:&quot;fadeIn&quot;,&quot;_animation_delay&quot;:100}\" data-widget_type=\"heading.default\">\n\t\t\t\t<div class=\"elementor-widget-container\">\n\t\t\t\t\t<h2 class=\"elementor-heading-title elementor-size-default\">Votre mission et nos engagements<\/h2>\t\t\t\t<\/div>\n\t\t\t\t<\/div>\n\t\t\t\t<div class=\"elementor-element elementor-element-8cd2b29 elementor-widget elementor-widget-text-editor\" data-id=\"8cd2b29\" data-element_type=\"widget\" data-e-type=\"widget\" data-widget_type=\"text-editor.default\">\n\t\t\t\t<div class=\"elementor-widget-container\">\n\t\t\t\t\t\t\t\t\t<p><em>Les professeurs sont des membres cl\u00e9s du CERAN ACADEMY. <\/em>Ils ont pour mission d\u2019aider les stagiaires \u00e0 am\u00e9liorer leur communication dans la langue cible et cr\u00e9er une atmosph\u00e8re calme, bienveillante et dynamique afin de maximiser leur apprentissage. Ils utilisent la m\u00e9thode CERAN, bas\u00e9e sur la communication orale, appliqu\u00e9e depuis 50 ans.<\/p><p><strong>Votre mission :<\/strong>\u00a0<\/p><ul><li>aider les stagiaires \u00e0 d\u00e9velopper leurs comp\u00e9tences de communication dans la langue cible \u00e0 travers des activit\u00e9s p\u00e9dagogiques structur\u00e9es et motivantes, et de nombreux moments de mise en pratique<\/li><li>Promouvoir la langue cible et son utilisation par tous les stagiaires<\/li><li>Pr\u00e9parer et assurer des le\u00e7ons d&rsquo;expression et de compr\u00e9hension orales et \u00e9crites, ainsi que des ateliers selon la m\u00e9thode CERAN<\/li><li>\u00c9valuer le niveau des stagiaires au d\u00e9but et en\u00a0 fin de stage\u00a0<\/li><li>Compl\u00e9ter les documents p\u00e9dagogiques requis<\/li><li>Assurer l\u2019animation des pauses et des repas de midi<\/li><li>Donner un feedback p\u00e9dagogique aux stagiaires et aux parents\u00a0<\/li><li>Respecter et faire respecter les consignes en vigueur<\/li><li>Collaborer avec les coll\u00e8gues<\/li><li>Veiller au respect du mat\u00e9riel et des \u00e9quipements<\/li><li>\u00catre suivi et accompagn\u00e9 par le responsable p\u00e9dagogique pendant les diff\u00e9rentes activit\u00e9s<\/li><li>Toutes autres t\u00e2ches en lien avec la fonction<\/li><\/ul><p><strong>Nos engagements :<\/strong>\u00a0<\/p><ul><li>R\u00e9mun\u00e9ration entre +-1740\u20ac et 2350\u20ac (en fonction du statut et du nombre d&rsquo;heures prest\u00e9es)<\/li><li>Contrat \u00e9tudiant, CDD ou freelance<\/li><li>Horaire de 30h00 semaine (pr\u00e9paration de cours et administration incluses)<\/li><li>4 jours de travail par semaine<\/li><li>Week-end libre ( sauf samedi matin parfois)<\/li><li>Possibilit\u00e9 de loger sur le site ( participation financi\u00e8re selon l&rsquo;\u00e9loignement du domicile, entre +- 85\u20ac et 125\u20ac)<\/li><li>Formation en ligne \u00e0 la m\u00e9thode Ceran adapt\u00e9e aux jeunes<\/li><li>Apprentissage d&rsquo;une m\u00e9thode d&rsquo;apprentissage dynamique, interactive bas\u00e9e sur la communication orale (<a href=\"https:\/\/www.ceran.com\/de\/eine-sprache-lernen-und-perfektionieren\/\"><span style=\"text-decoration: underline;\"><em>Eine Sprache lernen mit der CERAN<\/em><\/span>&#8211;<em><span style=\"text-decoration: underline;\">Methode<\/span> <\/em><\/a><span style=\"text-decoration: underline;\"><a href=\"https:\/\/www.ceran.com\/nl\/ceran-taalbad-methode\/\">)<\/a><\/span><\/li><li>Formation en ligne et sur site avant la session\u00a0<\/li><li>Encadrement de qualit\u00e9 tout le long de la mission<\/li><li>Utilisation d&rsquo;outils \u00e0 la pointe du progr\u00e8s (IA au service de la p\u00e9dagogie)<\/li><li>Ambiance internationale<\/li><li>Participation aux frais de voyage<\/li><li>Une vraie exp\u00e9rience enrichissante d&rsquo;enseignement id\u00e9ale pour les \u00e9tudiants en enseignement, sciences de l&rsquo;\u00e9ducation, p\u00e9dagogie, etc.<\/li><li>Petite classe<\/li><li>Fid\u00e8le \u00e0 son slogan \u00ab Seriously Fun \u00bb, le camp offre une atmosph\u00e8re \u00e0 la fois dynamique et conviviale<\/li><\/ul>\t\t\t\t\t\t\t\t<\/div>\n\t\t\t\t<\/div>\n\t\t\t\t<div class=\"elementor-element elementor-element-393699d elementor-mobile-align-center elementor-align-center elementor-widget elementor-widget-button\" data-id=\"393699d\" data-element_type=\"widget\" data-e-type=\"widget\" data-widget_type=\"button.default\">\n\t\t\t\t<div class=\"elementor-widget-container\">\n\t\t\t\t\t\t\t\t\t<div class=\"elementor-button-wrapper\">\n\t\t\t\t\t<a class=\"elementor-button elementor-button-link elementor-size-sm\" href=\"https:\/\/ceran1.typeform.com\/to\/yPWwaKNr\">\n\t\t\t\t\t\t<span class=\"elementor-button-content-wrapper\">\n\t\t\t\t\t\t<span class=\"elementor-button-icon\">\n\t\t\t\t<i aria-hidden=\"true\" class=\"fas fa-arrow-right\"><\/i>\t\t\t<\/span>\n\t\t\t\t\t\t\t\t\t<span class=\"elementor-button-text\">Je postule maintenant<\/span>\n\t\t\t\t\t<\/span>\n\t\t\t\t\t<\/a>\n\t\t\t\t<\/div>\n\t\t\t\t\t\t\t\t<\/div>\n\t\t\t\t<\/div>\n\t\t\t\t\t<\/div>\n\t\t<\/div>\n\t\t\t\t\t<\/div>\n\t\t<\/section>\n\t\t\t\t<section class=\"elementor-section elementor-top-section elementor-element elementor-element-aa012e8 elementor-section-boxed elementor-section-height-default elementor-section-height-default\" data-id=\"aa012e8\" data-element_type=\"section\" data-e-type=\"section\">\n\t\t\t\t\t\t<div class=\"elementor-container elementor-column-gap-default\">\n\t\t\t\t\t<div class=\"elementor-column elementor-col-100 elementor-top-column elementor-element elementor-element-95a7b84\" data-id=\"95a7b84\" data-element_type=\"column\" data-e-type=\"column\">\n\t\t\t<div class=\"elementor-widget-wrap elementor-element-populated\">\n\t\t\t\t\t\t<div class=\"elementor-element elementor-element-9ef0bd4 elementor-widget elementor-widget-ceran-image-text\" data-id=\"9ef0bd4\" data-element_type=\"widget\" data-e-type=\"widget\" data-widget_type=\"ceran-image-text.default\">\n\t\t\t\t<div class=\"elementor-widget-container\">\n\t\t\t\t\t<div class=\"widget-column flex-row\"><div class=\"wrapper-img\" style=\"background: url(https:\/\/www.ceran.com\/wp-content\/uploads\/2025\/12\/09F13441-6CE5-4C75-9300-F019C5027569-768x1024.jpg) center \/ cover no-repeat\"><\/div><div class=\"wrapper-text\"><div class=\"corner corner-left-top\"><div class=\"corner-content\"><h2 class=\"box-title ax-title\">A propos du CERAN<\/h2><div class=\"box-content\"><p>CERAN, une soci\u00e9t\u00e9 du groupe Ch\u00e2teauform\u2019, se caract\u00e9rise par une culture internationale et entreprenante. Elle vise principalement le monde des entreprises \u00e0 renomm\u00e9e internationale et propose une gamme de produits de formations linguistiques et interculturelles pour adultes, jeunes adultes et juniors.<\/p><p>L\u2019humain est au c\u0153ur des pr\u00e9occupations du CERAN. Notre organisation poss\u00e8de une vision plurilat\u00e9rale envers ses Talents, Clients et Collaborateurs pour apporter des solutions sur mesure et premium.<\/p><\/div><a href=\"https:\/\/www.ceran.com\/fr\/le-ceran-et-ses-methodes\/lhistoire-du-ceran\/#:~:text=Le%20CERAN%20est%20avant%20tout,sont%20hospitalit%C3%A9%2C%20respect%20et%20bienveillance.\" class=\"ax-btn btn-arrow\" >En savoir plus<\/a><\/div><\/div><\/div><\/div>\t\t\t\t<\/div>\n\t\t\t\t<\/div>\n\t\t\t\t\t<\/div>\n\t\t<\/div>\n\t\t\t\t\t<\/div>\n\t\t<\/section>\n\t\t\t\t<section class=\"elementor-section elementor-top-section elementor-element elementor-element-0f5f2fc elementor-section-boxed elementor-section-height-default elementor-section-height-default\" data-id=\"0f5f2fc\" data-element_type=\"section\" data-e-type=\"section\">\n\t\t\t\t\t\t<div class=\"elementor-container elementor-column-gap-default\">\n\t\t\t\t\t<div class=\"elementor-column elementor-col-100 elementor-top-column elementor-element elementor-element-96a1f29\" data-id=\"96a1f29\" data-element_type=\"column\" data-e-type=\"column\">\n\t\t\t<div class=\"elementor-widget-wrap elementor-element-populated\">\n\t\t\t\t\t\t<div class=\"elementor-element elementor-element-231e53a elementor-widget elementor-widget-text-editor\" data-id=\"231e53a\" data-element_type=\"widget\" data-e-type=\"widget\" data-widget_type=\"text-editor.default\">\n\t\t\t\t<div class=\"elementor-widget-container\">\n\t\t\t\t\t\t\t\t\t<p><em>Dans le cadre de la politique RSE du CERAN, l\u2019inclusion des diff\u00e9rences est une force. Le CERAN est convaincu que diversit\u00e9 rime avec performance, nous portons donc la m\u00eame attention \u00e0 toutes les candidatures !<\/em><\/p><p><strong><em>N\u2019h\u00e9sitez pas \u00e0 nous contacter pour obtenir davantage d\u2019informations <\/em><\/strong><strong><em>: jobs@ceran.com<\/em><\/strong><\/p><p>\u00a0Christine Laurent\u00a0 \u00a0 \u00a0 \u00a0 TEL : +32 87 79 17 03<\/p>\t\t\t\t\t\t\t\t<\/div>\n\t\t\t\t<\/div>\n\t\t\t\t<div class=\"elementor-element elementor-element-00525fa elementor-mobile-align-center elementor-align-center elementor-widget elementor-widget-button\" data-id=\"00525fa\" data-element_type=\"widget\" data-e-type=\"widget\" data-widget_type=\"button.default\">\n\t\t\t\t<div class=\"elementor-widget-container\">\n\t\t\t\t\t\t\t\t\t<div class=\"elementor-button-wrapper\">\n\t\t\t\t\t<a class=\"elementor-button elementor-button-link elementor-size-sm\" href=\"https:\/\/ceran1.typeform.com\/to\/yPWwaKNr\">\n\t\t\t\t\t\t<span class=\"elementor-button-content-wrapper\">\n\t\t\t\t\t\t<span class=\"elementor-button-icon\">\n\t\t\t\t<i aria-hidden=\"true\" class=\"fas fa-arrow-right\"><\/i>\t\t\t<\/span>\n\t\t\t\t\t\t\t\t\t<span class=\"elementor-button-text\">Je postule maintenant<\/span>\n\t\t\t\t\t<\/span>\n\t\t\t\t\t<\/a>\n\t\t\t\t<\/div>\n\t\t\t\t\t\t\t\t<\/div>\n\t\t\t\t<\/div>\n\t\t\t\t\t<\/div>\n\t\t<\/div>\n\t\t\t\t\t<\/div>\n\t\t<\/section>\n\t\t\t\t<\/div>\n\t\t","protected":false},"excerpt":{"rendered":"<p>PROFESSEUR D&rsquo;ALLEMAND (H\/F\/X) POUR CAMP D&rsquo;ETE EN BELGIQUE, province de Li\u00e8ge. Dates: 6 juillet au 25 juillet 2026 \u00c9tudiant dans les fili\u00e8res de l&rsquo;enseignement fondamental, sup\u00e9rieur ou sciences de l&rsquo;\u00e9ducation? Envie de vivre une exp\u00e9rience professionnelle enrichissante cet \u00e9t\u00e9 dans une ambiance internationale et dynamique ? Rejoignez la CERAN Academy, d\u00e9di\u00e9e aux jeunes de 9 [&hellip;]<\/p>\n","protected":false},"author":27,"featured_media":102842,"parent":0,"menu_order":0,"comment_status":"closed","ping_status":"closed","template":"","meta":{"_acf_changed":false,"_seopress_robots_primary_cat":"","_seopress_titles_title":"","_seopress_titles_desc":"","_seopress_robots_index":"","content-type":"","footnotes":""},"class_list":["post-112270","page","type-page","status-publish","has-post-thumbnail","hentry"],"acf":[],"yoast_head":"<!-- This site is optimized with the Yoast SEO plugin v27.3 - https:\/\/yoast.com\/product\/yoast-seo-wordpress\/ -->\n<title>Professeur Allemand (H\/F\/X) camp d&#039;\u00e9t\u00e9 - Ceran<\/title>\n<meta name=\"robots\" content=\"index, follow, max-snippet:-1, max-image-preview:large, max-video-preview:-1\" \/>\n<link rel=\"canonical\" href=\"https:\/\/www.ceran.com\/fr\/profallemandsummercamp\/\" \/>\n<meta property=\"og:locale\" content=\"fr_FR\" \/>\n<meta property=\"og:type\" content=\"article\" \/>\n<meta property=\"og:title\" content=\"Professeur Allemand (H\/F\/X) camp d&#039;\u00e9t\u00e9 - Ceran\" \/>\n<meta property=\"og:description\" content=\"PROFESSEUR D&rsquo;ALLEMAND (H\/F\/X) POUR CAMP D&rsquo;ETE EN BELGIQUE, province de Li\u00e8ge. Dates: 6 juillet au 25 juillet 2026 \u00c9tudiant dans les fili\u00e8res de l&rsquo;enseignement fondamental, sup\u00e9rieur ou sciences de l&rsquo;\u00e9ducation? Envie de vivre une exp\u00e9rience professionnelle enrichissante cet \u00e9t\u00e9 dans une ambiance internationale et dynamique ? Rejoignez la CERAN Academy, d\u00e9di\u00e9e aux jeunes de 9 [&hellip;]\" \/>\n<meta property=\"og:url\" content=\"https:\/\/www.ceran.com\/fr\/profallemandsummercamp\/\" \/>\n<meta property=\"og:site_name\" content=\"Ceran\" \/>\n<meta property=\"article:modified_time\" content=\"2026-02-02T10:26:35+00:00\" \/>\n<meta property=\"og:image\" content=\"https:\/\/www.ceran.com\/wp-content\/uploads\/2024\/08\/Design-sans-titre-19.jpg\" \/>\n\t<meta property=\"og:image:width\" content=\"512\" \/>\n\t<meta property=\"og:image:height\" content=\"512\" \/>\n\t<meta property=\"og:image:type\" content=\"image\/jpeg\" \/>\n<meta name=\"twitter:card\" content=\"summary_large_image\" \/>\n<script type=\"application\/ld+json\" class=\"yoast-schema-graph\">{\"@context\":\"https:\\\/\\\/schema.org\",\"@graph\":[{\"@type\":\"WebPage\",\"@id\":\"https:\\\/\\\/www.ceran.com\\\/fr\\\/profallemandsummercamp\\\/\",\"url\":\"https:\\\/\\\/www.ceran.com\\\/fr\\\/profallemandsummercamp\\\/\",\"name\":\"Professeur Allemand (H\\\/F\\\/X) camp d'\u00e9t\u00e9 - Ceran\",\"isPartOf\":{\"@id\":\"https:\\\/\\\/www.ceran.com\\\/fr\\\/#website\"},\"primaryImageOfPage\":{\"@id\":\"https:\\\/\\\/www.ceran.com\\\/fr\\\/profallemandsummercamp\\\/#primaryimage\"},\"image\":{\"@id\":\"https:\\\/\\\/www.ceran.com\\\/fr\\\/profallemandsummercamp\\\/#primaryimage\"},\"thumbnailUrl\":\"https:\\\/\\\/www.ceran.com\\\/wp-content\\\/uploads\\\/2024\\\/08\\\/Design-sans-titre-19.jpg\",\"datePublished\":\"2025-12-30T11:51:44+00:00\",\"dateModified\":\"2026-02-02T10:26:35+00:00\",\"breadcrumb\":{\"@id\":\"https:\\\/\\\/www.ceran.com\\\/fr\\\/profallemandsummercamp\\\/#breadcrumb\"},\"inLanguage\":\"fr-FR\",\"potentialAction\":[{\"@type\":\"ReadAction\",\"target\":[\"https:\\\/\\\/www.ceran.com\\\/fr\\\/profallemandsummercamp\\\/\"]}]},{\"@type\":\"ImageObject\",\"inLanguage\":\"fr-FR\",\"@id\":\"https:\\\/\\\/www.ceran.com\\\/fr\\\/profallemandsummercamp\\\/#primaryimage\",\"url\":\"https:\\\/\\\/www.ceran.com\\\/wp-content\\\/uploads\\\/2024\\\/08\\\/Design-sans-titre-19.jpg\",\"contentUrl\":\"https:\\\/\\\/www.ceran.com\\\/wp-content\\\/uploads\\\/2024\\\/08\\\/Design-sans-titre-19.jpg\",\"width\":512,\"height\":512,\"caption\":\"Interculturel CERAN\"},{\"@type\":\"BreadcrumbList\",\"@id\":\"https:\\\/\\\/www.ceran.com\\\/fr\\\/profallemandsummercamp\\\/#breadcrumb\",\"itemListElement\":[{\"@type\":\"ListItem\",\"position\":1,\"name\":\"Accueil\",\"item\":\"https:\\\/\\\/www.ceran.com\\\/fr\\\/\"},{\"@type\":\"ListItem\",\"position\":2,\"name\":\"Professeur Allemand (H\\\/F\\\/X) camp d&rsquo;\u00e9t\u00e9\"}]},{\"@type\":\"WebSite\",\"@id\":\"https:\\\/\\\/www.ceran.com\\\/fr\\\/#website\",\"url\":\"https:\\\/\\\/www.ceran.com\\\/fr\\\/\",\"name\":\"Ceran\",\"description\":\"Des formations linguistiques et interculturelles qui vous ouvrent de nouveaux horizons\",\"publisher\":{\"@id\":\"https:\\\/\\\/www.ceran.com\\\/fr\\\/#organization\"},\"potentialAction\":[{\"@type\":\"SearchAction\",\"target\":{\"@type\":\"EntryPoint\",\"urlTemplate\":\"https:\\\/\\\/www.ceran.com\\\/fr\\\/?s={search_term_string}\"},\"query-input\":{\"@type\":\"PropertyValueSpecification\",\"valueRequired\":true,\"valueName\":\"search_term_string\"}}],\"inLanguage\":\"fr-FR\"},{\"@type\":\"Organization\",\"@id\":\"https:\\\/\\\/www.ceran.com\\\/fr\\\/#organization\",\"name\":\"Ceran\",\"url\":\"https:\\\/\\\/www.ceran.com\\\/fr\\\/\",\"logo\":{\"@type\":\"ImageObject\",\"inLanguage\":\"fr-FR\",\"@id\":\"https:\\\/\\\/www.ceran.com\\\/fr\\\/#\\\/schema\\\/logo\\\/image\\\/\",\"url\":\"https:\\\/\\\/www.ceran.com\\\/wp-content\\\/uploads\\\/2025\\\/06\\\/Logo-CERAN-16-x-16-pixels.svg\",\"contentUrl\":\"https:\\\/\\\/www.ceran.com\\\/wp-content\\\/uploads\\\/2025\\\/06\\\/Logo-CERAN-16-x-16-pixels.svg\",\"width\":30,\"height\":30,\"caption\":\"Ceran\"},\"image\":{\"@id\":\"https:\\\/\\\/www.ceran.com\\\/fr\\\/#\\\/schema\\\/logo\\\/image\\\/\"}}]}<\/script>\n<!-- \/ Yoast SEO plugin. -->","yoast_head_json":{"title":"Professeur Allemand (H\/F\/X) camp d'\u00e9t\u00e9 - Ceran","robots":{"index":"index","follow":"follow","max-snippet":"max-snippet:-1","max-image-preview":"max-image-preview:large","max-video-preview":"max-video-preview:-1"},"canonical":"https:\/\/www.ceran.com\/fr\/profallemandsummercamp\/","og_locale":"fr_FR","og_type":"article","og_title":"Professeur Allemand (H\/F\/X) camp d'\u00e9t\u00e9 - Ceran","og_description":"PROFESSEUR D&rsquo;ALLEMAND (H\/F\/X) POUR CAMP D&rsquo;ETE EN BELGIQUE, province de Li\u00e8ge. Dates: 6 juillet au 25 juillet 2026 \u00c9tudiant dans les fili\u00e8res de l&rsquo;enseignement fondamental, sup\u00e9rieur ou sciences de l&rsquo;\u00e9ducation? Envie de vivre une exp\u00e9rience professionnelle enrichissante cet \u00e9t\u00e9 dans une ambiance internationale et dynamique ? Rejoignez la CERAN Academy, d\u00e9di\u00e9e aux jeunes de 9 [&hellip;]","og_url":"https:\/\/www.ceran.com\/fr\/profallemandsummercamp\/","og_site_name":"Ceran","article_modified_time":"2026-02-02T10:26:35+00:00","og_image":[{"width":512,"height":512,"url":"https:\/\/www.ceran.com\/wp-content\/uploads\/2024\/08\/Design-sans-titre-19.jpg","type":"image\/jpeg"}],"twitter_card":"summary_large_image","schema":{"@context":"https:\/\/schema.org","@graph":[{"@type":"WebPage","@id":"https:\/\/www.ceran.com\/fr\/profallemandsummercamp\/","url":"https:\/\/www.ceran.com\/fr\/profallemandsummercamp\/","name":"Professeur Allemand (H\/F\/X) camp d'\u00e9t\u00e9 - Ceran","isPartOf":{"@id":"https:\/\/www.ceran.com\/fr\/#website"},"primaryImageOfPage":{"@id":"https:\/\/www.ceran.com\/fr\/profallemandsummercamp\/#primaryimage"},"image":{"@id":"https:\/\/www.ceran.com\/fr\/profallemandsummercamp\/#primaryimage"},"thumbnailUrl":"https:\/\/www.ceran.com\/wp-content\/uploads\/2024\/08\/Design-sans-titre-19.jpg","datePublished":"2025-12-30T11:51:44+00:00","dateModified":"2026-02-02T10:26:35+00:00","breadcrumb":{"@id":"https:\/\/www.ceran.com\/fr\/profallemandsummercamp\/#breadcrumb"},"inLanguage":"fr-FR","potentialAction":[{"@type":"ReadAction","target":["https:\/\/www.ceran.com\/fr\/profallemandsummercamp\/"]}]},{"@type":"ImageObject","inLanguage":"fr-FR","@id":"https:\/\/www.ceran.com\/fr\/profallemandsummercamp\/#primaryimage","url":"https:\/\/www.ceran.com\/wp-content\/uploads\/2024\/08\/Design-sans-titre-19.jpg","contentUrl":"https:\/\/www.ceran.com\/wp-content\/uploads\/2024\/08\/Design-sans-titre-19.jpg","width":512,"height":512,"caption":"Interculturel CERAN"},{"@type":"BreadcrumbList","@id":"https:\/\/www.ceran.com\/fr\/profallemandsummercamp\/#breadcrumb","itemListElement":[{"@type":"ListItem","position":1,"name":"Accueil","item":"https:\/\/www.ceran.com\/fr\/"},{"@type":"ListItem","position":2,"name":"Professeur Allemand (H\/F\/X) camp d&rsquo;\u00e9t\u00e9"}]},{"@type":"WebSite","@id":"https:\/\/www.ceran.com\/fr\/#website","url":"https:\/\/www.ceran.com\/fr\/","name":"Ceran","description":"Des formations linguistiques et interculturelles qui vous ouvrent de nouveaux horizons","publisher":{"@id":"https:\/\/www.ceran.com\/fr\/#organization"},"potentialAction":[{"@type":"SearchAction","target":{"@type":"EntryPoint","urlTemplate":"https:\/\/www.ceran.com\/fr\/?s={search_term_string}"},"query-input":{"@type":"PropertyValueSpecification","valueRequired":true,"valueName":"search_term_string"}}],"inLanguage":"fr-FR"},{"@type":"Organization","@id":"https:\/\/www.ceran.com\/fr\/#organization","name":"Ceran","url":"https:\/\/www.ceran.com\/fr\/","logo":{"@type":"ImageObject","inLanguage":"fr-FR","@id":"https:\/\/www.ceran.com\/fr\/#\/schema\/logo\/image\/","url":"https:\/\/www.ceran.com\/wp-content\/uploads\/2025\/06\/Logo-CERAN-16-x-16-pixels.svg","contentUrl":"https:\/\/www.ceran.com\/wp-content\/uploads\/2025\/06\/Logo-CERAN-16-x-16-pixels.svg","width":30,"height":30,"caption":"Ceran"},"image":{"@id":"https:\/\/www.ceran.com\/fr\/#\/schema\/logo\/image\/"}}]}},"_links":{"self":[{"href":"https:\/\/www.ceran.com\/fr\/wp-json\/wp\/v2\/pages\/112270","targetHints":{"allow":["GET"]}}],"collection":[{"href":"https:\/\/www.ceran.com\/fr\/wp-json\/wp\/v2\/pages"}],"about":[{"href":"https:\/\/www.ceran.com\/fr\/wp-json\/wp\/v2\/types\/page"}],"author":[{"embeddable":true,"href":"https:\/\/www.ceran.com\/fr\/wp-json\/wp\/v2\/users\/27"}],"replies":[{"embeddable":true,"href":"https:\/\/www.ceran.com\/fr\/wp-json\/wp\/v2\/comments?post=112270"}],"version-history":[{"count":10,"href":"https:\/\/www.ceran.com\/fr\/wp-json\/wp\/v2\/pages\/112270\/revisions"}],"predecessor-version":[{"id":112523,"href":"https:\/\/www.ceran.com\/fr\/wp-json\/wp\/v2\/pages\/112270\/revisions\/112523"}],"wp:featuredmedia":[{"embeddable":true,"href":"https:\/\/www.ceran.com\/fr\/wp-json\/wp\/v2\/media\/102842"}],"wp:attachment":[{"href":"https:\/\/www.ceran.com\/fr\/wp-json\/wp\/v2\/media?parent=112270"}],"curies":[{"name":"wp","href":"https:\/\/api.w.org\/{rel}","templated":true}]}}