{"id":14290,"date":"2022-03-01T15:07:56","date_gmt":"2022-03-01T14:07:56","guid":{"rendered":"https:\/\/www.ceran.com\/?page_id=14290"},"modified":"2022-09-06T12:16:34","modified_gmt":"2022-09-06T10:16:34","slug":"formation-interculturelle-sexpatrier-en-malaisie","status":"publish","type":"page","link":"https:\/\/www.ceran.com\/fr\/formation-interculturelle-sexpatrier-en-malaisie\/","title":{"rendered":"Formation interculturelle &#8211; Expatriation en Malaisie"},"content":{"rendered":"\t\t<div data-elementor-type=\"wp-page\" data-elementor-id=\"14290\" class=\"elementor elementor-14290\" data-elementor-post-type=\"page\">\n\t\t\t\t\t\t<section class=\"elementor-section elementor-top-section elementor-element elementor-element-33741d9a elementor-section-boxed elementor-section-height-default elementor-section-height-default\" data-id=\"33741d9a\" data-element_type=\"section\" data-e-type=\"section\">\n\t\t\t\t\t\t<div class=\"elementor-container elementor-column-gap-default\">\n\t\t\t\t\t<div class=\"elementor-column elementor-col-100 elementor-top-column elementor-element elementor-element-3a8c9708\" data-id=\"3a8c9708\" data-element_type=\"column\" data-e-type=\"column\">\n\t\t\t<div class=\"elementor-widget-wrap elementor-element-populated\">\n\t\t\t\t\t\t<div class=\"elementor-element elementor-element-4e247abd elementor-widget elementor-widget-template\" data-id=\"4e247abd\" data-element_type=\"widget\" data-e-type=\"widget\" data-widget_type=\"template.default\">\n\t\t\t\t<div class=\"elementor-widget-container\">\n\t\t\t\t\t\t\t<div class=\"elementor-template\">\n\t\t\t\t\t<div data-elementor-type=\"section\" data-elementor-id=\"2014\" class=\"elementor elementor-2014\" data-elementor-post-type=\"elementor_library\">\n\t\t\t\t\t<section class=\"elementor-section elementor-top-section elementor-element elementor-element-7ff20875 elementor-section-boxed elementor-section-height-default elementor-section-height-default\" data-id=\"7ff20875\" data-element_type=\"section\" data-e-type=\"section\">\n\t\t\t\t\t\t<div class=\"elementor-container elementor-column-gap-default\">\n\t\t\t\t\t<div class=\"elementor-column elementor-col-100 elementor-top-column elementor-element elementor-element-a5e383b\" data-id=\"a5e383b\" data-element_type=\"column\" data-e-type=\"column\">\n\t\t\t<div class=\"elementor-widget-wrap elementor-element-populated\">\n\t\t\t\t\t\t<div class=\"elementor-element elementor-element-3edd7a7e elementor-widget elementor-widget-breadcrumbs\" data-id=\"3edd7a7e\" data-element_type=\"widget\" data-e-type=\"widget\" data-widget_type=\"breadcrumbs.default\">\n\t\t\t\t<div class=\"elementor-widget-container\">\n\t\t\t\t\t<p id=\"breadcrumbs\"><span><span><a href=\"https:\/\/www.ceran.com\/fr\/\">Accueil<\/a><\/span><\/span><\/p>\t\t\t\t<\/div>\n\t\t\t\t<\/div>\n\t\t\t\t\t<\/div>\n\t\t<\/div>\n\t\t\t\t\t<\/div>\n\t\t<\/section>\n\t\t\t\t<\/div>\n\t\t\t\t<\/div>\n\t\t\t\t\t\t<\/div>\n\t\t\t\t<\/div>\n\t\t\t\t\t<\/div>\n\t\t<\/div>\n\t\t\t\t\t<\/div>\n\t\t<\/section>\n\t\t\t\t<section class=\"elementor-section elementor-top-section elementor-element elementor-element-240bccb5 elementor-section-boxed elementor-section-height-default elementor-section-height-default\" data-id=\"240bccb5\" data-element_type=\"section\" data-e-type=\"section\">\n\t\t\t\t\t\t<div class=\"elementor-container elementor-column-gap-default\">\n\t\t\t\t\t<div class=\"elementor-column elementor-col-100 elementor-top-column elementor-element elementor-element-12764bb5\" data-id=\"12764bb5\" data-element_type=\"column\" data-e-type=\"column\">\n\t\t\t<div class=\"elementor-widget-wrap elementor-element-populated\">\n\t\t\t\t\t\t<div class=\"elementor-element elementor-element-double-colonne-texte elementor-widget elementor-widget-double-colonne-texte\" data-id=\"double-colonne-texte\" data-element_type=\"widget\" data-e-type=\"widget\" data-widget_type=\"double-colonne-texte.default\">\n\t\t\t\t<div class=\"elementor-widget-container\">\n\t\t\t\t\t<div class=\"widget-column  \"><div class=\"wrapper-column\"><div class=\"corner no-corner\"><div class=\"corner-content\"><div class=\"ax-title mb-5\">S'expatrier en Malaisie<\/div><div class=\"bottom-block row\"><div class=\"bottom-block-img col-6\"><img decoding=\"async\" width=\"125\" height=\"90\" src=\"https:\/\/www.ceran.com\/wp-content\/uploads\/2022\/01\/typeadmin.png\" class=\"attachment-thumbnail size-thumbnail\" alt=\"\" \/><\/div><div class=\"bottom-block-links col-6 d-flex flex-column\"><\/div><\/div><\/div><\/div><\/div><div class=\"wrapper-column\"><div class=\"corner no-corner\" style=\" display: flex; align-items: center;\"><div class=\"corner-content\"><div id=\"block-214\" class=\"sc-bdvvtL iSyBpQ\"><div class=\"sc-ksdxgE GNvNR\"><h3><span style=\"color: #da291c;\">MOBILIT\u00c9 INTERNATIONALE \u2013 FORMATION INTERCULTURELLE MALAISIE (1 JOURN\u00c9E)<\/span><\/h3><\/div><\/div><div id=\"block-215\" class=\"sc-bdvvtL iSyBpQ\"><div class=\"sc-ksdxgE jpFJhy\"><p>D\u00e9couvrez le contenu de notre formation interculturelle - Expatriation\u00a0Malaisie<\/p><\/div><\/div><\/div><\/div><\/div><\/div>\t\t\t\t<\/div>\n\t\t\t\t<\/div>\n\t\t\t\t\t<\/div>\n\t\t<\/div>\n\t\t\t\t\t<\/div>\n\t\t<\/section>\n\t\t\t\t<section class=\"elementor-section elementor-top-section elementor-element elementor-element-1cb1a0a6 elementor-section-boxed elementor-section-height-default elementor-section-height-default\" data-id=\"1cb1a0a6\" data-element_type=\"section\" data-e-type=\"section\" data-settings=\"{&quot;background_background&quot;:&quot;classic&quot;}\">\n\t\t\t\t\t\t<div class=\"elementor-container elementor-column-gap-default\">\n\t\t\t\t\t<div class=\"elementor-column elementor-col-100 elementor-top-column elementor-element elementor-element-1d254787\" data-id=\"1d254787\" data-element_type=\"column\" data-e-type=\"column\">\n\t\t\t<div class=\"elementor-widget-wrap elementor-element-populated\">\n\t\t\t\t\t\t<section class=\"elementor-section elementor-inner-section elementor-element elementor-element-3dfce3be elementor-section-boxed elementor-section-height-default elementor-section-height-default\" data-id=\"3dfce3be\" data-element_type=\"section\" data-e-type=\"section\" data-settings=\"{&quot;background_background&quot;:&quot;classic&quot;}\">\n\t\t\t\t\t\t<div class=\"elementor-container elementor-column-gap-default\">\n\t\t\t\t\t<div class=\"elementor-column elementor-col-100 elementor-inner-column elementor-element elementor-element-144cce3\" data-id=\"144cce3\" data-element_type=\"column\" data-e-type=\"column\">\n\t\t\t<div class=\"elementor-widget-wrap elementor-element-populated\">\n\t\t\t\t\t\t<div class=\"elementor-element elementor-element-b8815e5 elementor-widget elementor-widget-heading\" data-id=\"b8815e5\" data-element_type=\"widget\" data-e-type=\"widget\" data-widget_type=\"heading.default\">\n\t\t\t\t<div class=\"elementor-widget-container\">\n\t\t\t\t\t<h2 class=\"elementor-heading-title elementor-size-default\">Contenu de la formation interculturelle - Expatriation en Malaisie<\/h2>\t\t\t\t<\/div>\n\t\t\t\t<\/div>\n\t\t\t\t<div class=\"elementor-element elementor-element-25855ffa elementor-widget elementor-widget-heading\" data-id=\"25855ffa\" data-element_type=\"widget\" data-e-type=\"widget\" data-widget_type=\"heading.default\">\n\t\t\t\t<div class=\"elementor-widget-container\">\n\t\t\t\t\t<h2 class=\"elementor-heading-title elementor-size-default\">S\u2019ACCOUTUMER AU PAYS<\/h2>\t\t\t\t<\/div>\n\t\t\t\t<\/div>\n\t\t\t\t<div class=\"elementor-element elementor-element-3bb70f6b elementor-widget elementor-widget-text-editor\" data-id=\"3bb70f6b\" data-element_type=\"widget\" data-e-type=\"widget\" data-widget_type=\"text-editor.default\">\n\t\t\t\t<div class=\"elementor-widget-container\">\n\t\t\t\t\t\t\t\t\t<p><strong>1.\u00a0\u00a0 \u00a0Comprendre la Malaisie<\/strong><\/p><p><br \/>\u2022\u00a0\u00a0 \u00a0La Malaisie et l\u2019Asie du Sud Est.<br \/>\u2022\u00a0\u00a0 \u00a0Les ethnies, les communaut\u00e9s et leur int\u00e9gration : Malais, Chinois\u2026<br \/>\u2022\u00a0\u00a0 \u00a0Les religions : bouddhisme, islam, confucianisme, tao\u00efsme.<br \/>\u2022\u00a0\u00a0 \u00a0La vie \u00e9conomique et les grandes entreprises<br \/><br \/><strong>2.\u00a0\u00a0 \u00a0Valeurs et comportements Malaisiens<\/strong><\/p><p><br \/>\u2022\u00a0\u00a0 \u00a0La famille : la place du p\u00e8re et des anciens dans la hi\u00e9rarchie familiale.<br \/>\u2022\u00a0\u00a0 \u00a0Le \u00ab\u00a0village\u00a0\u00bb, la clique et le partage de la bonne fortune.<br \/>\u2022\u00a0\u00a0 \u00a0L&rsquo;islam au quotidien.<br \/>\u2022\u00a0\u00a0 \u00a0Les Malais face \u00e0 l\u2019argent.<\/p>\t\t\t\t\t\t\t\t<\/div>\n\t\t\t\t<\/div>\n\t\t\t\t<div class=\"elementor-element elementor-element-6689df3 elementor-widget elementor-widget-image\" data-id=\"6689df3\" data-element_type=\"widget\" data-e-type=\"widget\" data-widget_type=\"image.default\">\n\t\t\t\t<div class=\"elementor-widget-container\">\n\t\t\t\t\t\t\t\t\t\t\t\t\t\t\t<img fetchpriority=\"high\" decoding=\"async\" width=\"900\" height=\"600\" src=\"https:\/\/www.ceran.com\/wp-content\/uploads\/2022\/09\/travailler-negocier-et-sexpatrier-en-malaisie-e1662383165177.jpg\" class=\"attachment-full size-full wp-image-60737\" alt=\"travailler, n\u00e9gocier et s&#039;expatrier en Malaisie\" srcset=\"https:\/\/www.ceran.com\/wp-content\/uploads\/2022\/09\/travailler-negocier-et-sexpatrier-en-malaisie-e1662383165177.jpg 900w, https:\/\/www.ceran.com\/wp-content\/uploads\/2022\/09\/travailler-negocier-et-sexpatrier-en-malaisie-e1662383165177-300x200.jpg 300w, https:\/\/www.ceran.com\/wp-content\/uploads\/2022\/09\/travailler-negocier-et-sexpatrier-en-malaisie-e1662383165177-768x512.jpg 768w\" sizes=\"(max-width: 900px) 100vw, 900px\" \/>\t\t\t\t\t\t\t\t\t\t\t\t\t\t\t<\/div>\n\t\t\t\t<\/div>\n\t\t\t\t<div class=\"elementor-element elementor-element-73a640c9 elementor-widget elementor-widget-heading\" data-id=\"73a640c9\" data-element_type=\"widget\" data-e-type=\"widget\" data-widget_type=\"heading.default\">\n\t\t\t\t<div class=\"elementor-widget-container\">\n\t\t\t\t\t<h2 class=\"elementor-heading-title elementor-size-default\">S\u2019HABITUER AUX MODES DE SOCIALISATION\n<\/h2>\t\t\t\t<\/div>\n\t\t\t\t<\/div>\n\t\t\t\t<div class=\"elementor-element elementor-element-15eceb27 elementor-widget elementor-widget-text-editor\" data-id=\"15eceb27\" data-element_type=\"widget\" data-e-type=\"widget\" data-widget_type=\"text-editor.default\">\n\t\t\t\t<div class=\"elementor-widget-container\">\n\t\t\t\t\t\t\t\t\t<p><strong>3.\u00a0\u00a0 \u00a0Styles de communication Malaisiens<\/strong><\/p><p><br \/>\u2022\u00a0\u00a0 \u00a0Notion de \u00ab face \u00bb et importance dans la vie priv\u00e9e et sociale.<br \/>\u2022\u00a0\u00a0 \u00a0Le \u00ab\u00a0non\u00a0\u00bb: l&rsquo;entendre et le reconna\u00eetre<br \/>\u2022\u00a0\u00a0 \u00a0Apprendre \u00e0 communiquer avec les Malaisiens : exercices pratiques<br \/><br \/><strong>4.\u00a0\u00a0 \u00a0Vivre et socialiser avec les Malaisiens<\/strong><\/p><p><br \/>\u2022\u00a0\u00a0 \u00a0Codes de comportements en public\u00a0<br \/>\u2022\u00a0\u00a0 \u00a0Sujets d\u00e9licats (politique, religion) et comportements \u00e0 \u00e9viter\u2026<br \/>\u2022\u00a0\u00a0 \u00a0L&rsquo;\u00e9ducation, une place primordiale : la notion de comp\u00e9tence<\/p>\t\t\t\t\t\t\t\t<\/div>\n\t\t\t\t<\/div>\n\t\t\t\t<div class=\"elementor-element elementor-element-4a96ddba elementor-widget elementor-widget-heading\" data-id=\"4a96ddba\" data-element_type=\"widget\" data-e-type=\"widget\" data-widget_type=\"heading.default\">\n\t\t\t\t<div class=\"elementor-widget-container\">\n\t\t\t\t\t<h2 class=\"elementor-heading-title elementor-size-default\">S\u2019ADAPTER \u00c0 LA VIE QUOTIDIENNE<\/h2>\t\t\t\t<\/div>\n\t\t\t\t<\/div>\n\t\t\t\t<div class=\"elementor-element elementor-element-55601dad elementor-widget elementor-widget-text-editor\" data-id=\"55601dad\" data-element_type=\"widget\" data-e-type=\"widget\" data-widget_type=\"text-editor.default\">\n\t\t\t\t<div class=\"elementor-widget-container\">\n\t\t\t\t\t\t\t\t\t<p><strong>5.\u00a0\u00a0 \u00a0La vie d\u2019expatri\u00e9 en Malaisie<\/strong><\/p><p><br \/>\u2022\u00a0\u00a0 \u00a0L\u2019installation et la vie courante, d\u00e9marches administratives logement, s\u00e9curit\u00e9, hygi\u00e8ne, sant\u00e9\u2026<br \/>\u2022\u00a0\u00a0 \u00a0Les loisirs, les communaut\u00e9s expats<br \/>\u2022\u00a0\u00a0 \u00a0\u00c9coles, vie extrascolaire, sports.<br \/><br \/><strong>6.\u00a0\u00a0 \u00a0Focus sur votre ville d\u2019expatriation<\/strong><\/p><p><br \/>\u2022\u00a0\u00a0 \u00a0Se rep\u00e9rer, se d\u00e9placer en ville<br \/>\u2022\u00a0\u00a0 \u00a0Les immanquables \u00e0 voir, \u00e0 faire<br \/><br \/><strong>7.\u00a0\u00a0 \u00a0R\u00e9ussir votre expatriation<\/strong><\/p><p><br \/>\u2022\u00a0\u00a0 \u00a0Anticiper les phases d\u2019adaptation<br \/>\u2022\u00a0\u00a0 \u00a0Conseils pratiques, questions-r\u00e9ponses<br \/>\u2022\u00a0\u00a0 \u00a0Plan d\u2019action : projet et objectifs, pour l\u2019expatri\u00e9(e) et la famille.<\/p>\t\t\t\t\t\t\t\t<\/div>\n\t\t\t\t<\/div>\n\t\t\t\t<div class=\"elementor-element elementor-element-16b1e99 elementor-widget elementor-widget-text-editor\" data-id=\"16b1e99\" data-element_type=\"widget\" data-e-type=\"widget\" data-widget_type=\"text-editor.default\">\n\t\t\t\t<div class=\"elementor-widget-container\">\n\t\t\t\t\t\t\t\t\t<h2>EN SAVOIR PLUS SUR L&rsquo;INTERCULTUREL<\/h2><p>\u00a0<\/p><p><span style=\"color: #3366ff;\"><a style=\"color: #3366ff;\" href=\"https:\/\/www.ceran.com\/fr\/comprendre-une-culture\/\">Comprendre une culture<\/a><\/span><\/p><p><span style=\"color: #3366ff;\"><a style=\"color: #3366ff;\" href=\"https:\/\/www.ceran.com\/fr\/comprendre-une-culture\/travailler-a-linternational\/\">Me faire accompagner dans mes projets internationaux<\/a><\/span><\/p><p><span style=\"color: #3366ff;\"><a style=\"color: #3366ff;\" href=\"https:\/\/www.ceran.com\/fr\/comprendre-une-culture\/expatriation-et-retours\/\">M&rsquo;int\u00e9grer dans un nouvel environnement<\/a><\/span><\/p><p><span style=\"color: #3366ff;\"><a style=\"color: #3366ff;\" href=\"https:\/\/www.ceran.com\/fr\/cultural-assesment\/\">R\u00e9aliser un test interculturel<\/a><\/span><\/p>\t\t\t\t\t\t\t\t<\/div>\n\t\t\t\t<\/div>\n\t\t\t\t\t<\/div>\n\t\t<\/div>\n\t\t\t\t\t<\/div>\n\t\t<\/section>\n\t\t\t\t\t<\/div>\n\t\t<\/div>\n\t\t\t\t\t<\/div>\n\t\t<\/section>\n\t\t\t\t<\/div>\n\t\t","protected":false},"excerpt":{"rendered":"<p>S&rsquo;expatrier en Malaisie MOBILIT\u00c9 INTERNATIONALE \u2013 FORMATION INTERCULTURELLE MALAISIE (1 JOURN\u00c9E) D\u00e9couvrez le contenu de notre formation interculturelle &#8211; Expatriation&nbsp;Malaisie Contenu de la formation interculturelle &#8211; Expatriation en Malaisie S\u2019ACCOUTUMER AU PAYS 1.&nbsp;&nbsp; &nbsp;Comprendre la Malaisie \u2022&nbsp;&nbsp; &nbsp;La Malaisie et l\u2019Asie du Sud Est. \u2022&nbsp;&nbsp; &nbsp;Les ethnies, les communaut\u00e9s et leur int\u00e9gration : Malais, Chinois\u2026 [&hellip;]<\/p>\n","protected":false},"author":7,"featured_media":0,"parent":0,"menu_order":0,"comment_status":"closed","ping_status":"closed","template":"","meta":{"_acf_changed":false,"_seopress_robots_primary_cat":"","_seopress_titles_title":"","_seopress_titles_desc":"Comment s'expatrier en Malaisie ? D\u00e9couvrez le contenu de notre formation interculturelle - Expatriation Malaisie","_seopress_robots_index":"","content-type":"","footnotes":""},"class_list":["post-14290","page","type-page","status-publish","hentry"],"acf":[],"yoast_head":"<!-- This site is optimized with the Yoast SEO plugin v27.5 - https:\/\/yoast.com\/product\/yoast-seo-wordpress\/ -->\n<title>Formation interculturelle - Expatriation en Malaisie - Ceran<\/title>\n<meta name=\"description\" content=\"Comment s&#039;expatrier en Malaisie ? D\u00e9couvrez le contenu de notre formation interculturelle - Expatriation Malaisie\" \/>\n<meta name=\"robots\" content=\"index, follow, max-snippet:-1, max-image-preview:large, max-video-preview:-1\" \/>\n<link rel=\"canonical\" href=\"https:\/\/www.ceran.com\/fr\/formation-interculturelle-sexpatrier-en-malaisie\/\" \/>\n<meta property=\"og:locale\" content=\"fr_FR\" \/>\n<meta property=\"og:type\" content=\"article\" \/>\n<meta property=\"og:title\" content=\"Formation interculturelle - Expatriation en Malaisie - Ceran\" \/>\n<meta property=\"og:description\" content=\"Comment s&#039;expatrier en Malaisie ? D\u00e9couvrez le contenu de notre formation interculturelle - Expatriation Malaisie\" \/>\n<meta property=\"og:url\" content=\"https:\/\/www.ceran.com\/fr\/formation-interculturelle-sexpatrier-en-malaisie\/\" \/>\n<meta property=\"og:site_name\" content=\"Ceran\" \/>\n<meta property=\"article:modified_time\" content=\"2022-09-06T10:16:34+00:00\" \/>\n<meta property=\"og:image\" content=\"https:\/\/www.ceran.com\/wp-content\/uploads\/2022\/01\/typeadmin.png\" \/>\n<meta name=\"twitter:card\" content=\"summary_large_image\" \/>\n<script type=\"application\/ld+json\" class=\"yoast-schema-graph\">{\"@context\":\"https:\\\/\\\/schema.org\",\"@graph\":[{\"@type\":\"WebPage\",\"@id\":\"https:\\\/\\\/www.ceran.com\\\/fr\\\/formation-interculturelle-sexpatrier-en-malaisie\\\/\",\"url\":\"https:\\\/\\\/www.ceran.com\\\/fr\\\/formation-interculturelle-sexpatrier-en-malaisie\\\/\",\"name\":\"Formation interculturelle - Expatriation en Malaisie - Ceran\",\"isPartOf\":{\"@id\":\"https:\\\/\\\/www.ceran.com\\\/fr\\\/#website\"},\"primaryImageOfPage\":{\"@id\":\"https:\\\/\\\/www.ceran.com\\\/fr\\\/formation-interculturelle-sexpatrier-en-malaisie\\\/#primaryimage\"},\"image\":{\"@id\":\"https:\\\/\\\/www.ceran.com\\\/fr\\\/formation-interculturelle-sexpatrier-en-malaisie\\\/#primaryimage\"},\"thumbnailUrl\":\"https:\\\/\\\/www.ceran.com\\\/wp-content\\\/uploads\\\/2022\\\/01\\\/typeadmin.png\",\"datePublished\":\"2022-03-01T14:07:56+00:00\",\"dateModified\":\"2022-09-06T10:16:34+00:00\",\"description\":\"Comment s'expatrier en Malaisie ? D\u00e9couvrez le contenu de notre formation interculturelle - Expatriation Malaisie\",\"breadcrumb\":{\"@id\":\"https:\\\/\\\/www.ceran.com\\\/fr\\\/formation-interculturelle-sexpatrier-en-malaisie\\\/#breadcrumb\"},\"inLanguage\":\"fr-FR\",\"potentialAction\":[{\"@type\":\"ReadAction\",\"target\":[\"https:\\\/\\\/www.ceran.com\\\/fr\\\/formation-interculturelle-sexpatrier-en-malaisie\\\/\"]}]},{\"@type\":\"ImageObject\",\"inLanguage\":\"fr-FR\",\"@id\":\"https:\\\/\\\/www.ceran.com\\\/fr\\\/formation-interculturelle-sexpatrier-en-malaisie\\\/#primaryimage\",\"url\":\"https:\\\/\\\/www.ceran.com\\\/wp-content\\\/uploads\\\/2022\\\/01\\\/typeadmin.png\",\"contentUrl\":\"https:\\\/\\\/www.ceran.com\\\/wp-content\\\/uploads\\\/2022\\\/01\\\/typeadmin.png\"},{\"@type\":\"BreadcrumbList\",\"@id\":\"https:\\\/\\\/www.ceran.com\\\/fr\\\/formation-interculturelle-sexpatrier-en-malaisie\\\/#breadcrumb\",\"itemListElement\":[{\"@type\":\"ListItem\",\"position\":1,\"name\":\"Accueil\",\"item\":\"https:\\\/\\\/www.ceran.com\\\/fr\\\/\"},{\"@type\":\"ListItem\",\"position\":2,\"name\":\"Formation interculturelle &#8211; Expatriation en Malaisie\"}]},{\"@type\":\"WebSite\",\"@id\":\"https:\\\/\\\/www.ceran.com\\\/fr\\\/#website\",\"url\":\"https:\\\/\\\/www.ceran.com\\\/fr\\\/\",\"name\":\"Ceran\",\"description\":\"Des formations linguistiques et interculturelles qui vous ouvrent de nouveaux horizons\",\"publisher\":{\"@id\":\"https:\\\/\\\/www.ceran.com\\\/fr\\\/#organization\"},\"potentialAction\":[{\"@type\":\"SearchAction\",\"target\":{\"@type\":\"EntryPoint\",\"urlTemplate\":\"https:\\\/\\\/www.ceran.com\\\/fr\\\/?s={search_term_string}\"},\"query-input\":{\"@type\":\"PropertyValueSpecification\",\"valueRequired\":true,\"valueName\":\"search_term_string\"}}],\"inLanguage\":\"fr-FR\"},{\"@type\":\"Organization\",\"@id\":\"https:\\\/\\\/www.ceran.com\\\/fr\\\/#organization\",\"name\":\"Ceran\",\"url\":\"https:\\\/\\\/www.ceran.com\\\/fr\\\/\",\"logo\":{\"@type\":\"ImageObject\",\"inLanguage\":\"fr-FR\",\"@id\":\"https:\\\/\\\/www.ceran.com\\\/fr\\\/#\\\/schema\\\/logo\\\/image\\\/\",\"url\":\"https:\\\/\\\/www.ceran.com\\\/wp-content\\\/uploads\\\/2025\\\/06\\\/Logo-CERAN-16-x-16-pixels.svg\",\"contentUrl\":\"https:\\\/\\\/www.ceran.com\\\/wp-content\\\/uploads\\\/2025\\\/06\\\/Logo-CERAN-16-x-16-pixels.svg\",\"width\":30,\"height\":30,\"caption\":\"Ceran\"},\"image\":{\"@id\":\"https:\\\/\\\/www.ceran.com\\\/fr\\\/#\\\/schema\\\/logo\\\/image\\\/\"}}]}<\/script>\n<!-- \/ Yoast SEO plugin. -->","yoast_head_json":{"title":"Formation interculturelle - Expatriation en Malaisie - Ceran","description":"Comment s'expatrier en Malaisie ? D\u00e9couvrez le contenu de notre formation interculturelle - Expatriation Malaisie","robots":{"index":"index","follow":"follow","max-snippet":"max-snippet:-1","max-image-preview":"max-image-preview:large","max-video-preview":"max-video-preview:-1"},"canonical":"https:\/\/www.ceran.com\/fr\/formation-interculturelle-sexpatrier-en-malaisie\/","og_locale":"fr_FR","og_type":"article","og_title":"Formation interculturelle - Expatriation en Malaisie - Ceran","og_description":"Comment s'expatrier en Malaisie ? D\u00e9couvrez le contenu de notre formation interculturelle - Expatriation Malaisie","og_url":"https:\/\/www.ceran.com\/fr\/formation-interculturelle-sexpatrier-en-malaisie\/","og_site_name":"Ceran","article_modified_time":"2022-09-06T10:16:34+00:00","og_image":[{"url":"https:\/\/www.ceran.com\/wp-content\/uploads\/2022\/01\/typeadmin.png","type":"","width":"","height":""}],"twitter_card":"summary_large_image","schema":{"@context":"https:\/\/schema.org","@graph":[{"@type":"WebPage","@id":"https:\/\/www.ceran.com\/fr\/formation-interculturelle-sexpatrier-en-malaisie\/","url":"https:\/\/www.ceran.com\/fr\/formation-interculturelle-sexpatrier-en-malaisie\/","name":"Formation interculturelle - Expatriation en Malaisie - Ceran","isPartOf":{"@id":"https:\/\/www.ceran.com\/fr\/#website"},"primaryImageOfPage":{"@id":"https:\/\/www.ceran.com\/fr\/formation-interculturelle-sexpatrier-en-malaisie\/#primaryimage"},"image":{"@id":"https:\/\/www.ceran.com\/fr\/formation-interculturelle-sexpatrier-en-malaisie\/#primaryimage"},"thumbnailUrl":"https:\/\/www.ceran.com\/wp-content\/uploads\/2022\/01\/typeadmin.png","datePublished":"2022-03-01T14:07:56+00:00","dateModified":"2022-09-06T10:16:34+00:00","description":"Comment s'expatrier en Malaisie ? D\u00e9couvrez le contenu de notre formation interculturelle - Expatriation Malaisie","breadcrumb":{"@id":"https:\/\/www.ceran.com\/fr\/formation-interculturelle-sexpatrier-en-malaisie\/#breadcrumb"},"inLanguage":"fr-FR","potentialAction":[{"@type":"ReadAction","target":["https:\/\/www.ceran.com\/fr\/formation-interculturelle-sexpatrier-en-malaisie\/"]}]},{"@type":"ImageObject","inLanguage":"fr-FR","@id":"https:\/\/www.ceran.com\/fr\/formation-interculturelle-sexpatrier-en-malaisie\/#primaryimage","url":"https:\/\/www.ceran.com\/wp-content\/uploads\/2022\/01\/typeadmin.png","contentUrl":"https:\/\/www.ceran.com\/wp-content\/uploads\/2022\/01\/typeadmin.png"},{"@type":"BreadcrumbList","@id":"https:\/\/www.ceran.com\/fr\/formation-interculturelle-sexpatrier-en-malaisie\/#breadcrumb","itemListElement":[{"@type":"ListItem","position":1,"name":"Accueil","item":"https:\/\/www.ceran.com\/fr\/"},{"@type":"ListItem","position":2,"name":"Formation interculturelle &#8211; Expatriation en Malaisie"}]},{"@type":"WebSite","@id":"https:\/\/www.ceran.com\/fr\/#website","url":"https:\/\/www.ceran.com\/fr\/","name":"Ceran","description":"Des formations linguistiques et interculturelles qui vous ouvrent de nouveaux horizons","publisher":{"@id":"https:\/\/www.ceran.com\/fr\/#organization"},"potentialAction":[{"@type":"SearchAction","target":{"@type":"EntryPoint","urlTemplate":"https:\/\/www.ceran.com\/fr\/?s={search_term_string}"},"query-input":{"@type":"PropertyValueSpecification","valueRequired":true,"valueName":"search_term_string"}}],"inLanguage":"fr-FR"},{"@type":"Organization","@id":"https:\/\/www.ceran.com\/fr\/#organization","name":"Ceran","url":"https:\/\/www.ceran.com\/fr\/","logo":{"@type":"ImageObject","inLanguage":"fr-FR","@id":"https:\/\/www.ceran.com\/fr\/#\/schema\/logo\/image\/","url":"https:\/\/www.ceran.com\/wp-content\/uploads\/2025\/06\/Logo-CERAN-16-x-16-pixels.svg","contentUrl":"https:\/\/www.ceran.com\/wp-content\/uploads\/2025\/06\/Logo-CERAN-16-x-16-pixels.svg","width":30,"height":30,"caption":"Ceran"},"image":{"@id":"https:\/\/www.ceran.com\/fr\/#\/schema\/logo\/image\/"}}]}},"_links":{"self":[{"href":"https:\/\/www.ceran.com\/fr\/wp-json\/wp\/v2\/pages\/14290","targetHints":{"allow":["GET"]}}],"collection":[{"href":"https:\/\/www.ceran.com\/fr\/wp-json\/wp\/v2\/pages"}],"about":[{"href":"https:\/\/www.ceran.com\/fr\/wp-json\/wp\/v2\/types\/page"}],"author":[{"embeddable":true,"href":"https:\/\/www.ceran.com\/fr\/wp-json\/wp\/v2\/users\/7"}],"replies":[{"embeddable":true,"href":"https:\/\/www.ceran.com\/fr\/wp-json\/wp\/v2\/comments?post=14290"}],"version-history":[{"count":5,"href":"https:\/\/www.ceran.com\/fr\/wp-json\/wp\/v2\/pages\/14290\/revisions"}],"predecessor-version":[{"id":61059,"href":"https:\/\/www.ceran.com\/fr\/wp-json\/wp\/v2\/pages\/14290\/revisions\/61059"}],"wp:attachment":[{"href":"https:\/\/www.ceran.com\/fr\/wp-json\/wp\/v2\/media?parent=14290"}],"curies":[{"name":"wp","href":"https:\/\/api.w.org\/{rel}","templated":true}]}}