{"id":19582,"date":"2022-03-03T10:14:22","date_gmt":"2022-03-03T09:14:22","guid":{"rendered":"https:\/\/www.ceran.com\/?page_id=19582"},"modified":"2023-10-23T12:12:48","modified_gmt":"2023-10-23T10:12:48","slug":"travailler-a-linternational","status":"publish","type":"page","link":"https:\/\/www.ceran.com\/fr\/comprendre-une-culture-formation-interculturelle\/travailler-a-linternational\/","title":{"rendered":"Travailler \u00e0 l&rsquo;international"},"content":{"rendered":"","protected":false},"excerpt":{"rendered":"","protected":false},"author":1,"featured_media":0,"parent":1059,"menu_order":0,"comment_status":"closed","ping_status":"closed","template":"page-choixniveau3.php","meta":{"_acf_changed":false,"_seopress_robots_primary_cat":"","_seopress_titles_title":"Formation sur la communication interculturelle \u00e0 l&#039;international","_seopress_titles_desc":"Vous travaillez \u00e0 l\u2019international mais vous n\u2019avez pas toutes les cl\u00e9s en main pour r\u00e9ussir ? CERAN vous accompagne grace \u00e0 nos formations de communication interculturelle et de Management international.","_seopress_robots_index":"","content-type":"","footnotes":""},"class_list":["post-19582","page","type-page","status-publish","hentry"],"acf":[],"yoast_head":"<!-- This site is optimized with the Yoast SEO plugin v27.6 - https:\/\/yoast.com\/product\/yoast-seo-wordpress\/ -->\n<title>Formation sur la communication interculturelle \u00e0 l&#039;international<\/title>\n<meta name=\"description\" content=\"Vous travaillez \u00e0 l\u2019international mais vous n\u2019avez pas toutes les cl\u00e9s en main pour r\u00e9ussir ? CERAN vous accompagne grace \u00e0 nos formations de communication interculturelle et de Management international.\" \/>\n<meta name=\"robots\" content=\"index, follow, max-snippet:-1, max-image-preview:large, max-video-preview:-1\" \/>\n<link rel=\"canonical\" href=\"https:\/\/www.ceran.com\/fr\/comprendre-une-culture-formation-interculturelle\/travailler-a-linternational\/\" \/>\n<meta property=\"og:locale\" content=\"fr_FR\" \/>\n<meta property=\"og:type\" content=\"article\" \/>\n<meta property=\"og:title\" content=\"Formation sur la communication interculturelle \u00e0 l&#039;international\" \/>\n<meta property=\"og:description\" content=\"Vous travaillez \u00e0 l\u2019international mais vous n\u2019avez pas toutes les cl\u00e9s en main pour r\u00e9ussir ? CERAN vous accompagne grace \u00e0 nos formations de communication interculturelle et de Management international.\" \/>\n<meta property=\"og:url\" content=\"https:\/\/www.ceran.com\/fr\/comprendre-une-culture-formation-interculturelle\/travailler-a-linternational\/\" \/>\n<meta property=\"og:site_name\" content=\"Ceran\" \/>\n<meta property=\"article:modified_time\" content=\"2023-10-23T10:12:48+00:00\" \/>\n<meta name=\"twitter:card\" content=\"summary_large_image\" \/>\n<script type=\"application\/ld+json\" class=\"yoast-schema-graph\">{\"@context\":\"https:\\\/\\\/schema.org\",\"@graph\":[{\"@type\":\"WebPage\",\"@id\":\"https:\\\/\\\/www.ceran.com\\\/fr\\\/comprendre-une-culture-formation-interculturelle\\\/travailler-a-linternational\\\/\",\"url\":\"https:\\\/\\\/www.ceran.com\\\/fr\\\/comprendre-une-culture-formation-interculturelle\\\/travailler-a-linternational\\\/\",\"name\":\"Formation sur la communication interculturelle \u00e0 l'international\",\"isPartOf\":{\"@id\":\"https:\\\/\\\/www.ceran.com\\\/fr\\\/#website\"},\"datePublished\":\"2022-03-03T09:14:22+00:00\",\"dateModified\":\"2023-10-23T10:12:48+00:00\",\"description\":\"Vous travaillez \u00e0 l\u2019international mais vous n\u2019avez pas toutes les cl\u00e9s en main pour r\u00e9ussir ? CERAN vous accompagne grace \u00e0 nos formations de communication interculturelle et de Management international.\",\"breadcrumb\":{\"@id\":\"https:\\\/\\\/www.ceran.com\\\/fr\\\/comprendre-une-culture-formation-interculturelle\\\/travailler-a-linternational\\\/#breadcrumb\"},\"inLanguage\":\"fr-FR\",\"potentialAction\":[{\"@type\":\"ReadAction\",\"target\":[\"https:\\\/\\\/www.ceran.com\\\/fr\\\/comprendre-une-culture-formation-interculturelle\\\/travailler-a-linternational\\\/\"]}]},{\"@type\":\"BreadcrumbList\",\"@id\":\"https:\\\/\\\/www.ceran.com\\\/fr\\\/comprendre-une-culture-formation-interculturelle\\\/travailler-a-linternational\\\/#breadcrumb\",\"itemListElement\":[{\"@type\":\"ListItem\",\"position\":1,\"name\":\"Accueil\",\"item\":\"https:\\\/\\\/www.ceran.com\\\/fr\\\/\"},{\"@type\":\"ListItem\",\"position\":2,\"name\":\"Comprendre une culture\",\"item\":\"https:\\\/\\\/www.ceran.com\\\/fr\\\/comprendre-une-culture-formation-interculturelle\\\/\"},{\"@type\":\"ListItem\",\"position\":3,\"name\":\"Travailler \u00e0 l&#8217;international\"}]},{\"@type\":\"WebSite\",\"@id\":\"https:\\\/\\\/www.ceran.com\\\/fr\\\/#website\",\"url\":\"https:\\\/\\\/www.ceran.com\\\/fr\\\/\",\"name\":\"Ceran\",\"description\":\"Des formations linguistiques et interculturelles qui vous ouvrent de nouveaux horizons\",\"publisher\":{\"@id\":\"https:\\\/\\\/www.ceran.com\\\/fr\\\/#organization\"},\"potentialAction\":[{\"@type\":\"SearchAction\",\"target\":{\"@type\":\"EntryPoint\",\"urlTemplate\":\"https:\\\/\\\/www.ceran.com\\\/fr\\\/?s={search_term_string}\"},\"query-input\":{\"@type\":\"PropertyValueSpecification\",\"valueRequired\":true,\"valueName\":\"search_term_string\"}}],\"inLanguage\":\"fr-FR\"},{\"@type\":\"Organization\",\"@id\":\"https:\\\/\\\/www.ceran.com\\\/fr\\\/#organization\",\"name\":\"Ceran\",\"url\":\"https:\\\/\\\/www.ceran.com\\\/fr\\\/\",\"logo\":{\"@type\":\"ImageObject\",\"inLanguage\":\"fr-FR\",\"@id\":\"https:\\\/\\\/www.ceran.com\\\/fr\\\/#\\\/schema\\\/logo\\\/image\\\/\",\"url\":\"https:\\\/\\\/www.ceran.com\\\/wp-content\\\/uploads\\\/2025\\\/06\\\/Logo-CERAN-16-x-16-pixels.svg\",\"contentUrl\":\"https:\\\/\\\/www.ceran.com\\\/wp-content\\\/uploads\\\/2025\\\/06\\\/Logo-CERAN-16-x-16-pixels.svg\",\"width\":30,\"height\":30,\"caption\":\"Ceran\"},\"image\":{\"@id\":\"https:\\\/\\\/www.ceran.com\\\/fr\\\/#\\\/schema\\\/logo\\\/image\\\/\"}}]}<\/script>\n<!-- \/ Yoast SEO plugin. -->","yoast_head_json":{"title":"Formation sur la communication interculturelle \u00e0 l'international","description":"Vous travaillez \u00e0 l\u2019international mais vous n\u2019avez pas toutes les cl\u00e9s en main pour r\u00e9ussir ? CERAN vous accompagne grace \u00e0 nos formations de communication interculturelle et de Management international.","robots":{"index":"index","follow":"follow","max-snippet":"max-snippet:-1","max-image-preview":"max-image-preview:large","max-video-preview":"max-video-preview:-1"},"canonical":"https:\/\/www.ceran.com\/fr\/comprendre-une-culture-formation-interculturelle\/travailler-a-linternational\/","og_locale":"fr_FR","og_type":"article","og_title":"Formation sur la communication interculturelle \u00e0 l'international","og_description":"Vous travaillez \u00e0 l\u2019international mais vous n\u2019avez pas toutes les cl\u00e9s en main pour r\u00e9ussir ? CERAN vous accompagne grace \u00e0 nos formations de communication interculturelle et de Management international.","og_url":"https:\/\/www.ceran.com\/fr\/comprendre-une-culture-formation-interculturelle\/travailler-a-linternational\/","og_site_name":"Ceran","article_modified_time":"2023-10-23T10:12:48+00:00","twitter_card":"summary_large_image","schema":{"@context":"https:\/\/schema.org","@graph":[{"@type":"WebPage","@id":"https:\/\/www.ceran.com\/fr\/comprendre-une-culture-formation-interculturelle\/travailler-a-linternational\/","url":"https:\/\/www.ceran.com\/fr\/comprendre-une-culture-formation-interculturelle\/travailler-a-linternational\/","name":"Formation sur la communication interculturelle \u00e0 l'international","isPartOf":{"@id":"https:\/\/www.ceran.com\/fr\/#website"},"datePublished":"2022-03-03T09:14:22+00:00","dateModified":"2023-10-23T10:12:48+00:00","description":"Vous travaillez \u00e0 l\u2019international mais vous n\u2019avez pas toutes les cl\u00e9s en main pour r\u00e9ussir ? CERAN vous accompagne grace \u00e0 nos formations de communication interculturelle et de Management international.","breadcrumb":{"@id":"https:\/\/www.ceran.com\/fr\/comprendre-une-culture-formation-interculturelle\/travailler-a-linternational\/#breadcrumb"},"inLanguage":"fr-FR","potentialAction":[{"@type":"ReadAction","target":["https:\/\/www.ceran.com\/fr\/comprendre-une-culture-formation-interculturelle\/travailler-a-linternational\/"]}]},{"@type":"BreadcrumbList","@id":"https:\/\/www.ceran.com\/fr\/comprendre-une-culture-formation-interculturelle\/travailler-a-linternational\/#breadcrumb","itemListElement":[{"@type":"ListItem","position":1,"name":"Accueil","item":"https:\/\/www.ceran.com\/fr\/"},{"@type":"ListItem","position":2,"name":"Comprendre une culture","item":"https:\/\/www.ceran.com\/fr\/comprendre-une-culture-formation-interculturelle\/"},{"@type":"ListItem","position":3,"name":"Travailler \u00e0 l&#8217;international"}]},{"@type":"WebSite","@id":"https:\/\/www.ceran.com\/fr\/#website","url":"https:\/\/www.ceran.com\/fr\/","name":"Ceran","description":"Des formations linguistiques et interculturelles qui vous ouvrent de nouveaux horizons","publisher":{"@id":"https:\/\/www.ceran.com\/fr\/#organization"},"potentialAction":[{"@type":"SearchAction","target":{"@type":"EntryPoint","urlTemplate":"https:\/\/www.ceran.com\/fr\/?s={search_term_string}"},"query-input":{"@type":"PropertyValueSpecification","valueRequired":true,"valueName":"search_term_string"}}],"inLanguage":"fr-FR"},{"@type":"Organization","@id":"https:\/\/www.ceran.com\/fr\/#organization","name":"Ceran","url":"https:\/\/www.ceran.com\/fr\/","logo":{"@type":"ImageObject","inLanguage":"fr-FR","@id":"https:\/\/www.ceran.com\/fr\/#\/schema\/logo\/image\/","url":"https:\/\/www.ceran.com\/wp-content\/uploads\/2025\/06\/Logo-CERAN-16-x-16-pixels.svg","contentUrl":"https:\/\/www.ceran.com\/wp-content\/uploads\/2025\/06\/Logo-CERAN-16-x-16-pixels.svg","width":30,"height":30,"caption":"Ceran"},"image":{"@id":"https:\/\/www.ceran.com\/fr\/#\/schema\/logo\/image\/"}}]}},"_links":{"self":[{"href":"https:\/\/www.ceran.com\/fr\/wp-json\/wp\/v2\/pages\/19582","targetHints":{"allow":["GET"]}}],"collection":[{"href":"https:\/\/www.ceran.com\/fr\/wp-json\/wp\/v2\/pages"}],"about":[{"href":"https:\/\/www.ceran.com\/fr\/wp-json\/wp\/v2\/types\/page"}],"author":[{"embeddable":true,"href":"https:\/\/www.ceran.com\/fr\/wp-json\/wp\/v2\/users\/1"}],"replies":[{"embeddable":true,"href":"https:\/\/www.ceran.com\/fr\/wp-json\/wp\/v2\/comments?post=19582"}],"version-history":[{"count":5,"href":"https:\/\/www.ceran.com\/fr\/wp-json\/wp\/v2\/pages\/19582\/revisions"}],"predecessor-version":[{"id":91056,"href":"https:\/\/www.ceran.com\/fr\/wp-json\/wp\/v2\/pages\/19582\/revisions\/91056"}],"up":[{"embeddable":true,"href":"https:\/\/www.ceran.com\/fr\/wp-json\/wp\/v2\/pages\/1059"}],"wp:attachment":[{"href":"https:\/\/www.ceran.com\/fr\/wp-json\/wp\/v2\/media?parent=19582"}],"curies":[{"name":"wp","href":"https:\/\/api.w.org\/{rel}","templated":true}]}}