{"id":57307,"date":"2022-07-08T13:48:40","date_gmt":"2022-07-08T11:48:40","guid":{"rendered":"https:\/\/www.ceran.com\/?page_id=57307"},"modified":"2024-10-03T10:47:28","modified_gmt":"2024-10-03T08:47:28","slug":"telechargement-brochures","status":"publish","type":"page","link":"https:\/\/www.ceran.com\/fr\/telechargement-brochures\/","title":{"rendered":"T\u00e9l\u00e9chargement brochures"},"content":{"rendered":"\t\t<div data-elementor-type=\"wp-page\" data-elementor-id=\"57307\" class=\"elementor elementor-57307\" data-elementor-post-type=\"page\">\n\t\t\t\t\t\t<section class=\"elementor-section elementor-top-section elementor-element elementor-element-b0f5969 elementor-section-boxed elementor-section-height-default elementor-section-height-default\" data-id=\"b0f5969\" data-element_type=\"section\" data-e-type=\"section\">\n\t\t\t\t\t\t<div class=\"elementor-container elementor-column-gap-default\">\n\t\t\t\t\t<div class=\"elementor-column elementor-col-100 elementor-top-column elementor-element elementor-element-96d6c9b\" data-id=\"96d6c9b\" data-element_type=\"column\" data-e-type=\"column\">\n\t\t\t<div class=\"elementor-widget-wrap elementor-element-populated\">\n\t\t\t\t\t\t<div class=\"elementor-element elementor-element-26b9800 elementor-widget elementor-widget-heading\" data-id=\"26b9800\" data-element_type=\"widget\" data-e-type=\"widget\" data-widget_type=\"heading.default\">\n\t\t\t\t<div class=\"elementor-widget-container\">\n\t\t\t\t\t<h2 class=\"elementor-heading-title elementor-size-default\">T\u00e9l\u00e9chargez nos brochures<\/h2>\t\t\t\t<\/div>\n\t\t\t\t<\/div>\n\t\t\t\t\t<\/div>\n\t\t<\/div>\n\t\t\t\t\t<\/div>\n\t\t<\/section>\n\t\t\t\t<section class=\"elementor-section elementor-top-section elementor-element elementor-element-bf8d31c elementor-section-boxed elementor-section-height-default elementor-section-height-default\" data-id=\"bf8d31c\" data-element_type=\"section\" data-e-type=\"section\">\n\t\t\t\t\t\t<div class=\"elementor-container elementor-column-gap-default\">\n\t\t\t\t\t<div class=\"elementor-column elementor-col-100 elementor-top-column elementor-element elementor-element-cc169ed\" data-id=\"cc169ed\" data-element_type=\"column\" data-e-type=\"column\">\n\t\t\t<div class=\"elementor-widget-wrap elementor-element-populated\">\n\t\t\t\t\t\t<div class=\"elementor-element elementor-element-60944db elementor-widget elementor-widget-text-editor\" data-id=\"60944db\" data-element_type=\"widget\" data-e-type=\"widget\" data-widget_type=\"text-editor.default\">\n\t\t\t\t<div class=\"elementor-widget-container\">\n\t\t\t\t\t\t\t\t\t<p>D\u00e9couvrez nos lieux d\u2019immersion exclusifs, nos programmes de langue reconnus depuis 1975 et l&rsquo;impact de notre m\u00e9thodologie brevet\u00e9e sur <b>vos progr\u00e8s rapides et votre confiance<\/b>. <span style=\"color: var( --e-global-color-text ); font-family: var( --e-global-typography-6816754-font-family ), Sans-serif; font-size: var( --e-global-typography-6816754-font-size ); letter-spacing: var( --e-global-typography-6816754-letter-spacing ); word-spacing: var( --e-global-typography-6816754-word-spacing ); background-color: var(--bs-body-bg);\">Votre r\u00e9ussite est notre objectif !\u00a0<\/span><\/p>\t\t\t\t\t\t\t\t<\/div>\n\t\t\t\t<\/div>\n\t\t\t\t\t<\/div>\n\t\t<\/div>\n\t\t\t\t\t<\/div>\n\t\t<\/section>\n\t\t\t\t<section class=\"elementor-section elementor-top-section elementor-element elementor-element-8ee6c61 elementor-section-boxed elementor-section-height-default elementor-section-height-default\" data-id=\"8ee6c61\" data-element_type=\"section\" data-e-type=\"section\">\n\t\t\t\t\t\t<div class=\"elementor-container elementor-column-gap-default\">\n\t\t\t\t\t<div class=\"elementor-column elementor-col-100 elementor-top-column elementor-element elementor-element-3c3ad85\" data-id=\"3c3ad85\" data-element_type=\"column\" data-e-type=\"column\">\n\t\t\t<div class=\"elementor-widget-wrap elementor-element-populated\">\n\t\t\t\t\t\t<div class=\"elementor-element elementor-element-0c5f68f elementor-widget elementor-widget-heading\" data-id=\"0c5f68f\" data-element_type=\"widget\" data-e-type=\"widget\" data-widget_type=\"heading.default\">\n\t\t\t\t<div class=\"elementor-widget-container\">\n\t\t\t\t\t<h2 class=\"elementor-heading-title elementor-size-default\">Vous \u00eates satisfait.e ou reform\u00e9.e gratuitement<\/h2>\t\t\t\t<\/div>\n\t\t\t\t<\/div>\n\t\t\t\t\t<\/div>\n\t\t<\/div>\n\t\t\t\t\t<\/div>\n\t\t<\/section>\n\t\t\t\t<section class=\"elementor-section elementor-top-section elementor-element elementor-element-0060f1a elementor-section-boxed elementor-section-height-default elementor-section-height-default\" data-id=\"0060f1a\" data-element_type=\"section\" data-e-type=\"section\">\n\t\t\t\t\t\t<div class=\"elementor-container elementor-column-gap-default\">\n\t\t\t\t\t<div class=\"elementor-column elementor-col-33 elementor-top-column elementor-element elementor-element-bcfb859\" data-id=\"bcfb859\" data-element_type=\"column\" data-e-type=\"column\">\n\t\t\t<div class=\"elementor-widget-wrap elementor-element-populated\">\n\t\t\t\t\t\t<div class=\"elementor-element elementor-element-e3d8ecb elementor-widget elementor-widget-image\" data-id=\"e3d8ecb\" data-element_type=\"widget\" data-e-type=\"widget\" data-widget_type=\"image.default\">\n\t\t\t\t<div class=\"elementor-widget-container\">\n\t\t\t\t\t\t\t\t\t\t\t\t\t\t\t\t<a href=\"https:\/\/info.ceran.com\/fr\/brochure-institute\">\n\t\t\t\t\t\t\t<img fetchpriority=\"high\" decoding=\"async\" width=\"640\" height=\"427\" src=\"https:\/\/www.ceran.com\/wp-content\/uploads\/2022\/05\/Chateauform-Learning-Center-des-Docks-de-Paris-1-1024x683.jpg\" class=\"attachment-large size-large wp-image-55789\" alt=\"apprendre l&#039;anglais avec Ceran\" srcset=\"https:\/\/www.ceran.com\/wp-content\/uploads\/2022\/05\/Chateauform-Learning-Center-des-Docks-de-Paris-1-1024x683.jpg 1024w, https:\/\/www.ceran.com\/wp-content\/uploads\/2022\/05\/Chateauform-Learning-Center-des-Docks-de-Paris-1-300x200.jpg 300w, https:\/\/www.ceran.com\/wp-content\/uploads\/2022\/05\/Chateauform-Learning-Center-des-Docks-de-Paris-1-768x512.jpg 768w, https:\/\/www.ceran.com\/wp-content\/uploads\/2022\/05\/Chateauform-Learning-Center-des-Docks-de-Paris-1-1536x1024.jpg 1536w, https:\/\/www.ceran.com\/wp-content\/uploads\/2022\/05\/Chateauform-Learning-Center-des-Docks-de-Paris-1.jpg 1620w\" sizes=\"(max-width: 640px) 100vw, 640px\" \/>\t\t\t\t\t\t\t\t<\/a>\n\t\t\t\t\t\t\t\t\t\t\t\t\t\t\t<\/div>\n\t\t\t\t<\/div>\n\t\t\t\t<div class=\"elementor-element elementor-element-ceran_block-info elementor-widget elementor-widget-ceran_block-info\" data-id=\"ceran_block-info\" data-element_type=\"widget\" data-e-type=\"widget\" data-widget_type=\"ceran_block-info.default\">\n\t\t\t\t<div class=\"elementor-widget-container\">\n\t\t\t\t\t<div class=\"container\"><div class=\"wrapper\"><span class=\"svg-forme\" style=\"background-image: url()\"><\/span><h2 class=\"title\"><\/h2><div class=\"text\"><\/div><a class=\"ax-btn btn-arrow\" href=\"https:\/\/info.ceran.com\/fr\/brochure-institute\" >Adultes professionnels & priv\u00e9s<\/a><\/div><\/div>\t\t\t\t<\/div>\n\t\t\t\t<\/div>\n\t\t\t\t\t<\/div>\n\t\t<\/div>\n\t\t\t\t<div class=\"elementor-column elementor-col-33 elementor-top-column elementor-element elementor-element-2cecd65\" data-id=\"2cecd65\" data-element_type=\"column\" data-e-type=\"column\">\n\t\t\t<div class=\"elementor-widget-wrap elementor-element-populated\">\n\t\t\t\t\t\t<div class=\"elementor-element elementor-element-4447190 elementor-widget elementor-widget-image\" data-id=\"4447190\" data-element_type=\"widget\" data-e-type=\"widget\" data-widget_type=\"image.default\">\n\t\t\t\t<div class=\"elementor-widget-container\">\n\t\t\t\t\t\t\t\t\t\t\t\t\t\t\t\t<a href=\"https:\/\/info.ceran.com\/fr\/fr\/brochure-academy-jeunes\">\n\t\t\t\t\t\t\t<img decoding=\"async\" width=\"602\" height=\"422\" src=\"https:\/\/www.ceran.com\/wp-content\/uploads\/2023\/11\/Jeune-adulte-3-1.webp\" class=\"attachment-large size-large wp-image-93317\" alt=\"stage langue Jeune adulte Belgique\" srcset=\"https:\/\/www.ceran.com\/wp-content\/uploads\/2023\/11\/Jeune-adulte-3-1.webp 602w, https:\/\/www.ceran.com\/wp-content\/uploads\/2023\/11\/Jeune-adulte-3-1-300x210.webp 300w\" sizes=\"(max-width: 602px) 100vw, 602px\" \/>\t\t\t\t\t\t\t\t<\/a>\n\t\t\t\t\t\t\t\t\t\t\t\t\t\t\t<\/div>\n\t\t\t\t<\/div>\n\t\t\t\t<div class=\"elementor-element elementor-element-ceran_block-info elementor-widget elementor-widget-ceran_block-info\" data-id=\"ceran_block-info\" data-element_type=\"widget\" data-e-type=\"widget\" data-widget_type=\"ceran_block-info.default\">\n\t\t\t\t<div class=\"elementor-widget-container\">\n\t\t\t\t\t<div class=\"container\"><div class=\"wrapper\"><span class=\"svg-forme\" style=\"background-image: url()\"><\/span><h2 class=\"title\"><\/h2><div class=\"text\"><\/div><a class=\"ax-btn btn-arrow\" href=\"https:\/\/info.ceran.com\/fr\/fr\/brochure-academy-jeunes\" >Jeunes adultes de 18 \u00e0 25 ans <\/a><\/div><\/div>\t\t\t\t<\/div>\n\t\t\t\t<\/div>\n\t\t\t\t\t<\/div>\n\t\t<\/div>\n\t\t\t\t<div class=\"elementor-column elementor-col-33 elementor-top-column elementor-element elementor-element-01ff4f0\" data-id=\"01ff4f0\" data-element_type=\"column\" data-e-type=\"column\">\n\t\t\t<div class=\"elementor-widget-wrap elementor-element-populated\">\n\t\t\t\t\t\t<div class=\"elementor-element elementor-element-9fc3621 elementor-widget elementor-widget-image\" data-id=\"9fc3621\" data-element_type=\"widget\" data-e-type=\"widget\" data-widget_type=\"image.default\">\n\t\t\t\t<div class=\"elementor-widget-container\">\n\t\t\t\t\t\t\t\t\t\t\t\t\t\t\t\t<a href=\"https:\/\/info.ceran.com\/fr\/brochure-academy-parents\" rel=\"nofollow\">\n\t\t\t\t\t\t\t<img decoding=\"async\" width=\"602\" height=\"422\" src=\"https:\/\/www.ceran.com\/wp-content\/uploads\/2023\/11\/Enfant.webp\" class=\"attachment-large size-large wp-image-93325\" alt=\"\" srcset=\"https:\/\/www.ceran.com\/wp-content\/uploads\/2023\/11\/Enfant.webp 602w, https:\/\/www.ceran.com\/wp-content\/uploads\/2023\/11\/Enfant-300x210.webp 300w\" sizes=\"(max-width: 602px) 100vw, 602px\" \/>\t\t\t\t\t\t\t\t<\/a>\n\t\t\t\t\t\t\t\t\t\t\t\t\t\t\t<\/div>\n\t\t\t\t<\/div>\n\t\t\t\t<div class=\"elementor-element elementor-element-ceran_block-info elementor-widget elementor-widget-ceran_block-info\" data-id=\"ceran_block-info\" data-element_type=\"widget\" data-e-type=\"widget\" data-widget_type=\"ceran_block-info.default\">\n\t\t\t\t<div class=\"elementor-widget-container\">\n\t\t\t\t\t<div class=\"container\"><div class=\"wrapper\"><span class=\"svg-forme\" style=\"background-image: url()\"><\/span><h2 class=\"title\"><\/h2><div class=\"text\"><\/div><a class=\"ax-btn btn-arrow\" href=\"https:\/\/info.ceran.com\/fr\/brochure-academy-parents\" >Juniors de 9 \u00e0 17 ans<\/a><\/div><\/div>\t\t\t\t<\/div>\n\t\t\t\t<\/div>\n\t\t\t\t\t<\/div>\n\t\t<\/div>\n\t\t\t\t\t<\/div>\n\t\t<\/section>\n\t\t\t\t<\/div>\n\t\t","protected":false},"excerpt":{"rendered":"<p>T\u00e9l\u00e9chargez nos brochures D\u00e9couvrez nos lieux d\u2019immersion exclusifs, nos programmes de langue reconnus depuis 1975 et l&rsquo;impact de notre m\u00e9thodologie brevet\u00e9e sur vos progr\u00e8s rapides et votre confiance. Votre r\u00e9ussite est notre objectif !\u00a0 Vous \u00eates satisfait.e ou reform\u00e9.e gratuitement Adultes professionnels &#038; priv\u00e9s Jeunes adultes de 18 \u00e0 25 ans Juniors de 9 \u00e0 [&hellip;]<\/p>\n","protected":false},"author":17,"featured_media":0,"parent":0,"menu_order":0,"comment_status":"closed","ping_status":"closed","template":"","meta":{"_acf_changed":false,"_seopress_robots_primary_cat":"","_seopress_titles_title":"","_seopress_titles_desc":"","_seopress_robots_index":"","content-type":"","footnotes":""},"class_list":["post-57307","page","type-page","status-publish","hentry"],"acf":[],"yoast_head":"<!-- This site is optimized with the Yoast SEO plugin v27.4 - https:\/\/yoast.com\/product\/yoast-seo-wordpress\/ -->\n<title>T\u00e9l\u00e9chargement brochures - Ceran<\/title>\n<meta name=\"robots\" content=\"index, follow, max-snippet:-1, max-image-preview:large, max-video-preview:-1\" \/>\n<link rel=\"canonical\" href=\"https:\/\/www.ceran.com\/fr\/telechargement-brochures\/\" \/>\n<meta property=\"og:locale\" content=\"fr_FR\" \/>\n<meta property=\"og:type\" content=\"article\" \/>\n<meta property=\"og:title\" content=\"T\u00e9l\u00e9chargement brochures - Ceran\" \/>\n<meta property=\"og:description\" content=\"T\u00e9l\u00e9chargez nos brochures D\u00e9couvrez nos lieux d\u2019immersion exclusifs, nos programmes de langue reconnus depuis 1975 et l&rsquo;impact de notre m\u00e9thodologie brevet\u00e9e sur vos progr\u00e8s rapides et votre confiance. Votre r\u00e9ussite est notre objectif !\u00a0 Vous \u00eates satisfait.e ou reform\u00e9.e gratuitement Adultes professionnels &#038; priv\u00e9s Jeunes adultes de 18 \u00e0 25 ans Juniors de 9 \u00e0 [&hellip;]\" \/>\n<meta property=\"og:url\" content=\"https:\/\/www.ceran.com\/fr\/telechargement-brochures\/\" \/>\n<meta property=\"og:site_name\" content=\"Ceran\" \/>\n<meta property=\"article:modified_time\" content=\"2024-10-03T08:47:28+00:00\" \/>\n<meta property=\"og:image\" content=\"https:\/\/www.ceran.com\/wp-content\/uploads\/2022\/05\/Chateauform-Learning-Center-des-Docks-de-Paris-1-1024x683.jpg\" \/>\n<meta name=\"twitter:card\" content=\"summary_large_image\" \/>\n<script type=\"application\/ld+json\" class=\"yoast-schema-graph\">{\"@context\":\"https:\\\/\\\/schema.org\",\"@graph\":[{\"@type\":\"WebPage\",\"@id\":\"https:\\\/\\\/www.ceran.com\\\/fr\\\/telechargement-brochures\\\/\",\"url\":\"https:\\\/\\\/www.ceran.com\\\/fr\\\/telechargement-brochures\\\/\",\"name\":\"T\u00e9l\u00e9chargement brochures - Ceran\",\"isPartOf\":{\"@id\":\"https:\\\/\\\/www.ceran.com\\\/fr\\\/#website\"},\"primaryImageOfPage\":{\"@id\":\"https:\\\/\\\/www.ceran.com\\\/fr\\\/telechargement-brochures\\\/#primaryimage\"},\"image\":{\"@id\":\"https:\\\/\\\/www.ceran.com\\\/fr\\\/telechargement-brochures\\\/#primaryimage\"},\"thumbnailUrl\":\"https:\\\/\\\/www.ceran.com\\\/wp-content\\\/uploads\\\/2022\\\/05\\\/Chateauform-Learning-Center-des-Docks-de-Paris-1-1024x683.jpg\",\"datePublished\":\"2022-07-08T11:48:40+00:00\",\"dateModified\":\"2024-10-03T08:47:28+00:00\",\"breadcrumb\":{\"@id\":\"https:\\\/\\\/www.ceran.com\\\/fr\\\/telechargement-brochures\\\/#breadcrumb\"},\"inLanguage\":\"fr-FR\",\"potentialAction\":[{\"@type\":\"ReadAction\",\"target\":[\"https:\\\/\\\/www.ceran.com\\\/fr\\\/telechargement-brochures\\\/\"]}]},{\"@type\":\"ImageObject\",\"inLanguage\":\"fr-FR\",\"@id\":\"https:\\\/\\\/www.ceran.com\\\/fr\\\/telechargement-brochures\\\/#primaryimage\",\"url\":\"https:\\\/\\\/www.ceran.com\\\/wp-content\\\/uploads\\\/2022\\\/05\\\/Chateauform-Learning-Center-des-Docks-de-Paris-1-1024x683.jpg\",\"contentUrl\":\"https:\\\/\\\/www.ceran.com\\\/wp-content\\\/uploads\\\/2022\\\/05\\\/Chateauform-Learning-Center-des-Docks-de-Paris-1-1024x683.jpg\"},{\"@type\":\"BreadcrumbList\",\"@id\":\"https:\\\/\\\/www.ceran.com\\\/fr\\\/telechargement-brochures\\\/#breadcrumb\",\"itemListElement\":[{\"@type\":\"ListItem\",\"position\":1,\"name\":\"Accueil\",\"item\":\"https:\\\/\\\/www.ceran.com\\\/fr\\\/\"},{\"@type\":\"ListItem\",\"position\":2,\"name\":\"T\u00e9l\u00e9chargement brochures\"}]},{\"@type\":\"WebSite\",\"@id\":\"https:\\\/\\\/www.ceran.com\\\/fr\\\/#website\",\"url\":\"https:\\\/\\\/www.ceran.com\\\/fr\\\/\",\"name\":\"Ceran\",\"description\":\"Des formations linguistiques et interculturelles qui vous ouvrent de nouveaux horizons\",\"publisher\":{\"@id\":\"https:\\\/\\\/www.ceran.com\\\/fr\\\/#organization\"},\"potentialAction\":[{\"@type\":\"SearchAction\",\"target\":{\"@type\":\"EntryPoint\",\"urlTemplate\":\"https:\\\/\\\/www.ceran.com\\\/fr\\\/?s={search_term_string}\"},\"query-input\":{\"@type\":\"PropertyValueSpecification\",\"valueRequired\":true,\"valueName\":\"search_term_string\"}}],\"inLanguage\":\"fr-FR\"},{\"@type\":\"Organization\",\"@id\":\"https:\\\/\\\/www.ceran.com\\\/fr\\\/#organization\",\"name\":\"Ceran\",\"url\":\"https:\\\/\\\/www.ceran.com\\\/fr\\\/\",\"logo\":{\"@type\":\"ImageObject\",\"inLanguage\":\"fr-FR\",\"@id\":\"https:\\\/\\\/www.ceran.com\\\/fr\\\/#\\\/schema\\\/logo\\\/image\\\/\",\"url\":\"https:\\\/\\\/www.ceran.com\\\/wp-content\\\/uploads\\\/2025\\\/06\\\/Logo-CERAN-16-x-16-pixels.svg\",\"contentUrl\":\"https:\\\/\\\/www.ceran.com\\\/wp-content\\\/uploads\\\/2025\\\/06\\\/Logo-CERAN-16-x-16-pixels.svg\",\"width\":30,\"height\":30,\"caption\":\"Ceran\"},\"image\":{\"@id\":\"https:\\\/\\\/www.ceran.com\\\/fr\\\/#\\\/schema\\\/logo\\\/image\\\/\"}}]}<\/script>\n<!-- \/ Yoast SEO plugin. -->","yoast_head_json":{"title":"T\u00e9l\u00e9chargement brochures - Ceran","robots":{"index":"index","follow":"follow","max-snippet":"max-snippet:-1","max-image-preview":"max-image-preview:large","max-video-preview":"max-video-preview:-1"},"canonical":"https:\/\/www.ceran.com\/fr\/telechargement-brochures\/","og_locale":"fr_FR","og_type":"article","og_title":"T\u00e9l\u00e9chargement brochures - Ceran","og_description":"T\u00e9l\u00e9chargez nos brochures D\u00e9couvrez nos lieux d\u2019immersion exclusifs, nos programmes de langue reconnus depuis 1975 et l&rsquo;impact de notre m\u00e9thodologie brevet\u00e9e sur vos progr\u00e8s rapides et votre confiance. Votre r\u00e9ussite est notre objectif !\u00a0 Vous \u00eates satisfait.e ou reform\u00e9.e gratuitement Adultes professionnels &#038; priv\u00e9s Jeunes adultes de 18 \u00e0 25 ans Juniors de 9 \u00e0 [&hellip;]","og_url":"https:\/\/www.ceran.com\/fr\/telechargement-brochures\/","og_site_name":"Ceran","article_modified_time":"2024-10-03T08:47:28+00:00","og_image":[{"url":"https:\/\/www.ceran.com\/wp-content\/uploads\/2022\/05\/Chateauform-Learning-Center-des-Docks-de-Paris-1-1024x683.jpg","type":"","width":"","height":""}],"twitter_card":"summary_large_image","schema":{"@context":"https:\/\/schema.org","@graph":[{"@type":"WebPage","@id":"https:\/\/www.ceran.com\/fr\/telechargement-brochures\/","url":"https:\/\/www.ceran.com\/fr\/telechargement-brochures\/","name":"T\u00e9l\u00e9chargement brochures - Ceran","isPartOf":{"@id":"https:\/\/www.ceran.com\/fr\/#website"},"primaryImageOfPage":{"@id":"https:\/\/www.ceran.com\/fr\/telechargement-brochures\/#primaryimage"},"image":{"@id":"https:\/\/www.ceran.com\/fr\/telechargement-brochures\/#primaryimage"},"thumbnailUrl":"https:\/\/www.ceran.com\/wp-content\/uploads\/2022\/05\/Chateauform-Learning-Center-des-Docks-de-Paris-1-1024x683.jpg","datePublished":"2022-07-08T11:48:40+00:00","dateModified":"2024-10-03T08:47:28+00:00","breadcrumb":{"@id":"https:\/\/www.ceran.com\/fr\/telechargement-brochures\/#breadcrumb"},"inLanguage":"fr-FR","potentialAction":[{"@type":"ReadAction","target":["https:\/\/www.ceran.com\/fr\/telechargement-brochures\/"]}]},{"@type":"ImageObject","inLanguage":"fr-FR","@id":"https:\/\/www.ceran.com\/fr\/telechargement-brochures\/#primaryimage","url":"https:\/\/www.ceran.com\/wp-content\/uploads\/2022\/05\/Chateauform-Learning-Center-des-Docks-de-Paris-1-1024x683.jpg","contentUrl":"https:\/\/www.ceran.com\/wp-content\/uploads\/2022\/05\/Chateauform-Learning-Center-des-Docks-de-Paris-1-1024x683.jpg"},{"@type":"BreadcrumbList","@id":"https:\/\/www.ceran.com\/fr\/telechargement-brochures\/#breadcrumb","itemListElement":[{"@type":"ListItem","position":1,"name":"Accueil","item":"https:\/\/www.ceran.com\/fr\/"},{"@type":"ListItem","position":2,"name":"T\u00e9l\u00e9chargement brochures"}]},{"@type":"WebSite","@id":"https:\/\/www.ceran.com\/fr\/#website","url":"https:\/\/www.ceran.com\/fr\/","name":"Ceran","description":"Des formations linguistiques et interculturelles qui vous ouvrent de nouveaux horizons","publisher":{"@id":"https:\/\/www.ceran.com\/fr\/#organization"},"potentialAction":[{"@type":"SearchAction","target":{"@type":"EntryPoint","urlTemplate":"https:\/\/www.ceran.com\/fr\/?s={search_term_string}"},"query-input":{"@type":"PropertyValueSpecification","valueRequired":true,"valueName":"search_term_string"}}],"inLanguage":"fr-FR"},{"@type":"Organization","@id":"https:\/\/www.ceran.com\/fr\/#organization","name":"Ceran","url":"https:\/\/www.ceran.com\/fr\/","logo":{"@type":"ImageObject","inLanguage":"fr-FR","@id":"https:\/\/www.ceran.com\/fr\/#\/schema\/logo\/image\/","url":"https:\/\/www.ceran.com\/wp-content\/uploads\/2025\/06\/Logo-CERAN-16-x-16-pixels.svg","contentUrl":"https:\/\/www.ceran.com\/wp-content\/uploads\/2025\/06\/Logo-CERAN-16-x-16-pixels.svg","width":30,"height":30,"caption":"Ceran"},"image":{"@id":"https:\/\/www.ceran.com\/fr\/#\/schema\/logo\/image\/"}}]}},"_links":{"self":[{"href":"https:\/\/www.ceran.com\/fr\/wp-json\/wp\/v2\/pages\/57307","targetHints":{"allow":["GET"]}}],"collection":[{"href":"https:\/\/www.ceran.com\/fr\/wp-json\/wp\/v2\/pages"}],"about":[{"href":"https:\/\/www.ceran.com\/fr\/wp-json\/wp\/v2\/types\/page"}],"author":[{"embeddable":true,"href":"https:\/\/www.ceran.com\/fr\/wp-json\/wp\/v2\/users\/17"}],"replies":[{"embeddable":true,"href":"https:\/\/www.ceran.com\/fr\/wp-json\/wp\/v2\/comments?post=57307"}],"version-history":[{"count":29,"href":"https:\/\/www.ceran.com\/fr\/wp-json\/wp\/v2\/pages\/57307\/revisions"}],"predecessor-version":[{"id":104654,"href":"https:\/\/www.ceran.com\/fr\/wp-json\/wp\/v2\/pages\/57307\/revisions\/104654"}],"wp:attachment":[{"href":"https:\/\/www.ceran.com\/fr\/wp-json\/wp\/v2\/media?parent=57307"}],"curies":[{"name":"wp","href":"https:\/\/api.w.org\/{rel}","templated":true}]}}