{"id":58791,"date":"2022-08-08T11:16:20","date_gmt":"2022-08-08T09:16:20","guid":{"rendered":"https:\/\/www.ceran.com\/?page_id=58791"},"modified":"2023-10-23T09:47:34","modified_gmt":"2023-10-23T07:47:34","slug":"accessibilite","status":"publish","type":"page","link":"https:\/\/www.ceran.com\/fr\/accessibilite\/","title":{"rendered":"Accessibilit\u00e9"},"content":{"rendered":"\t\t<div data-elementor-type=\"wp-page\" data-elementor-id=\"58791\" class=\"elementor elementor-58791\" data-elementor-post-type=\"page\">\n\t\t\t\t\t\t<section class=\"elementor-section elementor-top-section elementor-element elementor-element-c63042b elementor-section-boxed elementor-section-height-default elementor-section-height-default\" data-id=\"c63042b\" data-element_type=\"section\" data-e-type=\"section\">\n\t\t\t\t\t\t<div class=\"elementor-container elementor-column-gap-default\">\n\t\t\t\t\t<div class=\"elementor-column elementor-col-100 elementor-top-column elementor-element elementor-element-8fdd816\" data-id=\"8fdd816\" data-element_type=\"column\" data-e-type=\"column\">\n\t\t\t<div class=\"elementor-widget-wrap elementor-element-populated\">\n\t\t\t\t\t\t<div class=\"elementor-element elementor-element-double-colonne-texte elementor-widget elementor-widget-double-colonne-texte\" data-id=\"double-colonne-texte\" data-element_type=\"widget\" data-e-type=\"widget\" data-widget_type=\"double-colonne-texte.default\">\n\t\t\t\t<div class=\"elementor-widget-container\">\n\t\t\t\t\t<div class=\"widget-column  \"><div class=\"wrapper-column\"><div class=\"corner corner-right-top-bottom\"><div class=\"corner-content\"><h1 class=\"ax-title mb-5\">Accessibilit\u00e9<\/h1><div class=\"bottom-block row\"><div class=\"bottom-block-img col-6\"><img decoding=\"async\" width=\"126\" height=\"90\" src=\"https:\/\/www.ceran.com\/wp-content\/uploads\/2022\/01\/Union-3.png\" class=\"attachment-thumbnail size-thumbnail\" alt=\"\" \/><\/div><div class=\"bottom-block-links col-6 d-flex flex-column\"><a href=\"mailto:sbkirtane@ceran.com?subject=demande information\/besoin sp\u00e9cifique\" class=\"ax-btn btn-mail-black mb-2\" >Contactez-nous<\/a><\/div><\/div><\/div><\/div><\/div><div class=\"wrapper-column\"><div class=\"corner corner-left-top-bottom\" style=\" display: flex; align-items: center;\"><div class=\"corner-content\"><p><strong>L'accessibilit\u00e9<\/strong> de nos lieux de formation est \u00e9galement une composante majeure dans l'accueil de nos Apprenants. C\u2019est la raison pour laquelle <strong>nous optimisons tout le confort et les infrastructures n\u00e9cessaires<\/strong> \u00e0 l\u2019accueil de ces personnes dans nos lieux de fomation. Particuli\u00e8rement en France, un registre d\u2019accessibilit\u00e9 CERAN est \u00e0 la disposition de ce public.<\/p><\/div><\/div><\/div><\/div>\t\t\t\t<\/div>\n\t\t\t\t<\/div>\n\t\t\t\t\t<\/div>\n\t\t<\/div>\n\t\t\t\t\t<\/div>\n\t\t<\/section>\n\t\t\t\t<section class=\"elementor-section elementor-top-section elementor-element elementor-element-4486a4b elementor-section-boxed elementor-section-height-default elementor-section-height-default\" data-id=\"4486a4b\" data-element_type=\"section\" data-e-type=\"section\">\n\t\t\t\t\t\t<div class=\"elementor-container elementor-column-gap-default\">\n\t\t\t\t\t<div class=\"elementor-column elementor-col-100 elementor-top-column elementor-element elementor-element-a8c6ce8\" data-id=\"a8c6ce8\" data-element_type=\"column\" data-e-type=\"column\">\n\t\t\t<div class=\"elementor-widget-wrap elementor-element-populated\">\n\t\t\t\t\t\t<div class=\"elementor-element elementor-element-ceran-title-icon elementor-widget elementor-widget-ceran-title-icon\" data-id=\"ceran-title-icon\" data-element_type=\"widget\" data-e-type=\"widget\" data-widget_type=\"ceran-title-icon.default\">\n\t\t\t\t<div class=\"elementor-widget-container\">\n\t\t\t\t\t<h2 class=\"ax-title-icon\"><div class=\"ax-title-icons bleu-rouge \"> Accessibilit\u00e9 <\/div><\/h2>\t\t\t\t<\/div>\n\t\t\t\t<\/div>\n\t\t\t\t<div class=\"elementor-element elementor-element-fbb9807 elementor-widget elementor-widget-text-editor\" data-id=\"fbb9807\" data-element_type=\"widget\" data-e-type=\"widget\" data-widget_type=\"text-editor.default\">\n\t\t\t\t<div class=\"elementor-widget-container\">\n\t\t\t\t\t\t\t\t\t<p>L&rsquo;accessibilit\u00e9 de nos lieux de formation \u00e0 toute personne en situation de handicap est \u00e9galement un crit\u00e8re important. C&rsquo;est la raison pour laquelle nous optimisons tout le confort et les infrastructures n\u00e9cessaires \u00e0 l&rsquo;accueil de ces personnes dans nos lieux de fomation. Particuli\u00e8rement en France, un registre d&rsquo;accessibilit\u00e9 CERAN est \u00e0 la disposition de ce public.<\/p>\t\t\t\t\t\t\t\t<\/div>\n\t\t\t\t<\/div>\n\t\t\t\t\t<\/div>\n\t\t<\/div>\n\t\t\t\t\t<\/div>\n\t\t<\/section>\n\t\t\t\t<section class=\"elementor-section elementor-top-section elementor-element elementor-element-a78b187 elementor-section-boxed elementor-section-height-default elementor-section-height-default\" data-id=\"a78b187\" data-element_type=\"section\" data-e-type=\"section\">\n\t\t\t\t\t\t<div class=\"elementor-container elementor-column-gap-default\">\n\t\t\t\t\t<div class=\"elementor-column elementor-col-16 elementor-top-column elementor-element elementor-element-6e7e1d6\" data-id=\"6e7e1d6\" data-element_type=\"column\" data-e-type=\"column\">\n\t\t\t<div class=\"elementor-widget-wrap elementor-element-populated\">\n\t\t\t\t\t\t<div class=\"elementor-element elementor-element-30ebfbf elementor-widget elementor-widget-image\" data-id=\"30ebfbf\" data-element_type=\"widget\" data-e-type=\"widget\" data-widget_type=\"image.default\">\n\t\t\t\t<div class=\"elementor-widget-container\">\n\t\t\t\t\t\t\t\t\t\t\t\t\t\t\t<img fetchpriority=\"high\" decoding=\"async\" width=\"300\" height=\"253\" src=\"https:\/\/www.ceran.com\/wp-content\/uploads\/2022\/02\/Accessibilite-1-300x253.png\" class=\"attachment-medium size-medium wp-image-10333\" alt=\"\" srcset=\"https:\/\/www.ceran.com\/wp-content\/uploads\/2022\/02\/Accessibilite-1-300x253.png 300w, https:\/\/www.ceran.com\/wp-content\/uploads\/2022\/02\/Accessibilite-1.png 339w\" sizes=\"(max-width: 300px) 100vw, 300px\" \/>\t\t\t\t\t\t\t\t\t\t\t\t\t\t\t<\/div>\n\t\t\t\t<\/div>\n\t\t\t\t\t<\/div>\n\t\t<\/div>\n\t\t\t\t<div class=\"elementor-column elementor-col-16 elementor-top-column elementor-element elementor-element-280a92e\" data-id=\"280a92e\" data-element_type=\"column\" data-e-type=\"column\">\n\t\t\t<div class=\"elementor-widget-wrap elementor-element-populated\">\n\t\t\t\t\t\t<div class=\"elementor-element elementor-element-a92e6f6 elementor-widget elementor-widget-image\" data-id=\"a92e6f6\" data-element_type=\"widget\" data-e-type=\"widget\" data-widget_type=\"image.default\">\n\t\t\t\t<div class=\"elementor-widget-container\">\n\t\t\t\t\t\t\t\t\t\t\t\t\t\t\t<img decoding=\"async\" width=\"280\" height=\"300\" src=\"https:\/\/www.ceran.com\/wp-content\/uploads\/2022\/02\/accessibilite-2-280x300.png\" class=\"attachment-medium size-medium wp-image-10329\" alt=\"\" srcset=\"https:\/\/www.ceran.com\/wp-content\/uploads\/2022\/02\/accessibilite-2-280x300.png 280w, https:\/\/www.ceran.com\/wp-content\/uploads\/2022\/02\/accessibilite-2.png 291w\" sizes=\"(max-width: 280px) 100vw, 280px\" \/>\t\t\t\t\t\t\t\t\t\t\t\t\t\t\t<\/div>\n\t\t\t\t<\/div>\n\t\t\t\t\t<\/div>\n\t\t<\/div>\n\t\t\t\t<div class=\"elementor-column elementor-col-16 elementor-top-column elementor-element elementor-element-a419ec4\" data-id=\"a419ec4\" data-element_type=\"column\" data-e-type=\"column\">\n\t\t\t<div class=\"elementor-widget-wrap elementor-element-populated\">\n\t\t\t\t\t\t<div class=\"elementor-element elementor-element-dd7145a elementor-widget elementor-widget-image\" data-id=\"dd7145a\" data-element_type=\"widget\" data-e-type=\"widget\" data-widget_type=\"image.default\">\n\t\t\t\t<div class=\"elementor-widget-container\">\n\t\t\t\t\t\t\t\t\t\t\t\t\t\t\t<img loading=\"lazy\" decoding=\"async\" width=\"206\" height=\"300\" src=\"https:\/\/www.ceran.com\/wp-content\/uploads\/2022\/02\/accessibilite-3-206x300.png\" class=\"attachment-medium size-medium wp-image-10341\" alt=\"\" srcset=\"https:\/\/www.ceran.com\/wp-content\/uploads\/2022\/02\/accessibilite-3-206x300.png 206w, https:\/\/www.ceran.com\/wp-content\/uploads\/2022\/02\/accessibilite-3.png 262w\" sizes=\"(max-width: 206px) 100vw, 206px\" \/>\t\t\t\t\t\t\t\t\t\t\t\t\t\t\t<\/div>\n\t\t\t\t<\/div>\n\t\t\t\t\t<\/div>\n\t\t<\/div>\n\t\t\t\t<div class=\"elementor-column elementor-col-16 elementor-top-column elementor-element elementor-element-081936e\" data-id=\"081936e\" data-element_type=\"column\" data-e-type=\"column\">\n\t\t\t<div class=\"elementor-widget-wrap elementor-element-populated\">\n\t\t\t\t\t\t<div class=\"elementor-element elementor-element-15ada18 elementor-widget elementor-widget-image\" data-id=\"15ada18\" data-element_type=\"widget\" data-e-type=\"widget\" data-widget_type=\"image.default\">\n\t\t\t\t<div class=\"elementor-widget-container\">\n\t\t\t\t\t\t\t\t\t\t\t\t\t\t\t<img loading=\"lazy\" decoding=\"async\" width=\"362\" height=\"338\" src=\"https:\/\/www.ceran.com\/wp-content\/uploads\/2022\/02\/accessibilite-4.png\" class=\"attachment-large size-large wp-image-10337\" alt=\"\" srcset=\"https:\/\/www.ceran.com\/wp-content\/uploads\/2022\/02\/accessibilite-4.png 362w, https:\/\/www.ceran.com\/wp-content\/uploads\/2022\/02\/accessibilite-4-300x280.png 300w\" sizes=\"(max-width: 362px) 100vw, 362px\" \/>\t\t\t\t\t\t\t\t\t\t\t\t\t\t\t<\/div>\n\t\t\t\t<\/div>\n\t\t\t\t\t<\/div>\n\t\t<\/div>\n\t\t\t\t<div class=\"elementor-column elementor-col-16 elementor-top-column elementor-element elementor-element-ad0d196\" data-id=\"ad0d196\" data-element_type=\"column\" data-e-type=\"column\">\n\t\t\t<div class=\"elementor-widget-wrap elementor-element-populated\">\n\t\t\t\t\t\t<div class=\"elementor-element elementor-element-4e15d9e elementor-widget elementor-widget-image\" data-id=\"4e15d9e\" data-element_type=\"widget\" data-e-type=\"widget\" data-widget_type=\"image.default\">\n\t\t\t\t<div class=\"elementor-widget-container\">\n\t\t\t\t\t\t\t\t\t\t\t\t\t\t\t<img loading=\"lazy\" decoding=\"async\" width=\"357\" height=\"364\" src=\"https:\/\/www.ceran.com\/wp-content\/uploads\/2022\/02\/accessibilite-5.png\" class=\"attachment-large size-large wp-image-10345\" alt=\"\" srcset=\"https:\/\/www.ceran.com\/wp-content\/uploads\/2022\/02\/accessibilite-5.png 357w, https:\/\/www.ceran.com\/wp-content\/uploads\/2022\/02\/accessibilite-5-294x300.png 294w\" sizes=\"(max-width: 357px) 100vw, 357px\" \/>\t\t\t\t\t\t\t\t\t\t\t\t\t\t\t<\/div>\n\t\t\t\t<\/div>\n\t\t\t\t\t<\/div>\n\t\t<\/div>\n\t\t\t\t<div class=\"elementor-column elementor-col-16 elementor-top-column elementor-element elementor-element-5973337\" data-id=\"5973337\" data-element_type=\"column\" data-e-type=\"column\">\n\t\t\t<div class=\"elementor-widget-wrap elementor-element-populated\">\n\t\t\t\t\t\t<div class=\"elementor-element elementor-element-a49ef76 elementor-widget elementor-widget-image\" data-id=\"a49ef76\" data-element_type=\"widget\" data-e-type=\"widget\" data-widget_type=\"image.default\">\n\t\t\t\t<div class=\"elementor-widget-container\">\n\t\t\t\t\t\t\t\t\t\t\t\t\t\t\t<img loading=\"lazy\" decoding=\"async\" width=\"138\" height=\"156\" src=\"https:\/\/www.ceran.com\/wp-content\/uploads\/2022\/02\/accessibilite-6.png\" class=\"attachment-large size-large wp-image-10349\" alt=\"\" \/>\t\t\t\t\t\t\t\t\t\t\t\t\t\t\t<\/div>\n\t\t\t\t<\/div>\n\t\t\t\t\t<\/div>\n\t\t<\/div>\n\t\t\t\t\t<\/div>\n\t\t<\/section>\n\t\t\t\t<section class=\"elementor-section elementor-top-section elementor-element elementor-element-069b3b2 elementor-section-boxed elementor-section-height-default elementor-section-height-default\" data-id=\"069b3b2\" data-element_type=\"section\" data-e-type=\"section\">\n\t\t\t\t\t\t<div class=\"elementor-container elementor-column-gap-default\">\n\t\t\t\t\t<div class=\"elementor-column elementor-col-100 elementor-top-column elementor-element elementor-element-778b25c\" data-id=\"778b25c\" data-element_type=\"column\" data-e-type=\"column\">\n\t\t\t<div class=\"elementor-widget-wrap elementor-element-populated\">\n\t\t\t\t\t\t<div class=\"elementor-element elementor-element-fa53673 elementor-widget elementor-widget-text-editor\" data-id=\"fa53673\" data-element_type=\"widget\" data-e-type=\"widget\" data-widget_type=\"text-editor.default\">\n\t\t\t\t<div class=\"elementor-widget-container\">\n\t\t\t\t\t\t\t\t\t<p>Le CERAN s&rsquo;engage \u00e0 soutenir les personnes handicap\u00e9es dans l&rsquo;apprentissage des langues dans la mesure de ses possibilit\u00e9s. Notre centre de formation, CERAN CITY Paris, Ch\u00e2teauform&rsquo; Learning Lab \u00e0 La D\u00e9fense, est tr\u00e8s facilement accessible par les transports en commun. Notre site est accessible aux personnes en fauteuil roulant et aux personnes \u00e0 mobilit\u00e9 r\u00e9duite.<\/p><p>Toute l&rsquo;\u00e9quipe de CERAN CITY Paris, sensibilis\u00e9e aux questions d&rsquo;accessibilit\u00e9, est ravie d&rsquo;accueillir ces personnes. Notre centre de formation r\u00e9sidentiel, le Ch\u00e2teau de M\u00e9ry-sur-Oise, est \u00e9galement \u00e9quip\u00e9 pour accueillir les personnes \u00e0 mobilit\u00e9 r\u00e9duite. Nous proposons des formations sur le lieu de travail des \u00e9tudiants en r\u00e9gion parisienne, si ceux-ci le souhaitent, et nous organisons \u00e9galement des formations \u00e0 distance par t\u00e9l\u00e9phone ou en ligne (visioconf\u00e9rences).<\/p><p>Pour consulter ou t\u00e9l\u00e9charger les documents du registre d&rsquo;accessibilit\u00e9 (format PDF) des deux sites, cliquez sur les liens ci-dessous. Ces documents vous donnent plus d&rsquo;informations sur l&rsquo;accessibilit\u00e9 de nos centres pour les personnes \u00e0 mobilit\u00e9 r\u00e9duite.<\/p><p>Pour plus d&rsquo;informations, veuillez contacter notre responsable de l&rsquo;accessibilit\u00e9, <strong>Swati Barve Kirtane<\/strong>, par courriel \u00e0 <strong>sbkirtane@ceran.com<\/strong> ou par t\u00e9l\u00e9phone au <span class=\"ui-provider ec bgc bim bin bio bip biq bir bis bit biu biv biw bix biy biz bja bjb bjc bjd bje bjf bjg bjh bji bjj bjk bjl bjm bjn bjo bjp bjq bjr bjs\" dir=\"ltr\"><strong>00 33 (0) 7 72 45 28 62<\/strong>.<\/span><\/p>\t\t\t\t\t\t\t\t<\/div>\n\t\t\t\t<\/div>\n\t\t\t\t\t<\/div>\n\t\t<\/div>\n\t\t\t\t\t<\/div>\n\t\t<\/section>\n\t\t\t\t<section class=\"elementor-section elementor-top-section elementor-element elementor-element-175918eb elementor-section-boxed elementor-section-height-default elementor-section-height-default\" data-id=\"175918eb\" data-element_type=\"section\" data-e-type=\"section\" data-settings=\"{&quot;background_background&quot;:&quot;classic&quot;}\">\n\t\t\t\t\t\t<div class=\"elementor-container elementor-column-gap-default\">\n\t\t\t\t\t<div class=\"elementor-column elementor-col-100 elementor-top-column elementor-element elementor-element-625010cb\" data-id=\"625010cb\" data-element_type=\"column\" data-e-type=\"column\">\n\t\t\t<div class=\"elementor-widget-wrap elementor-element-populated\">\n\t\t\t\t\t\t<div class=\"elementor-element elementor-element-ceran-block-liste-boutons elementor-widget elementor-widget-ceran-block-liste-boutons\" data-id=\"ceran-block-liste-boutons\" data-element_type=\"widget\" data-e-type=\"widget\" data-widget_type=\"ceran-block-liste-boutons.default\">\n\t\t\t\t<div class=\"elementor-widget-container\">\n\t\t\t\t\t<div class=\"container p-md-0\"><h2 class=\"ax-title-landing\"><div class=\"ax-title\"> Registre d'accessibilit\u00e9 <\/div><\/h2><div class=\"content\"><\/div><div class=\"row gy-4\"><div class=\"col-sm-6 col-md-4 d-flex\"><a class=\"ax-btn btn-landing\" href=\"https:\/\/www.ceran.com\/wp-content\/uploads\/2022\/08\/Registre-accessibilite-Learning-Lab.pdf\" target=\"_blank\">Registre d'accessibilit\u00e9 - CERAN City Paris<\/a><\/div><div class=\"col-sm-6 col-md-4 d-flex\"><a class=\"ax-btn btn-landing\" href=\"https:\/\/www.ceran.com\/wp-content\/uploads\/2022\/02\/Registre-accessibilite-Mery-FR.pdf\" target=\"_blank\">Registre d'accessibilit\u00e9 - CERAN @ Ch\u00e2teau de M\u00e9ry-sur-Oise<\/a><\/div><\/div><\/div>\t\t\t\t<\/div>\n\t\t\t\t<\/div>\n\t\t\t\t\t<\/div>\n\t\t<\/div>\n\t\t\t\t\t<\/div>\n\t\t<\/section>\n\t\t\t\t<\/div>\n\t\t","protected":false},"excerpt":{"rendered":"<p>Accessibilit\u00e9 Contactez-nous L&rsquo;accessibilit\u00e9 de nos lieux de formation est \u00e9galement une composante majeure dans l&rsquo;accueil de nos Apprenants. C\u2019est la raison pour laquelle nous optimisons tout le confort et les infrastructures n\u00e9cessaires \u00e0 l\u2019accueil de ces personnes dans nos lieux de fomation. Particuli\u00e8rement en France, un registre d\u2019accessibilit\u00e9 CERAN est \u00e0 la disposition de ce [&hellip;]<\/p>\n","protected":false},"author":16,"featured_media":0,"parent":0,"menu_order":0,"comment_status":"closed","ping_status":"closed","template":"","meta":{"_acf_changed":false,"_seopress_robots_primary_cat":"","_seopress_titles_title":"L'accessibilit\u00e9 de la m\u00e9thode de langue C\u00e9ran","_seopress_titles_desc":"D\u00e9couvrez l'accessibilit\u00e9 chez C\u00e9ran | comment nous optimisons tout le confort et les infrastructures n\u00e9cessaires \u00e0 l\u2019accueil de ces personnes dans nos lieux de fomation.","_seopress_robots_index":"","content-type":"","footnotes":""},"class_list":["post-58791","page","type-page","status-publish","hentry"],"acf":[],"yoast_head":"<!-- This site is optimized with the Yoast SEO plugin v27.5 - https:\/\/yoast.com\/product\/yoast-seo-wordpress\/ -->\n<title>L&#039;accessibilit\u00e9 de la m\u00e9thode de langue C\u00e9ran<\/title>\n<meta name=\"description\" content=\"D\u00e9couvrez l&#039;accessibilit\u00e9 chez C\u00e9ran | comment nous optimisons tout le confort et les infrastructures n\u00e9cessaires \u00e0 l\u2019accueil de ces personnes dans nos lieux de fomation.\" \/>\n<meta name=\"robots\" content=\"index, follow, max-snippet:-1, max-image-preview:large, max-video-preview:-1\" \/>\n<link rel=\"canonical\" href=\"https:\/\/www.ceran.com\/fr\/accessibilite\/\" \/>\n<meta property=\"og:locale\" content=\"fr_FR\" \/>\n<meta property=\"og:type\" content=\"article\" \/>\n<meta property=\"og:title\" content=\"L&#039;accessibilit\u00e9 de la m\u00e9thode de langue C\u00e9ran\" \/>\n<meta property=\"og:description\" content=\"D\u00e9couvrez l&#039;accessibilit\u00e9 chez C\u00e9ran | comment nous optimisons tout le confort et les infrastructures n\u00e9cessaires \u00e0 l\u2019accueil de ces personnes dans nos lieux de fomation.\" \/>\n<meta property=\"og:url\" content=\"https:\/\/www.ceran.com\/fr\/accessibilite\/\" \/>\n<meta property=\"og:site_name\" content=\"Ceran\" \/>\n<meta property=\"article:modified_time\" content=\"2023-10-23T07:47:34+00:00\" \/>\n<meta property=\"og:image\" content=\"https:\/\/www.ceran.com\/wp-content\/uploads\/2022\/01\/Union-3.png\" \/>\n<meta name=\"twitter:card\" content=\"summary_large_image\" \/>\n<script type=\"application\/ld+json\" class=\"yoast-schema-graph\">{\"@context\":\"https:\\\/\\\/schema.org\",\"@graph\":[{\"@type\":\"WebPage\",\"@id\":\"https:\\\/\\\/www.ceran.com\\\/fr\\\/accessibilite\\\/\",\"url\":\"https:\\\/\\\/www.ceran.com\\\/fr\\\/accessibilite\\\/\",\"name\":\"L'accessibilit\u00e9 de la m\u00e9thode de langue C\u00e9ran\",\"isPartOf\":{\"@id\":\"https:\\\/\\\/www.ceran.com\\\/fr\\\/#website\"},\"primaryImageOfPage\":{\"@id\":\"https:\\\/\\\/www.ceran.com\\\/fr\\\/accessibilite\\\/#primaryimage\"},\"image\":{\"@id\":\"https:\\\/\\\/www.ceran.com\\\/fr\\\/accessibilite\\\/#primaryimage\"},\"thumbnailUrl\":\"https:\\\/\\\/www.ceran.com\\\/wp-content\\\/uploads\\\/2022\\\/01\\\/Union-3.png\",\"datePublished\":\"2022-08-08T09:16:20+00:00\",\"dateModified\":\"2023-10-23T07:47:34+00:00\",\"description\":\"D\u00e9couvrez l'accessibilit\u00e9 chez C\u00e9ran | comment nous optimisons tout le confort et les infrastructures n\u00e9cessaires \u00e0 l\u2019accueil de ces personnes dans nos lieux de fomation.\",\"breadcrumb\":{\"@id\":\"https:\\\/\\\/www.ceran.com\\\/fr\\\/accessibilite\\\/#breadcrumb\"},\"inLanguage\":\"fr-FR\",\"potentialAction\":[{\"@type\":\"ReadAction\",\"target\":[\"https:\\\/\\\/www.ceran.com\\\/fr\\\/accessibilite\\\/\"]}]},{\"@type\":\"ImageObject\",\"inLanguage\":\"fr-FR\",\"@id\":\"https:\\\/\\\/www.ceran.com\\\/fr\\\/accessibilite\\\/#primaryimage\",\"url\":\"https:\\\/\\\/www.ceran.com\\\/wp-content\\\/uploads\\\/2022\\\/01\\\/Union-3.png\",\"contentUrl\":\"https:\\\/\\\/www.ceran.com\\\/wp-content\\\/uploads\\\/2022\\\/01\\\/Union-3.png\"},{\"@type\":\"BreadcrumbList\",\"@id\":\"https:\\\/\\\/www.ceran.com\\\/fr\\\/accessibilite\\\/#breadcrumb\",\"itemListElement\":[{\"@type\":\"ListItem\",\"position\":1,\"name\":\"Accueil\",\"item\":\"https:\\\/\\\/www.ceran.com\\\/fr\\\/\"},{\"@type\":\"ListItem\",\"position\":2,\"name\":\"Accessibilit\u00e9\"}]},{\"@type\":\"WebSite\",\"@id\":\"https:\\\/\\\/www.ceran.com\\\/fr\\\/#website\",\"url\":\"https:\\\/\\\/www.ceran.com\\\/fr\\\/\",\"name\":\"Ceran\",\"description\":\"Des formations linguistiques et interculturelles qui vous ouvrent de nouveaux horizons\",\"publisher\":{\"@id\":\"https:\\\/\\\/www.ceran.com\\\/fr\\\/#organization\"},\"potentialAction\":[{\"@type\":\"SearchAction\",\"target\":{\"@type\":\"EntryPoint\",\"urlTemplate\":\"https:\\\/\\\/www.ceran.com\\\/fr\\\/?s={search_term_string}\"},\"query-input\":{\"@type\":\"PropertyValueSpecification\",\"valueRequired\":true,\"valueName\":\"search_term_string\"}}],\"inLanguage\":\"fr-FR\"},{\"@type\":\"Organization\",\"@id\":\"https:\\\/\\\/www.ceran.com\\\/fr\\\/#organization\",\"name\":\"Ceran\",\"url\":\"https:\\\/\\\/www.ceran.com\\\/fr\\\/\",\"logo\":{\"@type\":\"ImageObject\",\"inLanguage\":\"fr-FR\",\"@id\":\"https:\\\/\\\/www.ceran.com\\\/fr\\\/#\\\/schema\\\/logo\\\/image\\\/\",\"url\":\"https:\\\/\\\/www.ceran.com\\\/wp-content\\\/uploads\\\/2025\\\/06\\\/Logo-CERAN-16-x-16-pixels.svg\",\"contentUrl\":\"https:\\\/\\\/www.ceran.com\\\/wp-content\\\/uploads\\\/2025\\\/06\\\/Logo-CERAN-16-x-16-pixels.svg\",\"width\":30,\"height\":30,\"caption\":\"Ceran\"},\"image\":{\"@id\":\"https:\\\/\\\/www.ceran.com\\\/fr\\\/#\\\/schema\\\/logo\\\/image\\\/\"}}]}<\/script>\n<!-- \/ Yoast SEO plugin. -->","yoast_head_json":{"title":"L'accessibilit\u00e9 de la m\u00e9thode de langue C\u00e9ran","description":"D\u00e9couvrez l'accessibilit\u00e9 chez C\u00e9ran | comment nous optimisons tout le confort et les infrastructures n\u00e9cessaires \u00e0 l\u2019accueil de ces personnes dans nos lieux de fomation.","robots":{"index":"index","follow":"follow","max-snippet":"max-snippet:-1","max-image-preview":"max-image-preview:large","max-video-preview":"max-video-preview:-1"},"canonical":"https:\/\/www.ceran.com\/fr\/accessibilite\/","og_locale":"fr_FR","og_type":"article","og_title":"L'accessibilit\u00e9 de la m\u00e9thode de langue C\u00e9ran","og_description":"D\u00e9couvrez l'accessibilit\u00e9 chez C\u00e9ran | comment nous optimisons tout le confort et les infrastructures n\u00e9cessaires \u00e0 l\u2019accueil de ces personnes dans nos lieux de fomation.","og_url":"https:\/\/www.ceran.com\/fr\/accessibilite\/","og_site_name":"Ceran","article_modified_time":"2023-10-23T07:47:34+00:00","og_image":[{"url":"https:\/\/www.ceran.com\/wp-content\/uploads\/2022\/01\/Union-3.png","type":"","width":"","height":""}],"twitter_card":"summary_large_image","schema":{"@context":"https:\/\/schema.org","@graph":[{"@type":"WebPage","@id":"https:\/\/www.ceran.com\/fr\/accessibilite\/","url":"https:\/\/www.ceran.com\/fr\/accessibilite\/","name":"L'accessibilit\u00e9 de la m\u00e9thode de langue C\u00e9ran","isPartOf":{"@id":"https:\/\/www.ceran.com\/fr\/#website"},"primaryImageOfPage":{"@id":"https:\/\/www.ceran.com\/fr\/accessibilite\/#primaryimage"},"image":{"@id":"https:\/\/www.ceran.com\/fr\/accessibilite\/#primaryimage"},"thumbnailUrl":"https:\/\/www.ceran.com\/wp-content\/uploads\/2022\/01\/Union-3.png","datePublished":"2022-08-08T09:16:20+00:00","dateModified":"2023-10-23T07:47:34+00:00","description":"D\u00e9couvrez l'accessibilit\u00e9 chez C\u00e9ran | comment nous optimisons tout le confort et les infrastructures n\u00e9cessaires \u00e0 l\u2019accueil de ces personnes dans nos lieux de fomation.","breadcrumb":{"@id":"https:\/\/www.ceran.com\/fr\/accessibilite\/#breadcrumb"},"inLanguage":"fr-FR","potentialAction":[{"@type":"ReadAction","target":["https:\/\/www.ceran.com\/fr\/accessibilite\/"]}]},{"@type":"ImageObject","inLanguage":"fr-FR","@id":"https:\/\/www.ceran.com\/fr\/accessibilite\/#primaryimage","url":"https:\/\/www.ceran.com\/wp-content\/uploads\/2022\/01\/Union-3.png","contentUrl":"https:\/\/www.ceran.com\/wp-content\/uploads\/2022\/01\/Union-3.png"},{"@type":"BreadcrumbList","@id":"https:\/\/www.ceran.com\/fr\/accessibilite\/#breadcrumb","itemListElement":[{"@type":"ListItem","position":1,"name":"Accueil","item":"https:\/\/www.ceran.com\/fr\/"},{"@type":"ListItem","position":2,"name":"Accessibilit\u00e9"}]},{"@type":"WebSite","@id":"https:\/\/www.ceran.com\/fr\/#website","url":"https:\/\/www.ceran.com\/fr\/","name":"Ceran","description":"Des formations linguistiques et interculturelles qui vous ouvrent de nouveaux horizons","publisher":{"@id":"https:\/\/www.ceran.com\/fr\/#organization"},"potentialAction":[{"@type":"SearchAction","target":{"@type":"EntryPoint","urlTemplate":"https:\/\/www.ceran.com\/fr\/?s={search_term_string}"},"query-input":{"@type":"PropertyValueSpecification","valueRequired":true,"valueName":"search_term_string"}}],"inLanguage":"fr-FR"},{"@type":"Organization","@id":"https:\/\/www.ceran.com\/fr\/#organization","name":"Ceran","url":"https:\/\/www.ceran.com\/fr\/","logo":{"@type":"ImageObject","inLanguage":"fr-FR","@id":"https:\/\/www.ceran.com\/fr\/#\/schema\/logo\/image\/","url":"https:\/\/www.ceran.com\/wp-content\/uploads\/2025\/06\/Logo-CERAN-16-x-16-pixels.svg","contentUrl":"https:\/\/www.ceran.com\/wp-content\/uploads\/2025\/06\/Logo-CERAN-16-x-16-pixels.svg","width":30,"height":30,"caption":"Ceran"},"image":{"@id":"https:\/\/www.ceran.com\/fr\/#\/schema\/logo\/image\/"}}]}},"_links":{"self":[{"href":"https:\/\/www.ceran.com\/fr\/wp-json\/wp\/v2\/pages\/58791","targetHints":{"allow":["GET"]}}],"collection":[{"href":"https:\/\/www.ceran.com\/fr\/wp-json\/wp\/v2\/pages"}],"about":[{"href":"https:\/\/www.ceran.com\/fr\/wp-json\/wp\/v2\/types\/page"}],"author":[{"embeddable":true,"href":"https:\/\/www.ceran.com\/fr\/wp-json\/wp\/v2\/users\/16"}],"replies":[{"embeddable":true,"href":"https:\/\/www.ceran.com\/fr\/wp-json\/wp\/v2\/comments?post=58791"}],"version-history":[{"count":5,"href":"https:\/\/www.ceran.com\/fr\/wp-json\/wp\/v2\/pages\/58791\/revisions"}],"predecessor-version":[{"id":91022,"href":"https:\/\/www.ceran.com\/fr\/wp-json\/wp\/v2\/pages\/58791\/revisions\/91022"}],"wp:attachment":[{"href":"https:\/\/www.ceran.com\/fr\/wp-json\/wp\/v2\/media?parent=58791"}],"curies":[{"name":"wp","href":"https:\/\/api.w.org\/{rel}","templated":true}]}}