{"id":72247,"date":"2022-12-20T12:55:05","date_gmt":"2022-12-20T11:55:05","guid":{"rendered":"https:\/\/www.ceran.com\/?page_id=72247"},"modified":"2023-01-26T15:37:02","modified_gmt":"2023-01-26T14:37:02","slug":"fr-newsletter-ceraners-professionnels-prives","status":"publish","type":"page","link":"https:\/\/www.ceran.com\/fr\/fr-newsletter-ceraners-professionnels-prives\/","title":{"rendered":"Newsletter CERANERS Professionnels et priv\u00e9s"},"content":{"rendered":"\t\t<div data-elementor-type=\"wp-page\" data-elementor-id=\"72247\" class=\"elementor elementor-72247\" data-elementor-post-type=\"page\">\n\t\t\t\t\t\t<section class=\"elementor-section elementor-top-section elementor-element elementor-element-4ac4486c elementor-section-content-middle elementor-section-boxed elementor-section-height-default elementor-section-height-default\" data-id=\"4ac4486c\" data-element_type=\"section\" data-e-type=\"section\">\n\t\t\t\t\t\t<div class=\"elementor-container elementor-column-gap-no\">\n\t\t\t\t\t<div class=\"elementor-column elementor-col-100 elementor-top-column elementor-element elementor-element-3bdd0916\" data-id=\"3bdd0916\" data-element_type=\"column\" data-e-type=\"column\">\n\t\t\t<div class=\"elementor-widget-wrap elementor-element-populated\">\n\t\t\t\t\t\t<div class=\"elementor-element elementor-element-4f33ad elementor-view-default elementor-widget elementor-widget-icon\" data-id=\"4f33ad\" data-element_type=\"widget\" data-e-type=\"widget\" data-widget_type=\"icon.default\">\n\t\t\t\t<div class=\"elementor-widget-container\">\n\t\t\t\t\t\t\t<div class=\"elementor-icon-wrapper\">\n\t\t\t<div class=\"elementor-icon\">\n\t\t\t<i aria-hidden=\"true\" class=\"far fa-envelope\"><\/i>\t\t\t<\/div>\n\t\t<\/div>\n\t\t\t\t\t\t<\/div>\n\t\t\t\t<\/div>\n\t\t\t\t<div class=\"elementor-element elementor-element-3c60668 elementor-widget elementor-widget-heading\" data-id=\"3c60668\" data-element_type=\"widget\" data-e-type=\"widget\" data-widget_type=\"heading.default\">\n\t\t\t\t<div class=\"elementor-widget-container\">\n\t\t\t\t\t<h1 class=\"elementor-heading-title elementor-size-default\">Inscrivez-vous a La newsletter du ceran !<\/h1>\t\t\t\t<\/div>\n\t\t\t\t<\/div>\n\t\t\t\t<div class=\"elementor-element elementor-element-961a885 elementor-widget elementor-widget-text-editor\" data-id=\"961a885\" data-element_type=\"widget\" data-e-type=\"widget\" data-widget_type=\"text-editor.default\">\n\t\t\t\t<div class=\"elementor-widget-container\">\n\t\t\t\t\t\t\t\t\t<p><strong>Chaque mois, vous recevrez dans votre bo\u00eete de r\u00e9ception <\/strong>des informations sur nos nouveaux programmes de formation, des invitations \u00e0 des \u00e9v\u00e8nements et des offres promotionnelles d&rsquo;exception.<\/p>\t\t\t\t\t\t\t\t<\/div>\n\t\t\t\t<\/div>\n\t\t\t\t<div class=\"elementor-element elementor-element-9960602 elementor-widget elementor-widget-html\" data-id=\"9960602\" data-element_type=\"widget\" data-e-type=\"widget\" data-widget_type=\"html.default\">\n\t\t\t\t<div class=\"elementor-widget-container\">\n\t\t\t\t\t<html xmlns=\"http:\/\/www.w3.org\/1999\/xhtml\"><head>\n    <title>FR newsletter CERAN professionnels et priv\u00e9s<\/title>\n    <meta http-equiv=\"content-type\" content=\"text\/html; charset=utf-8\">\n    <meta http-equiv=\"Expires\" content=\"0\">\n    <meta http-equiv=\"Cache-Control\" content=\"no-cache\">\n    <meta http-equiv=\"Pragma\" content=\"no-cache\">\n    <meta name=\"viewport\" content=\"width=device-width, initial-scale=1\">\n    <link href=\"https:\/\/cdn-eu.clickdimensions.com\/web\/v10\/cdform2.min.css\" rel=\"stylesheet\" type=\"text\/css\">\n    <script src=\"https:\/\/cdn-eu.clickdimensions.com\/web\/v10\/cdform.jquery.js\" type=\"text\/javascript\"><!----><\/script>\n<script type=\"text\/javascript\">clickd_jquery = jQuery.noConflict(true); \n\n<\/script><script src=\"https:\/\/cdn-eu.clickdimensions.com\/web\/v10\/cdform.min.noanalytics.js\" type=\"text\/javascript\"><!----><\/script>\n    <script src=\"https:\/\/cdn-eu.clickdimensions.com\/web\/v10\/xsscheck.js\" type=\"text\/javascript\"><!----><\/script>\n<script id=\"customjs\" type=\"text\/javascript\"><\/script>\n<style>\/*--- BODY STYLE ---*\/\nbody\n{\nmargin:0px;\npadding:0px;\n-webkit-text-size-adjust: 100%;\n}\n\n\/*--- FORM CONTAINER STYLE ---*\/\n.mainDiv\n{\nfloat:left;\n}\n\n\/*--- FIELD INPUT STYLE ---*\/\n.clickdform input[type='text'],\n.clickdform textarea,\n.clickdform select\n{\n    font-family:\"Verdana\" !important;\n    font-size:13px !important;\n    color:#333;\n    margin:0;\n    padding:2px 0;\n    border-top:1px solid #7c7c7c;\n    border-left:1px solid #c3c3c3;\n    border-right:1px solid #c3c3c3;\n    border-bottom:1px solid #ddd;\n}\n\n\/*--- LIST DROPDOWN STYLE ---*\/\n.clickdform select\n{\n\theight:26px;\n}\n\n\/*--- SUBMIT BUTTON STYLE ---*\/\n#btnSubmit\n{\n    margin: 15px 0 0 0;\n    font-family:Verdana;\n    font-size:13px;\n    clear:both;\n}\n\n\/*--- PREVIOUS BUTTON STYLE ---*\/\n.clickdform .WizardPrevButton{\n    margin: 15px 10px 0 0;\n    font-family:Verdana;\n    font-size:13px;\n    float:left;\n}\n\n\/*--- NEXT BUTTON STYLE ---*\/\n.clickdform .WizardNextButton\n{\n    margin: 15px 0px 0 0;\n    font-family:Verdana;\n    font-size:13px;\n    float:right;\n    clear:both;\n}\n <\/style><script src=\"http:\/\/analytics-eu.clickdimensions.com\/tsr.js?ac=arMnNMSUf1UGppUq920FQ&amp;urk=1674743386391&amp;cm=CMP-01075-C7Y7C&amp;s=1674743386391&amp;v=&amp;lc=English&amp;pt=FR%20newsletter%20CERAN%20professionnels%20et%20priv%C3%A9s&amp;dn=ceran.com&amp;dnk=014b533bd4bce911a823000d3ab35b39&amp;pk=ffb68cc95280ed1181ad000d3adeaf2a&amp;hn=&amp;uri=file%3A%2F%2F%2FC%3A%2FUsers%2Frczerwiec%2FDownloads%2Fyyy24bsee2brqanot6vkg.html&amp;r=&amp;t=FORM&amp;b=CHROME&amp;os=WINDOWS&amp;pr=false&amp;sc=0&amp;sv=6.0&amp;qd=&amp;dt=1674743386391&amp;pvon=\" type=\"text\/javascript\"><\/script><\/head>\n  <body>\n    <div class=\"clickdform mainDiv\" style=\"padding-top:10px;padding-left:10px;padding-bottom:10px;padding-right:10px;\">\n      <form id=\"clickdimensionsForm\" name=\"clickdimensionsForm\" method=\"post\" accept-charset=\"utf-8\" enctype=\"multipart\/form-data\" action=\"https:\/\/analytics-eu.clickdimensions.com\/forms\/?visitor=contact\"><input type=\"HIDDEN\" name=\"cd_accountkey\" id=\"cd_accountkey\" value=\"arMnNMSUf1UGppUq920FQ\"><input type=\"HIDDEN\" name=\"cd_domain\" id=\"cd_domain\" value=\"ceran.com\"><input type=\"HIDDEN\" name=\"cd_visitorkey\" id=\"cd_visitorkey\" value=\"\"><input type=\"HIDDEN\" name=\"cd_visitoremail\" id=\"cd_visitoremail\" value=\"\"><input type=\"HIDDEN\" name=\"cd_timezone\" id=\"cd_timezone\" value=\"-1\"><input type=\"HIDDEN\" name=\"cd_domainalias\" id=\"cd_domainalias\" value=\"web.ceran.com\"><input type=\"HIDDEN\" name=\"cd_postsettings\" id=\"cd_postsettings\" value=\"NWVOeVIxUlQ4dHVZZjM2aGNCcVMvS0xPaWNYKzRwd3NpSmc3anRrOXRNQy81ZytlWFkyYS9HdUpnbFBOL0dleVlzUEUwZVRoMHZWTmRLT0t1VUMrY1dQWGxOQkppUG5tbHhDaW5uS0JFVDdJVkg4aFZsRzBRMlBOZ2dlMDhHanMvcDYycU5pRVpESmVEQ2p3b05RVm5QTXZlL3g0WUVzMTBHWmcvWE9wVHVyd1lNT2YrUTlxQitVMnE4WHY5NWswdEdTV05zM3ZWNXlxcE8vSDNjbU1ZZHdISUgvczI0OHlhTG9INi9TU0ZiUmxCdW1mUGJBV3ZyYWFrQWxGKzdPU2FaTWVOZ3FZZm85clFGQUpsRkJrYTJZVGxFOUNGSEM1R3puM2xCTDhDeXpRbVRpaUc3UjRSWnBIQWJRbXNnZ29sNk9RYUNLR0g1VUZYa2RjaVV4T0k0SFA5TjJLY1RHYWdTSFJya09XTDAvbCs1aDZRM1M1VUJpc2U0bS9HMWN1bGlqTEs5Mkw3ODYzYVNnb3VRWndwdXRzeUw5RllrRTMrOFdUelZ1MmppQ2Rtdnl0bnVlOGZpK0VtcnhJNUN0dUwyOTdwZE5ZMnBpTHZJZkdidlBUTW1IS0tHV0hoRzlsa0RpSkpCeE1MdzMwQWlKQXNuTk1Zd2pBem41WlRpU0hQbmM5TFJ0VWNVRnJVTEZzcTdqTjFoVFIrSzMyVHIwMTFGalZaWEY4UXdsWU82aHR6bEVLN3pxMGw2eGN2MnFDaW5tanY5b2daeE9TZXBvVHpzL1c5ZytZNEI1UElrRllJTlBZOExQWWZaRm1tM3Z4bTdGM3Vkb3JvcjZOMmJwckxzTUVGMmpuVmd1Y2ZXamdoU0dHc1hUZzBUaG5EWnUxeDVTUWovaXMrTmg0eFRYYXI1ZUo1cjdZaG5pNTdzZ21LaDZ3UVYwYlFBV3NDWlZmeitsR3pEbmMrWFlZWnNzeFkxZDlWNXRZV1VNSENFS0I3REpid3VISkpHdTVqcnRxT0UvKyt3c3hEOUlUOFNlVGNWbXFMQVM4NmFPZERLUmF0K1VTOEpHMEI4QytvMUZZWUxGN01sQzdIQ3lVMW5nTDVjK096R0phbWVzdU9mSjFYampnM05GdmI5aVJ1TUZ3K0VPckM3L09ZWGR3bHdmb29naGJGR1FBVlV5bFp1VWt2YUxYMXMycGJIQUJaeGtHK3NDTlFYZGhVaFZyUjFBSy9hbXlhcEpiOG5MTmJFRUtMaS9qSEdtR1d3K05Wajl1VEx0K2t4WlVnT3JWTy9vMERHS0ZMbDlXMWtrd3Y2VWloR1RqK0RORG5GdDlyNVlYTmx0RmUrakdNKzYvRFFicnBMQVRlWm1idHJPbVdDcEhiRmNLNS9CSFJYV01JU3BpR3dPc280RnRuUTIwdm5QM0Fndzg4VEZNcElTUlJlRVlyM3RzMXdkTHJCakczYXlibWcxeUprMVYwbmFVazZTZm5yZWNGc0hZYUNzYkdzemcrS0lTQ1JweDl5N1JZRzJwTGRUYW93K1prQVltL1FUMi9iSHdWV1RwMkovZDRSOEY0MXFNRWMvcjRhS0lITkNHYU85eW5vc3F5NG5UYk90aktKcEM5ZEt4OHVYZkYxL3poMG43VnBYSXlnalNGbW9kcmJ5T3NBZmVGMlpJZXNmQ2plSEVXaXhXcFdKelk2MDIrbUlFbjNoZWhxZ3hXUlJaSC9nNHdmSmtxYVFkOGFqR1hDYnZVcE1GdW5FSGxLUWNUd2Q5K1ZYY3JabXkreUt1d0NSVmFDUXVWNk1BN0JsSk5udGxqRktodnFBNjJTUHJTMVpNYTdKbTlwZXRTbUZDVUhaZWc4dnFMVk9DUlFVellBeXA1QTlIdlV2L0RPcm00ZURuT29GMTJHR0dqRGFJMWp0WmFUOVJrV2JTQXMxV3ExZ016clVFQ2RtTWlwUVA=\"><input type=\"text\" id=\"cd_ht_text\" name=\"cd_ht_text\" value=\"\" style=\"display:none;\"><div class=\"responsiveRow\"><div class=\"responsiveCell responsiveCellSize3\">\n          <div class=\"alignBottom minSize3\">\n            <span class=\"maxSize3\" style=\"font-family:Arial; font-weight:normal; font-size:17px; color:#000000;\">Email<span class=\"requiredStar\" aria-label=\"Required Star\" aria-required=\"true\">*<\/span>\n            <\/span>\n          <\/div>\n          <div class=\"clear\">&nbsp;<\/div>\n          <div colspan=\"3\" class=\"alignTop minSize3\">\n            <div id=\"cont_id_f_f9411dd7cfbce911a823000d3ab35b39\">\n              <input leadfield=\"emailaddress1\" contactfield=\"emailaddress1\" class=\"maxSize3 width100per EmailComponent\" type=\"text\" id=\"f_f9411dd7cfbce911a823000d3ab35b39\" name=\"f_f9411dd7cfbce911a823000d3ab35b39\" aria-label=\"Email\" aria-required=\"true\" aria-invalid=\"true\" maxlength=\"100\" style=\"font-family:Arial;\" value=\"\" onkeypress=\"return onFieldKeyPress(event)\">\n              <div id=\"required_info_f_f9411dd7cfbce911a823000d3ab35b39\" class=\"requiredInfo floatLeft\">&nbsp;\n    <\/div>\n              <input type=\"hidden\" name=\"reqField\" value=\"f_f9411dd7cfbce911a823000d3ab35b39\" alt=\"Email\" req=\"true\" errormsg=\"Please enter a valid value.\" requrederrormsg=\"This field is required. Please enter a value.\" patternid=\"1\" customregex=\"\" filterfreeemail=\"False\">\n            <\/div>\n          <\/div>\n        <\/div><\/div><div class=\"responsiveRow\">\n          <div class=\"responsiveCell responsiveCellSize1 emptyCell\">&nbsp;<\/div>\n          <div style=\"text-align:center;\" class=\"responsiveCell responsiveCellSize1\">\n            <div class=\"buttonContainer\">\n              <input type=\"button\" id=\"btnSubmit\" value=\"Je m'inscris \u00e0 la newsletter CERAN\" style=\"font-family:Arial;color:#FFFFFF;font-size:18px;background-color:#FF3300;\" onclick=\"SendForm(this, &quot;clickdimensionsForm&quot;, &quot;Form&quot;);\">\n            <\/div>\n          <\/div>\n          <div class=\"responsiveCell responsiveCellSize1 emptyCell\">&nbsp;<\/div>\n        <\/div>\n<script type=\"text\/javascript\">function onDocumentReady (){\nclickd_pageType = 'Form';\nclickd_handlersLocation = 'https:\/\/analytics-eu.clickdimensions.com';\nclickd_directory = 'https:\/\/cdn-eu.clickdimensions.com\/web\/v10';\nFitSize();\nSetFormResizable();\ninitForm();\n}\/\/]]>\nclickd_jquery(function () {\nonDocumentReady();\n});\n<\/script><div class=\"clear\">&nbsp;<\/div>\n      <\/form>\n    <\/div>\n<script type=\"text\/javascript\" src=\"https:\/\/analytics-eu.clickdimensions.com\/ts.js\"><\/script><script type=\"text\/javascript\" src=\"https:\/\/analytics-eu.clickdimensions.com\/optout.js\"><\/script><script type=\"text\/javascript\" src=\"https:\/\/analytics-eu.clickdimensions.com\/forms.js\"><\/script><script type=\"text\/javascript\"> cdDomainKey = '014b533bd4bce911a823000d3ab35b39'; cdPageKey = 'ffb68cc95280ed1181ad000d3adeaf2a';<\/script><script type=\"text\/javascript\"> cdCampaignKey = 'CMP-01075-C7Y7C';<\/script><script type=\"text\/javascript\">  var cdAnalytics = new clickdimensions.Analytics('analytics-eu.clickdimensions.com');  cdAnalytics.setDomain('ceran.com');  cdAnalytics.setAccountKey('arMnNMSUf1UGppUq920FQ');  cdAnalytics.setPageType('FORM');  cdAnalytics.setScore(typeof(cdScore) == \"undefined\" ? 0 : (cdScore == 0 ? null : cdScore));  cdAnalytics.optOutTracking(typeof(optOut) != \"undefined\" && optOut);<\/script><script type=\"text\/javascript\">  var cdForms = new clickdimensions.Forms();<\/script>\n<\/body><\/html>\t\t\t\t<\/div>\n\t\t\t\t<\/div>\n\t\t\t\t<div class=\"elementor-element elementor-element-d3f427d elementor-widget elementor-widget-text-editor\" data-id=\"d3f427d\" data-element_type=\"widget\" data-e-type=\"widget\" data-widget_type=\"text-editor.default\">\n\t\t\t\t<div class=\"elementor-widget-container\">\n\t\t\t\t\t\t\t\t\t<p>En cliquant sur le bouton \u00ab\u00a0je m&rsquo;inscris \u00e0 la newsletter\u00a0\u00bb vous acceptez de recevoir des e-mails et vous confirmez avoir pris <br \/>connaissance de notre<a href=\"https:\/\/www.ceran.com\/fr\/protection-des-donnees\/\"><span style=\"text-decoration: underline;\"><strong> politique de confidentialit\u00e9<\/strong><\/span>\u00a0<\/a>et de nos <strong><a href=\"https:\/\/www.ceran.com\/fr\/conditions-generales-dutilisation-des-sites-ceran\/\">conditions g\u00e9n\u00e9rales d&rsquo;utilisation<\/a><\/strong>.\u00a0<\/p>\t\t\t\t\t\t\t\t<\/div>\n\t\t\t\t<\/div>\n\t\t\t\t\t<\/div>\n\t\t<\/div>\n\t\t\t\t\t<\/div>\n\t\t<\/section>\n\t\t\t\t<\/div>\n\t\t","protected":false},"excerpt":{"rendered":"<p>Inscrivez-vous a La newsletter du ceran ! Chaque mois, vous recevrez dans votre bo\u00eete de r\u00e9ception des informations sur nos nouveaux programmes de formation, des invitations \u00e0 des \u00e9v\u00e8nements et des offres promotionnelles d&rsquo;exception. FR newsletter CERAN professionnels et priv\u00e9s Email* &nbsp; &nbsp; &nbsp; &nbsp; &nbsp; En cliquant sur le bouton \u00ab\u00a0je m&rsquo;inscris \u00e0 la [&hellip;]<\/p>\n","protected":false},"author":17,"featured_media":0,"parent":0,"menu_order":0,"comment_status":"closed","ping_status":"closed","template":"","meta":{"_acf_changed":false,"_seopress_robots_primary_cat":"","_seopress_titles_title":"","_seopress_titles_desc":"","_seopress_robots_index":"","content-type":"","footnotes":""},"class_list":["post-72247","page","type-page","status-publish","hentry"],"acf":[],"yoast_head":"<!-- This site is optimized with the Yoast SEO plugin v27.5 - https:\/\/yoast.com\/product\/yoast-seo-wordpress\/ -->\n<title>Newsletter CERANERS Professionnels et priv\u00e9s - Ceran<\/title>\n<meta name=\"robots\" content=\"index, follow, max-snippet:-1, max-image-preview:large, max-video-preview:-1\" \/>\n<link rel=\"canonical\" href=\"https:\/\/www.ceran.com\/fr\/fr-newsletter-ceraners-professionnels-prives\/\" \/>\n<meta property=\"og:locale\" content=\"fr_FR\" \/>\n<meta property=\"og:type\" content=\"article\" \/>\n<meta property=\"og:title\" content=\"Newsletter CERANERS Professionnels et priv\u00e9s - Ceran\" \/>\n<meta property=\"og:description\" content=\"Inscrivez-vous a La newsletter du ceran ! Chaque mois, vous recevrez dans votre bo\u00eete de r\u00e9ception des informations sur nos nouveaux programmes de formation, des invitations \u00e0 des \u00e9v\u00e8nements et des offres promotionnelles d&rsquo;exception. FR newsletter CERAN professionnels et priv\u00e9s Email* &nbsp; &nbsp; &nbsp; &nbsp; &nbsp; En cliquant sur le bouton \u00ab\u00a0je m&rsquo;inscris \u00e0 la [&hellip;]\" \/>\n<meta property=\"og:url\" content=\"https:\/\/www.ceran.com\/fr\/fr-newsletter-ceraners-professionnels-prives\/\" \/>\n<meta property=\"og:site_name\" content=\"Ceran\" \/>\n<meta property=\"article:modified_time\" content=\"2023-01-26T14:37:02+00:00\" \/>\n<meta name=\"twitter:card\" content=\"summary_large_image\" \/>\n<script type=\"application\/ld+json\" class=\"yoast-schema-graph\">{\"@context\":\"https:\\\/\\\/schema.org\",\"@graph\":[{\"@type\":\"WebPage\",\"@id\":\"https:\\\/\\\/www.ceran.com\\\/fr\\\/fr-newsletter-ceraners-professionnels-prives\\\/\",\"url\":\"https:\\\/\\\/www.ceran.com\\\/fr\\\/fr-newsletter-ceraners-professionnels-prives\\\/\",\"name\":\"Newsletter CERANERS Professionnels et priv\u00e9s - Ceran\",\"isPartOf\":{\"@id\":\"https:\\\/\\\/www.ceran.com\\\/fr\\\/#website\"},\"datePublished\":\"2022-12-20T11:55:05+00:00\",\"dateModified\":\"2023-01-26T14:37:02+00:00\",\"breadcrumb\":{\"@id\":\"https:\\\/\\\/www.ceran.com\\\/fr\\\/fr-newsletter-ceraners-professionnels-prives\\\/#breadcrumb\"},\"inLanguage\":\"fr-FR\",\"potentialAction\":[{\"@type\":\"ReadAction\",\"target\":[\"https:\\\/\\\/www.ceran.com\\\/fr\\\/fr-newsletter-ceraners-professionnels-prives\\\/\"]}]},{\"@type\":\"BreadcrumbList\",\"@id\":\"https:\\\/\\\/www.ceran.com\\\/fr\\\/fr-newsletter-ceraners-professionnels-prives\\\/#breadcrumb\",\"itemListElement\":[{\"@type\":\"ListItem\",\"position\":1,\"name\":\"Accueil\",\"item\":\"https:\\\/\\\/www.ceran.com\\\/fr\\\/\"},{\"@type\":\"ListItem\",\"position\":2,\"name\":\"Newsletter CERANERS Professionnels et priv\u00e9s\"}]},{\"@type\":\"WebSite\",\"@id\":\"https:\\\/\\\/www.ceran.com\\\/fr\\\/#website\",\"url\":\"https:\\\/\\\/www.ceran.com\\\/fr\\\/\",\"name\":\"Ceran\",\"description\":\"Des formations linguistiques et interculturelles qui vous ouvrent de nouveaux horizons\",\"publisher\":{\"@id\":\"https:\\\/\\\/www.ceran.com\\\/fr\\\/#organization\"},\"potentialAction\":[{\"@type\":\"SearchAction\",\"target\":{\"@type\":\"EntryPoint\",\"urlTemplate\":\"https:\\\/\\\/www.ceran.com\\\/fr\\\/?s={search_term_string}\"},\"query-input\":{\"@type\":\"PropertyValueSpecification\",\"valueRequired\":true,\"valueName\":\"search_term_string\"}}],\"inLanguage\":\"fr-FR\"},{\"@type\":\"Organization\",\"@id\":\"https:\\\/\\\/www.ceran.com\\\/fr\\\/#organization\",\"name\":\"Ceran\",\"url\":\"https:\\\/\\\/www.ceran.com\\\/fr\\\/\",\"logo\":{\"@type\":\"ImageObject\",\"inLanguage\":\"fr-FR\",\"@id\":\"https:\\\/\\\/www.ceran.com\\\/fr\\\/#\\\/schema\\\/logo\\\/image\\\/\",\"url\":\"https:\\\/\\\/www.ceran.com\\\/wp-content\\\/uploads\\\/2025\\\/06\\\/Logo-CERAN-16-x-16-pixels.svg\",\"contentUrl\":\"https:\\\/\\\/www.ceran.com\\\/wp-content\\\/uploads\\\/2025\\\/06\\\/Logo-CERAN-16-x-16-pixels.svg\",\"width\":30,\"height\":30,\"caption\":\"Ceran\"},\"image\":{\"@id\":\"https:\\\/\\\/www.ceran.com\\\/fr\\\/#\\\/schema\\\/logo\\\/image\\\/\"}}]}<\/script>\n<!-- \/ Yoast SEO plugin. -->","yoast_head_json":{"title":"Newsletter CERANERS Professionnels et priv\u00e9s - Ceran","robots":{"index":"index","follow":"follow","max-snippet":"max-snippet:-1","max-image-preview":"max-image-preview:large","max-video-preview":"max-video-preview:-1"},"canonical":"https:\/\/www.ceran.com\/fr\/fr-newsletter-ceraners-professionnels-prives\/","og_locale":"fr_FR","og_type":"article","og_title":"Newsletter CERANERS Professionnels et priv\u00e9s - Ceran","og_description":"Inscrivez-vous a La newsletter du ceran ! Chaque mois, vous recevrez dans votre bo\u00eete de r\u00e9ception des informations sur nos nouveaux programmes de formation, des invitations \u00e0 des \u00e9v\u00e8nements et des offres promotionnelles d&rsquo;exception. FR newsletter CERAN professionnels et priv\u00e9s Email* &nbsp; &nbsp; &nbsp; &nbsp; &nbsp; En cliquant sur le bouton \u00ab\u00a0je m&rsquo;inscris \u00e0 la [&hellip;]","og_url":"https:\/\/www.ceran.com\/fr\/fr-newsletter-ceraners-professionnels-prives\/","og_site_name":"Ceran","article_modified_time":"2023-01-26T14:37:02+00:00","twitter_card":"summary_large_image","schema":{"@context":"https:\/\/schema.org","@graph":[{"@type":"WebPage","@id":"https:\/\/www.ceran.com\/fr\/fr-newsletter-ceraners-professionnels-prives\/","url":"https:\/\/www.ceran.com\/fr\/fr-newsletter-ceraners-professionnels-prives\/","name":"Newsletter CERANERS Professionnels et priv\u00e9s - Ceran","isPartOf":{"@id":"https:\/\/www.ceran.com\/fr\/#website"},"datePublished":"2022-12-20T11:55:05+00:00","dateModified":"2023-01-26T14:37:02+00:00","breadcrumb":{"@id":"https:\/\/www.ceran.com\/fr\/fr-newsletter-ceraners-professionnels-prives\/#breadcrumb"},"inLanguage":"fr-FR","potentialAction":[{"@type":"ReadAction","target":["https:\/\/www.ceran.com\/fr\/fr-newsletter-ceraners-professionnels-prives\/"]}]},{"@type":"BreadcrumbList","@id":"https:\/\/www.ceran.com\/fr\/fr-newsletter-ceraners-professionnels-prives\/#breadcrumb","itemListElement":[{"@type":"ListItem","position":1,"name":"Accueil","item":"https:\/\/www.ceran.com\/fr\/"},{"@type":"ListItem","position":2,"name":"Newsletter CERANERS Professionnels et priv\u00e9s"}]},{"@type":"WebSite","@id":"https:\/\/www.ceran.com\/fr\/#website","url":"https:\/\/www.ceran.com\/fr\/","name":"Ceran","description":"Des formations linguistiques et interculturelles qui vous ouvrent de nouveaux horizons","publisher":{"@id":"https:\/\/www.ceran.com\/fr\/#organization"},"potentialAction":[{"@type":"SearchAction","target":{"@type":"EntryPoint","urlTemplate":"https:\/\/www.ceran.com\/fr\/?s={search_term_string}"},"query-input":{"@type":"PropertyValueSpecification","valueRequired":true,"valueName":"search_term_string"}}],"inLanguage":"fr-FR"},{"@type":"Organization","@id":"https:\/\/www.ceran.com\/fr\/#organization","name":"Ceran","url":"https:\/\/www.ceran.com\/fr\/","logo":{"@type":"ImageObject","inLanguage":"fr-FR","@id":"https:\/\/www.ceran.com\/fr\/#\/schema\/logo\/image\/","url":"https:\/\/www.ceran.com\/wp-content\/uploads\/2025\/06\/Logo-CERAN-16-x-16-pixels.svg","contentUrl":"https:\/\/www.ceran.com\/wp-content\/uploads\/2025\/06\/Logo-CERAN-16-x-16-pixels.svg","width":30,"height":30,"caption":"Ceran"},"image":{"@id":"https:\/\/www.ceran.com\/fr\/#\/schema\/logo\/image\/"}}]}},"_links":{"self":[{"href":"https:\/\/www.ceran.com\/fr\/wp-json\/wp\/v2\/pages\/72247","targetHints":{"allow":["GET"]}}],"collection":[{"href":"https:\/\/www.ceran.com\/fr\/wp-json\/wp\/v2\/pages"}],"about":[{"href":"https:\/\/www.ceran.com\/fr\/wp-json\/wp\/v2\/types\/page"}],"author":[{"embeddable":true,"href":"https:\/\/www.ceran.com\/fr\/wp-json\/wp\/v2\/users\/17"}],"replies":[{"embeddable":true,"href":"https:\/\/www.ceran.com\/fr\/wp-json\/wp\/v2\/comments?post=72247"}],"version-history":[{"count":5,"href":"https:\/\/www.ceran.com\/fr\/wp-json\/wp\/v2\/pages\/72247\/revisions"}],"predecessor-version":[{"id":73602,"href":"https:\/\/www.ceran.com\/fr\/wp-json\/wp\/v2\/pages\/72247\/revisions\/73602"}],"wp:attachment":[{"href":"https:\/\/www.ceran.com\/fr\/wp-json\/wp\/v2\/media?parent=72247"}],"curies":[{"name":"wp","href":"https:\/\/api.w.org\/{rel}","templated":true}]}}