{"id":72292,"date":"2022-12-20T13:55:12","date_gmt":"2022-12-20T12:55:12","guid":{"rendered":"https:\/\/www.ceran.com\/?page_id=72292"},"modified":"2023-01-26T15:20:45","modified_gmt":"2023-01-26T14:20:45","slug":"merci-newsletter-professionnels-et-prives","status":"publish","type":"page","link":"https:\/\/www.ceran.com\/fr\/merci-newsletter-professionnels-et-prives\/","title":{"rendered":"Merci Newsletter professionnels et priv\u00e9s"},"content":{"rendered":"\t\t<div data-elementor-type=\"wp-page\" data-elementor-id=\"72292\" class=\"elementor elementor-72292\" data-elementor-post-type=\"page\">\n\t\t\t\t\t\t<section class=\"elementor-section elementor-top-section elementor-element elementor-element-3c7729b elementor-section-boxed elementor-section-height-default elementor-section-height-default\" data-id=\"3c7729b\" data-element_type=\"section\" data-e-type=\"section\">\n\t\t\t\t\t\t<div class=\"elementor-container elementor-column-gap-default\">\n\t\t\t\t\t<div class=\"elementor-column elementor-col-100 elementor-top-column elementor-element elementor-element-4c6ae86\" data-id=\"4c6ae86\" data-element_type=\"column\" data-e-type=\"column\">\n\t\t\t<div class=\"elementor-widget-wrap elementor-element-populated\">\n\t\t\t\t\t\t<div class=\"elementor-element elementor-element-ceran-title-icon elementor-widget elementor-widget-ceran-title-icon\" data-id=\"ceran-title-icon\" data-element_type=\"widget\" data-e-type=\"widget\" data-widget_type=\"ceran-title-icon.default\">\n\t\t\t\t<div class=\"elementor-widget-container\">\n\t\t\t\t\t<h2 class=\"ax-title-icon\"><div class=\"ax-title-icons bleu-rouge \"> Vous \u00eates bien inscrit.e \u00e0 la newsletter des CERANERS! <\/div><\/h2>\t\t\t\t<\/div>\n\t\t\t\t<\/div>\n\t\t\t\t<div class=\"elementor-element elementor-element-bc2f543 elementor-widget elementor-widget-text-editor\" data-id=\"bc2f543\" data-element_type=\"widget\" data-e-type=\"widget\" data-widget_type=\"text-editor.default\">\n\t\t\t\t<div class=\"elementor-widget-container\">\n\t\t\t\t\t\t\t\t\t<p>Merci de votre int\u00e9r\u00eat pour notre nouvelle newsletter.\u00a0<\/p><p><strong>Rendez-vous dans votre bo\u00eete email<\/strong> pour la confirmation.<\/p><p><span style=\"color: #ff0000;\"><strong>IMPORTANT :<\/strong><\/span><\/p><p>Il est possible que ce courriel soit arriv\u00e9 dans vos spams. Pensez \u00e0 y regarder.<\/p><p>Par cons\u00e9quent, nous vous recommandons de taguer notre adresse mail comme \u00e9tant une adresse email de confiance. Vous recevrez alors nos futures actualit\u00e9s dans votre bo\u00eete de r\u00e9ception.<\/p>\t\t\t\t\t\t\t\t<\/div>\n\t\t\t\t<\/div>\n\t\t\t\t\t<\/div>\n\t\t<\/div>\n\t\t\t\t\t<\/div>\n\t\t<\/section>\n\t\t\t\t<\/div>\n\t\t","protected":false},"excerpt":{"rendered":"<p>Vous \u00eates bien inscrit.e \u00e0 la newsletter des CERANERS! Merci de votre int\u00e9r\u00eat pour notre nouvelle newsletter.\u00a0 Rendez-vous dans votre bo\u00eete email pour la confirmation. IMPORTANT : Il est possible que ce courriel soit arriv\u00e9 dans vos spams. Pensez \u00e0 y regarder. Par cons\u00e9quent, nous vous recommandons de taguer notre adresse mail comme \u00e9tant une [&hellip;]<\/p>\n","protected":false},"author":17,"featured_media":0,"parent":0,"menu_order":0,"comment_status":"closed","ping_status":"closed","template":"","meta":{"_acf_changed":false,"_seopress_robots_primary_cat":"","_seopress_titles_title":"","_seopress_titles_desc":"","_seopress_robots_index":"","content-type":"","footnotes":""},"class_list":["post-72292","page","type-page","status-publish","hentry"],"acf":[],"yoast_head":"<!-- This site is optimized with the Yoast SEO plugin v27.4 - https:\/\/yoast.com\/product\/yoast-seo-wordpress\/ -->\n<title>Merci Newsletter professionnels et priv\u00e9s - Ceran<\/title>\n<meta name=\"robots\" content=\"index, follow, max-snippet:-1, max-image-preview:large, max-video-preview:-1\" \/>\n<link rel=\"canonical\" href=\"https:\/\/www.ceran.com\/fr\/merci-newsletter-professionnels-et-prives\/\" \/>\n<meta property=\"og:locale\" content=\"fr_FR\" \/>\n<meta property=\"og:type\" content=\"article\" \/>\n<meta property=\"og:title\" content=\"Merci Newsletter professionnels et priv\u00e9s - Ceran\" \/>\n<meta property=\"og:description\" content=\"Vous \u00eates bien inscrit.e \u00e0 la newsletter des CERANERS! Merci de votre int\u00e9r\u00eat pour notre nouvelle newsletter.\u00a0 Rendez-vous dans votre bo\u00eete email pour la confirmation. IMPORTANT : Il est possible que ce courriel soit arriv\u00e9 dans vos spams. Pensez \u00e0 y regarder. Par cons\u00e9quent, nous vous recommandons de taguer notre adresse mail comme \u00e9tant une [&hellip;]\" \/>\n<meta property=\"og:url\" content=\"https:\/\/www.ceran.com\/fr\/merci-newsletter-professionnels-et-prives\/\" \/>\n<meta property=\"og:site_name\" content=\"Ceran\" \/>\n<meta property=\"article:modified_time\" content=\"2023-01-26T14:20:45+00:00\" \/>\n<meta name=\"twitter:card\" content=\"summary_large_image\" \/>\n<script type=\"application\/ld+json\" class=\"yoast-schema-graph\">{\"@context\":\"https:\\\/\\\/schema.org\",\"@graph\":[{\"@type\":\"WebPage\",\"@id\":\"https:\\\/\\\/www.ceran.com\\\/fr\\\/merci-newsletter-professionnels-et-prives\\\/\",\"url\":\"https:\\\/\\\/www.ceran.com\\\/fr\\\/merci-newsletter-professionnels-et-prives\\\/\",\"name\":\"Merci Newsletter professionnels et priv\u00e9s - Ceran\",\"isPartOf\":{\"@id\":\"https:\\\/\\\/www.ceran.com\\\/fr\\\/#website\"},\"datePublished\":\"2022-12-20T12:55:12+00:00\",\"dateModified\":\"2023-01-26T14:20:45+00:00\",\"breadcrumb\":{\"@id\":\"https:\\\/\\\/www.ceran.com\\\/fr\\\/merci-newsletter-professionnels-et-prives\\\/#breadcrumb\"},\"inLanguage\":\"fr-FR\",\"potentialAction\":[{\"@type\":\"ReadAction\",\"target\":[\"https:\\\/\\\/www.ceran.com\\\/fr\\\/merci-newsletter-professionnels-et-prives\\\/\"]}]},{\"@type\":\"BreadcrumbList\",\"@id\":\"https:\\\/\\\/www.ceran.com\\\/fr\\\/merci-newsletter-professionnels-et-prives\\\/#breadcrumb\",\"itemListElement\":[{\"@type\":\"ListItem\",\"position\":1,\"name\":\"Accueil\",\"item\":\"https:\\\/\\\/www.ceran.com\\\/fr\\\/\"},{\"@type\":\"ListItem\",\"position\":2,\"name\":\"Merci Newsletter professionnels et priv\u00e9s\"}]},{\"@type\":\"WebSite\",\"@id\":\"https:\\\/\\\/www.ceran.com\\\/fr\\\/#website\",\"url\":\"https:\\\/\\\/www.ceran.com\\\/fr\\\/\",\"name\":\"Ceran\",\"description\":\"Des formations linguistiques et interculturelles qui vous ouvrent de nouveaux horizons\",\"publisher\":{\"@id\":\"https:\\\/\\\/www.ceran.com\\\/fr\\\/#organization\"},\"potentialAction\":[{\"@type\":\"SearchAction\",\"target\":{\"@type\":\"EntryPoint\",\"urlTemplate\":\"https:\\\/\\\/www.ceran.com\\\/fr\\\/?s={search_term_string}\"},\"query-input\":{\"@type\":\"PropertyValueSpecification\",\"valueRequired\":true,\"valueName\":\"search_term_string\"}}],\"inLanguage\":\"fr-FR\"},{\"@type\":\"Organization\",\"@id\":\"https:\\\/\\\/www.ceran.com\\\/fr\\\/#organization\",\"name\":\"Ceran\",\"url\":\"https:\\\/\\\/www.ceran.com\\\/fr\\\/\",\"logo\":{\"@type\":\"ImageObject\",\"inLanguage\":\"fr-FR\",\"@id\":\"https:\\\/\\\/www.ceran.com\\\/fr\\\/#\\\/schema\\\/logo\\\/image\\\/\",\"url\":\"https:\\\/\\\/www.ceran.com\\\/wp-content\\\/uploads\\\/2025\\\/06\\\/Logo-CERAN-16-x-16-pixels.svg\",\"contentUrl\":\"https:\\\/\\\/www.ceran.com\\\/wp-content\\\/uploads\\\/2025\\\/06\\\/Logo-CERAN-16-x-16-pixels.svg\",\"width\":30,\"height\":30,\"caption\":\"Ceran\"},\"image\":{\"@id\":\"https:\\\/\\\/www.ceran.com\\\/fr\\\/#\\\/schema\\\/logo\\\/image\\\/\"}}]}<\/script>\n<!-- \/ Yoast SEO plugin. -->","yoast_head_json":{"title":"Merci Newsletter professionnels et priv\u00e9s - Ceran","robots":{"index":"index","follow":"follow","max-snippet":"max-snippet:-1","max-image-preview":"max-image-preview:large","max-video-preview":"max-video-preview:-1"},"canonical":"https:\/\/www.ceran.com\/fr\/merci-newsletter-professionnels-et-prives\/","og_locale":"fr_FR","og_type":"article","og_title":"Merci Newsletter professionnels et priv\u00e9s - Ceran","og_description":"Vous \u00eates bien inscrit.e \u00e0 la newsletter des CERANERS! Merci de votre int\u00e9r\u00eat pour notre nouvelle newsletter.\u00a0 Rendez-vous dans votre bo\u00eete email pour la confirmation. IMPORTANT : Il est possible que ce courriel soit arriv\u00e9 dans vos spams. Pensez \u00e0 y regarder. Par cons\u00e9quent, nous vous recommandons de taguer notre adresse mail comme \u00e9tant une [&hellip;]","og_url":"https:\/\/www.ceran.com\/fr\/merci-newsletter-professionnels-et-prives\/","og_site_name":"Ceran","article_modified_time":"2023-01-26T14:20:45+00:00","twitter_card":"summary_large_image","schema":{"@context":"https:\/\/schema.org","@graph":[{"@type":"WebPage","@id":"https:\/\/www.ceran.com\/fr\/merci-newsletter-professionnels-et-prives\/","url":"https:\/\/www.ceran.com\/fr\/merci-newsletter-professionnels-et-prives\/","name":"Merci Newsletter professionnels et priv\u00e9s - Ceran","isPartOf":{"@id":"https:\/\/www.ceran.com\/fr\/#website"},"datePublished":"2022-12-20T12:55:12+00:00","dateModified":"2023-01-26T14:20:45+00:00","breadcrumb":{"@id":"https:\/\/www.ceran.com\/fr\/merci-newsletter-professionnels-et-prives\/#breadcrumb"},"inLanguage":"fr-FR","potentialAction":[{"@type":"ReadAction","target":["https:\/\/www.ceran.com\/fr\/merci-newsletter-professionnels-et-prives\/"]}]},{"@type":"BreadcrumbList","@id":"https:\/\/www.ceran.com\/fr\/merci-newsletter-professionnels-et-prives\/#breadcrumb","itemListElement":[{"@type":"ListItem","position":1,"name":"Accueil","item":"https:\/\/www.ceran.com\/fr\/"},{"@type":"ListItem","position":2,"name":"Merci Newsletter professionnels et priv\u00e9s"}]},{"@type":"WebSite","@id":"https:\/\/www.ceran.com\/fr\/#website","url":"https:\/\/www.ceran.com\/fr\/","name":"Ceran","description":"Des formations linguistiques et interculturelles qui vous ouvrent de nouveaux horizons","publisher":{"@id":"https:\/\/www.ceran.com\/fr\/#organization"},"potentialAction":[{"@type":"SearchAction","target":{"@type":"EntryPoint","urlTemplate":"https:\/\/www.ceran.com\/fr\/?s={search_term_string}"},"query-input":{"@type":"PropertyValueSpecification","valueRequired":true,"valueName":"search_term_string"}}],"inLanguage":"fr-FR"},{"@type":"Organization","@id":"https:\/\/www.ceran.com\/fr\/#organization","name":"Ceran","url":"https:\/\/www.ceran.com\/fr\/","logo":{"@type":"ImageObject","inLanguage":"fr-FR","@id":"https:\/\/www.ceran.com\/fr\/#\/schema\/logo\/image\/","url":"https:\/\/www.ceran.com\/wp-content\/uploads\/2025\/06\/Logo-CERAN-16-x-16-pixels.svg","contentUrl":"https:\/\/www.ceran.com\/wp-content\/uploads\/2025\/06\/Logo-CERAN-16-x-16-pixels.svg","width":30,"height":30,"caption":"Ceran"},"image":{"@id":"https:\/\/www.ceran.com\/fr\/#\/schema\/logo\/image\/"}}]}},"_links":{"self":[{"href":"https:\/\/www.ceran.com\/fr\/wp-json\/wp\/v2\/pages\/72292","targetHints":{"allow":["GET"]}}],"collection":[{"href":"https:\/\/www.ceran.com\/fr\/wp-json\/wp\/v2\/pages"}],"about":[{"href":"https:\/\/www.ceran.com\/fr\/wp-json\/wp\/v2\/types\/page"}],"author":[{"embeddable":true,"href":"https:\/\/www.ceran.com\/fr\/wp-json\/wp\/v2\/users\/17"}],"replies":[{"embeddable":true,"href":"https:\/\/www.ceran.com\/fr\/wp-json\/wp\/v2\/comments?post=72292"}],"version-history":[{"count":5,"href":"https:\/\/www.ceran.com\/fr\/wp-json\/wp\/v2\/pages\/72292\/revisions"}],"predecessor-version":[{"id":72410,"href":"https:\/\/www.ceran.com\/fr\/wp-json\/wp\/v2\/pages\/72292\/revisions\/72410"}],"wp:attachment":[{"href":"https:\/\/www.ceran.com\/fr\/wp-json\/wp\/v2\/media?parent=72292"}],"curies":[{"name":"wp","href":"https:\/\/api.w.org\/{rel}","templated":true}]}}