{"id":72454,"date":"2023-01-05T11:05:14","date_gmt":"2023-01-05T10:05:14","guid":{"rendered":"https:\/\/www.ceran.com\/?page_id=72454"},"modified":"2023-01-26T15:36:22","modified_gmt":"2023-01-26T14:36:22","slug":"newsletter-ceran-jeune-adulte","status":"publish","type":"page","link":"https:\/\/www.ceran.com\/fr\/newsletter-ceran-jeune-adulte\/","title":{"rendered":"Newsletter CERAN Jeune Adulte"},"content":{"rendered":"\t\t<div data-elementor-type=\"wp-page\" data-elementor-id=\"72454\" class=\"elementor elementor-72454\" data-elementor-post-type=\"page\">\n\t\t\t\t\t\t<section class=\"elementor-section elementor-top-section elementor-element elementor-element-21607ae elementor-section-content-middle elementor-section-boxed elementor-section-height-default elementor-section-height-default\" data-id=\"21607ae\" data-element_type=\"section\" data-e-type=\"section\">\n\t\t\t\t\t\t<div class=\"elementor-container elementor-column-gap-no\">\n\t\t\t\t\t<div class=\"elementor-column elementor-col-100 elementor-top-column elementor-element elementor-element-ee291f9\" data-id=\"ee291f9\" data-element_type=\"column\" data-e-type=\"column\">\n\t\t\t<div class=\"elementor-widget-wrap elementor-element-populated\">\n\t\t\t\t\t\t<div class=\"elementor-element elementor-element-5c85972 elementor-view-default elementor-widget elementor-widget-icon\" data-id=\"5c85972\" data-element_type=\"widget\" data-e-type=\"widget\" data-widget_type=\"icon.default\">\n\t\t\t\t<div class=\"elementor-widget-container\">\n\t\t\t\t\t\t\t<div class=\"elementor-icon-wrapper\">\n\t\t\t<div class=\"elementor-icon\">\n\t\t\t<i aria-hidden=\"true\" class=\"far fa-envelope\"><\/i>\t\t\t<\/div>\n\t\t<\/div>\n\t\t\t\t\t\t<\/div>\n\t\t\t\t<\/div>\n\t\t\t\t<div class=\"elementor-element elementor-element-05bab76 elementor-widget elementor-widget-heading\" data-id=\"05bab76\" data-element_type=\"widget\" data-e-type=\"widget\" data-widget_type=\"heading.default\">\n\t\t\t\t<div class=\"elementor-widget-container\">\n\t\t\t\t\t<h1 class=\"elementor-heading-title elementor-size-default\">Inscrivez-vous a La newsletter dU CERAN<\/h1>\t\t\t\t<\/div>\n\t\t\t\t<\/div>\n\t\t\t\t<div class=\"elementor-element elementor-element-06ea1cb elementor-widget elementor-widget-text-editor\" data-id=\"06ea1cb\" data-element_type=\"widget\" data-e-type=\"widget\" data-widget_type=\"text-editor.default\">\n\t\t\t\t<div class=\"elementor-widget-container\">\n\t\t\t\t\t\t\t\t\t<p><strong>Chaque mois, vous recevrez dans votre bo\u00eete de r\u00e9ception <\/strong>des informations sur nos nouveaux programmes de formation, des invitations \u00e0 des \u00e9v\u00e8nements et des offres promotionnelles d&rsquo;exception.<\/p>\t\t\t\t\t\t\t\t<\/div>\n\t\t\t\t<\/div>\n\t\t\t\t<div class=\"elementor-element elementor-element-83b8c10 elementor-widget elementor-widget-html\" data-id=\"83b8c10\" data-element_type=\"widget\" data-e-type=\"widget\" data-widget_type=\"html.default\">\n\t\t\t\t<div class=\"elementor-widget-container\">\n\t\t\t\t\t<html xmlns=\"http:\/\/www.w3.org\/1999\/xhtml\"><head>\n    <title>FR newsletter CERAN JEUNE ADULTE<\/title>\n    <meta http-equiv=\"content-type\" content=\"text\/html; charset=utf-8\">\n    <meta http-equiv=\"Expires\" content=\"0\">\n    <meta http-equiv=\"Cache-Control\" content=\"no-cache\">\n    <meta http-equiv=\"Pragma\" content=\"no-cache\">\n    <meta name=\"viewport\" content=\"width=device-width, initial-scale=1\">\n    <link href=\"https:\/\/cdn-eu.clickdimensions.com\/web\/v10\/cdform2.min.css\" rel=\"stylesheet\" type=\"text\/css\">\n    <script src=\"https:\/\/cdn-eu.clickdimensions.com\/web\/v10\/cdform.jquery.js\" type=\"text\/javascript\"><!----><\/script>\n<script type=\"text\/javascript\">clickd_jquery = jQuery.noConflict(true); \n\n<\/script><script src=\"https:\/\/cdn-eu.clickdimensions.com\/web\/v10\/cdform.min.noanalytics.js\" type=\"text\/javascript\"><!----><\/script>\n    <script src=\"https:\/\/cdn-eu.clickdimensions.com\/web\/v10\/xsscheck.js\" type=\"text\/javascript\"><!----><\/script>\n<script id=\"customjs\" type=\"text\/javascript\"><\/script>\n<style>\/*--- BODY STYLE ---*\/\nbody\n{\nmargin:0px;\npadding:0px;\n-webkit-text-size-adjust: 100%;\n}\n\n\/*--- FORM CONTAINER STYLE ---*\/\n.mainDiv\n{\nfloat:left;\n}\n\n\/*--- FIELD INPUT STYLE ---*\/\n.clickdform input[type='text'],\n.clickdform textarea,\n.clickdform select\n{\n    font-family:\"Verdana\" !important;\n    font-size:13px !important;\n    color:#333;\n    margin:0;\n    padding:2px 0;\n    border-top:1px solid #7c7c7c;\n    border-left:1px solid #c3c3c3;\n    border-right:1px solid #c3c3c3;\n    border-bottom:1px solid #ddd;\n}\n\n\/*--- LIST DROPDOWN STYLE ---*\/\n.clickdform select\n{\n\theight:26px;\n}\n\n\/*--- SUBMIT BUTTON STYLE ---*\/\n#btnSubmit\n{\n    margin: 15px 0 0 0;\n    font-family:Verdana;\n    font-size:13px;\n    clear:both;\n}\n\n\/*--- PREVIOUS BUTTON STYLE ---*\/\n.clickdform .WizardPrevButton{\n    margin: 15px 10px 0 0;\n    font-family:Verdana;\n    font-size:13px;\n    float:left;\n}\n\n\/*--- NEXT BUTTON STYLE ---*\/\n.clickdform .WizardNextButton\n{\n    margin: 15px 0px 0 0;\n    font-family:Verdana;\n    font-size:13px;\n    float:right;\n    clear:both;\n}\n <\/style><script src=\"http:\/\/analytics-eu.clickdimensions.com\/tsr.js?ac=arMnNMSUf1UGppUq920FQ&amp;urk=1674743549411&amp;cm=CMP-01079-D2L3R&amp;s=1674743549410&amp;v=&amp;lc=English&amp;pt=FR%20newsletter%20CERAN%20JEUNE%20ADULTE&amp;dn=ceran.com&amp;dnk=014b533bd4bce911a823000d3ab35b39&amp;pk=b9213d1ed88ced1181ad000d3adeaf2a&amp;hn=&amp;uri=file%3A%2F%2F%2FC%3A%2FUsers%2Frczerwiec%2FDownloads%2Fhj0huyzyee2brqanot6vkg.html&amp;r=&amp;t=FORM&amp;b=CHROME&amp;os=WINDOWS&amp;pr=false&amp;sc=0&amp;sv=6.0&amp;qd=&amp;dt=1674743549411&amp;pvon=\" type=\"text\/javascript\"><\/script><\/head>\n  <body>\n    <div class=\"clickdform mainDiv\" style=\"padding-top:10px;padding-left:10px;padding-bottom:0px;padding-right:0px;\">\n      <form id=\"clickdimensionsForm\" name=\"clickdimensionsForm\" method=\"post\" accept-charset=\"utf-8\" enctype=\"multipart\/form-data\" action=\"https:\/\/analytics-eu.clickdimensions.com\/forms\/?visitor=lead\"><input type=\"HIDDEN\" name=\"cd_accountkey\" id=\"cd_accountkey\" value=\"arMnNMSUf1UGppUq920FQ\"><input type=\"HIDDEN\" name=\"cd_domain\" id=\"cd_domain\" value=\"ceran.com\"><input type=\"HIDDEN\" name=\"cd_visitorkey\" id=\"cd_visitorkey\" value=\"\"><input type=\"HIDDEN\" name=\"cd_visitoremail\" id=\"cd_visitoremail\" value=\"\"><input type=\"HIDDEN\" name=\"cd_timezone\" id=\"cd_timezone\" value=\"-1\"><input type=\"HIDDEN\" name=\"cd_domainalias\" id=\"cd_domainalias\" value=\"web.ceran.com\"><input type=\"HIDDEN\" name=\"cd_postsettings\" id=\"cd_postsettings\" value=\"NWVOeVIxUlQ4dHVZZjM2aGNCcVMvS0xPaWNYKzRwd3NpSmc3anRrOXRNQ1pEdmJ5RkoxSGdPeUJRamhGblgxTGlvT2EyNXNka2dmOTBJWW1jV3R4ayt2TUwwaFpqeVhhZ1RLU3p4ZDNGSkdqbnppVUlHd2g3bk9SMEZra3dSalNEN3Zmd1QxeGkzS3M2YldLbm5VeGEvNkRrSVVKTzNnWkxFMXBDZnpGQk5rK1RQQUh2NncvemtxV3lrNjJiaTFXT3BldmxlQkVudGloaFFqSzhsM2x3ci9HcFNkczl2T1VyRHhNWnErZWFucStud3I5anhmS1ZpUUQyeEdCVEpzU3o5MmYyT0N5UE96NmUxOEFpeXdVd3cxc2NoTjZLNE51Qnd0blQ4YTAzMGtUUThVRW5PMmRYZUE3enIrNE5vNlZYdm11RXpVZHA4VmJNRjFDVldSTkx2N1MvcCtNTnRrd3ZldnVlU0pYVS9HNW1JZ0Q2aCtHc1JLUjZheHJRQ0NueksydWQrOEdqd2Y4NnM3b3BrZXFLc3g0cnkzWUlGU3RJM1R6MmFlVjBCcFZKQzRBdDIwNUhLZGQwV1Z5MlNvWGY3OHpyN0hRQ0xub1ZPNVR4V1A5L2hKT3lIUllFVWZsL25qaW9PUXhmeDdrcGlobnoySEdFZ3I0bWR4a0ZGWnNBZG5ieURDUDJRMTlYd3VFNE5ZQmFOV2k1cDJ0ektUMDBSMzFHeG0yTExHUmtaZzYyUFMrczZYZjFFZzV4ODNlQk8rQWRUTnNhSVB0WEt5eW9wbGJnbGxoNE12TUU5Y0J3OWtPWkVXbVNpS3hJbzYzZlJKaVpKdk4xN3NUWDMvVmlmNWRFODRaaUpGRHlwNURIRGxTRHUrZDRvWURQTnlaWkxyQVBsaWI5UnFQWUZEeWZ2SXgyYWF6dkE4VVZOUThQTStRY2IzUnY2UXd2QjM4WGhvMS9CMEhYb1oveEFCaGlaUGZGN2gxQ3g2U1hXbXpXdm50cUNVK1lNM3V3TVlibVJwWnBBYStJQStscCtyeXFYMUZ4Uk9qK2REMkJxWEd0SzZvS1gvM1BKU3FROHJnUEo5dUpjcEFXVkZ2UTQ4Z2Z1clB6a3BHaXhFaFRGUDF2Sjc1UldrTGpSeEJ1UWNoMnlKV3VOSUU3RmFwTkFjbXo0T1FHdGlsWG1RbVJ2UFFmMktSejNiUWZSWUZ1SU1lMEhFVm1RMTVHZjU2MFBUQzV3dVpjN2swSERLZVJVaWxpSjErYTVlVTN0MlplbVl3WExwSlJNbTZUT3ZEaTVXbWVNcCtqdzZ2U25uN2Z0cWh4NFU2emtEMDhxS3NGYWUrRWV4MzdiMnAvVjdFZy9XL2lnVmVqb0lTemE2VUZLelVPViswUkd2RkRUNzhSWDVVYTFrazA1bzk2VlFGbG9ETmhNQXRzT3FXV0tvMFVEQ1VCY3hKUkxZT2RFNGxta1AyY290bEJjYlFCZkQyNXBYVWM5bG4xcFM2YW9zUDhNRlI3NGF1YTJrUE1lejdrOEpSUmdRQ0JwV05La3VQeEJRRTlhdC93eXMwdGRadGlkRWpRd0NFSE5sbzEzNjZGdXFuV3d4NjlHNEJaeVZOOUxtbDE5WmYxdFI4czZmQzZsSHFlNVNkMXlDVEc2UVRMNnFZRXlYSHMzZ2VGNGM2OExCOUp6K1g5dzEyejY3YjUzektNU2RabE1icldZMzhCeVV0alBSZVlPVW5NcXlacE9ZYmovNnJTb01iZ2xSYkxjUEh2MG5acGdkL3F6Mzg4T091K1JzMkcxai91V0RLdTkwRXc3UDVLOWJuQVZmSVNlRnBqaUxrcjhnSmhIMD0=\"><input type=\"text\" id=\"cd_ht_text\" name=\"cd_ht_text\" value=\"\" style=\"display:none;\"><div class=\"responsiveRow\"><div class=\"responsiveCell responsiveCellSize3\">\n          <div class=\"alignBottom minSize3\">\n            <span class=\"maxSize3\" style=\"font-family:Arial; font-weight:normal; font-size:15px; color:#000000;\">Email<\/span>\n          <\/div>\n          <div class=\"clear\">&nbsp;<\/div>\n          <div colspan=\"3\" class=\"alignTop minSize3\">\n            <div id=\"cont_id_f_f9411dd7cfbce911a823000d3ab35b39\">\n              <input leadfield=\"emailaddress1\" contactfield=\"emailaddress1\" class=\"maxSize3 width100per EmailComponent\" type=\"text\" id=\"f_f9411dd7cfbce911a823000d3ab35b39\" name=\"f_f9411dd7cfbce911a823000d3ab35b39\" aria-label=\"Email\" aria-required=\"false\" aria-invalid=\"true\" maxlength=\"100\" style=\"font-family:Arial;\" value=\"\" onkeypress=\"return onFieldKeyPress(event)\">\n              <div id=\"required_info_f_f9411dd7cfbce911a823000d3ab35b39\" class=\"requiredInfo floatLeft\">&nbsp;\n    <\/div>\n              <input type=\"hidden\" name=\"reqField\" value=\"f_f9411dd7cfbce911a823000d3ab35b39\" alt=\"Email\" req=\"false\" errormsg=\"Please enter a valid value.\" requrederrormsg=\"Ce champs est obligatoire\" patternid=\"1\" customregex=\"\" filterfreeemail=\"False\">\n            <\/div>\n          <\/div>\n        <\/div><\/div><div class=\"responsiveRow\">\n          <div class=\"responsiveCell responsiveCellSize1 emptyCell\">&nbsp;<\/div>\n          <div style=\"text-align:center;\" class=\"responsiveCell responsiveCellSize1\">\n            <div class=\"buttonContainer\">\n              <input type=\"button\" id=\"btnSubmit\" value=\"Je m'inscris \u00e0 la newsletter CERAN\" style=\"font-family:Arial;color:#FFFFFF;font-size:18px;background-color:#FF0000;\" onclick=\"SendForm(this, &quot;clickdimensionsForm&quot;, &quot;Form&quot;);\">\n            <\/div>\n          <\/div>\n          <div class=\"responsiveCell responsiveCellSize1 emptyCell\">&nbsp;<\/div>\n        <\/div>\n<script type=\"text\/javascript\">function onDocumentReady (){\nclickd_pageType = 'Form';\nclickd_handlersLocation = 'https:\/\/analytics-eu.clickdimensions.com';\nclickd_directory = 'https:\/\/cdn-eu.clickdimensions.com\/web\/v10';\nFitSize();\nSetFormResizable();\ninitForm();\n}\/\/]]>\nclickd_jquery(function () {\nonDocumentReady();\n});\n<\/script><div class=\"clear\">&nbsp;<\/div>\n      <\/form>\n    <\/div>\n<script type=\"text\/javascript\" src=\"https:\/\/analytics-eu.clickdimensions.com\/ts.js\"><\/script><script type=\"text\/javascript\" src=\"https:\/\/analytics-eu.clickdimensions.com\/optout.js\"><\/script><script type=\"text\/javascript\" src=\"https:\/\/analytics-eu.clickdimensions.com\/forms.js\"><\/script><script type=\"text\/javascript\"> cdDomainKey = '014b533bd4bce911a823000d3ab35b39'; cdPageKey = 'b9213d1ed88ced1181ad000d3adeaf2a';<\/script><script type=\"text\/javascript\"> cdCampaignKey = 'CMP-01079-D2L3R';<\/script><script type=\"text\/javascript\">  var cdAnalytics = new clickdimensions.Analytics('analytics-eu.clickdimensions.com');  cdAnalytics.setDomain('ceran.com');  cdAnalytics.setAccountKey('arMnNMSUf1UGppUq920FQ');  cdAnalytics.setPageType('FORM');  cdAnalytics.setScore(typeof(cdScore) == \"undefined\" ? 0 : (cdScore == 0 ? null : cdScore));  cdAnalytics.optOutTracking(typeof(optOut) != \"undefined\" && optOut);<\/script><script type=\"text\/javascript\">  var cdForms = new clickdimensions.Forms();<\/script>\n<\/body><\/html>\t\t\t\t<\/div>\n\t\t\t\t<\/div>\n\t\t\t\t<div class=\"elementor-element elementor-element-7d6ef1f elementor-widget elementor-widget-text-editor\" data-id=\"7d6ef1f\" data-element_type=\"widget\" data-e-type=\"widget\" data-widget_type=\"text-editor.default\">\n\t\t\t\t<div class=\"elementor-widget-container\">\n\t\t\t\t\t\t\t\t\t<p>En cliquant sur le bouton \u00ab\u00a0je m&rsquo;inscris \u00e0 la newsletter\u00a0\u00bb vous acceptez de recevoir des e-mails et vous confirmez avoir pris <br \/>connaissance de notre<a href=\"https:\/\/www.ceran.com\/fr\/protection-des-donnees\/\"><span style=\"text-decoration: underline;\"><strong> politique de confidentialit\u00e9<\/strong><\/span>\u00a0<\/a>et de nos <strong><a href=\"https:\/\/www.ceran.com\/fr\/conditions-generales-dutilisation-des-sites-ceran\/\">conditions g\u00e9n\u00e9rales d&rsquo;utilisation<\/a><\/strong>.\u00a0<\/p>\t\t\t\t\t\t\t\t<\/div>\n\t\t\t\t<\/div>\n\t\t\t\t\t<\/div>\n\t\t<\/div>\n\t\t\t\t\t<\/div>\n\t\t<\/section>\n\t\t\t\t<\/div>\n\t\t","protected":false},"excerpt":{"rendered":"<p>Inscrivez-vous a La newsletter dU CERAN Chaque mois, vous recevrez dans votre bo\u00eete de r\u00e9ception des informations sur nos nouveaux programmes de formation, des invitations \u00e0 des \u00e9v\u00e8nements et des offres promotionnelles d&rsquo;exception. FR newsletter CERAN JEUNE ADULTE Email &nbsp; &nbsp; &nbsp; &nbsp; &nbsp; En cliquant sur le bouton \u00ab\u00a0je m&rsquo;inscris \u00e0 la newsletter\u00a0\u00bb vous [&hellip;]<\/p>\n","protected":false},"author":17,"featured_media":0,"parent":0,"menu_order":0,"comment_status":"closed","ping_status":"closed","template":"","meta":{"_acf_changed":false,"_seopress_robots_primary_cat":"","_seopress_titles_title":"","_seopress_titles_desc":"","_seopress_robots_index":"","content-type":"","footnotes":""},"class_list":["post-72454","page","type-page","status-publish","hentry"],"acf":[],"yoast_head":"<!-- This site is optimized with the Yoast SEO plugin v27.5 - https:\/\/yoast.com\/product\/yoast-seo-wordpress\/ -->\n<title>Newsletter CERAN Jeune Adulte - Ceran<\/title>\n<meta name=\"robots\" content=\"index, follow, max-snippet:-1, max-image-preview:large, max-video-preview:-1\" \/>\n<link rel=\"canonical\" href=\"https:\/\/www.ceran.com\/fr\/newsletter-ceran-jeune-adulte\/\" \/>\n<meta property=\"og:locale\" content=\"fr_FR\" \/>\n<meta property=\"og:type\" content=\"article\" \/>\n<meta property=\"og:title\" content=\"Newsletter CERAN Jeune Adulte - Ceran\" \/>\n<meta property=\"og:description\" content=\"Inscrivez-vous a La newsletter dU CERAN Chaque mois, vous recevrez dans votre bo\u00eete de r\u00e9ception des informations sur nos nouveaux programmes de formation, des invitations \u00e0 des \u00e9v\u00e8nements et des offres promotionnelles d&rsquo;exception. FR newsletter CERAN JEUNE ADULTE Email &nbsp; &nbsp; &nbsp; &nbsp; &nbsp; En cliquant sur le bouton \u00ab\u00a0je m&rsquo;inscris \u00e0 la newsletter\u00a0\u00bb vous [&hellip;]\" \/>\n<meta property=\"og:url\" content=\"https:\/\/www.ceran.com\/fr\/newsletter-ceran-jeune-adulte\/\" \/>\n<meta property=\"og:site_name\" content=\"Ceran\" \/>\n<meta property=\"article:modified_time\" content=\"2023-01-26T14:36:22+00:00\" \/>\n<meta name=\"twitter:card\" content=\"summary_large_image\" \/>\n<script type=\"application\/ld+json\" class=\"yoast-schema-graph\">{\"@context\":\"https:\\\/\\\/schema.org\",\"@graph\":[{\"@type\":\"WebPage\",\"@id\":\"https:\\\/\\\/www.ceran.com\\\/fr\\\/newsletter-ceran-jeune-adulte\\\/\",\"url\":\"https:\\\/\\\/www.ceran.com\\\/fr\\\/newsletter-ceran-jeune-adulte\\\/\",\"name\":\"Newsletter CERAN Jeune Adulte - Ceran\",\"isPartOf\":{\"@id\":\"https:\\\/\\\/www.ceran.com\\\/fr\\\/#website\"},\"datePublished\":\"2023-01-05T10:05:14+00:00\",\"dateModified\":\"2023-01-26T14:36:22+00:00\",\"breadcrumb\":{\"@id\":\"https:\\\/\\\/www.ceran.com\\\/fr\\\/newsletter-ceran-jeune-adulte\\\/#breadcrumb\"},\"inLanguage\":\"fr-FR\",\"potentialAction\":[{\"@type\":\"ReadAction\",\"target\":[\"https:\\\/\\\/www.ceran.com\\\/fr\\\/newsletter-ceran-jeune-adulte\\\/\"]}]},{\"@type\":\"BreadcrumbList\",\"@id\":\"https:\\\/\\\/www.ceran.com\\\/fr\\\/newsletter-ceran-jeune-adulte\\\/#breadcrumb\",\"itemListElement\":[{\"@type\":\"ListItem\",\"position\":1,\"name\":\"Accueil\",\"item\":\"https:\\\/\\\/www.ceran.com\\\/fr\\\/\"},{\"@type\":\"ListItem\",\"position\":2,\"name\":\"Newsletter CERAN Jeune Adulte\"}]},{\"@type\":\"WebSite\",\"@id\":\"https:\\\/\\\/www.ceran.com\\\/fr\\\/#website\",\"url\":\"https:\\\/\\\/www.ceran.com\\\/fr\\\/\",\"name\":\"Ceran\",\"description\":\"Des formations linguistiques et interculturelles qui vous ouvrent de nouveaux horizons\",\"publisher\":{\"@id\":\"https:\\\/\\\/www.ceran.com\\\/fr\\\/#organization\"},\"potentialAction\":[{\"@type\":\"SearchAction\",\"target\":{\"@type\":\"EntryPoint\",\"urlTemplate\":\"https:\\\/\\\/www.ceran.com\\\/fr\\\/?s={search_term_string}\"},\"query-input\":{\"@type\":\"PropertyValueSpecification\",\"valueRequired\":true,\"valueName\":\"search_term_string\"}}],\"inLanguage\":\"fr-FR\"},{\"@type\":\"Organization\",\"@id\":\"https:\\\/\\\/www.ceran.com\\\/fr\\\/#organization\",\"name\":\"Ceran\",\"url\":\"https:\\\/\\\/www.ceran.com\\\/fr\\\/\",\"logo\":{\"@type\":\"ImageObject\",\"inLanguage\":\"fr-FR\",\"@id\":\"https:\\\/\\\/www.ceran.com\\\/fr\\\/#\\\/schema\\\/logo\\\/image\\\/\",\"url\":\"https:\\\/\\\/www.ceran.com\\\/wp-content\\\/uploads\\\/2025\\\/06\\\/Logo-CERAN-16-x-16-pixels.svg\",\"contentUrl\":\"https:\\\/\\\/www.ceran.com\\\/wp-content\\\/uploads\\\/2025\\\/06\\\/Logo-CERAN-16-x-16-pixels.svg\",\"width\":30,\"height\":30,\"caption\":\"Ceran\"},\"image\":{\"@id\":\"https:\\\/\\\/www.ceran.com\\\/fr\\\/#\\\/schema\\\/logo\\\/image\\\/\"}}]}<\/script>\n<!-- \/ Yoast SEO plugin. -->","yoast_head_json":{"title":"Newsletter CERAN Jeune Adulte - Ceran","robots":{"index":"index","follow":"follow","max-snippet":"max-snippet:-1","max-image-preview":"max-image-preview:large","max-video-preview":"max-video-preview:-1"},"canonical":"https:\/\/www.ceran.com\/fr\/newsletter-ceran-jeune-adulte\/","og_locale":"fr_FR","og_type":"article","og_title":"Newsletter CERAN Jeune Adulte - Ceran","og_description":"Inscrivez-vous a La newsletter dU CERAN Chaque mois, vous recevrez dans votre bo\u00eete de r\u00e9ception des informations sur nos nouveaux programmes de formation, des invitations \u00e0 des \u00e9v\u00e8nements et des offres promotionnelles d&rsquo;exception. FR newsletter CERAN JEUNE ADULTE Email &nbsp; &nbsp; &nbsp; &nbsp; &nbsp; En cliquant sur le bouton \u00ab\u00a0je m&rsquo;inscris \u00e0 la newsletter\u00a0\u00bb vous [&hellip;]","og_url":"https:\/\/www.ceran.com\/fr\/newsletter-ceran-jeune-adulte\/","og_site_name":"Ceran","article_modified_time":"2023-01-26T14:36:22+00:00","twitter_card":"summary_large_image","schema":{"@context":"https:\/\/schema.org","@graph":[{"@type":"WebPage","@id":"https:\/\/www.ceran.com\/fr\/newsletter-ceran-jeune-adulte\/","url":"https:\/\/www.ceran.com\/fr\/newsletter-ceran-jeune-adulte\/","name":"Newsletter CERAN Jeune Adulte - Ceran","isPartOf":{"@id":"https:\/\/www.ceran.com\/fr\/#website"},"datePublished":"2023-01-05T10:05:14+00:00","dateModified":"2023-01-26T14:36:22+00:00","breadcrumb":{"@id":"https:\/\/www.ceran.com\/fr\/newsletter-ceran-jeune-adulte\/#breadcrumb"},"inLanguage":"fr-FR","potentialAction":[{"@type":"ReadAction","target":["https:\/\/www.ceran.com\/fr\/newsletter-ceran-jeune-adulte\/"]}]},{"@type":"BreadcrumbList","@id":"https:\/\/www.ceran.com\/fr\/newsletter-ceran-jeune-adulte\/#breadcrumb","itemListElement":[{"@type":"ListItem","position":1,"name":"Accueil","item":"https:\/\/www.ceran.com\/fr\/"},{"@type":"ListItem","position":2,"name":"Newsletter CERAN Jeune Adulte"}]},{"@type":"WebSite","@id":"https:\/\/www.ceran.com\/fr\/#website","url":"https:\/\/www.ceran.com\/fr\/","name":"Ceran","description":"Des formations linguistiques et interculturelles qui vous ouvrent de nouveaux horizons","publisher":{"@id":"https:\/\/www.ceran.com\/fr\/#organization"},"potentialAction":[{"@type":"SearchAction","target":{"@type":"EntryPoint","urlTemplate":"https:\/\/www.ceran.com\/fr\/?s={search_term_string}"},"query-input":{"@type":"PropertyValueSpecification","valueRequired":true,"valueName":"search_term_string"}}],"inLanguage":"fr-FR"},{"@type":"Organization","@id":"https:\/\/www.ceran.com\/fr\/#organization","name":"Ceran","url":"https:\/\/www.ceran.com\/fr\/","logo":{"@type":"ImageObject","inLanguage":"fr-FR","@id":"https:\/\/www.ceran.com\/fr\/#\/schema\/logo\/image\/","url":"https:\/\/www.ceran.com\/wp-content\/uploads\/2025\/06\/Logo-CERAN-16-x-16-pixels.svg","contentUrl":"https:\/\/www.ceran.com\/wp-content\/uploads\/2025\/06\/Logo-CERAN-16-x-16-pixels.svg","width":30,"height":30,"caption":"Ceran"},"image":{"@id":"https:\/\/www.ceran.com\/fr\/#\/schema\/logo\/image\/"}}]}},"_links":{"self":[{"href":"https:\/\/www.ceran.com\/fr\/wp-json\/wp\/v2\/pages\/72454","targetHints":{"allow":["GET"]}}],"collection":[{"href":"https:\/\/www.ceran.com\/fr\/wp-json\/wp\/v2\/pages"}],"about":[{"href":"https:\/\/www.ceran.com\/fr\/wp-json\/wp\/v2\/types\/page"}],"author":[{"embeddable":true,"href":"https:\/\/www.ceran.com\/fr\/wp-json\/wp\/v2\/users\/17"}],"replies":[{"embeddable":true,"href":"https:\/\/www.ceran.com\/fr\/wp-json\/wp\/v2\/comments?post=72454"}],"version-history":[{"count":5,"href":"https:\/\/www.ceran.com\/fr\/wp-json\/wp\/v2\/pages\/72454\/revisions"}],"predecessor-version":[{"id":73598,"href":"https:\/\/www.ceran.com\/fr\/wp-json\/wp\/v2\/pages\/72454\/revisions\/73598"}],"wp:attachment":[{"href":"https:\/\/www.ceran.com\/fr\/wp-json\/wp\/v2\/media?parent=72454"}],"curies":[{"name":"wp","href":"https:\/\/api.w.org\/{rel}","templated":true}]}}