{"id":80064,"date":"2023-05-24T12:26:04","date_gmt":"2023-05-24T10:26:04","guid":{"rendered":"https:\/\/www.ceran.com\/?page_id=80064"},"modified":"2023-06-09T09:35:26","modified_gmt":"2023-06-09T07:35:26","slug":"merci-telechargement-rapport-rse","status":"publish","type":"page","link":"https:\/\/www.ceran.com\/fr\/merci-telechargement-rapport-rse\/","title":{"rendered":"Merci t\u00e9l\u00e9chargement rapport RSE"},"content":{"rendered":"\t\t<div data-elementor-type=\"wp-page\" data-elementor-id=\"80064\" class=\"elementor elementor-80064\" data-elementor-post-type=\"page\">\n\t\t\t\t\t\t<section class=\"elementor-section elementor-top-section elementor-element elementor-element-61d3c75 elementor-section-boxed elementor-section-height-default elementor-section-height-default\" data-id=\"61d3c75\" data-element_type=\"section\" data-e-type=\"section\" data-settings=\"{&quot;background_background&quot;:&quot;classic&quot;}\">\n\t\t\t\t\t\t<div class=\"elementor-container elementor-column-gap-default\">\n\t\t\t\t\t<div class=\"elementor-column elementor-col-100 elementor-top-column elementor-element elementor-element-7dbab12\" data-id=\"7dbab12\" data-element_type=\"column\" data-e-type=\"column\" data-settings=\"{&quot;background_background&quot;:&quot;classic&quot;}\">\n\t\t\t<div class=\"elementor-widget-wrap elementor-element-populated\">\n\t\t\t\t\t\t<div class=\"elementor-element elementor-element-0037dc4 elementor-widget elementor-widget-heading\" data-id=\"0037dc4\" data-element_type=\"widget\" data-e-type=\"widget\" data-widget_type=\"heading.default\">\n\t\t\t\t<div class=\"elementor-widget-container\">\n\t\t\t\t\t<h2 class=\"elementor-heading-title elementor-size-default\">Votre copie du rapport d'engagement CERAN vous attend!<\/h2>\t\t\t\t<\/div>\n\t\t\t\t<\/div>\n\t\t\t\t<div class=\"elementor-element elementor-element-645785c elementor-widget elementor-widget-text-editor\" data-id=\"645785c\" data-element_type=\"widget\" data-e-type=\"widget\" data-widget_type=\"text-editor.default\">\n\t\t\t\t<div class=\"elementor-widget-container\">\n\t\t\t\t\t\t\t\t\t<p>Merci de votre int\u00e9r\u00eat pour ce rapport.&nbsp;<strong style=\"color: var( --e-global-color-text ); font-family: var( --e-global-typography-text-font-family ), Sans-serif; font-size: var( --e-global-typography-text-font-size ); background-color: var(--bs-body-bg); text-align: var(--bs-body-text-align);\">Rendez-vous dans votre bo\u00eete email<\/strong><span style=\"color: var( --e-global-color-text ); font-family: var( --e-global-typography-text-font-family ), Sans-serif; font-size: var( --e-global-typography-text-font-size ); font-weight: var( --e-global-typography-text-font-weight ); background-color: var(--bs-body-bg); text-align: var(--bs-body-text-align);\"> pour le t\u00e9l\u00e9charger.<\/span><\/p>\n<p><span class=\"WdYUQQ\">Nous vous souhaitons une bonne lecture et vous invitons \u00e0 nous faire part de vos commentaires .<\/span><\/p>\t\t\t\t\t\t\t\t<\/div>\n\t\t\t\t<\/div>\n\t\t\t\t<div class=\"elementor-element elementor-element-e136fc7 elementor-widget elementor-widget-heading\" data-id=\"e136fc7\" data-element_type=\"widget\" data-e-type=\"widget\" data-widget_type=\"heading.default\">\n\t\t\t\t<div class=\"elementor-widget-container\">\n\t\t\t\t\t<h2 class=\"elementor-heading-title elementor-size-default\">IMPORTANT\u2757<\/h2>\t\t\t\t<\/div>\n\t\t\t\t<\/div>\n\t\t\t\t<div class=\"elementor-element elementor-element-8c3475d elementor-widget elementor-widget-text-editor\" data-id=\"8c3475d\" data-element_type=\"widget\" data-e-type=\"widget\" data-widget_type=\"text-editor.default\">\n\t\t\t\t<div class=\"elementor-widget-container\">\n\t\t\t\t\t\t\t\t\t<p>Il est possible que ce courriel soit arriv\u00e9 dans vos spams. Pensez \u00e0 y regarder.<\/p>\t\t\t\t\t\t\t\t<\/div>\n\t\t\t\t<\/div>\n\t\t\t\t\t<\/div>\n\t\t<\/div>\n\t\t\t\t\t<\/div>\n\t\t<\/section>\n\t\t\t\t<\/div>\n\t\t","protected":false},"excerpt":{"rendered":"<p>Votre copie du rapport d&rsquo;engagement CERAN vous attend! Merci de votre int\u00e9r\u00eat pour ce rapport.&nbsp;Rendez-vous dans votre bo\u00eete email pour le t\u00e9l\u00e9charger. Nous vous souhaitons une bonne lecture et vous invitons \u00e0 nous faire part de vos commentaires . IMPORTANT\u2757 Il est possible que ce courriel soit arriv\u00e9 dans vos spams. Pensez \u00e0 y regarder.<\/p>\n","protected":false},"author":17,"featured_media":0,"parent":0,"menu_order":0,"comment_status":"closed","ping_status":"closed","template":"","meta":{"_acf_changed":false,"_seopress_robots_primary_cat":"","_seopress_titles_title":"","_seopress_titles_desc":"","_seopress_robots_index":"","content-type":"","footnotes":""},"class_list":["post-80064","page","type-page","status-publish","hentry"],"acf":[],"yoast_head":"<!-- This site is optimized with the Yoast SEO plugin v27.5 - https:\/\/yoast.com\/product\/yoast-seo-wordpress\/ -->\n<title>Merci t\u00e9l\u00e9chargement rapport RSE - Ceran<\/title>\n<meta name=\"robots\" content=\"index, follow, max-snippet:-1, max-image-preview:large, max-video-preview:-1\" \/>\n<link rel=\"canonical\" href=\"https:\/\/www.ceran.com\/fr\/merci-telechargement-rapport-rse\/\" \/>\n<meta property=\"og:locale\" content=\"fr_FR\" \/>\n<meta property=\"og:type\" content=\"article\" \/>\n<meta property=\"og:title\" content=\"Merci t\u00e9l\u00e9chargement rapport RSE - Ceran\" \/>\n<meta property=\"og:description\" content=\"Votre copie du rapport d&rsquo;engagement CERAN vous attend! Merci de votre int\u00e9r\u00eat pour ce rapport.&nbsp;Rendez-vous dans votre bo\u00eete email pour le t\u00e9l\u00e9charger. Nous vous souhaitons une bonne lecture et vous invitons \u00e0 nous faire part de vos commentaires . IMPORTANT\u2757 Il est possible que ce courriel soit arriv\u00e9 dans vos spams. Pensez \u00e0 y regarder.\" \/>\n<meta property=\"og:url\" content=\"https:\/\/www.ceran.com\/fr\/merci-telechargement-rapport-rse\/\" \/>\n<meta property=\"og:site_name\" content=\"Ceran\" \/>\n<meta property=\"article:modified_time\" content=\"2023-06-09T07:35:26+00:00\" \/>\n<meta name=\"twitter:card\" content=\"summary_large_image\" \/>\n<script type=\"application\/ld+json\" class=\"yoast-schema-graph\">{\"@context\":\"https:\\\/\\\/schema.org\",\"@graph\":[{\"@type\":\"WebPage\",\"@id\":\"https:\\\/\\\/www.ceran.com\\\/fr\\\/merci-telechargement-rapport-rse\\\/\",\"url\":\"https:\\\/\\\/www.ceran.com\\\/fr\\\/merci-telechargement-rapport-rse\\\/\",\"name\":\"Merci t\u00e9l\u00e9chargement rapport RSE - Ceran\",\"isPartOf\":{\"@id\":\"https:\\\/\\\/www.ceran.com\\\/fr\\\/#website\"},\"datePublished\":\"2023-05-24T10:26:04+00:00\",\"dateModified\":\"2023-06-09T07:35:26+00:00\",\"breadcrumb\":{\"@id\":\"https:\\\/\\\/www.ceran.com\\\/fr\\\/merci-telechargement-rapport-rse\\\/#breadcrumb\"},\"inLanguage\":\"fr-FR\",\"potentialAction\":[{\"@type\":\"ReadAction\",\"target\":[\"https:\\\/\\\/www.ceran.com\\\/fr\\\/merci-telechargement-rapport-rse\\\/\"]}]},{\"@type\":\"BreadcrumbList\",\"@id\":\"https:\\\/\\\/www.ceran.com\\\/fr\\\/merci-telechargement-rapport-rse\\\/#breadcrumb\",\"itemListElement\":[{\"@type\":\"ListItem\",\"position\":1,\"name\":\"Accueil\",\"item\":\"https:\\\/\\\/www.ceran.com\\\/fr\\\/\"},{\"@type\":\"ListItem\",\"position\":2,\"name\":\"Merci t\u00e9l\u00e9chargement rapport RSE\"}]},{\"@type\":\"WebSite\",\"@id\":\"https:\\\/\\\/www.ceran.com\\\/fr\\\/#website\",\"url\":\"https:\\\/\\\/www.ceran.com\\\/fr\\\/\",\"name\":\"Ceran\",\"description\":\"Des formations linguistiques et interculturelles qui vous ouvrent de nouveaux horizons\",\"publisher\":{\"@id\":\"https:\\\/\\\/www.ceran.com\\\/fr\\\/#organization\"},\"potentialAction\":[{\"@type\":\"SearchAction\",\"target\":{\"@type\":\"EntryPoint\",\"urlTemplate\":\"https:\\\/\\\/www.ceran.com\\\/fr\\\/?s={search_term_string}\"},\"query-input\":{\"@type\":\"PropertyValueSpecification\",\"valueRequired\":true,\"valueName\":\"search_term_string\"}}],\"inLanguage\":\"fr-FR\"},{\"@type\":\"Organization\",\"@id\":\"https:\\\/\\\/www.ceran.com\\\/fr\\\/#organization\",\"name\":\"Ceran\",\"url\":\"https:\\\/\\\/www.ceran.com\\\/fr\\\/\",\"logo\":{\"@type\":\"ImageObject\",\"inLanguage\":\"fr-FR\",\"@id\":\"https:\\\/\\\/www.ceran.com\\\/fr\\\/#\\\/schema\\\/logo\\\/image\\\/\",\"url\":\"https:\\\/\\\/www.ceran.com\\\/wp-content\\\/uploads\\\/2025\\\/06\\\/Logo-CERAN-16-x-16-pixels.svg\",\"contentUrl\":\"https:\\\/\\\/www.ceran.com\\\/wp-content\\\/uploads\\\/2025\\\/06\\\/Logo-CERAN-16-x-16-pixels.svg\",\"width\":30,\"height\":30,\"caption\":\"Ceran\"},\"image\":{\"@id\":\"https:\\\/\\\/www.ceran.com\\\/fr\\\/#\\\/schema\\\/logo\\\/image\\\/\"}}]}<\/script>\n<!-- \/ Yoast SEO plugin. -->","yoast_head_json":{"title":"Merci t\u00e9l\u00e9chargement rapport RSE - Ceran","robots":{"index":"index","follow":"follow","max-snippet":"max-snippet:-1","max-image-preview":"max-image-preview:large","max-video-preview":"max-video-preview:-1"},"canonical":"https:\/\/www.ceran.com\/fr\/merci-telechargement-rapport-rse\/","og_locale":"fr_FR","og_type":"article","og_title":"Merci t\u00e9l\u00e9chargement rapport RSE - Ceran","og_description":"Votre copie du rapport d&rsquo;engagement CERAN vous attend! Merci de votre int\u00e9r\u00eat pour ce rapport.&nbsp;Rendez-vous dans votre bo\u00eete email pour le t\u00e9l\u00e9charger. Nous vous souhaitons une bonne lecture et vous invitons \u00e0 nous faire part de vos commentaires . IMPORTANT\u2757 Il est possible que ce courriel soit arriv\u00e9 dans vos spams. Pensez \u00e0 y regarder.","og_url":"https:\/\/www.ceran.com\/fr\/merci-telechargement-rapport-rse\/","og_site_name":"Ceran","article_modified_time":"2023-06-09T07:35:26+00:00","twitter_card":"summary_large_image","schema":{"@context":"https:\/\/schema.org","@graph":[{"@type":"WebPage","@id":"https:\/\/www.ceran.com\/fr\/merci-telechargement-rapport-rse\/","url":"https:\/\/www.ceran.com\/fr\/merci-telechargement-rapport-rse\/","name":"Merci t\u00e9l\u00e9chargement rapport RSE - Ceran","isPartOf":{"@id":"https:\/\/www.ceran.com\/fr\/#website"},"datePublished":"2023-05-24T10:26:04+00:00","dateModified":"2023-06-09T07:35:26+00:00","breadcrumb":{"@id":"https:\/\/www.ceran.com\/fr\/merci-telechargement-rapport-rse\/#breadcrumb"},"inLanguage":"fr-FR","potentialAction":[{"@type":"ReadAction","target":["https:\/\/www.ceran.com\/fr\/merci-telechargement-rapport-rse\/"]}]},{"@type":"BreadcrumbList","@id":"https:\/\/www.ceran.com\/fr\/merci-telechargement-rapport-rse\/#breadcrumb","itemListElement":[{"@type":"ListItem","position":1,"name":"Accueil","item":"https:\/\/www.ceran.com\/fr\/"},{"@type":"ListItem","position":2,"name":"Merci t\u00e9l\u00e9chargement rapport RSE"}]},{"@type":"WebSite","@id":"https:\/\/www.ceran.com\/fr\/#website","url":"https:\/\/www.ceran.com\/fr\/","name":"Ceran","description":"Des formations linguistiques et interculturelles qui vous ouvrent de nouveaux horizons","publisher":{"@id":"https:\/\/www.ceran.com\/fr\/#organization"},"potentialAction":[{"@type":"SearchAction","target":{"@type":"EntryPoint","urlTemplate":"https:\/\/www.ceran.com\/fr\/?s={search_term_string}"},"query-input":{"@type":"PropertyValueSpecification","valueRequired":true,"valueName":"search_term_string"}}],"inLanguage":"fr-FR"},{"@type":"Organization","@id":"https:\/\/www.ceran.com\/fr\/#organization","name":"Ceran","url":"https:\/\/www.ceran.com\/fr\/","logo":{"@type":"ImageObject","inLanguage":"fr-FR","@id":"https:\/\/www.ceran.com\/fr\/#\/schema\/logo\/image\/","url":"https:\/\/www.ceran.com\/wp-content\/uploads\/2025\/06\/Logo-CERAN-16-x-16-pixels.svg","contentUrl":"https:\/\/www.ceran.com\/wp-content\/uploads\/2025\/06\/Logo-CERAN-16-x-16-pixels.svg","width":30,"height":30,"caption":"Ceran"},"image":{"@id":"https:\/\/www.ceran.com\/fr\/#\/schema\/logo\/image\/"}}]}},"_links":{"self":[{"href":"https:\/\/www.ceran.com\/fr\/wp-json\/wp\/v2\/pages\/80064","targetHints":{"allow":["GET"]}}],"collection":[{"href":"https:\/\/www.ceran.com\/fr\/wp-json\/wp\/v2\/pages"}],"about":[{"href":"https:\/\/www.ceran.com\/fr\/wp-json\/wp\/v2\/types\/page"}],"author":[{"embeddable":true,"href":"https:\/\/www.ceran.com\/fr\/wp-json\/wp\/v2\/users\/17"}],"replies":[{"embeddable":true,"href":"https:\/\/www.ceran.com\/fr\/wp-json\/wp\/v2\/comments?post=80064"}],"version-history":[{"count":5,"href":"https:\/\/www.ceran.com\/fr\/wp-json\/wp\/v2\/pages\/80064\/revisions"}],"predecessor-version":[{"id":80793,"href":"https:\/\/www.ceran.com\/fr\/wp-json\/wp\/v2\/pages\/80064\/revisions\/80793"}],"wp:attachment":[{"href":"https:\/\/www.ceran.com\/fr\/wp-json\/wp\/v2\/media?parent=80064"}],"curies":[{"name":"wp","href":"https:\/\/api.w.org\/{rel}","templated":true}]}}