{"id":13413,"date":"2022-02-24T16:29:16","date_gmt":"2022-02-24T15:29:16","guid":{"rendered":"https:\/\/www.ceran.com\/spaans-leren-met-ceran\/"},"modified":"2024-12-03T16:45:52","modified_gmt":"2024-12-03T15:45:52","slug":"spaans-leren-met-ceran","status":"publish","type":"page","link":"https:\/\/www.ceran.com\/nl\/een-taal-leren-en-verbeteren\/spaans-leren-met-ceran\/","title":{"rendered":"Spaans leren met CERAN"},"content":{"rendered":"\t\t<div data-elementor-type=\"wp-page\" data-elementor-id=\"13413\" class=\"elementor elementor-13413 elementor-4389\" data-elementor-post-type=\"page\">\n\t\t\t\t\t\t<section class=\"elementor-section elementor-top-section elementor-element elementor-element-1d79f2cd elementor-section-boxed elementor-section-height-default elementor-section-height-default\" data-id=\"1d79f2cd\" data-element_type=\"section\" data-e-type=\"section\">\n\t\t\t\t\t\t<div class=\"elementor-container elementor-column-gap-default\">\n\t\t\t\t\t<div class=\"elementor-column elementor-col-100 elementor-top-column elementor-element elementor-element-746699d6\" data-id=\"746699d6\" data-element_type=\"column\" data-e-type=\"column\">\n\t\t\t<div class=\"elementor-widget-wrap elementor-element-populated\">\n\t\t\t\t\t\t<div class=\"elementor-element elementor-element-26a6111e elementor-widget elementor-widget-template\" data-id=\"26a6111e\" data-element_type=\"widget\" data-e-type=\"widget\" data-widget_type=\"template.default\">\n\t\t\t\t<div class=\"elementor-widget-container\">\n\t\t\t\t\t\t\t<div class=\"elementor-template\">\n\t\t\t\t\t<div data-elementor-type=\"section\" data-elementor-id=\"2014\" class=\"elementor elementor-2014\" data-elementor-post-type=\"elementor_library\">\n\t\t\t\t\t<section class=\"elementor-section elementor-top-section elementor-element elementor-element-7ff20875 elementor-section-boxed elementor-section-height-default elementor-section-height-default\" data-id=\"7ff20875\" data-element_type=\"section\" data-e-type=\"section\">\n\t\t\t\t\t\t<div class=\"elementor-container elementor-column-gap-default\">\n\t\t\t\t\t<div class=\"elementor-column elementor-col-100 elementor-top-column elementor-element elementor-element-a5e383b\" data-id=\"a5e383b\" data-element_type=\"column\" data-e-type=\"column\">\n\t\t\t<div class=\"elementor-widget-wrap elementor-element-populated\">\n\t\t\t\t\t\t<div class=\"elementor-element elementor-element-3edd7a7e elementor-widget elementor-widget-breadcrumbs\" data-id=\"3edd7a7e\" data-element_type=\"widget\" data-e-type=\"widget\" data-widget_type=\"breadcrumbs.default\">\n\t\t\t\t<div class=\"elementor-widget-container\">\n\t\t\t\t\t<p id=\"breadcrumbs\"><span><span><a href=\"https:\/\/www.ceran.com\/nl\/\">Home<\/a><\/span><\/span><\/p>\t\t\t\t<\/div>\n\t\t\t\t<\/div>\n\t\t\t\t\t<\/div>\n\t\t<\/div>\n\t\t\t\t\t<\/div>\n\t\t<\/section>\n\t\t\t\t<\/div>\n\t\t\t\t<\/div>\n\t\t\t\t\t\t<\/div>\n\t\t\t\t<\/div>\n\t\t\t\t<div class=\"elementor-element elementor-element-double-colonne-texte elementor-widget elementor-widget-double-colonne-texte\" data-id=\"double-colonne-texte\" data-element_type=\"widget\" data-e-type=\"widget\" data-widget_type=\"double-colonne-texte.default\">\n\t\t\t\t<div class=\"elementor-widget-container\">\n\t\t\t\t\t<div class=\"widget-column  \"><div class=\"wrapper-column\"><div class=\"corner corner-right-top-bottom\"><div class=\"corner-content\"><div class=\"ax-title mb-5\">Spaans leren met CERAN<\/div><div class=\"bottom-block row\"><div class=\"bottom-block-img col-6\"><img decoding=\"async\" width=\"126\" height=\"90\" src=\"https:\/\/www.ceran.com\/wp-content\/uploads\/2021\/11\/chat.svg\" class=\"attachment-thumbnail size-thumbnail\" alt=\"\" \/><\/div><div class=\"bottom-block-links col-6 d-flex flex-column\"><a href=\"https:\/\/www.ceran.com\/fr\/nous-contacter\/\" class=\"ax-btn btn-mail-black mb-2\" >Neem contact op met ons<\/a><\/div><\/div><\/div><\/div><\/div><div class=\"wrapper-column\"><div class=\"corner corner-left-top-bottom\" style=\" display: flex; align-items: center;\"><div class=\"corner-content\"><div id=\"block-214\" class=\"sc-bdvvtL iSyBpQ\"><div class=\"sc-ksdxgE GNvNR\"><p><strong>Het leren van nieuwe talen kan vele voordelen hebben, het kan angst verminderen, tolerantie verhogen en creativiteit stimuleren.<\/strong><\/p><\/div><\/div><div id=\"block-215\" class=\"sc-bdvvtL iSyBpQ\"><div class=\"sc-ksdxgE jpFJhy\"><p>Het leren van nieuwe talen biedt de mogelijkheid om geduld en doorzettingsvermogen te kweken. Het zorgt ook voor ruimdenkendheid en bevordert nieuwe visies, gedragingen en denkstijlen ten aanzien van de wereld om ons heen.<br \/>Wanneer men zich onderdompelt in een andere cultuur helpt dat om comfortabeler te worden met de wereld in het algemeen. Communicatie zal makkelijker worden, maar ook begrip. Hoe meer talen we leren, hoe gemakkelijker het zal zijn om andere talen te leren. Het is bekend dat tweetalige hersenen minder afgeleid zijn.<\/p><\/div><\/div><\/div><\/div><\/div><\/div>\t\t\t\t<\/div>\n\t\t\t\t<\/div>\n\t\t\t\t\t<\/div>\n\t\t<\/div>\n\t\t\t\t\t<\/div>\n\t\t<\/section>\n\t\t\t\t<section class=\"elementor-section elementor-top-section elementor-element elementor-element-a644f66 elementor-reverse-tablet elementor-reverse-mobile elementor-section-boxed elementor-section-height-default elementor-section-height-default\" data-id=\"a644f66\" data-element_type=\"section\" data-e-type=\"section\">\n\t\t\t\t\t\t<div class=\"elementor-container elementor-column-gap-default\">\n\t\t\t\t\t<div class=\"elementor-column elementor-col-50 elementor-top-column elementor-element elementor-element-c178dea\" data-id=\"c178dea\" data-element_type=\"column\" data-e-type=\"column\" data-settings=\"{&quot;background_background&quot;:&quot;classic&quot;}\">\n\t\t\t<div class=\"elementor-widget-wrap elementor-element-populated\">\n\t\t\t\t\t\t<div class=\"elementor-element elementor-element-d222076 elementor-widget elementor-widget-text-editor\" data-id=\"d222076\" data-element_type=\"widget\" data-e-type=\"widget\" data-widget_type=\"text-editor.default\">\n\t\t\t\t<div class=\"elementor-widget-container\">\n\t\t\t\t\t\t\t\t\t<p><strong>Getuigenis<\/strong><\/p><p>&#8220;Hallo,<br \/>Bedankt voor deze beoordeling en ik wilde jullie ook positieve feedback geven over deze intensieve maar zeer effectieve training, mede dankzij Martin met wie ik open en rijke discussies heb kunnen voeren over een brede waaier aan onderwerpen. Hoewel de context waarin deze opleiding plaatsvond (geen face-to-face) niet was wat ik verwachtte, hebben we ons aangepast en hebben de telefonische gesprekken mij veel goed gedaan.<br \/>Ik zal jullie aanbevelen.&#8221;<\/p><p><em>Fr\u00e9d\u00e9ric<\/em><\/p>\t\t\t\t\t\t\t\t<\/div>\n\t\t\t\t<\/div>\n\t\t\t\t\t<\/div>\n\t\t<\/div>\n\t\t\t\t<div class=\"elementor-column elementor-col-50 elementor-top-column elementor-element elementor-element-cd7b31b\" data-id=\"cd7b31b\" data-element_type=\"column\" data-e-type=\"column\" data-settings=\"{&quot;background_background&quot;:&quot;classic&quot;}\">\n\t\t\t<div class=\"elementor-widget-wrap elementor-element-populated\">\n\t\t\t\t\t\t<div class=\"elementor-element elementor-element-6600b0f elementor-widget elementor-widget-image\" data-id=\"6600b0f\" data-element_type=\"widget\" data-e-type=\"widget\" data-widget_type=\"image.default\">\n\t\t\t\t<div class=\"elementor-widget-container\">\n\t\t\t\t\t\t\t\t\t\t\t\t\t\t\t<img fetchpriority=\"high\" decoding=\"async\" width=\"605\" height=\"370\" src=\"https:\/\/www.ceran.com\/wp-content\/uploads\/2022\/01\/image-35.png\" class=\"attachment-large size-large wp-image-1323\" alt=\"\" srcset=\"https:\/\/www.ceran.com\/wp-content\/uploads\/2022\/01\/image-35.png 605w, https:\/\/www.ceran.com\/wp-content\/uploads\/2022\/01\/image-35-300x183.png 300w\" sizes=\"(max-width: 605px) 100vw, 605px\" \/>\t\t\t\t\t\t\t\t\t\t\t\t\t\t\t<\/div>\n\t\t\t\t<\/div>\n\t\t\t\t\t<\/div>\n\t\t<\/div>\n\t\t\t\t\t<\/div>\n\t\t<\/section>\n\t\t\t\t<section class=\"elementor-section elementor-top-section elementor-element elementor-element-474b401 elementor-section-boxed elementor-section-height-default elementor-section-height-default\" data-id=\"474b401\" data-element_type=\"section\" data-e-type=\"section\">\n\t\t\t\t\t\t<div class=\"elementor-container elementor-column-gap-default\">\n\t\t\t\t\t<div class=\"elementor-column elementor-col-100 elementor-top-column elementor-element elementor-element-5496e14\" data-id=\"5496e14\" data-element_type=\"column\" data-e-type=\"column\">\n\t\t\t<div class=\"elementor-widget-wrap\">\n\t\t\t\t\t\t\t<\/div>\n\t\t<\/div>\n\t\t\t\t\t<\/div>\n\t\t<\/section>\n\t\t\t\t<section class=\"elementor-section elementor-top-section elementor-element elementor-element-2e9aa4d elementor-section-boxed elementor-section-height-default elementor-section-height-default\" data-id=\"2e9aa4d\" data-element_type=\"section\" data-e-type=\"section\">\n\t\t\t\t\t\t<div class=\"elementor-container elementor-column-gap-default\">\n\t\t\t\t\t<div class=\"elementor-column elementor-col-100 elementor-top-column elementor-element elementor-element-0cf3f0e\" data-id=\"0cf3f0e\" data-element_type=\"column\" data-e-type=\"column\">\n\t\t\t<div class=\"elementor-widget-wrap elementor-element-populated\">\n\t\t\t\t\t\t<div class=\"elementor-element elementor-element-ceran-trouver-financement elementor-widget elementor-widget-ceran-trouver-financement\" data-id=\"ceran-trouver-financement\" data-element_type=\"widget\" data-e-type=\"widget\" data-widget_type=\"ceran-trouver-financement.default\">\n\t\t\t\t<div class=\"elementor-widget-container\">\n\t\t\t\t\t<h2 class=\"ax-title-icon\"><div class=\"ax-title-icons bleu-rouge \"> Vind de financiering die bij u past <\/div><\/h2><div class=\"sub-title\"><p>U kunt gebruik maken van verschillende vormen van financiering om de opleidingskosten te beperken.<\/p><\/div><h3 class=\"sub-title-2\">Bekijk de financieringsmogelijkheden in uw land:<\/h3><div class=\"container\"><div class=\"row gy-4\"><div class=\"col-sm-6 col-md-4 d-flex\"><a class=\"w-100 ax-btn btn-arrow-wide\" href=\"\/le-ceran-et-ses-methodes\/faire-financer-sa-formation\/#france\" >Frankrijk<\/a><\/div><div class=\"col-sm-6 col-md-4 d-flex\"><a class=\"w-100 ax-btn btn-arrow-wide\" href=\"\/le-ceran-et-ses-methodes\/faire-financer-sa-formation\/#luxembourg\" >Luxemburg<\/a><\/div><div class=\"col-sm-6 col-md-4 d-flex\"><a class=\"w-100 ax-btn btn-arrow-wide\" href=\"\/le-ceran-et-ses-methodes\/faire-financer-sa-formation\/#belgique\" >Belgi\u00eb<\/a><\/div><\/div><\/div>\t\t\t\t<\/div>\n\t\t\t\t<\/div>\n\t\t\t\t<div class=\"elementor-element elementor-element-ceran-trouver-profile elementor-widget elementor-widget-ceran-trouver-profile\" data-id=\"ceran-trouver-profile\" data-element_type=\"widget\" data-e-type=\"widget\" data-widget_type=\"ceran-trouver-profile.default\">\n\t\t\t\t<div class=\"elementor-widget-container\">\n\t\t\t\t\t<h2 class=\"ax-title-icon\"><div class=\"ax-title-icons rouge-rouge \"> Vind uw profiel <\/div><\/h2><div class=\"container p-md-0\"><div class=\"row gy-4\"><div class=\"ax-col col-sm-6 col-md-3 d-flex\"><div class=\"wrapper-profile\"><div class=\"content\"><h3 class=\"sub-title\">Professioneel<\/h3><div class=\"sub-content\"><p>Uw doel is om: <br \/>- een nieuw project te ontwikkelen in een vreemd land? <br \/>- uw ervaring als expat in een nieuw land voor te bereiden? <br \/>- effici\u00ebnt te communiceren in het Spaans met uw collega's?<br \/>Onze Executives-cursussen voor professionals en het hele CERAN-opleidingsteam zijn er om u te helpen Spaans te leren.<\/p><\/div><\/div><div class=\"content-btn\"><a class=\"ax-btn btn-arrow\" href=\"\/nl\/een-taal-leren-en-verbeteren\/spaans-leren-met-ceran\/onze-cursussen-spaans-voor-professionals\/\" >Selecteer<\/a><\/div><\/div><\/div><div class=\"ax-col col-sm-6 col-md-3 d-flex\"><div class=\"wrapper-profile\"><div class=\"content\"><h3 class=\"sub-title\">Jongvolwassenen<\/h3><div class=\"sub-content\"><p>Onze Young Adults-cursussen hebben tot doel: u voor te bereiden op het hoger onderwijs of een examen; u voor te bereiden op een stage in het buitenland; u voor te bereiden op een eerste sollicitatiegesprek.<\/p><\/div><\/div><div class=\"content-btn\"><a class=\"ax-btn btn-arrow\" href=\"https:\/\/www.ceran.com\/nl\/taalcursussen-ceranacademy\/\" >Selecteer<\/a><\/div><\/div><\/div><div class=\"ax-col col-sm-6 col-md-3 d-flex\"><div class=\"wrapper-profile\"><div class=\"content\"><h3 class=\"sub-title\">Kinderen<\/h3><div class=\"sub-content\"><p>Onze Junior-cursussen voor 7-17 jarigen zijn gericht op: het ontwikkelen van communicatieve vaardigheden; het versterken van academische kennis; voorbereiding op integratie in een nieuw land.<\/p><\/div><\/div><div class=\"content-btn\"><a class=\"ax-btn btn-arrow\" href=\"https:\/\/www.ceran.com\/nl\/taalcursussen-ceranacademy\/\" >Selecteer<\/a><\/div><\/div><\/div><div class=\"ax-col col-sm-6 col-md-3 d-flex\"><div class=\"wrapper-profile\"><div class=\"content\"><h3 class=\"sub-title\">Taaltests en -examens<\/h3><div class=\"sub-content\"><p>Naast onze opleidingsprogramma's zijn wij ook gemachtigd om taalcertificeringstests af te nemen, zoals de TOEIC, Bright en Linguaskills.<\/p><\/div><\/div><div class=\"content-btn\"><a class=\"ax-btn btn-arrow\" href=\"https:\/\/www.ceran.com\/nl\/formation\/taalkundige-beoordeling-in-het-spaans\/\" >Selecteer<\/a><\/div><\/div><\/div><\/div><\/div>\t\t\t\t<\/div>\n\t\t\t\t<\/div>\n\t\t\t\t\t<\/div>\n\t\t<\/div>\n\t\t\t\t\t<\/div>\n\t\t<\/section>\n\t\t\t\t<section class=\"elementor-section elementor-top-section elementor-element elementor-element-1033b22f elementor-section-boxed elementor-section-height-default elementor-section-height-default\" data-id=\"1033b22f\" data-element_type=\"section\" data-e-type=\"section\">\n\t\t\t\t\t\t<div class=\"elementor-container elementor-column-gap-default\">\n\t\t\t\t\t<div class=\"elementor-column elementor-col-100 elementor-top-column elementor-element elementor-element-610a1aab\" data-id=\"610a1aab\" data-element_type=\"column\" data-e-type=\"column\">\n\t\t\t<div class=\"elementor-widget-wrap elementor-element-populated\">\n\t\t\t\t\t\t<div class=\"elementor-element elementor-element-ceran_block-encadre-text-icon elementor-widget elementor-widget-ceran_block-encadre-text-icon\" data-id=\"ceran_block-encadre-text-icon\" data-element_type=\"widget\" data-e-type=\"widget\" data-widget_type=\"ceran_block-encadre-text-icon.default\">\n\t\t\t\t<div class=\"elementor-widget-container\">\n\t\t\t\t\t<div class=\"container p-0\"><div class=\"cropped bleu-rouge \"><div class=\"cropped-content\"><div class=\"row\"><div class=\"col text-container d-flex flex-wrap flex-column justify-content-center justify-content-md-start\"><h3 class=\"title col\">Waarom Spaans leren?<\/h3><div class=\"texte col\"><div id=\"block-432\" class=\"sc-bdvvtL iSyBpQ\"><div class=\"sc-ksdxgE jLDysI\"><p>Spaans is de op drie na meest gesproken taal ter wereld, met 460 miljoen moedertaalsprekers. Spaans is de moedertaal van niet minder dan 7% van de wereldbevolking. Het is ook de derde meest invloedrijke taal ter wereld en de offici\u00eble taal in meer dan 20 landen. Vandaag de dag is Spaans de op \u00e9\u00e9n na meest bestudeerde taal ter wereld en in de afgelopen 10 jaar is het aantal mensen dat Spaans wil leren verdubbeld. Over 15 jaar zullen 500 miljoen mensen Spaans spreken. Spaans leren levert je veel voordelen op, zowel professioneel als persoonlijk. Met een goede kennis van het Spaans kunt u namelijk in een groot deel van de wereld reizen zonder communicatieproblemen. Vanuit professioneel oogpunt vormen de Latijns-Amerikaanse landen een belangrijke financi\u00eble markt, veel van deze landen zijn economisch sterk in opkomst en bieden enorme handelsmogelijkheden. Een goede beheersing van het Spaans zal dan ook zeer op prijs worden gesteld en kan voor u, afhankelijk van uw vakgebied, vele deuren openen. Het is een van de meest gebruikte talen in het internationale zakenleven en op internationale politieke topconferenties. Bovendien wordt in zakelijke onderhandelingen en handelsverdragen steeds meer rekening gehouden met het economische belang van het Spaans. Het is ook een offici\u00eble taal in de Europese Unie, MERCOSUR, UNESCO, GATT, UNIDO en IUT.<\/p><p>\u00a0<\/p><\/div><\/div><\/div><\/div><\/div><\/div><\/div><\/div>\t\t\t\t<\/div>\n\t\t\t\t<\/div>\n\t\t\t\t\t<\/div>\n\t\t<\/div>\n\t\t\t\t\t<\/div>\n\t\t<\/section>\n\t\t\t\t<\/div>\n\t\t","protected":false},"excerpt":{"rendered":"<p>Neem contact op met ons Het leren van nieuwe talen kan vele voordelen hebben, het kan angst verminderen, tolerantie verhogen en creativiteit stimuleren. Het leren van nieuwe talen biedt de mogelijkheid om geduld en doorzettingsvermogen te kweken. Het zorgt ook voor ruimdenkendheid en bevordert nieuwe visies, gedragingen en denkstijlen ten aanzien van de wereld om [&hellip;]<\/p>\n","protected":false},"author":1,"featured_media":0,"parent":13786,"menu_order":0,"comment_status":"closed","ping_status":"closed","template":"","meta":{"_acf_changed":false,"_seopress_robots_primary_cat":"","_seopress_titles_title":"Spaans leren: onze cursussen %%sep%% %%sitename%%","_seopress_titles_desc":"Wilt u Spaans leren met een gepersonaliseerde cursus? Ontdek onze cursussen voor effici\u00ebnt en gebruiksvriendelijk leren.","_seopress_robots_index":"","content-type":"","footnotes":""},"class_list":["post-13413","page","type-page","status-publish","hentry"],"acf":[],"yoast_head":"<!-- This site is optimized with the Yoast SEO plugin v27.5 - https:\/\/yoast.com\/product\/yoast-seo-wordpress\/ -->\n<title>Spaans leren: onze cursussen - Ceran<\/title>\n<meta name=\"description\" content=\"Wilt u Spaans leren met een gepersonaliseerde cursus? Ontdek onze cursussen voor effici\u00ebnt en gebruiksvriendelijk leren.\" \/>\n<meta name=\"robots\" content=\"index, follow, max-snippet:-1, max-image-preview:large, max-video-preview:-1\" \/>\n<link rel=\"canonical\" href=\"https:\/\/www.ceran.com\/nl\/een-taal-leren-en-verbeteren\/spaans-leren-met-ceran\/\" \/>\n<meta property=\"og:locale\" content=\"nl_NL\" \/>\n<meta property=\"og:type\" content=\"article\" \/>\n<meta property=\"og:title\" content=\"Spaans leren: onze cursussen - Ceran\" \/>\n<meta property=\"og:description\" content=\"Wilt u Spaans leren met een gepersonaliseerde cursus? Ontdek onze cursussen voor effici\u00ebnt en gebruiksvriendelijk leren.\" \/>\n<meta property=\"og:url\" content=\"https:\/\/www.ceran.com\/nl\/een-taal-leren-en-verbeteren\/spaans-leren-met-ceran\/\" \/>\n<meta property=\"og:site_name\" content=\"Ceran\" \/>\n<meta property=\"article:modified_time\" content=\"2024-12-03T15:45:52+00:00\" \/>\n<meta property=\"og:image\" content=\"https:\/\/www.ceran.com\/wp-content\/uploads\/2021\/11\/chat.svg\" \/>\n<meta name=\"twitter:card\" content=\"summary_large_image\" \/>\n<script type=\"application\/ld+json\" class=\"yoast-schema-graph\">{\"@context\":\"https:\\\/\\\/schema.org\",\"@graph\":[{\"@type\":\"WebPage\",\"@id\":\"https:\\\/\\\/www.ceran.com\\\/nl\\\/een-taal-leren-en-verbeteren\\\/spaans-leren-met-ceran\\\/\",\"url\":\"https:\\\/\\\/www.ceran.com\\\/nl\\\/een-taal-leren-en-verbeteren\\\/spaans-leren-met-ceran\\\/\",\"name\":\"Spaans leren: onze cursussen - Ceran\",\"isPartOf\":{\"@id\":\"https:\\\/\\\/www.ceran.com\\\/nl\\\/#website\"},\"primaryImageOfPage\":{\"@id\":\"https:\\\/\\\/www.ceran.com\\\/nl\\\/een-taal-leren-en-verbeteren\\\/spaans-leren-met-ceran\\\/#primaryimage\"},\"image\":{\"@id\":\"https:\\\/\\\/www.ceran.com\\\/nl\\\/een-taal-leren-en-verbeteren\\\/spaans-leren-met-ceran\\\/#primaryimage\"},\"thumbnailUrl\":\"https:\\\/\\\/www.ceran.com\\\/wp-content\\\/uploads\\\/2021\\\/11\\\/chat.svg\",\"datePublished\":\"2022-02-24T15:29:16+00:00\",\"dateModified\":\"2024-12-03T15:45:52+00:00\",\"description\":\"Wilt u Spaans leren met een gepersonaliseerde cursus? Ontdek onze cursussen voor effici\u00ebnt en gebruiksvriendelijk leren.\",\"breadcrumb\":{\"@id\":\"https:\\\/\\\/www.ceran.com\\\/nl\\\/een-taal-leren-en-verbeteren\\\/spaans-leren-met-ceran\\\/#breadcrumb\"},\"inLanguage\":\"nl-NL\",\"potentialAction\":[{\"@type\":\"ReadAction\",\"target\":[\"https:\\\/\\\/www.ceran.com\\\/nl\\\/een-taal-leren-en-verbeteren\\\/spaans-leren-met-ceran\\\/\"]}]},{\"@type\":\"ImageObject\",\"inLanguage\":\"nl-NL\",\"@id\":\"https:\\\/\\\/www.ceran.com\\\/nl\\\/een-taal-leren-en-verbeteren\\\/spaans-leren-met-ceran\\\/#primaryimage\",\"url\":\"https:\\\/\\\/www.ceran.com\\\/wp-content\\\/uploads\\\/2021\\\/11\\\/chat.svg\",\"contentUrl\":\"https:\\\/\\\/www.ceran.com\\\/wp-content\\\/uploads\\\/2021\\\/11\\\/chat.svg\"},{\"@type\":\"BreadcrumbList\",\"@id\":\"https:\\\/\\\/www.ceran.com\\\/nl\\\/een-taal-leren-en-verbeteren\\\/spaans-leren-met-ceran\\\/#breadcrumb\",\"itemListElement\":[{\"@type\":\"ListItem\",\"position\":1,\"name\":\"Home\",\"item\":\"https:\\\/\\\/www.ceran.com\\\/nl\\\/\"},{\"@type\":\"ListItem\",\"position\":2,\"name\":\"Een taal leren en verbeteren\",\"item\":\"https:\\\/\\\/www.ceran.com\\\/nl\\\/een-taal-leren-en-verbeteren\\\/\"},{\"@type\":\"ListItem\",\"position\":3,\"name\":\"Spaans leren met CERAN\"}]},{\"@type\":\"WebSite\",\"@id\":\"https:\\\/\\\/www.ceran.com\\\/nl\\\/#website\",\"url\":\"https:\\\/\\\/www.ceran.com\\\/nl\\\/\",\"name\":\"Ceran\",\"description\":\"Des formations linguistiques et interculturelles qui vous ouvrent de nouveaux horizons\",\"publisher\":{\"@id\":\"https:\\\/\\\/www.ceran.com\\\/nl\\\/#organization\"},\"potentialAction\":[{\"@type\":\"SearchAction\",\"target\":{\"@type\":\"EntryPoint\",\"urlTemplate\":\"https:\\\/\\\/www.ceran.com\\\/nl\\\/?s={search_term_string}\"},\"query-input\":{\"@type\":\"PropertyValueSpecification\",\"valueRequired\":true,\"valueName\":\"search_term_string\"}}],\"inLanguage\":\"nl-NL\"},{\"@type\":\"Organization\",\"@id\":\"https:\\\/\\\/www.ceran.com\\\/nl\\\/#organization\",\"name\":\"Ceran\",\"url\":\"https:\\\/\\\/www.ceran.com\\\/nl\\\/\",\"logo\":{\"@type\":\"ImageObject\",\"inLanguage\":\"nl-NL\",\"@id\":\"https:\\\/\\\/www.ceran.com\\\/nl\\\/#\\\/schema\\\/logo\\\/image\\\/\",\"url\":\"https:\\\/\\\/www.ceran.com\\\/wp-content\\\/uploads\\\/2025\\\/06\\\/Logo-CERAN-16-x-16-pixels.svg\",\"contentUrl\":\"https:\\\/\\\/www.ceran.com\\\/wp-content\\\/uploads\\\/2025\\\/06\\\/Logo-CERAN-16-x-16-pixels.svg\",\"width\":30,\"height\":30,\"caption\":\"Ceran\"},\"image\":{\"@id\":\"https:\\\/\\\/www.ceran.com\\\/nl\\\/#\\\/schema\\\/logo\\\/image\\\/\"}}]}<\/script>\n<!-- \/ Yoast SEO plugin. -->","yoast_head_json":{"title":"Spaans leren: onze cursussen - Ceran","description":"Wilt u Spaans leren met een gepersonaliseerde cursus? Ontdek onze cursussen voor effici\u00ebnt en gebruiksvriendelijk leren.","robots":{"index":"index","follow":"follow","max-snippet":"max-snippet:-1","max-image-preview":"max-image-preview:large","max-video-preview":"max-video-preview:-1"},"canonical":"https:\/\/www.ceran.com\/nl\/een-taal-leren-en-verbeteren\/spaans-leren-met-ceran\/","og_locale":"nl_NL","og_type":"article","og_title":"Spaans leren: onze cursussen - Ceran","og_description":"Wilt u Spaans leren met een gepersonaliseerde cursus? Ontdek onze cursussen voor effici\u00ebnt en gebruiksvriendelijk leren.","og_url":"https:\/\/www.ceran.com\/nl\/een-taal-leren-en-verbeteren\/spaans-leren-met-ceran\/","og_site_name":"Ceran","article_modified_time":"2024-12-03T15:45:52+00:00","og_image":[{"url":"https:\/\/www.ceran.com\/wp-content\/uploads\/2021\/11\/chat.svg","type":"","width":"","height":""}],"twitter_card":"summary_large_image","schema":{"@context":"https:\/\/schema.org","@graph":[{"@type":"WebPage","@id":"https:\/\/www.ceran.com\/nl\/een-taal-leren-en-verbeteren\/spaans-leren-met-ceran\/","url":"https:\/\/www.ceran.com\/nl\/een-taal-leren-en-verbeteren\/spaans-leren-met-ceran\/","name":"Spaans leren: onze cursussen - Ceran","isPartOf":{"@id":"https:\/\/www.ceran.com\/nl\/#website"},"primaryImageOfPage":{"@id":"https:\/\/www.ceran.com\/nl\/een-taal-leren-en-verbeteren\/spaans-leren-met-ceran\/#primaryimage"},"image":{"@id":"https:\/\/www.ceran.com\/nl\/een-taal-leren-en-verbeteren\/spaans-leren-met-ceran\/#primaryimage"},"thumbnailUrl":"https:\/\/www.ceran.com\/wp-content\/uploads\/2021\/11\/chat.svg","datePublished":"2022-02-24T15:29:16+00:00","dateModified":"2024-12-03T15:45:52+00:00","description":"Wilt u Spaans leren met een gepersonaliseerde cursus? Ontdek onze cursussen voor effici\u00ebnt en gebruiksvriendelijk leren.","breadcrumb":{"@id":"https:\/\/www.ceran.com\/nl\/een-taal-leren-en-verbeteren\/spaans-leren-met-ceran\/#breadcrumb"},"inLanguage":"nl-NL","potentialAction":[{"@type":"ReadAction","target":["https:\/\/www.ceran.com\/nl\/een-taal-leren-en-verbeteren\/spaans-leren-met-ceran\/"]}]},{"@type":"ImageObject","inLanguage":"nl-NL","@id":"https:\/\/www.ceran.com\/nl\/een-taal-leren-en-verbeteren\/spaans-leren-met-ceran\/#primaryimage","url":"https:\/\/www.ceran.com\/wp-content\/uploads\/2021\/11\/chat.svg","contentUrl":"https:\/\/www.ceran.com\/wp-content\/uploads\/2021\/11\/chat.svg"},{"@type":"BreadcrumbList","@id":"https:\/\/www.ceran.com\/nl\/een-taal-leren-en-verbeteren\/spaans-leren-met-ceran\/#breadcrumb","itemListElement":[{"@type":"ListItem","position":1,"name":"Home","item":"https:\/\/www.ceran.com\/nl\/"},{"@type":"ListItem","position":2,"name":"Een taal leren en verbeteren","item":"https:\/\/www.ceran.com\/nl\/een-taal-leren-en-verbeteren\/"},{"@type":"ListItem","position":3,"name":"Spaans leren met CERAN"}]},{"@type":"WebSite","@id":"https:\/\/www.ceran.com\/nl\/#website","url":"https:\/\/www.ceran.com\/nl\/","name":"Ceran","description":"Des formations linguistiques et interculturelles qui vous ouvrent de nouveaux horizons","publisher":{"@id":"https:\/\/www.ceran.com\/nl\/#organization"},"potentialAction":[{"@type":"SearchAction","target":{"@type":"EntryPoint","urlTemplate":"https:\/\/www.ceran.com\/nl\/?s={search_term_string}"},"query-input":{"@type":"PropertyValueSpecification","valueRequired":true,"valueName":"search_term_string"}}],"inLanguage":"nl-NL"},{"@type":"Organization","@id":"https:\/\/www.ceran.com\/nl\/#organization","name":"Ceran","url":"https:\/\/www.ceran.com\/nl\/","logo":{"@type":"ImageObject","inLanguage":"nl-NL","@id":"https:\/\/www.ceran.com\/nl\/#\/schema\/logo\/image\/","url":"https:\/\/www.ceran.com\/wp-content\/uploads\/2025\/06\/Logo-CERAN-16-x-16-pixels.svg","contentUrl":"https:\/\/www.ceran.com\/wp-content\/uploads\/2025\/06\/Logo-CERAN-16-x-16-pixels.svg","width":30,"height":30,"caption":"Ceran"},"image":{"@id":"https:\/\/www.ceran.com\/nl\/#\/schema\/logo\/image\/"}}]}},"_links":{"self":[{"href":"https:\/\/www.ceran.com\/nl\/wp-json\/wp\/v2\/pages\/13413","targetHints":{"allow":["GET"]}}],"collection":[{"href":"https:\/\/www.ceran.com\/nl\/wp-json\/wp\/v2\/pages"}],"about":[{"href":"https:\/\/www.ceran.com\/nl\/wp-json\/wp\/v2\/types\/page"}],"author":[{"embeddable":true,"href":"https:\/\/www.ceran.com\/nl\/wp-json\/wp\/v2\/users\/1"}],"replies":[{"embeddable":true,"href":"https:\/\/www.ceran.com\/nl\/wp-json\/wp\/v2\/comments?post=13413"}],"version-history":[{"count":8,"href":"https:\/\/www.ceran.com\/nl\/wp-json\/wp\/v2\/pages\/13413\/revisions"}],"predecessor-version":[{"id":107682,"href":"https:\/\/www.ceran.com\/nl\/wp-json\/wp\/v2\/pages\/13413\/revisions\/107682"}],"up":[{"embeddable":true,"href":"https:\/\/www.ceran.com\/nl\/wp-json\/wp\/v2\/pages\/13786"}],"wp:attachment":[{"href":"https:\/\/www.ceran.com\/nl\/wp-json\/wp\/v2\/media?parent=13413"}],"curies":[{"name":"wp","href":"https:\/\/api.w.org\/{rel}","templated":true}]}}